{"id":2777,"date":"2021-10-13T14:09:54","date_gmt":"2021-10-13T12:09:54","guid":{"rendered":"http:\/\/new.drhe.hu\/?page_id=2777"},"modified":"2026-02-19T14:52:30","modified_gmt":"2026-02-19T13:52:30","slug":"tanitasi-gyakorlat","status":"publish","type":"page","link":"https:\/\/drhe.hu\/en\/oktatas\/kepzesek\/tanitokepzes\/tanitasi-gyakorlat\/","title":{"rendered":"Tan\u00edt\u00e1si gyakorlat"},"content":{"rendered":"<div class=\"wpb-content-wrapper\"><p>[vc_row][vc_column][vc_column_text]<strong>2025\/2026. tan\u00e9v tavaszi f\u00e9l\u00e9v<\/strong><\/p>\n<p><strong>Nappali tagozat<\/strong><\/p>\n<table>\n<tbody>\n<tr style=\"height: 24px;\">\n<td style=\"height: 24px;\"><a href=\"https:\/\/drhe.hu\/wp-content\/uploads\/2026\/02\/Csoportos-tanitasi-gyakorlat-2.-evfolyam-TGYCS1N.pdf\">Csoportos tan\u00edt\u00e1si gyakorlat (TGYCS1N) 2. \u00e9vfolyam<\/a><\/td>\n<\/tr>\n<tr style=\"height: 24px;\">\n<td style=\"height: 24px;\">Csoportos tan\u00edt\u00e1si gyakorlat (TGYCS1N) 2. \u00e9vfolyam &#8211; hallgat\u00f3kkal<\/td>\n<\/tr>\n<tr style=\"height: 24px;\">\n<td style=\"height: 24px;\"><a href=\"https:\/\/drhe.hu\/wp-content\/uploads\/2026\/02\/Csoportos-tanitasi-gyakorlat-3.-evfolyam-TGYCS3N.pdf\">Csoportos tan\u00edt\u00e1si gyakorlat (TGYCS3N) 3. \u00e9vfolyam<\/a><\/td>\n<\/tr>\n<tr style=\"height: 24px;\">\n<td style=\"height: 24px;\"><a href=\"https:\/\/drhe.hu\/wp-content\/uploads\/2026\/02\/Csoportos-tanitasi-gyakorlat-3.-evfolyam-TGYCS3N-hallgatokkal.pdf\">Csoportos tan\u00edt\u00e1si gyakorlat (TGYCS3N) 3. \u00e9vfolyam &#8211; hallgat\u00f3kkal<\/a><\/td>\n<\/tr>\n<tr style=\"height: 24px;\">\n<td style=\"height: 24px;\"><a href=\"https:\/\/drhe.hu\/wp-content\/uploads\/2026\/02\/Muveltsegteruleti-tanitasi-gyakorlat-1.-MXGYAK1N.pdf\">M\u0171velts\u00e9gter\u00fcleti tan\u00edt\u00e1si gyakorlat 1. (MXGYAK1N)<\/a><\/td>\n<\/tr>\n<tr style=\"height: 24px;\">\n<td style=\"height: 24px;\"><a href=\"https:\/\/drhe.hu\/wp-content\/uploads\/2026\/02\/Egyeni-gyakorlat-2-TGYEG2N-ovodai-hospitalas-beosztas-2025-26-2.pdf\">Egy\u00e9ni gyakorlat (TGYEG2N) 1. \u00e9vfolyam (\u00f3vodai hospit\u00e1l\u00e1s beoszt\u00e1sa)<\/a><\/td>\n<\/tr>\n<tr style=\"height: 24px;\">\n<td style=\"height: 24px;\"><a href=\"https:\/\/drhe.hu\/wp-content\/uploads\/2026\/02\/Egyeni-gyakorlat-2-TGYEG2N-iskolai-hospitalas-beosztas-2025-26-2.pdf\">Egy\u00e9ni gyakorlat (TGYEG2N) 1. \u00e9vfolyam (iskolai hospit\u00e1l\u00e1s beoszt\u00e1sa)<\/a><\/td>\n<\/tr>\n<tr style=\"height: 24px;\">\n<td style=\"height: 24px;\">Egy\u00e9ni gyakorlat (TGYEG4N) 4. \u00e9vfolyam<\/td>\n<\/tr>\n<\/tbody>\n<\/table>\n<p><strong>Utols\u00f3 f\u00e9l\u00e9ves 8 hetes tan\u00edt\u00e1si gyakorlat\u00a0<\/strong><\/p>\n<table>\n<tbody>\n<tr>\n<td><a href=\"https:\/\/drhe.hu\/wp-content\/uploads\/2025\/10\/nappali_tajekoztato_hallgatoknak_2026.pdf\">T\u00e1j\u00e9koztat\u00f3 lev\u00e9l a hallgat\u00f3knak &#8211; 8 hetes gyakorlat<\/a><\/td>\n<\/tr>\n<tr>\n<td>Felk\u00e9r\u0151 lev\u00e9l az int\u00e9zm\u00e9nyvezet\u0151knek &#8211; 8 hetes gyakorlat<\/td>\n<\/tr>\n<tr>\n<td>T\u00e1j\u00e9koztat\u00f3 anyag a gyakorlatvezet\u0151knek &#8211; 8 hetes gyakorlat<\/td>\n<\/tr>\n<tr>\n<td>Befogad\u00f3i nyilatkozat &#8211; 8 hetes gyakorlat<\/td>\n<\/tr>\n<tr>\n<td><a href=\"https:\/\/drhe.hu\/wp-content\/uploads\/2025\/10\/tanito_zarotatitasi_jegyzokonyv_2026.pdf\">Z\u00e1r\u00f3tan\u00edt\u00e1si jegyz\u0151k\u00f6nyv &#8211; 8 hetes gyakorlat<\/a><\/td>\n<\/tr>\n<tr>\n<td><a href=\"https:\/\/drhe.hu\/wp-content\/uploads\/2025\/10\/megbizasi_szerzodes_8-hetes_gyakorlat_2026.pdf\">Megb\u00edz\u00e1si szerz\u0151d\u00e9s &#8211; 8 hetes gyakorlat<\/a><\/td>\n<\/tr>\n<tr>\n<td><a href=\"https:\/\/drhe.hu\/wp-content\/uploads\/2025\/10\/nappali_megtartott_orak_jegyzokonyve_2026.pdf\">Megtartott \u00f3r\u00e1k igazol\u00e1sa<\/a><\/td>\n<\/tr>\n<\/tbody>\n<\/table>\n<p><strong>Esti tagozat<\/strong><\/p>\n<p><strong>Utols\u00f3 f\u00e9l\u00e9ves 2 hetes tan\u00edt\u00e1si gyakorlat\u00a0<\/strong><\/p>\n<table>\n<tbody>\n<tr>\n<td><a href=\"https:\/\/drhe.hu\/wp-content\/uploads\/2025\/10\/esti_tajekoztato_hallgatoknak_2026.pdf\">T\u00e1j\u00e9koztat\u00f3 lev\u00e9l a hallgat\u00f3knak &#8211; 2 hetes gyakorlat<\/a><\/td>\n<\/tr>\n<tr>\n<td>Felk\u00e9r\u0151 lev\u00e9l az int\u00e9zm\u00e9nyvezet\u0151knek &#8211; 2 hetes gyakorlat<\/td>\n<\/tr>\n<tr>\n<td>T\u00e1j\u00e9koztat\u00f3 anyag a gyakorlatvezet\u0151knek &#8211; 2 hetes gyakorlat<\/td>\n<\/tr>\n<tr>\n<td>Befogad\u00f3i nyilatkozat &#8211; 2 hetes gyakorlat<\/td>\n<\/tr>\n<tr>\n<td><a href=\"https:\/\/drhe.hu\/wp-content\/uploads\/2025\/10\/tanito_zarotatitasi_jegyzokonyv_2026.pdf\">Z\u00e1r\u00f3tan\u00edt\u00e1si jegyz\u0151k\u00f6nyv &#8211; 2 hetes gyakorlat<\/a><\/td>\n<\/tr>\n<tr>\n<td><a href=\"https:\/\/drhe.hu\/wp-content\/uploads\/2025\/10\/megbizasi_szerzodes_2-hetes_gyakorlat_2026.pdf\">Megb\u00edz\u00e1si szerz\u0151d\u00e9s &#8211; 2 hetes gyakorlat<\/a><\/td>\n<\/tr>\n<tr>\n<td><a href=\"https:\/\/drhe.hu\/wp-content\/uploads\/2025\/10\/esti_megtartott_orak_jegyzokonyve_2026.pdf\">Megtartott \u00f3r\u00e1k igazol\u00e1sa<\/a><\/td>\n<\/tr>\n<\/tbody>\n<\/table>\n<p>[\/vc_column_text][\/vc_column][\/vc_row]<\/p>\n<\/div>","protected":false},"excerpt":{"rendered":"<p>[vc_row][vc_column][vc_column_text]2025\/2026. tan\u00e9v tavaszi f\u00e9l\u00e9v Nappali tagozat Csoportos tan\u00edt\u00e1si gyakorlat (TGYCS1N) 2. \u00e9vfolyam Csoportos tan\u00edt\u00e1si gyakorlat (TGYCS1N) 2. \u00e9vfolyam &#8211; hallgat\u00f3kkal<\/p>\n","protected":false},"author":1,"featured_media":0,"parent":2606,"menu_order":15,"comment_status":"closed","ping_status":"closed","template":"","meta":{"_acf_changed":false,"footnotes":"","_links_to":"","_links_to_target":""},"class_list":["post-2777","page","type-page","status-publish","hentry"],"acf":[],"_links":{"self":[{"href":"https:\/\/drhe.hu\/en\/wp-json\/wp\/v2\/pages\/2777","targetHints":{"allow":["GET"]}}],"collection":[{"href":"https:\/\/drhe.hu\/en\/wp-json\/wp\/v2\/pages"}],"about":[{"href":"https:\/\/drhe.hu\/en\/wp-json\/wp\/v2\/types\/page"}],"author":[{"embeddable":true,"href":"https:\/\/drhe.hu\/en\/wp-json\/wp\/v2\/users\/1"}],"replies":[{"embeddable":true,"href":"https:\/\/drhe.hu\/en\/wp-json\/wp\/v2\/comments?post=2777"}],"version-history":[{"count":98,"href":"https:\/\/drhe.hu\/en\/wp-json\/wp\/v2\/pages\/2777\/revisions"}],"predecessor-version":[{"id":26837,"href":"https:\/\/drhe.hu\/en\/wp-json\/wp\/v2\/pages\/2777\/revisions\/26837"}],"up":[{"embeddable":true,"href":"https:\/\/drhe.hu\/en\/wp-json\/wp\/v2\/pages\/2606"}],"wp:attachment":[{"href":"https:\/\/drhe.hu\/en\/wp-json\/wp\/v2\/media?parent=2777"}],"curies":[{"name":"wp","href":"https:\/\/api.w.org\/{rel}","templated":true}]}}