{"id":2781,"date":"2021-10-13T14:28:18","date_gmt":"2021-10-13T12:28:18","guid":{"rendered":"http:\/\/new.drhe.hu\/?page_id=2781"},"modified":"2025-02-07T10:20:10","modified_gmt":"2025-02-07T09:20:10","slug":"tanito-szak-kiegeszito-muveltsegi-teruletek","status":"publish","type":"page","link":"https:\/\/drhe.hu\/en\/oktatas\/kepzesek\/tanitokepzes\/tanito-szak-kiegeszito-muveltsegi-teruletek\/","title":{"rendered":"Tan\u00edt\u00f3 szak &#8211; kieg\u00e9sz\u00edt\u0151 m\u0171velts\u00e9gi ter\u00fcletek"},"content":{"rendered":"<div class=\"wpb-content-wrapper\"><p>[vc_row][vc_column][vc_column_text]<\/p>\n<table style=\"width: 27.5937%; height: 108px;\" border=\"1\" cellspacing=\"1\" cellpadding=\"1\">\n<tbody>\n<tr style=\"height: 33px;\">\n<td style=\"width: 43.834%; height: 108px;\" rowspan=\"3\">Mintatantervek<\/td>\n<td style=\"width: 96.3722%; height: 33px;\"><a href=\"https:\/\/drhe.hu\/wp-content\/uploads\/2025\/02\/Mintatanterv-Tanito-szak-kiegeszito-kepzes-2025.02.pdf\" target=\"_blank\" rel=\"noopener\">2024\/2025-\u00f6s tan\u00e9v<\/a><\/td>\n<\/tr>\n<tr style=\"height: 44px;\">\n<td style=\"width: 96.3722%; height: 37px;\"><a href=\"https:\/\/drhe.hu\/wp-content\/uploads\/2024\/12\/Mintatanterv-Tanito-szak-kiegeszito-kepzes-2023.04.pdf\">2023\/2024-es tan\u00e9v<\/a><\/td>\n<\/tr>\n<tr style=\"height: 48px;\">\n<td style=\"width: 96.3722%; height: 38px;\"><a href=\"http:\/\/drhe.hu\/wp-content\/uploads\/2021\/10\/muv._ter._kieg._kepz._2017_06_20.pdf\" target=\"_blank\" rel=\"noopener\">2017\/2018-as tan\u00e9v<\/a><\/td>\n<\/tr>\n<\/tbody>\n<\/table>\n<p>[\/vc_column_text][\/vc_column][\/vc_row]<\/p>\n<\/div>","protected":false},"excerpt":{"rendered":"<p>[vc_row][vc_column][vc_column_text] Mintatantervek 2024\/2025-\u00f6s tan\u00e9v 2023\/2024-es tan\u00e9v 2017\/2018-as tan\u00e9v [\/vc_column_text][\/vc_column][\/vc_row]<\/p>\n","protected":false},"author":1,"featured_media":0,"parent":2606,"menu_order":20,"comment_status":"closed","ping_status":"closed","template":"","meta":{"_acf_changed":false,"footnotes":"","_links_to":"","_links_to_target":""},"class_list":["post-2781","page","type-page","status-publish","hentry"],"acf":[],"_links":{"self":[{"href":"https:\/\/drhe.hu\/en\/wp-json\/wp\/v2\/pages\/2781","targetHints":{"allow":["GET"]}}],"collection":[{"href":"https:\/\/drhe.hu\/en\/wp-json\/wp\/v2\/pages"}],"about":[{"href":"https:\/\/drhe.hu\/en\/wp-json\/wp\/v2\/types\/page"}],"author":[{"embeddable":true,"href":"https:\/\/drhe.hu\/en\/wp-json\/wp\/v2\/users\/1"}],"replies":[{"embeddable":true,"href":"https:\/\/drhe.hu\/en\/wp-json\/wp\/v2\/comments?post=2781"}],"version-history":[{"count":11,"href":"https:\/\/drhe.hu\/en\/wp-json\/wp\/v2\/pages\/2781\/revisions"}],"predecessor-version":[{"id":23097,"href":"https:\/\/drhe.hu\/en\/wp-json\/wp\/v2\/pages\/2781\/revisions\/23097"}],"up":[{"embeddable":true,"href":"https:\/\/drhe.hu\/en\/wp-json\/wp\/v2\/pages\/2606"}],"wp:attachment":[{"href":"https:\/\/drhe.hu\/en\/wp-json\/wp\/v2\/media?parent=2781"}],"curies":[{"name":"wp","href":"https:\/\/api.w.org\/{rel}","templated":true}]}}