{"id":2806,"date":"2021-10-13T15:42:00","date_gmt":"2021-10-13T13:42:00","guid":{"rendered":"http:\/\/new.drhe.hu\/?page_id=2806"},"modified":"2026-03-23T11:03:14","modified_gmt":"2026-03-23T10:03:14","slug":"dokumentumok","status":"publish","type":"page","link":"https:\/\/drhe.hu\/en\/oktatas\/kepzesek\/doktori-kepzes\/dokumentumok\/","title":{"rendered":"Dokumentumok"},"content":{"rendered":"<div class=\"wpb-content-wrapper\"><p>[vc_row][vc_column][vc_column_text css=&#8221;&#8221;]<strong>Doktori Iskola m\u0171k\u00f6d\u00e9s\u00e9hez kapcsol\u00f3d\u00f3 dokumentumok:<\/strong><\/p>\n<p>Doktori \u00e9s Habilit\u00e1ci\u00f3s Szab\u00e1lyzat :\u00a0<a href=\"https:\/\/drhe.hu\/wp-content\/uploads\/2025\/09\/Doktori-es-Habilitacios-Szabalyzat-1-16.-sz.-modositassal-2025-aprilis-jo.pdf\">Hat\u00e1lyos 16 (2025.04.29.)<\/a><\/p>\n<p><a href=\"https:\/\/drhe.hu\/wp-content\/uploads\/2023\/09\/Doktori-es-Habilitacios-Szabalyzat-1-15.-sz.-modositassal-2024-szeptember-1.sz_.melleklet.pdf\">A DRHE doktori programja (K\u00e9pz\u00e9si terv)<\/a><\/p>\n<p><a href=\"https:\/\/drhe.hu\/egyetemunk\/minosegbiztositas\/a-di-minosegbiztositasi-dokumentumai\/\">A Doktori Iskola min\u0151s\u00e9gbiztos\u00edt\u00e1si dokumentumai<\/a><\/p>\n<p><a href=\"http:\/\/drhe.hu\/egyetemunk\/szabalyzatok\/szabalyzatok\/\" target=\"_blank\" rel=\"noopener\">Tov\u00e1bbi szab\u00e1lyzatok<\/a><\/p>\n<p><a href=\"https:\/\/drhe.hu\/wp-content\/uploads\/2023\/09\/Eljarasi-dijak-20231212.pdf\">Elj\u00e1r\u00e1si d\u00edjak<\/a><\/p>\n<p>&nbsp;<\/p>\n<p><strong>Doktori k\u00e9pz\u00e9shez kapcsol\u00f3d\u00f3 dokumentumok:<\/strong><\/p>\n<p><a href=\"https:\/\/drhe.hu\/wp-content\/uploads\/2023\/09\/doktori_jelentkezesi_lap-2023.pdf\">Felv\u00e9teli jelentkez\u00e9si lap<\/a><\/p>\n<p><a href=\"https:\/\/drhe.hu\/wp-content\/uploads\/2025\/10\/Konzultacios-dolgozat-tartalmi-es-formai-kovetelmenyei-elfogadottDT-16-2025.11.25.sz_.hat_.pdf\">A kunzult\u00e1ci\u00f3s dolgozat tartalmi \u00e9s formai k\u00f6vetelm\u00e9nyei<\/a><\/p>\n<p><a href=\"https:\/\/drhe.hu\/wp-content\/uploads\/2026\/03\/NYILATKOZAT-konzultacios-dolgozathoz.docx\">Mell\u00e9klet: Nyilatkozat konzult\u00e1ci\u00f3s dolgozathoz<\/a><\/p>\n<p><a href=\"https:\/\/drhe.hu\/wp-content\/uploads\/2025\/04\/2.sz_.-melleklet-A-doktori-felveteli-vizsga-ertekelesenek-pontrendszere.pdf\" target=\"_blank\" rel=\"noopener\">A doktori felv\u00e9teli vizsga \u00e9rt\u00e9kel\u00e9s\u00e9nek pontrendszere<\/a><\/p>\n<p><a href=\"https:\/\/drhe.hu\/wp-content\/uploads\/2026\/03\/Beiratkozasi-lap-nyomtatvany-2025.pdf\" target=\"_blank\" rel=\"noopener\">Beiratkoz\u00e1si lap &#8211; nyomtatv\u00e1ny<\/a><\/p>\n<p><a href=\"https:\/\/drhe.hu\/wp-content\/uploads\/2023\/09\/Nyilatkozat-nappali-kepzes-2024.pdf\">Nyilatkozat nappali, \u00e1llami \u00f6szt\u00f6nd\u00edjas k\u00e9pz\u00e9shez<\/a><\/p>\n<p><a href=\"https:\/\/drhe.hu\/wp-content\/uploads\/2023\/09\/EDIG_folymatabra_felsooktatasi_hallgatok_2017.pdf\">Di\u00e1kigazolv\u00e1ny ig\u00e9nyl\u00e9se &#8211;\u00a0 folyamat\u00e1bra<\/a><\/p>\n<p><a href=\"https:\/\/drhe.hu\/wp-content\/uploads\/2023\/09\/munkaterv-sablon-2022-23-tol.xls\" target=\"_blank\" rel=\"noopener\">Kutat\u00e1si \u00e9s tanulm\u00e1nyi terv<\/a><\/p>\n<p>Jelentkez\u00e9s fokozatszerz\u00e9sre r\u00e9gi t\u00edpus\u00fa (2016. szeptembere el\u0151tti) doktori k\u00e9pz\u00e9sb\u0151l<\/p>\n<ul>\n<li><a href=\"https:\/\/drhe.hu\/wp-content\/uploads\/2023\/09\/Jelentkezes-doktori-vizsgara-nyomtatvany.doc\">Jelentkez\u00e9s sablon lev\u00e9l<\/a><\/li>\n<li><a href=\"https:\/\/drhe.hu\/wp-content\/uploads\/2023\/09\/NYILATKOZAT-egy-helyre2024.doc\">Nyilatkozat 1.<\/a><\/li>\n<li><a href=\"https:\/\/drhe.hu\/wp-content\/uploads\/2023\/09\/NYILATKOZAT-eredetiseg2024.doc\">Nyilatkozat 2.<\/a><\/li>\n<\/ul>\n<p>Jelentkez\u00e9s fokozatszerz\u00e9sre \u00faj t\u00edpus\u00fa (2016. szeptember\u00e9ben \u00e9s ut\u00e1na indult) doktori k\u00e9pz\u00e9sb\u0151l<\/p>\n<ul>\n<li><a href=\"https:\/\/drhe.hu\/wp-content\/uploads\/2026\/03\/Komplex-vizsga-gyakorlati-utmutato-2025.pdf\">Komplex vizsga gyakorlati \u00fatmutat\u00f3<\/a><\/li>\n<li><a href=\"https:\/\/drhe.hu\/wp-content\/uploads\/2023\/09\/15.sz_.-melleklet-Jelentkezesi-lap-komplex-vizsgara.pdf\">Jelentkez\u00e9si lap komplex vizsg\u00e1ra<\/a><\/li>\n<li><a href=\"https:\/\/drhe.hu\/wp-content\/uploads\/2023\/09\/16.sz_.-melleklet-Igazololap-komplex-vizsgara-torteno-jelentkezeshez.pdf\">Igazol\u00f3 lap komplex vizsg\u00e1ra t\u00f6rt\u00e9n\u0151 jelentkez\u00e9shez<\/a><\/li>\n<\/ul>\n<p>F\u0151t\u00e1rgyi t\u00e9telsorok:<\/p>\n<ul>\n<li><a href=\"https:\/\/drhe.hu\/wp-content\/uploads\/2026\/03\/BibTEol-TSZ-tetelsor-komplex-vizsgahoz.pdf\">Bibliai Teol\u00f3giai \u00e9s Vall\u00e1st\u00f6rt\u00e9neti Tansz\u00e9k<\/a><\/li>\n<li><a href=\"https:\/\/drhe.hu\/wp-content\/uploads\/2026\/03\/Egyhaztorteneti-Tsz-tetelsor-komplex-vizsgahoz.pdf\">Egyh\u00e1zt\u00f6rt\u00e9neti Tansz\u00e9k<\/a><\/li>\n<li>Missziol\u00f3giai Tansz\u00e9k<\/li>\n<li><a href=\"https:\/\/drhe.hu\/wp-content\/uploads\/2026\/03\/SzocialetikaiTsz-Doktori-szigorlat-tetelsor_2026.pdf\">Szoci\u00e1letikai\u00a0 \u00e9s Egyh\u00e1zszociol\u00f3giai Tansz\u00e9k<\/a><\/li>\n<\/ul>\n<p>&nbsp;<\/p>\n<ul>\n<li><a href=\"https:\/\/drhe.hu\/wp-content\/uploads\/2023\/09\/Vegleges-dolgozat-leadasa-atveteli-bizonylat2024.docx\">V\u00e9gleges dolgozat lead\u00e1sa &#8211; \u00e1tv\u00e9teli bizonylat<\/a><\/li>\n<li><a href=\"https:\/\/drhe.hu\/wp-content\/uploads\/2023\/09\/NYILATKOZAT-egy-helyre2024.doc\">Nyilatkozat 1.<\/a><\/li>\n<li><a href=\"https:\/\/drhe.hu\/wp-content\/uploads\/2023\/09\/NYILATKOZAT-eredetiseg2024.doc\">Nyilatkozat 2.<\/a><\/li>\n<\/ul>\n<p>&nbsp;<\/p>\n<p><strong>Habilit\u00e1ci\u00f3hoz kapcsol\u00f3d\u00f3 dokumentumok:<\/strong><\/p>\n<p>Jelentkez\u00e9s habilit\u00e1ci\u00f3ra<\/p>\n<ul>\n<li><a href=\"https:\/\/drhe.hu\/wp-content\/uploads\/2023\/09\/jelentkezes-habilitacios-eljarasra-sablon.docx\">Sablon lev\u00e9l magyar \u00e9s angol nyelven, mell\u00e9kletek list\u00e1j\u00e1val<\/a><\/li>\n<\/ul>\n<p>&nbsp;<\/p>\n<p><strong>Egy\u00e9b:<\/strong><\/p>\n<p><a href=\"https:\/\/derep-k.drhe.hu\/164\/\"><span class=\"person_name\">Kust\u00e1r, Zolt\u00e1n<\/span>\u00a0\u00e9s\u00a0<span class=\"person_name\">N\u00e9meth, \u00c1ron<\/span>\u00a0(2024)\u00a0<em>Tudom\u00e1nyos dolgozat \u2013 teol\u00f3gi\u00e1b\u00f3l<\/em><\/a><\/p>\n<p><a href=\"https:\/\/drhe.hu\/wp-content\/uploads\/2023\/09\/Adatlap-meglevo-temakiiras-aktualizalasahoz.docx\" target=\"_blank\" rel=\"noopener\">Adatlap megl\u00e9v\u0151 t\u00e9maki\u00edr\u00e1s aktualiz\u00e1l\u00e1s\u00e1hoz<\/a><\/p>\n<p><a href=\"https:\/\/drhe.hu\/wp-content\/uploads\/2023\/09\/Adatlap-uj-temakiiras.docx\" target=\"_blank\" rel=\"noopener\">Adatlap \u00faj t\u00e9maki\u00edr\u00e1s beny\u00fajt\u00e1s\u00e1hoz<\/a>[\/vc_column_text][\/vc_column][\/vc_row]<\/p>\n<\/div>","protected":false},"excerpt":{"rendered":"<p>[vc_row][vc_column][vc_column_text css=&#8221;&#8221;]Doktori Iskola m\u0171k\u00f6d\u00e9s\u00e9hez kapcsol\u00f3d\u00f3 dokumentumok: Doktori \u00e9s Habilit\u00e1ci\u00f3s Szab\u00e1lyzat :\u00a0Hat\u00e1lyos 16 (2025.04.29.) A DRHE doktori programja (K\u00e9pz\u00e9si terv) A<\/p>\n","protected":false},"author":1,"featured_media":0,"parent":2610,"menu_order":20,"comment_status":"closed","ping_status":"closed","template":"","meta":{"_acf_changed":false,"footnotes":"","_links_to":"","_links_to_target":""},"class_list":["post-2806","page","type-page","status-publish","hentry"],"acf":[],"_links":{"self":[{"href":"https:\/\/drhe.hu\/en\/wp-json\/wp\/v2\/pages\/2806","targetHints":{"allow":["GET"]}}],"collection":[{"href":"https:\/\/drhe.hu\/en\/wp-json\/wp\/v2\/pages"}],"about":[{"href":"https:\/\/drhe.hu\/en\/wp-json\/wp\/v2\/types\/page"}],"author":[{"embeddable":true,"href":"https:\/\/drhe.hu\/en\/wp-json\/wp\/v2\/users\/1"}],"replies":[{"embeddable":true,"href":"https:\/\/drhe.hu\/en\/wp-json\/wp\/v2\/comments?post=2806"}],"version-history":[{"count":34,"href":"https:\/\/drhe.hu\/en\/wp-json\/wp\/v2\/pages\/2806\/revisions"}],"predecessor-version":[{"id":27232,"href":"https:\/\/drhe.hu\/en\/wp-json\/wp\/v2\/pages\/2806\/revisions\/27232"}],"up":[{"embeddable":true,"href":"https:\/\/drhe.hu\/en\/wp-json\/wp\/v2\/pages\/2610"}],"wp:attachment":[{"href":"https:\/\/drhe.hu\/en\/wp-json\/wp\/v2\/media?parent=2806"}],"curies":[{"name":"wp","href":"https:\/\/api.w.org\/{rel}","templated":true}]}}