{"id":2811,"date":"2021-10-13T16:15:50","date_gmt":"2021-10-13T14:15:50","guid":{"rendered":"http:\/\/new.drhe.hu\/?page_id=2811"},"modified":"2026-01-16T14:03:35","modified_gmt":"2026-01-16T13:03:35","slug":"doktori-iskola-hallgatoi","status":"publish","type":"page","link":"https:\/\/drhe.hu\/en\/oktatas\/kepzesek\/doktori-kepzes\/doktori-iskola-hallgatoi\/","title":{"rendered":"Doktori Iskola Hallgat\u00f3i"},"content":{"rendered":"<div class=\"wpb-content-wrapper\"><p>[vc_row][vc_column][vc_column_text css=&#8221;&#8221;]2025\/2026-es tan\u00e9v \u0151szi f\u00e9l\u00e9v<\/p>\n<p><strong>A DRHE Doktori Iskola jelenlegi akt\u00edv hallgat\u00f3i:<\/strong><\/p>\n<table id=\"students-list-table\" class=\"list students-list\">\n<thead>\n<tr class=\"head last\">\n<th id=\"students-list_student-cell\" class=\"cell-student\" scope=\"col\"><a href=\"https:\/\/doktori.hu\/doktori-kepzes\/hallgatok\/?action=do_search&amp;sort=student-\">hallgat\u00f3\u00a0<\/a><\/th>\n<th id=\"students-list_doctoral_school-cell\" class=\"cell-doctoral_school\" scope=\"col\"><a href=\"https:\/\/doktori.hu\/doktori-kepzes\/hallgatok\/?action=do_search&amp;sort=doctoral_school\">doktori iskola\u00a0<\/a><\/th>\n<th id=\"students-list_institution-cell\" class=\"cell-institution\" scope=\"col\"><a href=\"https:\/\/doktori.hu\/doktori-kepzes\/hallgatok\/?action=do_search&amp;sort=institution\">int\u00e9zm\u00e9ny\u00a0<\/a><\/th>\n<th id=\"students-list_degree_type_name-cell\" class=\"cell-degree_type_name\" scope=\"col\"><a href=\"https:\/\/doktori.hu\/doktori-kepzes\/hallgatok\/?action=do_search&amp;sort=degree_type_name\">fokozat t\u00edpusa\u00a0<\/a><\/th>\n<\/tr>\n<\/thead>\n<tbody>\n<tr class=\"normal\">\n<td class=\"cell-student\" data-title=\"hallgat\u00f3\"><a href=\"https:\/\/doktori.hu\/doktori-kepzes\/szemelyek\/51606\/\">Ambrus, M\u00f3zes (#51606)<\/a><\/td>\n<td class=\"cell-doctoral_school\" data-title=\"doktori iskola\"><a href=\"https:\/\/doktori.hu\/doktori-kepzes\/doktori-iskolak\/46\/\">Hittudom\u00e1nyi Doktori Iskola<\/a><\/td>\n<td class=\"cell-institution\" data-title=\"int\u00e9zm\u00e9ny\"><a href=\"https:\/\/doktori.hu\/intezmenyek\/5\/\">DRHE<\/a><\/td>\n<td class=\"cell-degree_type_name\" data-title=\"fokozat t\u00edpusa\">PhD<\/td>\n<\/tr>\n<tr class=\"normal\">\n<td class=\"cell-student\" data-title=\"hallgat\u00f3\"><a href=\"https:\/\/doktori.hu\/doktori-kepzes\/szemelyek\/47361\/\">Bal\u00e1zs, Gerg\u0151 (#47361)<\/a><\/td>\n<td class=\"cell-doctoral_school\" data-title=\"doktori iskola\"><a href=\"https:\/\/doktori.hu\/doktori-kepzes\/doktori-iskolak\/46\/\">Hittudom\u00e1nyi Doktori Iskola<\/a><\/td>\n<td class=\"cell-institution\" data-title=\"int\u00e9zm\u00e9ny\"><a href=\"https:\/\/doktori.hu\/intezmenyek\/5\/\">DRHE<\/a><\/td>\n<td class=\"cell-degree_type_name\" data-title=\"fokozat t\u00edpusa\">PhD<\/td>\n<\/tr>\n<tr class=\"normal\">\n<td class=\"cell-student\" data-title=\"hallgat\u00f3\"><a href=\"https:\/\/doktori.hu\/doktori-kepzes\/szemelyek\/47360\/\">Beke, Bor\u00f3ka (#47360)<\/a><\/td>\n<td class=\"cell-doctoral_school\" data-title=\"doktori iskola\"><a href=\"https:\/\/doktori.hu\/doktori-kepzes\/doktori-iskolak\/46\/\">Hittudom\u00e1nyi Doktori Iskola<\/a><\/td>\n<td class=\"cell-institution\" data-title=\"int\u00e9zm\u00e9ny\"><a href=\"https:\/\/doktori.hu\/intezmenyek\/5\/\">DRHE<\/a><\/td>\n<td class=\"cell-degree_type_name\" data-title=\"fokozat t\u00edpusa\">PhD<\/td>\n<\/tr>\n<tr class=\"normal\">\n<td class=\"cell-student\" data-title=\"hallgat\u00f3\"><a href=\"https:\/\/doktori.hu\/doktori-kepzes\/szemelyek\/51608\/\">Bodn\u00e1r, M\u00e1t\u00e9 (#51608)<\/a><\/td>\n<td class=\"cell-doctoral_school\" data-title=\"doktori iskola\"><a href=\"https:\/\/doktori.hu\/doktori-kepzes\/doktori-iskolak\/46\/\">Hittudom\u00e1nyi Doktori Iskola<\/a><\/td>\n<td class=\"cell-institution\" data-title=\"int\u00e9zm\u00e9ny\"><a href=\"https:\/\/doktori.hu\/intezmenyek\/5\/\">DRHE<\/a><\/td>\n<td class=\"cell-degree_type_name\" data-title=\"fokozat t\u00edpusa\">PhD<\/td>\n<\/tr>\n<tr class=\"normal\">\n<td class=\"cell-student\" data-title=\"hallgat\u00f3\"><a href=\"https:\/\/doktori.hu\/doktori-kepzes\/szemelyek\/43927\/\">Bohus-Kiss, Ingrid Csenge (#43927)<\/a><\/td>\n<td class=\"cell-doctoral_school\" data-title=\"doktori iskola\"><a href=\"https:\/\/doktori.hu\/doktori-kepzes\/doktori-iskolak\/46\/\">Hittudom\u00e1nyi Doktori Iskola<\/a><\/td>\n<td class=\"cell-institution\" data-title=\"int\u00e9zm\u00e9ny\"><a href=\"https:\/\/doktori.hu\/intezmenyek\/5\/\">DRHE<\/a><\/td>\n<td class=\"cell-degree_type_name\" data-title=\"fokozat t\u00edpusa\">PhD<\/td>\n<\/tr>\n<tr class=\"normal\">\n<td class=\"cell-student\" data-title=\"hallgat\u00f3\"><a href=\"https:\/\/doktori.hu\/doktori-kepzes\/szemelyek\/88500\/\">Csonka, J\u00f3zsef (#88500)<\/a><\/td>\n<td class=\"cell-doctoral_school\" data-title=\"doktori iskola\"><a href=\"https:\/\/doktori.hu\/doktori-kepzes\/doktori-iskolak\/46\/\">Hittudom\u00e1nyi Doktori Iskola<\/a><\/td>\n<td class=\"cell-institution\" data-title=\"int\u00e9zm\u00e9ny\"><a href=\"https:\/\/doktori.hu\/intezmenyek\/5\/\">DRHE<\/a><\/td>\n<td class=\"cell-degree_type_name\" data-title=\"fokozat t\u00edpusa\">PhD<\/td>\n<\/tr>\n<tr class=\"normal\">\n<td class=\"cell-student\" data-title=\"hallgat\u00f3\"><a href=\"https:\/\/doktori.hu\/doktori-kepzes\/szemelyek\/47364\/\">Debreczeni, \u00c1kos J\u00f3zsef (#47364)<\/a><\/td>\n<td class=\"cell-doctoral_school\" data-title=\"doktori iskola\"><a href=\"https:\/\/doktori.hu\/doktori-kepzes\/doktori-iskolak\/46\/\">Hittudom\u00e1nyi Doktori Iskola<\/a><\/td>\n<td class=\"cell-institution\" data-title=\"int\u00e9zm\u00e9ny\"><a href=\"https:\/\/doktori.hu\/intezmenyek\/5\/\">DRHE<\/a><\/td>\n<td class=\"cell-degree_type_name\" data-title=\"fokozat t\u00edpusa\">PhD<\/td>\n<\/tr>\n<tr class=\"normal\">\n<td class=\"cell-student\" data-title=\"hallgat\u00f3\"><a href=\"https:\/\/doktori.hu\/doktori-kepzes\/szemelyek\/43926\/\">Debreczeni, Istv\u00e1n (#43926)<\/a><\/td>\n<td class=\"cell-doctoral_school\" data-title=\"doktori iskola\"><a href=\"https:\/\/doktori.hu\/doktori-kepzes\/doktori-iskolak\/46\/\">Hittudom\u00e1nyi Doktori Iskola<\/a><\/td>\n<td class=\"cell-institution\" data-title=\"int\u00e9zm\u00e9ny\"><a href=\"https:\/\/doktori.hu\/intezmenyek\/5\/\">DRHE<\/a><\/td>\n<td class=\"cell-degree_type_name\" data-title=\"fokozat t\u00edpusa\">PhD<\/td>\n<\/tr>\n<tr class=\"normal\">\n<td class=\"cell-student\" data-title=\"hallgat\u00f3\"><a href=\"https:\/\/doktori.hu\/doktori-kepzes\/szemelyek\/43931\/\">D\u00e9nes-Zsukovszky, Elem\u00e9r (#43931)<\/a><\/td>\n<td class=\"cell-doctoral_school\" data-title=\"doktori iskola\"><a href=\"https:\/\/doktori.hu\/doktori-kepzes\/doktori-iskolak\/46\/\">Hittudom\u00e1nyi Doktori Iskola<\/a><\/td>\n<td class=\"cell-institution\" data-title=\"int\u00e9zm\u00e9ny\"><a href=\"https:\/\/doktori.hu\/intezmenyek\/5\/\">DRHE<\/a><\/td>\n<td class=\"cell-degree_type_name\" data-title=\"fokozat t\u00edpusa\">PhD<\/td>\n<\/tr>\n<tr class=\"normal\">\n<td class=\"cell-student\" data-title=\"hallgat\u00f3\"><a href=\"https:\/\/doktori.hu\/doktori-kepzes\/szemelyek\/88501\/\">Dezs\u0151, Attila (#88501)<\/a><\/td>\n<td class=\"cell-doctoral_school\" data-title=\"doktori iskola\"><a href=\"https:\/\/doktori.hu\/doktori-kepzes\/doktori-iskolak\/46\/\">Hittudom\u00e1nyi Doktori Iskola<\/a><\/td>\n<td class=\"cell-institution\" data-title=\"int\u00e9zm\u00e9ny\"><a href=\"https:\/\/doktori.hu\/intezmenyek\/5\/\">DRHE<\/a><\/td>\n<td class=\"cell-degree_type_name\" data-title=\"fokozat t\u00edpusa\">PhD<\/td>\n<\/tr>\n<tr class=\"normal\">\n<td class=\"cell-student\" data-title=\"hallgat\u00f3\"><a href=\"https:\/\/doktori.hu\/doktori-kepzes\/szemelyek\/51602\/\">Fejes, S\u00e1ndor (#51602)<\/a><\/td>\n<td class=\"cell-doctoral_school\" data-title=\"doktori iskola\"><a href=\"https:\/\/doktori.hu\/doktori-kepzes\/doktori-iskolak\/46\/\">Hittudom\u00e1nyi Doktori Iskola<\/a><\/td>\n<td class=\"cell-institution\" data-title=\"int\u00e9zm\u00e9ny\"><a href=\"https:\/\/doktori.hu\/intezmenyek\/5\/\">DRHE<\/a><\/td>\n<td class=\"cell-degree_type_name\" data-title=\"fokozat t\u00edpusa\">PhD<\/td>\n<\/tr>\n<tr class=\"normal\">\n<td class=\"cell-student\" data-title=\"hallgat\u00f3\"><a href=\"https:\/\/doktori.hu\/doktori-kepzes\/szemelyek\/88502\/\">Fekete, Edina (#88502)<\/a><\/td>\n<td class=\"cell-doctoral_school\" data-title=\"doktori iskola\"><a href=\"https:\/\/doktori.hu\/doktori-kepzes\/doktori-iskolak\/46\/\">Hittudom\u00e1nyi Doktori Iskola<\/a><\/td>\n<td class=\"cell-institution\" data-title=\"int\u00e9zm\u00e9ny\"><a href=\"https:\/\/doktori.hu\/intezmenyek\/5\/\">DRHE<\/a><\/td>\n<td class=\"cell-degree_type_name\" data-title=\"fokozat t\u00edpusa\">PhD<\/td>\n<\/tr>\n<tr class=\"normal\">\n<td class=\"cell-student\" data-title=\"hallgat\u00f3\"><a href=\"https:\/\/doktori.hu\/doktori-kepzes\/szemelyek\/51609\/\">G\u00f6rgey, G\u00e9za (#51609)<\/a><\/td>\n<td class=\"cell-doctoral_school\" data-title=\"doktori iskola\"><a href=\"https:\/\/doktori.hu\/doktori-kepzes\/doktori-iskolak\/46\/\">Hittudom\u00e1nyi Doktori Iskola<\/a><\/td>\n<td class=\"cell-institution\" data-title=\"int\u00e9zm\u00e9ny\"><a href=\"https:\/\/doktori.hu\/intezmenyek\/5\/\">DRHE<\/a><\/td>\n<td class=\"cell-degree_type_name\" data-title=\"fokozat t\u00edpusa\">PhD<\/td>\n<\/tr>\n<tr class=\"normal\">\n<td class=\"cell-student\" data-title=\"hallgat\u00f3\"><a href=\"https:\/\/doktori.hu\/doktori-kepzes\/szemelyek\/88503\/\">Hajdu, P\u00e9ter (#88503)<\/a><\/td>\n<td class=\"cell-doctoral_school\" data-title=\"doktori iskola\"><a href=\"https:\/\/doktori.hu\/doktori-kepzes\/doktori-iskolak\/46\/\">Hittudom\u00e1nyi Doktori Iskola<\/a><\/td>\n<td class=\"cell-institution\" data-title=\"int\u00e9zm\u00e9ny\"><a href=\"https:\/\/doktori.hu\/intezmenyek\/5\/\">DRHE<\/a><\/td>\n<td class=\"cell-degree_type_name\" data-title=\"fokozat t\u00edpusa\">PhD<\/td>\n<\/tr>\n<tr class=\"normal\">\n<td class=\"cell-student\" data-title=\"hallgat\u00f3\"><a href=\"https:\/\/doktori.hu\/doktori-kepzes\/szemelyek\/88504\/\">Iski, Luca (#88504)<\/a><\/td>\n<td class=\"cell-doctoral_school\" data-title=\"doktori iskola\"><a href=\"https:\/\/doktori.hu\/doktori-kepzes\/doktori-iskolak\/46\/\">Hittudom\u00e1nyi Doktori Iskola<\/a><\/td>\n<td class=\"cell-institution\" data-title=\"int\u00e9zm\u00e9ny\"><a href=\"https:\/\/doktori.hu\/intezmenyek\/5\/\">DRHE<\/a><\/td>\n<td class=\"cell-degree_type_name\" data-title=\"fokozat t\u00edpusa\">PhD<\/td>\n<\/tr>\n<tr class=\"normal\">\n<td class=\"cell-student\" data-title=\"hallgat\u00f3\"><a href=\"https:\/\/doktori.hu\/doktori-kepzes\/szemelyek\/47363\/\">Kacs\u00f3, G\u00e9za (#47363)<\/a><\/td>\n<td class=\"cell-doctoral_school\" data-title=\"doktori iskola\"><a href=\"https:\/\/doktori.hu\/doktori-kepzes\/doktori-iskolak\/46\/\">Hittudom\u00e1nyi Doktori Iskola<\/a><\/td>\n<td class=\"cell-institution\" data-title=\"int\u00e9zm\u00e9ny\"><a href=\"https:\/\/doktori.hu\/intezmenyek\/5\/\">DRHE<\/a><\/td>\n<td class=\"cell-degree_type_name\" data-title=\"fokozat t\u00edpusa\">PhD<\/td>\n<\/tr>\n<tr class=\"normal\">\n<td class=\"cell-student\" data-title=\"hallgat\u00f3\"><a href=\"https:\/\/doktori.hu\/doktori-kepzes\/szemelyek\/43924\/\">Ko\u00f3s, M\u00e1ty\u00e1s Csan\u00e1d (#43924)<\/a><\/td>\n<td class=\"cell-doctoral_school\" data-title=\"doktori iskola\"><a href=\"https:\/\/doktori.hu\/doktori-kepzes\/doktori-iskolak\/46\/\">Hittudom\u00e1nyi Doktori Iskola<\/a><\/td>\n<td class=\"cell-institution\" data-title=\"int\u00e9zm\u00e9ny\"><a href=\"https:\/\/doktori.hu\/intezmenyek\/5\/\">DRHE<\/a><\/td>\n<td class=\"cell-degree_type_name\" data-title=\"fokozat t\u00edpusa\">PhD<\/td>\n<\/tr>\n<tr class=\"normal\">\n<td class=\"cell-student\" data-title=\"hallgat\u00f3\"><a href=\"https:\/\/doktori.hu\/doktori-kepzes\/szemelyek\/88505\/\">L\u00e1szl\u00f3, G\u00e1bor (#88505)<\/a><\/td>\n<td class=\"cell-doctoral_school\" data-title=\"doktori iskola\"><a href=\"https:\/\/doktori.hu\/doktori-kepzes\/doktori-iskolak\/46\/\">Hittudom\u00e1nyi Doktori Iskola<\/a><\/td>\n<td class=\"cell-institution\" data-title=\"int\u00e9zm\u00e9ny\"><a href=\"https:\/\/doktori.hu\/intezmenyek\/5\/\">DRHE<\/a><\/td>\n<td class=\"cell-degree_type_name\" data-title=\"fokozat t\u00edpusa\">PhD<\/td>\n<\/tr>\n<tr class=\"normal\">\n<td class=\"cell-student\" data-title=\"hallgat\u00f3\"><a href=\"https:\/\/doktori.hu\/doktori-kepzes\/szemelyek\/43929\/\">Pacz\u00e1ri-Pongor, Melinda (#43929)<\/a><\/td>\n<td class=\"cell-doctoral_school\" data-title=\"doktori iskola\"><a href=\"https:\/\/doktori.hu\/doktori-kepzes\/doktori-iskolak\/46\/\">Hittudom\u00e1nyi Doktori Iskola<\/a><\/td>\n<td class=\"cell-institution\" data-title=\"int\u00e9zm\u00e9ny\"><a href=\"https:\/\/doktori.hu\/intezmenyek\/5\/\">DRHE<\/a><\/td>\n<td class=\"cell-degree_type_name\" data-title=\"fokozat t\u00edpusa\">PhD<\/td>\n<\/tr>\n<tr class=\"normal\">\n<td class=\"cell-student\" data-title=\"hallgat\u00f3\"><a href=\"https:\/\/doktori.hu\/doktori-kepzes\/szemelyek\/29331\/\">Simon, D\u00f6me Andr\u00e1s (#29331)<\/a><\/td>\n<td class=\"cell-doctoral_school\" data-title=\"doktori iskola\"><a href=\"https:\/\/doktori.hu\/doktori-kepzes\/doktori-iskolak\/46\/\">Hittudom\u00e1nyi Doktori Iskola<\/a><\/td>\n<td class=\"cell-institution\" data-title=\"int\u00e9zm\u00e9ny\"><a href=\"https:\/\/doktori.hu\/intezmenyek\/5\/\">DRHE<\/a><\/td>\n<td class=\"cell-degree_type_name\" data-title=\"fokozat t\u00edpusa\">PhD<\/td>\n<\/tr>\n<tr class=\"normal\">\n<td class=\"cell-student\" data-title=\"hallgat\u00f3\"><a href=\"https:\/\/doktori.hu\/doktori-kepzes\/szemelyek\/51607\/\">Szab\u00f3, J\u00e1nos Bence (#51607)<\/a><\/td>\n<td class=\"cell-doctoral_school\" data-title=\"doktori iskola\"><a href=\"https:\/\/doktori.hu\/doktori-kepzes\/doktori-iskolak\/46\/\">Hittudom\u00e1nyi Doktori Iskola<\/a><\/td>\n<td class=\"cell-institution\" data-title=\"int\u00e9zm\u00e9ny\"><a href=\"https:\/\/doktori.hu\/intezmenyek\/5\/\">DRHE<\/a><\/td>\n<td class=\"cell-degree_type_name\" data-title=\"fokozat t\u00edpusa\">PhD<\/td>\n<\/tr>\n<tr class=\"normal\">\n<td class=\"cell-student\" data-title=\"hallgat\u00f3\"><a href=\"https:\/\/doktori.hu\/doktori-kepzes\/szemelyek\/51605\/\">Szem\u00e1nn\u00e9 Kozma, Krisztina (#51605)<\/a><\/td>\n<td class=\"cell-doctoral_school\" data-title=\"doktori iskola\"><a href=\"https:\/\/doktori.hu\/doktori-kepzes\/doktori-iskolak\/46\/\">Hittudom\u00e1nyi Doktori Iskola<\/a><\/td>\n<td class=\"cell-institution\" data-title=\"int\u00e9zm\u00e9ny\"><a href=\"https:\/\/doktori.hu\/intezmenyek\/5\/\">DRHE<\/a><\/td>\n<td class=\"cell-degree_type_name\" data-title=\"fokozat t\u00edpusa\">PhD<\/td>\n<\/tr>\n<tr class=\"normal\">\n<td class=\"cell-student\" data-title=\"hallgat\u00f3\"><a href=\"https:\/\/doktori.hu\/doktori-kepzes\/szemelyek\/32645\/\">Sz\u0171cs-Muza, Blanka (#32645)<\/a><\/td>\n<td class=\"cell-doctoral_school\" data-title=\"doktori iskola\"><a href=\"https:\/\/doktori.hu\/doktori-kepzes\/doktori-iskolak\/46\/\">Hittudom\u00e1nyi Doktori Iskola<\/a><\/td>\n<td class=\"cell-institution\" data-title=\"int\u00e9zm\u00e9ny\"><a href=\"https:\/\/doktori.hu\/intezmenyek\/5\/\">DRHE<\/a><\/td>\n<td class=\"cell-degree_type_name\" data-title=\"fokozat t\u00edpusa\">PhD<\/td>\n<\/tr>\n<tr class=\"normal\">\n<td class=\"cell-student\" data-title=\"hallgat\u00f3\"><a href=\"https:\/\/doktori.hu\/doktori-kepzes\/szemelyek\/88506\/\">Turucz, Annam\u00e1ria Imola (#88506)<\/a><\/td>\n<td class=\"cell-doctoral_school\" data-title=\"doktori iskola\"><a href=\"https:\/\/doktori.hu\/doktori-kepzes\/doktori-iskolak\/46\/\">Hittudom\u00e1nyi Doktori Iskola<\/a><\/td>\n<td class=\"cell-institution\" data-title=\"int\u00e9zm\u00e9ny\"><a href=\"https:\/\/doktori.hu\/intezmenyek\/5\/\">DRHE<\/a><\/td>\n<td class=\"cell-degree_type_name\" data-title=\"fokozat t\u00edpusa\">PhD<\/td>\n<\/tr>\n<tr class=\"normal\">\n<td class=\"cell-student\" data-title=\"hallgat\u00f3\"><a href=\"https:\/\/doktori.hu\/doktori-kepzes\/szemelyek\/51604\/\">Varga, Andr\u00e1s (#51604)<\/a><\/td>\n<td class=\"cell-doctoral_school\" data-title=\"doktori iskola\"><a href=\"https:\/\/doktori.hu\/doktori-kepzes\/doktori-iskolak\/46\/\">Hittudom\u00e1nyi Doktori Iskola<\/a><\/td>\n<td class=\"cell-institution\" data-title=\"int\u00e9zm\u00e9ny\"><a href=\"https:\/\/doktori.hu\/intezmenyek\/5\/\">DRHE<\/a><\/td>\n<td class=\"cell-degree_type_name\" data-title=\"fokozat t\u00edpusa\">PhD<\/td>\n<\/tr>\n<\/tbody>\n<\/table>\n<p>&nbsp;<\/p>\n<p><strong>Jelenlegi passz\u00edv hallgat\u00f3ink:<\/strong><\/p>\n<p>-[\/vc_column_text][\/vc_column][\/vc_row]<\/p>\n<\/div>","protected":false},"excerpt":{"rendered":"<p>[vc_row][vc_column][vc_column_text css=&#8221;&#8221;]2025\/2026-es tan\u00e9v \u0151szi f\u00e9l\u00e9v A DRHE Doktori Iskola jelenlegi akt\u00edv hallgat\u00f3i: hallgat\u00f3\u00a0 doktori iskola\u00a0 int\u00e9zm\u00e9ny\u00a0 fokozat t\u00edpusa\u00a0 Ambrus, M\u00f3zes<\/p>\n","protected":false},"author":1,"featured_media":0,"parent":2610,"menu_order":25,"comment_status":"closed","ping_status":"closed","template":"","meta":{"_acf_changed":false,"footnotes":"","_links_to":"","_links_to_target":""},"class_list":["post-2811","page","type-page","status-publish","hentry"],"acf":[],"_links":{"self":[{"href":"https:\/\/drhe.hu\/en\/wp-json\/wp\/v2\/pages\/2811","targetHints":{"allow":["GET"]}}],"collection":[{"href":"https:\/\/drhe.hu\/en\/wp-json\/wp\/v2\/pages"}],"about":[{"href":"https:\/\/drhe.hu\/en\/wp-json\/wp\/v2\/types\/page"}],"author":[{"embeddable":true,"href":"https:\/\/drhe.hu\/en\/wp-json\/wp\/v2\/users\/1"}],"replies":[{"embeddable":true,"href":"https:\/\/drhe.hu\/en\/wp-json\/wp\/v2\/comments?post=2811"}],"version-history":[{"count":15,"href":"https:\/\/drhe.hu\/en\/wp-json\/wp\/v2\/pages\/2811\/revisions"}],"predecessor-version":[{"id":26364,"href":"https:\/\/drhe.hu\/en\/wp-json\/wp\/v2\/pages\/2811\/revisions\/26364"}],"up":[{"embeddable":true,"href":"https:\/\/drhe.hu\/en\/wp-json\/wp\/v2\/pages\/2610"}],"wp:attachment":[{"href":"https:\/\/drhe.hu\/en\/wp-json\/wp\/v2\/media?parent=2811"}],"curies":[{"name":"wp","href":"https:\/\/api.w.org\/{rel}","templated":true}]}}