{"id":2886,"date":"2021-10-14T12:26:21","date_gmt":"2021-10-14T10:26:21","guid":{"rendered":"http:\/\/new.drhe.hu\/?page_id=2886"},"modified":"2024-07-25T13:00:52","modified_gmt":"2024-07-25T11:00:52","slug":"doktori-program","status":"publish","type":"page","link":"https:\/\/drhe.hu\/en\/oktatas\/kepzesek\/doktori-kepzes\/doktori-program\/","title":{"rendered":"Doktori Program"},"content":{"rendered":"<div class=\"wpb-content-wrapper\"><p>[vc_row][vc_column][vc_column_text]<\/p>\n<p>A DRHE \u201e<em>A<\/em> <em>teol\u00f3giai<\/em> <em>tudom\u00e1nym\u0171vel\u00e9s<\/em> <em>az<\/em> <em>egyetemes<\/em> <em>egyh\u00e1z<\/em> <em>kih\u00edv\u00e1sai<\/em> <em>alapj\u00e1n<\/em>\u201d c\u00edm\u0171 doktori programja tartalmi szempontb\u00f3l fel\u00f6leli mindazokat a ter\u00fcleteket, amelyek partikul\u00e1risan \u00e9s univerz\u00e1lisan hozz\u00e1j\u00e1rulnak a tudom\u00e1ny fejl\u0151d\u00e9s\u00e9hez, az egyh\u00e1zi \u00e9let m\u0171k\u00f6d\u00e9s\u00e9nek el\u0151seg\u00edt\u00e9s\u00e9hez \u00e9s ezen kereszt\u00fcl n\u00e9p\u00fcnk kult\u00far\u00e1j\u00e1nak emelked\u00e9s\u00e9hez.<\/p>\n<p>A program nagy fontoss\u00e1got tulajdon\u00edt az \u00faj \u00e9vezred adta kontextusnak, amelyben a teol\u00f3gia \u00e9s m\u00e1s tudom\u00e1nyok korrel\u00e1ci\u00f3j\u00e1t sz\u00e1nd\u00e9kszik tiszt\u00e1zni. Ebben az adott szitu\u00e1ci\u00f3ban a teol\u00f3giai tudom\u00e1nynak \u00fajra kell \u00e9rtelmeznie \u00f6nmag\u00e1t, t\u00f6rt\u00e9net\u00e9t \u00e9s j\u00f6v\u0151j\u00e9t, valamint v\u00e1laszt kell tal\u00e1lnia a bibliai, szisztematikai, t\u00f6rt\u00e9neti \u00e9s gyakorlati alapk\u00e9rd\u00e9sekre. Mindaz, amit az al\u00e1bbiakban c\u00e9lul t\u0171z\u00fcnk ki, tartalmi szempontb\u00f3l ezt kutatja.<\/p>\n<p>A DRHE doktori programja szervezett form\u00e1ban k\u00edv\u00e1n lehet\u0151s\u00e9get biztos\u00edtani olyan magas szint\u0171 oktat\u00e1si \u00e9s tudom\u00e1nyos tev\u00e9kenys\u00e9g v\u00e9gz\u00e9s\u00e9re, amelynek keret\u00e9ben az egyetemi v\u00e9gzetts\u00e9ggel rendelkez\u0151 teol\u00f3gusok, lelkip\u00e1sztorok, az egyh\u00e1z \u00e9s a hittudom\u00e1ny ir\u00e1nt elk\u00f6telezett szakemberek doktori (PhD) fokozatot szerezhetnek. Nem hittudom\u00e1nyok ter\u00fclet\u00e9n szerzett mesterfokozat eset\u00e9n a sz\u00fcks\u00e9ges teol\u00f3giai ismeretek dokument\u00e1lt megszerz\u00e9s\u00e9t k\u00f6vet\u0151en van lehet\u0151s\u00e9g r\u00e9szt venni a programban.<\/p>\n<p>A DRHE arra t\u00f6rekszik, hogy leend\u0151 doktorai a teol\u00f3giai tudom\u00e1nyokban elm\u00e9ly\u00fcljenek, \u00f6n\u00e1ll\u00f3 kutat\u00e1saikkal \u00e9s eredm\u00e9nyeikkel gazdag\u00edts\u00e1k a magyar reform\u00e1tuss\u00e1g lelki-szellemi t\u0151k\u00e9j\u00e9t. A doktori program elv\u00e9gz\u00e9s\u00e9vel megval\u00f3sulhat a sokoldal\u00fa \u00e9s t\u00f6bb kimenetel\u0171 k\u00e9pz\u00e9s. A doktori program sor\u00e1n m\u00f3d ny\u00edlik arra, hogy a Magyarorsz\u00e1gi Reform\u00e1tus Egyh\u00e1zban \u00e9s azon bel\u00fcl k\u00fcl\u00f6n\u00f6sen is a Tisz\u00e1nt\u00fali Egyh\u00e1zker\u00fcletben folyamatos legyen a tudom\u00e1nyos ut\u00e1np\u00f3tl\u00e1s biztos\u00edt\u00e1sa.<\/p>\n<p>A DRHE k\u00fcldet\u00e9s\u00e9ben a kor\u00e1bbi id\u0151kben is jelent\u0151s szerepet j\u00e1tszott a <em>ius<\/em> <em>promovendi<\/em>, amely korszakr\u00f3l-korszakra hozz\u00e1seg\u00edtette az egyetemet ahhoz, hogy bekapcsol\u00f3djon a hazai \u00e9s a nemzetk\u00f6zi teol\u00f3giai tudom\u00e1nyos \u00e9let v\u00e9rkering\u00e9s\u00e9be. A tudom\u00e1nym\u0171vel\u00e9s debreceni b\u00f6lcs\u0151je is a Reform\u00e1tus Koll\u00e9giumhoz kapcsol\u00f3dik.<\/p>\n<p>A doktori program c\u00e9lul t\u0171zi ki, hogy a doktoranduszok az \u00faj adatok, t\u00e9nyek felt\u00e1r\u00e1s\u00e1val \u00e9s a teol\u00f3giai k\u00e9rd\u00e9sek \u00faj \u00f6sszef\u00fcgg\u00e9seinek felmutat\u00e1s\u00e1val:<\/p>\n<ul>\n<li>meg\u0151rizz\u00e9k \u00e9s tov\u00e1bbfejlessz\u00e9k a reform\u00e1tus teol\u00f3gia bibliai-hitvall\u00e1sos jelleg\u00e9t,<\/li>\n<li>\u00e9rtelmezz\u00e9k \u00fajra a bibliai kijelent\u00e9s \u00fczenet\u00e9t az adott t\u00f6rt\u00e9nelmi szitu\u00e1ci\u00f3ban,<\/li>\n<li>keressenek autentikus, megalapozott v\u00e1laszokat a gy\u00fclekezeti \u00e9let aktu\u00e1lis k\u00e9rd\u00e9seire \u00e9s az \u00faj \u00e9vezred egyh\u00e1z\u00e1t \u00e9r\u0151 \u00faj kih\u00edv\u00e1sokra,<\/li>\n<li>n\u00f6velj\u00e9k a teol\u00f3giai m\u0171velts\u00e9g hazai sz\u00ednvonal\u00e1t,<\/li>\n<li>hassanak \u00f6szt\u00f6nz\u0151en a teol\u00f3giai tudom\u00e1ny kritikai funkci\u00f3j\u00e1nak egyh\u00e1zi bet\u00f6lt\u00e9s\u00e9re,<\/li>\n<li>Adjanak sz\u00e1mot a fontosabb hat\u00e1rter\u00fcletekr\u0151l \u00e9rkez\u0151 impulzusokr\u00f3l az interdiszciplinarit\u00e1s jegy\u00e9ben \u00e9s tegy\u00e9k meg azok teol\u00f3giai \u00e9rt\u00e9kel\u00e9s\u00e9t.<\/li>\n<\/ul>\n<p style=\"text-align: left;\">[\/vc_column_text][\/vc_column][\/vc_row]<\/p>\n<\/div>","protected":false},"excerpt":{"rendered":"<p>[vc_row][vc_column][vc_column_text] A DRHE \u201eA teol\u00f3giai tudom\u00e1nym\u0171vel\u00e9s az egyetemes egyh\u00e1z kih\u00edv\u00e1sai alapj\u00e1n\u201d c\u00edm\u0171 doktori programja tartalmi szempontb\u00f3l fel\u00f6leli mindazokat a ter\u00fcleteket,<\/p>\n","protected":false},"author":1,"featured_media":0,"parent":2610,"menu_order":0,"comment_status":"closed","ping_status":"closed","template":"page-tanszek.php","meta":{"_acf_changed":false,"footnotes":"","_links_to":"","_links_to_target":""},"class_list":["post-2886","page","type-page","status-publish","hentry"],"acf":[],"_links":{"self":[{"href":"https:\/\/drhe.hu\/en\/wp-json\/wp\/v2\/pages\/2886","targetHints":{"allow":["GET"]}}],"collection":[{"href":"https:\/\/drhe.hu\/en\/wp-json\/wp\/v2\/pages"}],"about":[{"href":"https:\/\/drhe.hu\/en\/wp-json\/wp\/v2\/types\/page"}],"author":[{"embeddable":true,"href":"https:\/\/drhe.hu\/en\/wp-json\/wp\/v2\/users\/1"}],"replies":[{"embeddable":true,"href":"https:\/\/drhe.hu\/en\/wp-json\/wp\/v2\/comments?post=2886"}],"version-history":[{"count":12,"href":"https:\/\/drhe.hu\/en\/wp-json\/wp\/v2\/pages\/2886\/revisions"}],"predecessor-version":[{"id":22013,"href":"https:\/\/drhe.hu\/en\/wp-json\/wp\/v2\/pages\/2886\/revisions\/22013"}],"up":[{"embeddable":true,"href":"https:\/\/drhe.hu\/en\/wp-json\/wp\/v2\/pages\/2610"}],"wp:attachment":[{"href":"https:\/\/drhe.hu\/en\/wp-json\/wp\/v2\/media?parent=2886"}],"curies":[{"name":"wp","href":"https:\/\/api.w.org\/{rel}","templated":true}]}}