{"id":2894,"date":"2021-10-15T08:49:43","date_gmt":"2021-10-15T06:49:43","guid":{"rendered":"http:\/\/new.drhe.hu\/?page_id=2894"},"modified":"2021-10-19T15:55:40","modified_gmt":"2021-10-19T13:55:40","slug":"kutatastamogatas","status":"publish","type":"page","link":"https:\/\/drhe.hu\/en\/kutatas\/kutatastamogatas\/","title":{"rendered":"Kutat\u00e1st\u00e1mogat\u00e1s"},"content":{"rendered":"","protected":false},"excerpt":{"rendered":"","protected":false},"author":1,"featured_media":0,"parent":2892,"menu_order":11,"comment_status":"closed","ping_status":"closed","template":"page-fullscreen-menu.php","meta":{"_acf_changed":false,"footnotes":"","_links_to":"","_links_to_target":""},"class_list":["post-2894","page","type-page","status-publish","hentry"],"acf":[],"_links":{"self":[{"href":"https:\/\/drhe.hu\/en\/wp-json\/wp\/v2\/pages\/2894","targetHints":{"allow":["GET"]}}],"collection":[{"href":"https:\/\/drhe.hu\/en\/wp-json\/wp\/v2\/pages"}],"about":[{"href":"https:\/\/drhe.hu\/en\/wp-json\/wp\/v2\/types\/page"}],"author":[{"embeddable":true,"href":"https:\/\/drhe.hu\/en\/wp-json\/wp\/v2\/users\/1"}],"replies":[{"embeddable":true,"href":"https:\/\/drhe.hu\/en\/wp-json\/wp\/v2\/comments?post=2894"}],"version-history":[{"count":1,"href":"https:\/\/drhe.hu\/en\/wp-json\/wp\/v2\/pages\/2894\/revisions"}],"predecessor-version":[{"id":2895,"href":"https:\/\/drhe.hu\/en\/wp-json\/wp\/v2\/pages\/2894\/revisions\/2895"}],"up":[{"embeddable":true,"href":"https:\/\/drhe.hu\/en\/wp-json\/wp\/v2\/pages\/2892"}],"wp:attachment":[{"href":"https:\/\/drhe.hu\/en\/wp-json\/wp\/v2\/media?parent=2894"}],"curies":[{"name":"wp","href":"https:\/\/api.w.org\/{rel}","templated":true}]}}