{"id":2896,"date":"2021-10-15T09:05:21","date_gmt":"2021-10-15T07:05:21","guid":{"rendered":"http:\/\/new.drhe.hu\/?page_id=2896"},"modified":"2026-02-25T10:23:05","modified_gmt":"2026-02-25T09:23:05","slug":"kutatasfinanszirozasi-palyazat","status":"publish","type":"page","link":"https:\/\/drhe.hu\/en\/kutatas\/kutatastamogatas\/kutatasfinanszirozasi-palyazat\/","title":{"rendered":"Kutat\u00e1sfinansz\u00edroz\u00e1si p\u00e1ly\u00e1zat"},"content":{"rendered":"<div class=\"wpb-content-wrapper\"><p>[vc_row][vc_column][vc_column_text css=&#8221;&#8221;]A DRHE az adott \u00e9vben k\u00f6lts\u00e9gvet\u00e9s\u00e9ben kutat\u00e1s-finansz\u00edroz\u00e1si c\u00e9lokra elk\u00fcl\u00f6n\u00edtett p\u00e1ly\u00e1zati keret\u00f6sszeget az al\u00e1bbi elvek szerint haszn\u00e1lja fel:<\/p>\n<p>a felhaszn\u00e1l\u00e1s bels\u0151 ar\u00e1nyait (szem\u00e9lyi, dologi juttat\u00e1s) a Tudom\u00e1nyos \u00e9s M\u0171v\u00e9szeti Bizotts\u00e1g (tov\u00e1bbiakban: TMB) \u00e1ll\u00e1sfoglal\u00e1sa alapj\u00e1n a Szen\u00e1tus \u00e9vente r\u00f6gz\u00edti,<br \/>\na t\u00e1mogat\u00e1s \u00f6sszeg\u00e9nek sz\u00e9toszt\u00e1s\u00e1ra a rektor minden szemeszterben p\u00e1ly\u00e1zatot \u00edr ki,<br \/>\na p\u00e1ly\u00e1zatokat a TMB rangsorolja, \u00e9s a rektor \u00edt\u00e9li oda.<\/p>\n<p>A p\u00e1ly\u00e1zatok elb\u00edr\u00e1l\u00e1sa sor\u00e1n a TMB azokat a sz\u00ednvonalas kutat\u00e1st vagy m\u0171v\u00e9szeti tev\u00e9kenys\u00e9get v\u00e9gz\u0151, a DRHE-val munkaviszonyban \u00e1ll\u00f3 f\u0151foglalkoz\u00e1s\u00fa oktat\u00f3k p\u00e1ly\u00e1zat\u00e1t r\u00e9szes\u00edtheti el\u0151nyben, akiknek munk\u00e1ja a DRHE szakmai strat\u00e9giai c\u00e9ljaival \u00f6sszhangban \u00e1ll.<\/p>\n<p>A p\u00e1ly\u00e1zat elb\u00edr\u00e1l\u00e1s\u00e1n\u00e1l el\u0151nyt \u00e9lveznek:<br \/>\nhabilit\u00e1ci\u00f3val \u00e9s doktori (PhD, DLA) fokozattal rendelkez\u0151k, a doktorjel\u00f6lti jogviszonnyal rendelkez\u0151k \u00e9s a doktork\u00e9pz\u00e9sben r\u00e9sztvev\u0151 oktat\u00f3k,<br \/>\na t\u00e1rgy\u00e9v el\u0151tti utols\u00f3 lez\u00e1rt p\u00e9nz\u00fcgyi \u00e9vben a DRHE sz\u00e1m\u00e1ra bev\u00e9telt hoz\u00f3 kutat\u00e1si, fejleszt\u00e9si p\u00e1ly\u00e1zatokban r\u00e9sztvev\u0151 oktat\u00f3k.<\/p>\n<p>A p\u00e1ly\u00e1zatok v\u00e9lem\u00e9nyez\u00e9s\u00e9nek min\u0151s\u00edt\u00e9si szempontjai:<br \/>\na szakmai megalapozotts\u00e1g, realit\u00e1s,<br \/>\na p\u00e1ly\u00e1z\u00f3 kor\u00e1bbi kutat\u00e1si, alkot\u00e1si eredm\u00e9nyei,<br \/>\naz oktat\u00f3 kor\u00e1bbi p\u00e1ly\u00e1zat\u00e1nak\/tainak dokument\u00e1lt lez\u00e1r\u00e1sa.<\/p>\n<p><a href=\"http:\/\/drhe.hu\/egyetemunk\/szabalyzatok\/\" target=\"_blank\" rel=\"noopener\">Az Egyetem Kutat\u00e1s-finansz\u00edroz\u00e1si P\u00e1ly\u00e1zat Szab\u00e1lyzata<\/a><br \/>\n<a href=\"http:\/\/drhe.hu\/wp-content\/uploads\/2022\/02\/palyazati-urlap-kutfinanszpalyaza.docx\" target=\"_blank\" rel=\"noopener\">P\u00e1ly\u00e1zati \u0171rlap (2022.09.28.)<\/a><br \/>\n<a href=\"http:\/\/drhe.hu\/wp-content\/uploads\/2021\/10\/kutatasfinanszirozas_szakmai_beszamolo_12.doc\" target=\"_blank\" rel=\"noopener\">Szakmai \u00e9s p\u00e9nz\u00fcgyi besz\u00e1mol\u00f3<\/a><br \/>\n<a href=\"https:\/\/drhe.hu\/wp-content\/uploads\/2026\/02\/Kutatasfinanszirozasi-palyazat-2026-II-felev-kiiras-2026.02.pdf\">Aktu\u00e1lis p\u00e1ly\u00e1zati felh\u00edv\u00e1s 2026. k\u00f6lts\u00e9gvet\u00e9si \u00e9v 2. f\u00e9l\u00e9v<\/a>[\/vc_column_text][\/vc_column][\/vc_row][vc_row][vc_column][vc_column_text css=&#8221;&#8221;]<\/p>\n<h3>Kutat\u00e1si t\u00e1mogat\u00e1st nyert oktat\u00f3k list\u00e1ja<\/h3>\n<ul>\n<li><a href=\"http:\/\/www.drhe.hu\/sites\/default\/files\/content\/page\/102\/kutatasi_tamogatas_2018_as_koltseg.pdf\" target=\"_blank\" rel=\"noopener\">2018. k\u00f6lts\u00e9gvet\u00e9si \u00e9v 1. f\u00e9l\u00e9v<\/a><\/li>\n<li><a href=\"http:\/\/drhe.hu\/wp-content\/uploads\/2021\/10\/kutatasi_tamogatasi_hat._honlapra_2018_2_felev.pdf\" target=\"_blank\" rel=\"noopener\">2018. k\u00f6lts\u00e9gvet\u00e9si \u00e9v 2. f\u00e9l\u00e9v<\/a><\/li>\n<li><a href=\"http:\/\/drhe.hu\/wp-content\/uploads\/2021\/10\/kutatasi_tamogatasi_hat._honlapra_2019_1_felev_2.pdf\" target=\"_blank\" rel=\"noopener\">2019. k\u00f6lts\u00e9gvet\u00e9si \u00e9v 1. f\u00e9l\u00e9v<\/a><\/li>\n<li><a href=\"http:\/\/drhe.hu\/wp-content\/uploads\/2021\/10\/kutatasi_tamogatasi_hat._honlapra_2019_2_felev.pdf\" target=\"_blank\" rel=\"noopener\">2019. k\u00f6lts\u00e9gvet\u00e9si \u00e9v 2. f\u00e9l\u00e9v<\/a><\/li>\n<li><a href=\"http:\/\/drhe.hu\/wp-content\/uploads\/2021\/10\/kutatas-finanszirozas_nyertek_2020._1._felev.pdf\" target=\"_blank\" rel=\"noopener\">2020. k\u00f6lts\u00e9gvet\u00e9si \u00e9v 1. f\u00e9l\u00e9v<\/a><\/li>\n<li><a href=\"http:\/\/drhe.hu\/wp-content\/uploads\/2021\/10\/kutatasi_tamogatasi_hat._honlapra_2020_1_felev_potpalyazat.pdf\" target=\"_blank\" rel=\"noopener\">2020. k\u00f6lts\u00e9gvet\u00e9si \u00e9v 1. f\u00e9l\u00e9v p\u00f3tp\u00e1ly\u00e1zat<\/a><\/li>\n<li><a href=\"http:\/\/drhe.hu\/wp-content\/uploads\/2021\/10\/kutatasi_tamogatasi_honlapra_2020_2_felev.docx.pdf\" target=\"_blank\" rel=\"noopener\">2020. k\u00f6lts\u00e9gvet\u00e9si \u00e9v 2. f\u00e9l\u00e9v<\/a><\/li>\n<li><a href=\"http:\/\/drhe.hu\/wp-content\/uploads\/2021\/10\/kutatas-finanszirozas_nyertek_2021._1._felev_rektori_jovahagyas.pdf\" target=\"_blank\" rel=\"noopener\">2021. k\u00f6lts\u00e9gvet\u00e9si \u00e9v 1. f\u00e9l\u00e9v<\/a><\/li>\n<li><a href=\"http:\/\/drhe.hu\/wp-content\/uploads\/2021\/10\/kutatas-finanszirozas_nyertek_2021._2._felev_rektori_jovahagyas.docx.pdf\" target=\"_blank\" rel=\"noopener\">2021. k\u00f6lts\u00e9gvet\u00e9si \u00e9v 2. f\u00e9l\u00e9<\/a><\/li>\n<li><a href=\"http:\/\/drhe.hu\/wp-content\/uploads\/2021\/10\/kutatas-finanszirozas_nyertek_2021._2._felev_rektori_jovahagyas.docx.pdf\" target=\"_blank\" rel=\"noopener\">2021. k\u00f6lts\u00e9gvet\u00e9si \u00e9s 1. f\u00e9l\u00e9v p\u00f3tp\u00e1ly\u00e1zat<\/a><\/li>\n<li><a href=\"https:\/\/drhe.hu\/wp-content\/uploads\/2022\/08\/Kut_fin_kiertesites_2022_1.docx.pdf\" target=\"_blank\" rel=\"noopener\">2022. k\u00f6lts\u00e9gvet\u00e9si \u00e9v 1. f\u00e9l\u00e9v<\/a><\/li>\n<li><a href=\"https:\/\/drhe.hu\/wp-content\/uploads\/2022\/08\/Kutatas-finanszirozas-nyertek-2022.-2.-felev-rektori-jovahagyas.docx.pdf\" target=\"_blank\" rel=\"noopener\">2022. k\u00f6lts\u00e9gvet\u00e9si \u00e9v 2. f\u00e9l\u00e9v<\/a><\/li>\n<li><a href=\"https:\/\/drhe.hu\/wp-content\/uploads\/2022\/12\/Kutatas-finanszirozas-nyertek-2023.-1.-felev-rektori-jovahagyas.docx.pdf\" target=\"_blank\" rel=\"noopener\">2023. k\u00f6lts\u00e9gvet\u00e9si \u00e9v 1. f\u00e9l\u00e9v<\/a><\/li>\n<li><a href=\"https:\/\/drhe.hu\/wp-content\/uploads\/2023\/07\/Kutatas-finanszirozas-nyertek-2023.-2.-felev-rektori-jovahagyas.docx.pdf\" target=\"_blank\" rel=\"noopener\">2023. k\u00f6lts\u00e9gvet\u00e9si \u00e9v 2. f\u00e9l\u00e9v<\/a><\/li>\n<li><a href=\"https:\/\/drhe.hu\/wp-content\/uploads\/2023\/12\/Kutatas-finanszirozas-nyertek-2024.-1.-felev-rektori-jovahagyas.docx.pdf\" target=\"_blank\" rel=\"noopener\">2024. k\u00f6lts\u00e9gvet\u00e9si \u00e9v 1. f\u00e9l\u00e9v<\/a><\/li>\n<li><a href=\"https:\/\/drhe.hu\/wp-content\/uploads\/2024\/06\/Kutatas-finanszirozas-nyertek-2024.-2.-felev-rektori-jovahagyas.docx.pdf\" target=\"_blank\" rel=\"noopener\">2024. k\u00f6lts\u00e9gvet\u00e9si \u00e9v 2. f\u00e9l\u00e9v<\/a><\/li>\n<li><a href=\"https:\/\/drhe.hu\/wp-content\/uploads\/2024\/12\/Kutatas-finanszirozas-nyertek-2025.-1.-felev-rektori-jovahagyas.docx.pdf\" target=\"_blank\" rel=\"noopener\">2025. k\u00f6lts\u00e9gvet\u00e9si \u00e9v 1. f\u00e9l\u00e9v<\/a><\/li>\n<li><a href=\"https:\/\/drhe.hu\/wp-content\/uploads\/2025\/06\/Kutatas-finanszirozas-nyertek-2025-2.-felev-rektori-jovahagyas.docx\">2025. k\u00f6lts\u00e9gvet\u00e9si \u00e9v 2. f\u00e9l\u00e9v<\/a><\/li>\n<li><a href=\"https:\/\/drhe.hu\/wp-content\/uploads\/2025\/12\/Kutatas-finanszirozas-nyertek-2026.-1.-felev-rektori-jovahagyas.pdf\">2026. k\u00f6lts\u00e9gvet\u00e9si \u00e9v 1. f\u00e9l\u00e9v<\/a><\/li>\n<\/ul>\n<p>[\/vc_column_text][\/vc_column][\/vc_row]<\/p>\n<\/div>","protected":false},"excerpt":{"rendered":"<p>[vc_row][vc_column][vc_column_text css=&#8221;&#8221;]A DRHE az adott \u00e9vben k\u00f6lts\u00e9gvet\u00e9s\u00e9ben kutat\u00e1s-finansz\u00edroz\u00e1si c\u00e9lokra elk\u00fcl\u00f6n\u00edtett p\u00e1ly\u00e1zati keret\u00f6sszeget az al\u00e1bbi elvek szerint haszn\u00e1lja fel: a felhaszn\u00e1l\u00e1s<\/p>\n","protected":false},"author":1,"featured_media":0,"parent":2894,"menu_order":0,"comment_status":"closed","ping_status":"closed","template":"","meta":{"_acf_changed":false,"footnotes":"","_links_to":"","_links_to_target":""},"class_list":["post-2896","page","type-page","status-publish","hentry"],"acf":[],"_links":{"self":[{"href":"https:\/\/drhe.hu\/en\/wp-json\/wp\/v2\/pages\/2896","targetHints":{"allow":["GET"]}}],"collection":[{"href":"https:\/\/drhe.hu\/en\/wp-json\/wp\/v2\/pages"}],"about":[{"href":"https:\/\/drhe.hu\/en\/wp-json\/wp\/v2\/types\/page"}],"author":[{"embeddable":true,"href":"https:\/\/drhe.hu\/en\/wp-json\/wp\/v2\/users\/1"}],"replies":[{"embeddable":true,"href":"https:\/\/drhe.hu\/en\/wp-json\/wp\/v2\/comments?post=2896"}],"version-history":[{"count":44,"href":"https:\/\/drhe.hu\/en\/wp-json\/wp\/v2\/pages\/2896\/revisions"}],"predecessor-version":[{"id":26977,"href":"https:\/\/drhe.hu\/en\/wp-json\/wp\/v2\/pages\/2896\/revisions\/26977"}],"up":[{"embeddable":true,"href":"https:\/\/drhe.hu\/en\/wp-json\/wp\/v2\/pages\/2894"}],"wp:attachment":[{"href":"https:\/\/drhe.hu\/en\/wp-json\/wp\/v2\/media?parent=2896"}],"curies":[{"name":"wp","href":"https:\/\/api.w.org\/{rel}","templated":true}]}}