{"id":2912,"date":"2021-10-15T09:13:30","date_gmt":"2021-10-15T07:13:30","guid":{"rendered":"http:\/\/new.drhe.hu\/?page_id=2912"},"modified":"2026-03-05T09:52:24","modified_gmt":"2026-03-05T08:52:24","slug":"boszormenyi-jeno-lelkesz-es-neje-emlekalapitvany","status":"publish","type":"page","link":"https:\/\/drhe.hu\/en\/kutatas\/kutatastamogatas\/boszormenyi-jeno-lelkesz-es-neje-emlekalapitvany\/","title":{"rendered":"B\u00f6sz\u00f6rm\u00e9nyi Jen\u0151 Lelk\u00e9sz \u00e9s Neje Eml\u00e9kalap\u00edtv\u00e1ny"},"content":{"rendered":"<div class=\"wpb-content-wrapper\"><p>[vc_row][\/vc_row][vc_column][\/vc_column][vc_column_text css=&#8221;&#8221;]<strong>Ki\u00edrta 2026. \u00e9vi p\u00e1ly\u00e1zat\u00e1t a B\u00f6sz\u00f6rm\u00e9nyi Jen\u0151 Lelk\u00e9sz \u00e9s Neje Eml\u00e9kalap\u00edtv\u00e1ny<\/strong><\/p>\n<div class=\"x_elementToProof\">P\u00e1ly\u00e1zni szakk\u00f6nyvek publik\u00e1l\u00e1s\u00e1nak k\u00f6lts\u00e9geire lehet \u2013 az egyetem oktat\u00f3inak \u00e9s v\u00e9gzett doktoranduszainak, a teol\u00f3gia \u00e9s a filoz\u00f3fia t\u00e1rgyk\u00f6r\u00e9ben<i>.<\/i><\/div>\n<div class=\"x_elementToProof\">A t\u00e1mogat\u00e1si keret\u00f6sszeg 1.800.000.- Ft, az egy p\u00e1ly\u00e1z\u00f3 \u00e1ltal ig\u00e9nyelhet\u0151 t\u00e1mogat\u00e1s fels\u0151 \u00e9rt\u00e9khat\u00e1ra 600.000.- Ft.<\/div>\n<div class=\"x_elementToProof\">A p\u00e1ly\u00e1zatok bead\u00e1s\u00e1nak vagy post\u00e1z\u00e1s\u00e1nak hat\u00e1rideje\u00a0<i>2026. m\u00e1rcius 31. \u00e9s 2026. augusztus 31.<\/i><\/div>\n<div><\/div>\n<div class=\"x_elementToProof\">A p\u00e1ly\u00e1zati ki\u00edr\u00e1s\u00a0<a href=\"https:\/\/drhe.hu\/wp-content\/uploads\/2026\/03\/005-Boszormenyi-Palyazati-kiiras-2026-2026-02.pdf\" target=\"_blank\" rel=\"noopener\">itt<\/a>\u00a0olvashat\u00f3.<\/div>\n<p>[\/vc_column_text]<\/p>\n<\/div>","protected":false},"excerpt":{"rendered":"<p>[vc_row][\/vc_row][vc_column][\/vc_column][vc_column_text css=&#8221;&#8221;]Ki\u00edrta 2026. \u00e9vi p\u00e1ly\u00e1zat\u00e1t a B\u00f6sz\u00f6rm\u00e9nyi Jen\u0151 Lelk\u00e9sz \u00e9s Neje Eml\u00e9kalap\u00edtv\u00e1ny P\u00e1ly\u00e1zni szakk\u00f6nyvek publik\u00e1l\u00e1s\u00e1nak k\u00f6lts\u00e9geire lehet \u2013 az egyetem<\/p>\n","protected":false},"author":1,"featured_media":0,"parent":2894,"menu_order":13,"comment_status":"closed","ping_status":"closed","template":"","meta":{"_acf_changed":false,"footnotes":"","_links_to":"","_links_to_target":""},"class_list":["post-2912","page","type-page","status-publish","hentry"],"acf":[],"_links":{"self":[{"href":"https:\/\/drhe.hu\/en\/wp-json\/wp\/v2\/pages\/2912","targetHints":{"allow":["GET"]}}],"collection":[{"href":"https:\/\/drhe.hu\/en\/wp-json\/wp\/v2\/pages"}],"about":[{"href":"https:\/\/drhe.hu\/en\/wp-json\/wp\/v2\/types\/page"}],"author":[{"embeddable":true,"href":"https:\/\/drhe.hu\/en\/wp-json\/wp\/v2\/users\/1"}],"replies":[{"embeddable":true,"href":"https:\/\/drhe.hu\/en\/wp-json\/wp\/v2\/comments?post=2912"}],"version-history":[{"count":9,"href":"https:\/\/drhe.hu\/en\/wp-json\/wp\/v2\/pages\/2912\/revisions"}],"predecessor-version":[{"id":27095,"href":"https:\/\/drhe.hu\/en\/wp-json\/wp\/v2\/pages\/2912\/revisions\/27095"}],"up":[{"embeddable":true,"href":"https:\/\/drhe.hu\/en\/wp-json\/wp\/v2\/pages\/2894"}],"wp:attachment":[{"href":"https:\/\/drhe.hu\/en\/wp-json\/wp\/v2\/media?parent=2912"}],"curies":[{"name":"wp","href":"https:\/\/api.w.org\/{rel}","templated":true}]}}