{"id":2921,"date":"2021-10-15T09:26:19","date_gmt":"2021-10-15T07:26:19","guid":{"rendered":"http:\/\/new.drhe.hu\/?page_id=2921"},"modified":"2021-11-03T13:19:17","modified_gmt":"2021-11-03T12:19:17","slug":"katechetikai-kozpont","status":"publish","type":"page","link":"https:\/\/drhe.hu\/en\/kutatas\/kutatointezetek-kutatohelyek\/katechetikai-kozpont\/","title":{"rendered":"Katechetikai K\u00f6zpont"},"content":{"rendered":"<div class=\"wpb-content-wrapper\"><p>[vc_row][vc_column][vc_column_text]A vall\u00e1spedag\u00f3gia modern ir\u00e1nyzatainak oktat\u00e1s\u00e1ra \u00e9s kutat\u00e1s\u00e1ra szakosodott int\u00e9zet. \u00daj kutat\u00e1si ir\u00e1nya a pasztor\u00e1l-pszichol\u00f3gia elm\u00e9lete \u00e9s gyakorlata. Feladat\u00e1nak teljes\u00edt\u00e9se \u00e9rdek\u00e9ben az oktat\u00e1s \u00e9s kutat\u00e1s mellett int\u00e9zeti k\u00f6nyvt\u00e1rat m\u0171k\u00f6dtet \u00e9s szakmai programokat szervez.[\/vc_column_text][\/vc_column][\/vc_row]<\/p>\n<\/div>","protected":false},"excerpt":{"rendered":"<p>[vc_row][vc_column][vc_column_text]A vall\u00e1spedag\u00f3gia modern ir\u00e1nyzatainak oktat\u00e1s\u00e1ra \u00e9s kutat\u00e1s\u00e1ra szakosodott int\u00e9zet. \u00daj kutat\u00e1si ir\u00e1nya a pasztor\u00e1l-pszichol\u00f3gia elm\u00e9lete \u00e9s gyakorlata. Feladat\u00e1nak teljes\u00edt\u00e9se \u00e9rdek\u00e9ben<\/p>\n","protected":false},"author":1,"featured_media":0,"parent":2919,"menu_order":0,"comment_status":"closed","ping_status":"closed","template":"page-tanszek.php","meta":{"_acf_changed":false,"footnotes":"","_links_to":"","_links_to_target":""},"class_list":["post-2921","page","type-page","status-publish","hentry"],"acf":[],"_links":{"self":[{"href":"https:\/\/drhe.hu\/en\/wp-json\/wp\/v2\/pages\/2921","targetHints":{"allow":["GET"]}}],"collection":[{"href":"https:\/\/drhe.hu\/en\/wp-json\/wp\/v2\/pages"}],"about":[{"href":"https:\/\/drhe.hu\/en\/wp-json\/wp\/v2\/types\/page"}],"author":[{"embeddable":true,"href":"https:\/\/drhe.hu\/en\/wp-json\/wp\/v2\/users\/1"}],"replies":[{"embeddable":true,"href":"https:\/\/drhe.hu\/en\/wp-json\/wp\/v2\/comments?post=2921"}],"version-history":[{"count":6,"href":"https:\/\/drhe.hu\/en\/wp-json\/wp\/v2\/pages\/2921\/revisions"}],"predecessor-version":[{"id":8269,"href":"https:\/\/drhe.hu\/en\/wp-json\/wp\/v2\/pages\/2921\/revisions\/8269"}],"up":[{"embeddable":true,"href":"https:\/\/drhe.hu\/en\/wp-json\/wp\/v2\/pages\/2919"}],"wp:attachment":[{"href":"https:\/\/drhe.hu\/en\/wp-json\/wp\/v2\/media?parent=2921"}],"curies":[{"name":"wp","href":"https:\/\/api.w.org\/{rel}","templated":true}]}}