{"id":2927,"date":"2021-10-15T10:33:54","date_gmt":"2021-10-15T08:33:54","guid":{"rendered":"http:\/\/new.drhe.hu\/?page_id=2927"},"modified":"2021-11-03T13:22:49","modified_gmt":"2021-11-03T12:22:49","slug":"hatvani-istvan-teologiai-kutatointezet","status":"publish","type":"page","link":"https:\/\/drhe.hu\/en\/kutatas\/kutatointezetek-kutatohelyek\/hatvani-istvan-teologiai-kutatointezet\/","title":{"rendered":"Hatvani Istv\u00e1n Teol\u00f3giai Kutat\u00f3int\u00e9zet"},"content":{"rendered":"<div class=\"wpb-content-wrapper\"><p>[vc_row][vc_column]<div class=\"intezmeny-honlap\"><a href=\"http:\/\/hitek.drk.hu\/\" target=\"_blank\"><div class=\"btn-primary d-block zk-scroll\">The Hatvani Istv\u00e1n Teol\u00f3giai Kutat\u00f3int\u00e9zet 's website.<\/div><\/a><\/div>[\/vc_column][\/vc_row][vc_row][vc_column][vc_column_text]Azt a speci\u00e1lis k\u00e9rd\u00e9sk\u00f6rt vizsg\u00e1lja, hogy milyen hat\u00e1ssal volt a kereszty\u00e9n hitismeret \u00e9s az ebb\u0151l sz\u00e1rmaz\u00f3 gondolkod\u00e1sm\u00f3d a term\u00e9szettudom\u00e1nyok fejl\u0151d\u00e9s\u00e9re, \u00e9s megford\u00edtva: mi m\u00f3don gazdag\u00edtott\u00e1k az egzakt tudom\u00e1nyok a teol\u00f3giai gondolkod\u00e1s el\u0151menetel\u00e9t.[\/vc_column_text][\/vc_column][\/vc_row]<\/p>\n<\/div>","protected":false},"excerpt":{"rendered":"<p>[vc_row][vc_column][\/vc_column][\/vc_row][vc_row][vc_column][vc_column_text]Azt a speci\u00e1lis k\u00e9rd\u00e9sk\u00f6rt vizsg\u00e1lja, hogy milyen hat\u00e1ssal volt a kereszty\u00e9n hitismeret \u00e9s az ebb\u0151l sz\u00e1rmaz\u00f3 gondolkod\u00e1sm\u00f3d a term\u00e9szettudom\u00e1nyok fejl\u0151d\u00e9s\u00e9re,<\/p>\n","protected":false},"author":1,"featured_media":0,"parent":2919,"menu_order":9,"comment_status":"closed","ping_status":"closed","template":"page-tanszek.php","meta":{"_acf_changed":false,"footnotes":"","_links_to":"","_links_to_target":""},"class_list":["post-2927","page","type-page","status-publish","hentry"],"acf":[],"_links":{"self":[{"href":"https:\/\/drhe.hu\/en\/wp-json\/wp\/v2\/pages\/2927","targetHints":{"allow":["GET"]}}],"collection":[{"href":"https:\/\/drhe.hu\/en\/wp-json\/wp\/v2\/pages"}],"about":[{"href":"https:\/\/drhe.hu\/en\/wp-json\/wp\/v2\/types\/page"}],"author":[{"embeddable":true,"href":"https:\/\/drhe.hu\/en\/wp-json\/wp\/v2\/users\/1"}],"replies":[{"embeddable":true,"href":"https:\/\/drhe.hu\/en\/wp-json\/wp\/v2\/comments?post=2927"}],"version-history":[{"count":11,"href":"https:\/\/drhe.hu\/en\/wp-json\/wp\/v2\/pages\/2927\/revisions"}],"predecessor-version":[{"id":8311,"href":"https:\/\/drhe.hu\/en\/wp-json\/wp\/v2\/pages\/2927\/revisions\/8311"}],"up":[{"embeddable":true,"href":"https:\/\/drhe.hu\/en\/wp-json\/wp\/v2\/pages\/2919"}],"wp:attachment":[{"href":"https:\/\/drhe.hu\/en\/wp-json\/wp\/v2\/media?parent=2927"}],"curies":[{"name":"wp","href":"https:\/\/api.w.org\/{rel}","templated":true}]}}