{"id":2939,"date":"2021-10-15T11:15:35","date_gmt":"2021-10-15T09:15:35","guid":{"rendered":"http:\/\/new.drhe.hu\/?page_id=2939"},"modified":"2021-11-03T13:25:46","modified_gmt":"2021-11-03T12:25:46","slug":"interkulturalis-tanulmanyok-kutatointezete","status":"publish","type":"page","link":"https:\/\/drhe.hu\/en\/kutatas\/kutatointezetek-kutatohelyek\/interkulturalis-tanulmanyok-kutatointezete\/","title":{"rendered":"Interkultur\u00e1lis Tanulm\u00e1nyok Kutat\u00f3int\u00e9zete"},"content":{"rendered":"<div class=\"wpb-content-wrapper\"><p>[vc_row][vc_column][vc_column_text]A kutat\u00f3int\u00e9zet c\u00e9lja, hogy f\u00f3rumot biztos\u00edtson a tagjai sz\u00e1m\u00e1ra szakmai egy\u00fcttm\u0171k\u00f6d\u00e9shez az interkultur\u00e1lis kutat\u00e1sok ter\u00fclet\u00e9n; gy\u0171jtem\u00e9nyeivel, kiad\u00f3i \u00e9s tudom\u00e1nyszervez\u0151i tev\u00e9kenys\u00e9g\u00e9vel seg\u00edtse az egyetem hallgat\u00f3inak \u00e9s kutat\u00f3inak az interkultur\u00e1lis tanulm\u00e1nyokhoz \u00e9s a kult\u00faratudom\u00e1nyokhoz kapcsol\u00f3d\u00f3 kutat\u00e1sait, illetve er\u0151s\u00edtse a r\u00e9gi\u00f3 tudom\u00e1nyos egy\u00fcttm\u0171k\u00f6d\u00e9s\u00e9t az interkultur\u00e1lis kutat\u00e1sok ter\u00fclet\u00e9n.[\/vc_column_text][\/vc_column][\/vc_row]<\/p>\n<\/div>","protected":false},"excerpt":{"rendered":"<p>[vc_row][vc_column][vc_column_text]A kutat\u00f3int\u00e9zet c\u00e9lja, hogy f\u00f3rumot biztos\u00edtson a tagjai sz\u00e1m\u00e1ra szakmai egy\u00fcttm\u0171k\u00f6d\u00e9shez az interkultur\u00e1lis kutat\u00e1sok ter\u00fclet\u00e9n; gy\u0171jtem\u00e9nyeivel, kiad\u00f3i \u00e9s tudom\u00e1nyszervez\u0151i tev\u00e9kenys\u00e9g\u00e9vel<\/p>\n","protected":false},"author":1,"featured_media":0,"parent":2919,"menu_order":9,"comment_status":"closed","ping_status":"closed","template":"page-tanszek.php","meta":{"_acf_changed":false,"footnotes":"","_links_to":"","_links_to_target":""},"class_list":["post-2939","page","type-page","status-publish","hentry"],"acf":[],"_links":{"self":[{"href":"https:\/\/drhe.hu\/en\/wp-json\/wp\/v2\/pages\/2939","targetHints":{"allow":["GET"]}}],"collection":[{"href":"https:\/\/drhe.hu\/en\/wp-json\/wp\/v2\/pages"}],"about":[{"href":"https:\/\/drhe.hu\/en\/wp-json\/wp\/v2\/types\/page"}],"author":[{"embeddable":true,"href":"https:\/\/drhe.hu\/en\/wp-json\/wp\/v2\/users\/1"}],"replies":[{"embeddable":true,"href":"https:\/\/drhe.hu\/en\/wp-json\/wp\/v2\/comments?post=2939"}],"version-history":[{"count":2,"href":"https:\/\/drhe.hu\/en\/wp-json\/wp\/v2\/pages\/2939\/revisions"}],"predecessor-version":[{"id":8336,"href":"https:\/\/drhe.hu\/en\/wp-json\/wp\/v2\/pages\/2939\/revisions\/8336"}],"up":[{"embeddable":true,"href":"https:\/\/drhe.hu\/en\/wp-json\/wp\/v2\/pages\/2919"}],"wp:attachment":[{"href":"https:\/\/drhe.hu\/en\/wp-json\/wp\/v2\/media?parent=2939"}],"curies":[{"name":"wp","href":"https:\/\/api.w.org\/{rel}","templated":true}]}}