{"id":2942,"date":"2021-10-15T11:17:47","date_gmt":"2021-10-15T09:17:47","guid":{"rendered":"http:\/\/new.drhe.hu\/?page_id=2942"},"modified":"2021-10-15T11:41:14","modified_gmt":"2021-10-15T09:41:14","slug":"kozep-europai-reformacio-es-protestantizmus-torteneti-kutatointezet","status":"publish","type":"page","link":"https:\/\/drhe.hu\/en\/kutatas\/kutatointezetek-kutatohelyek\/kozep-europai-reformacio-es-protestantizmus-torteneti-kutatointezet\/","title":{"rendered":"K\u00f6z\u00e9p-Eur\u00f3pai Reform\u00e1ci\u00f3 \u00e9s Protestantizmus T\u00f6rt\u00e9neti Kutat\u00f3int\u00e9zet"},"content":{"rendered":"<div class=\"wpb-content-wrapper\"><p>[vc_row][vc_column][vc_column_text]<\/p>\n<p class=\"rtejustify\">Els\u0151sorban a reform\u00e1ci\u00f3 kelet-k\u00f6z\u00e9p-eur\u00f3pai t\u00f6rt\u00e9net\u00e9t, hat\u00e1s\u00e1t \u00e9s jelent\u0151s\u00e9g\u00e9t t\u00f6rekszik felt\u00e1rni, r\u00e1mutatva arra a fontos szempontra \u00e9s t\u00e9nyre, hogy haz\u00e1nk, szellemi \u00f6r\u00f6ks\u00e9g\u00e9t \u00e9s tudom\u00e1nym\u0171vel\u0151 tev\u00e9kenys\u00e9g\u00e9t illet\u0151en, az eur\u00f3pai kult\u00fara szerves r\u00e9sze.<\/p>\n<p>[\/vc_column_text][\/vc_column][\/vc_row]<\/p>\n<\/div>","protected":false},"excerpt":{"rendered":"<p>[vc_row][vc_column][vc_column_text] Els\u0151sorban a reform\u00e1ci\u00f3 kelet-k\u00f6z\u00e9p-eur\u00f3pai t\u00f6rt\u00e9net\u00e9t, hat\u00e1s\u00e1t \u00e9s jelent\u0151s\u00e9g\u00e9t t\u00f6rekszik felt\u00e1rni, r\u00e1mutatva arra a fontos szempontra \u00e9s t\u00e9nyre, hogy haz\u00e1nk,<\/p>\n","protected":false},"author":1,"featured_media":0,"parent":2919,"menu_order":9,"comment_status":"closed","ping_status":"closed","template":"page-tanszek.php","meta":{"_acf_changed":false,"footnotes":"","_links_to":"","_links_to_target":""},"class_list":["post-2942","page","type-page","status-publish","hentry"],"acf":[],"_links":{"self":[{"href":"https:\/\/drhe.hu\/en\/wp-json\/wp\/v2\/pages\/2942","targetHints":{"allow":["GET"]}}],"collection":[{"href":"https:\/\/drhe.hu\/en\/wp-json\/wp\/v2\/pages"}],"about":[{"href":"https:\/\/drhe.hu\/en\/wp-json\/wp\/v2\/types\/page"}],"author":[{"embeddable":true,"href":"https:\/\/drhe.hu\/en\/wp-json\/wp\/v2\/users\/1"}],"replies":[{"embeddable":true,"href":"https:\/\/drhe.hu\/en\/wp-json\/wp\/v2\/comments?post=2942"}],"version-history":[{"count":6,"href":"https:\/\/drhe.hu\/en\/wp-json\/wp\/v2\/pages\/2942\/revisions"}],"predecessor-version":[{"id":2950,"href":"https:\/\/drhe.hu\/en\/wp-json\/wp\/v2\/pages\/2942\/revisions\/2950"}],"up":[{"embeddable":true,"href":"https:\/\/drhe.hu\/en\/wp-json\/wp\/v2\/pages\/2919"}],"wp:attachment":[{"href":"https:\/\/drhe.hu\/en\/wp-json\/wp\/v2\/media?parent=2942"}],"curies":[{"name":"wp","href":"https:\/\/api.w.org\/{rel}","templated":true}]}}