{"id":2951,"date":"2021-10-15T11:42:47","date_gmt":"2021-10-15T09:42:47","guid":{"rendered":"http:\/\/new.drhe.hu\/?page_id=2951"},"modified":"2021-11-03T13:34:21","modified_gmt":"2021-11-03T12:34:21","slug":"kelet-kozep-europai-karl-barth-kutatointezet","status":"publish","type":"page","link":"https:\/\/drhe.hu\/en\/kutatas\/kutatointezetek-kutatohelyek\/kelet-kozep-europai-karl-barth-kutatointezet\/","title":{"rendered":"Kelet-K\u00f6z\u00e9p Eur\u00f3pai Karl Barth Kutat\u00f3int\u00e9zet"},"content":{"rendered":"<div class=\"wpb-content-wrapper\"><p>[vc_row][vc_column]<div class=\"intezmeny-honlap\"><a href=\"https:\/\/karl-barth.drhe.hu\/\" target=\"_blank\"><div class=\"btn-primary d-block zk-scroll\">The Kelet-K\u00f6z\u00e9p Eur\u00f3pai Karl Barth Kutat\u00f3int\u00e9zet 's website.<\/div><\/a><\/div>[vc_column_text]<\/p>\n<p class=\"rtejustify\">Feladata Karl Barth teol\u00f3gi\u00e1j\u00e1nak kutat\u00e1sa, k\u00fcl\u00f6n\u00f6s tekintettel annak magyar hat\u00e1st\u00f6rt\u00e9net\u00e9re.<\/p>\n<p class=\"rtejustify\">Szakmai programok szervez\u00e9se mellett az int\u00e9zet Barth magyarul eddig meg nem jelent m\u0171veinek a leford\u00edt\u00e1s\u00e1ra \u00e9s kiad\u00e1s\u00e1ra t\u00f6rekszik, valamint arra, hogy a barthi teol\u00f3giai \u00f6r\u00f6ks\u00e9g a mai magyar reform\u00e1tus teol\u00f3gia \u00e9l\u0151 r\u00e9sze maradjon.<\/p>\n<p>[\/vc_column_text][\/vc_column][\/vc_row]<\/p>\n<\/div>","protected":false},"excerpt":{"rendered":"<p>[vc_row][vc_column][vc_column_text] Feladata Karl Barth teol\u00f3gi\u00e1j\u00e1nak kutat\u00e1sa, k\u00fcl\u00f6n\u00f6s tekintettel annak magyar hat\u00e1st\u00f6rt\u00e9net\u00e9re. Szakmai programok szervez\u00e9se mellett az int\u00e9zet Barth magyarul eddig<\/p>\n","protected":false},"author":1,"featured_media":0,"parent":2919,"menu_order":9,"comment_status":"closed","ping_status":"closed","template":"page-tanszek.php","meta":{"_acf_changed":false,"footnotes":"","_links_to":"","_links_to_target":""},"class_list":["post-2951","page","type-page","status-publish","hentry"],"acf":[],"_links":{"self":[{"href":"https:\/\/drhe.hu\/en\/wp-json\/wp\/v2\/pages\/2951","targetHints":{"allow":["GET"]}}],"collection":[{"href":"https:\/\/drhe.hu\/en\/wp-json\/wp\/v2\/pages"}],"about":[{"href":"https:\/\/drhe.hu\/en\/wp-json\/wp\/v2\/types\/page"}],"author":[{"embeddable":true,"href":"https:\/\/drhe.hu\/en\/wp-json\/wp\/v2\/users\/1"}],"replies":[{"embeddable":true,"href":"https:\/\/drhe.hu\/en\/wp-json\/wp\/v2\/comments?post=2951"}],"version-history":[{"count":2,"href":"https:\/\/drhe.hu\/en\/wp-json\/wp\/v2\/pages\/2951\/revisions"}],"predecessor-version":[{"id":8402,"href":"https:\/\/drhe.hu\/en\/wp-json\/wp\/v2\/pages\/2951\/revisions\/8402"}],"up":[{"embeddable":true,"href":"https:\/\/drhe.hu\/en\/wp-json\/wp\/v2\/pages\/2919"}],"wp:attachment":[{"href":"https:\/\/drhe.hu\/en\/wp-json\/wp\/v2\/media?parent=2951"}],"curies":[{"name":"wp","href":"https:\/\/api.w.org\/{rel}","templated":true}]}}