{"id":2953,"date":"2021-10-15T11:44:31","date_gmt":"2021-10-15T09:44:31","guid":{"rendered":"http:\/\/new.drhe.hu\/?page_id=2953"},"modified":"2021-11-03T13:46:24","modified_gmt":"2021-11-03T12:46:24","slug":"liturgiai-kutatointezet","status":"publish","type":"page","link":"https:\/\/drhe.hu\/en\/kutatas\/kutatointezetek-kutatohelyek\/liturgiai-kutatointezet\/","title":{"rendered":"Liturgiai Kutat\u00f3int\u00e9zet"},"content":{"rendered":"<div class=\"wpb-content-wrapper\"><p>[vc_row][vc_column][vc_column_text]<\/p>\n<p class=\"rtejustify\">Feladata a reform\u00e1tus istentisztelet meg\u00faj\u00edt\u00e1s\u00e1nak el\u0151seg\u00edt\u00e9se \u00e9s az istentisztelet megjelen\u00e9si form\u00e1inak kutat\u00e1sa, a Debreceni Reform\u00e1tus Koll\u00e9gium tan\u00e1rainak, di\u00e1kjainak istentiszteletre gyakorolt hat\u00e1s\u00e1nak kutat\u00e1sa, Csikesz S\u00e1ndor \u00e9s Czegl\u00e9dy S\u00e1ndor professzorok gyakorlati teol\u00f3giai \u00f6r\u00f6ks\u00e9g\u00e9nek, szellemi hagyat\u00e9k\u00e1nak tov\u00e1bbpl\u00e1nt\u00e1l\u00e1sa.<\/p>\n<p>[\/vc_column_text][\/vc_column][\/vc_row]<\/p>\n<\/div>","protected":false},"excerpt":{"rendered":"<p>[vc_row][vc_column][vc_column_text] Feladata a reform\u00e1tus istentisztelet meg\u00faj\u00edt\u00e1s\u00e1nak el\u0151seg\u00edt\u00e9se \u00e9s az istentisztelet megjelen\u00e9si form\u00e1inak kutat\u00e1sa, a Debreceni Reform\u00e1tus Koll\u00e9gium tan\u00e1rainak, di\u00e1kjainak istentiszteletre<\/p>\n","protected":false},"author":1,"featured_media":0,"parent":2919,"menu_order":9,"comment_status":"closed","ping_status":"closed","template":"page-tanszek.php","meta":{"_acf_changed":false,"footnotes":"","_links_to":"","_links_to_target":""},"class_list":["post-2953","page","type-page","status-publish","hentry"],"acf":[],"_links":{"self":[{"href":"https:\/\/drhe.hu\/en\/wp-json\/wp\/v2\/pages\/2953","targetHints":{"allow":["GET"]}}],"collection":[{"href":"https:\/\/drhe.hu\/en\/wp-json\/wp\/v2\/pages"}],"about":[{"href":"https:\/\/drhe.hu\/en\/wp-json\/wp\/v2\/types\/page"}],"author":[{"embeddable":true,"href":"https:\/\/drhe.hu\/en\/wp-json\/wp\/v2\/users\/1"}],"replies":[{"embeddable":true,"href":"https:\/\/drhe.hu\/en\/wp-json\/wp\/v2\/comments?post=2953"}],"version-history":[{"count":2,"href":"https:\/\/drhe.hu\/en\/wp-json\/wp\/v2\/pages\/2953\/revisions"}],"predecessor-version":[{"id":8530,"href":"https:\/\/drhe.hu\/en\/wp-json\/wp\/v2\/pages\/2953\/revisions\/8530"}],"up":[{"embeddable":true,"href":"https:\/\/drhe.hu\/en\/wp-json\/wp\/v2\/pages\/2919"}],"wp:attachment":[{"href":"https:\/\/drhe.hu\/en\/wp-json\/wp\/v2\/media?parent=2953"}],"curies":[{"name":"wp","href":"https:\/\/api.w.org\/{rel}","templated":true}]}}