{"id":2956,"date":"2021-10-15T11:48:50","date_gmt":"2021-10-15T09:48:50","guid":{"rendered":"http:\/\/new.drhe.hu\/?page_id=2956"},"modified":"2022-04-22T11:43:16","modified_gmt":"2022-04-22T09:43:16","slug":"missio-et-oikodome-missziologia-es-okumenika-kutatointezet","status":"publish","type":"page","link":"https:\/\/drhe.hu\/en\/kutatas\/kutatointezetek-kutatohelyek\/missio-et-oikodome-missziologia-es-okumenika-kutatointezet\/","title":{"rendered":"Missio et Oikodome &#8211; Missziol\u00f3gia \u00e9s \u00d6kumenika Kutat\u00f3int\u00e9zet"},"content":{"rendered":"<div class=\"wpb-content-wrapper\"><p>[vc_row][vc_column][vc_column_text]<\/p>\n<p class=\"rtejustify\">C\u00e9lja hazai, valamint k\u00fclf\u00f6ldi tudom\u00e1nyos kutat\u00f3k a missziol\u00f3gia, a gy\u00fclekezet\u00e9p\u00edt\u00e9s \u00e9s az \u00f6kumenika teol\u00f3giai tudom\u00e1nyter\u00fcletein v\u00e9gzett tudom\u00e1nyos tev\u00e9kenys\u00e9g\u00e9nek el\u0151seg\u00edt\u00e9se, els\u0151sorban a Magyar Reform\u00e1tus Egyh\u00e1z szolg\u00e1lata sz\u00e1m\u00e1ra relev\u00e1ns misszi\u00f3-teol\u00f3giai, gy\u00fclekezet\u00e9p\u00edt\u00e9si \u00e9s \u00f6kumenikus t\u00e9mak\u00f6r\u00f6k kutat\u00e1s\u00e1nak t\u00e1mogat\u00e1sa \u00e9rdek\u00e9ben, k\u00fcl\u00f6n\u00f6s hangs\u00fallyal a K\u00e1rp\u00e1t-medencei roma k\u00f6z\u00f6ss\u00e9gek egyh\u00e1zi integr\u00e1ci\u00f3j\u00e1val kapcsolatos ter\u00fcletekre.<\/p>\n<p>[\/vc_column_text][\/vc_column][\/vc_row]<\/p>\n<\/div>","protected":false},"excerpt":{"rendered":"<p>[vc_row][vc_column][vc_column_text] C\u00e9lja hazai, valamint k\u00fclf\u00f6ldi tudom\u00e1nyos kutat\u00f3k a missziol\u00f3gia, a gy\u00fclekezet\u00e9p\u00edt\u00e9s \u00e9s az \u00f6kumenika teol\u00f3giai tudom\u00e1nyter\u00fcletein v\u00e9gzett tudom\u00e1nyos tev\u00e9kenys\u00e9g\u00e9nek el\u0151seg\u00edt\u00e9se,<\/p>\n","protected":false},"author":1,"featured_media":0,"parent":2919,"menu_order":9,"comment_status":"closed","ping_status":"closed","template":"page-tanszek.php","meta":{"_acf_changed":false,"footnotes":"","_links_to":"","_links_to_target":""},"class_list":["post-2956","page","type-page","status-publish","hentry"],"acf":[],"_links":{"self":[{"href":"https:\/\/drhe.hu\/en\/wp-json\/wp\/v2\/pages\/2956","targetHints":{"allow":["GET"]}}],"collection":[{"href":"https:\/\/drhe.hu\/en\/wp-json\/wp\/v2\/pages"}],"about":[{"href":"https:\/\/drhe.hu\/en\/wp-json\/wp\/v2\/types\/page"}],"author":[{"embeddable":true,"href":"https:\/\/drhe.hu\/en\/wp-json\/wp\/v2\/users\/1"}],"replies":[{"embeddable":true,"href":"https:\/\/drhe.hu\/en\/wp-json\/wp\/v2\/comments?post=2956"}],"version-history":[{"count":3,"href":"https:\/\/drhe.hu\/en\/wp-json\/wp\/v2\/pages\/2956\/revisions"}],"predecessor-version":[{"id":15049,"href":"https:\/\/drhe.hu\/en\/wp-json\/wp\/v2\/pages\/2956\/revisions\/15049"}],"up":[{"embeddable":true,"href":"https:\/\/drhe.hu\/en\/wp-json\/wp\/v2\/pages\/2919"}],"wp:attachment":[{"href":"https:\/\/drhe.hu\/en\/wp-json\/wp\/v2\/media?parent=2956"}],"curies":[{"name":"wp","href":"https:\/\/api.w.org\/{rel}","templated":true}]}}