{"id":2959,"date":"2021-10-15T11:50:49","date_gmt":"2021-10-15T09:50:49","guid":{"rendered":"http:\/\/new.drhe.hu\/?page_id=2959"},"modified":"2025-05-12T11:40:17","modified_gmt":"2025-05-12T09:40:17","slug":"patmosz-bibliai-tudomanyok-kutatointezete","status":"publish","type":"page","link":"https:\/\/drhe.hu\/en\/kutatas\/kutatointezetek-kutatohelyek\/patmosz-bibliai-tudomanyok-kutatointezete\/","title":{"rendered":"Patmosz &#8211; Bibliai Tudom\u00e1nyok Kutat\u00f3int\u00e9zete"},"content":{"rendered":"<div class=\"wpb-content-wrapper\"><p>[vc_row][vc_column][vc_column_text]<\/p>\n<p class=\"rtejustify\">A kutat\u00f3int\u00e9zet c\u00e9lja, hogy a kutat\u00f3int\u00e9zet tagjainak szakmai egy\u00fcttm\u0171k\u00f6d\u00e9se r\u00e9v\u00e9n seg\u00edtse el\u0151 a bibliai (\u00f3- \u00e9s \u00fajsz\u00f6vets\u00e9gi) tudom\u00e1nyok ter\u00fclet\u00e9n \u00faj tudom\u00e1nyos eredm\u00e9nyek megsz\u00fclet\u00e9s\u00e9t, publik\u00e1l\u00e1s\u00e1t, n\u00e9pszer\u0171s\u00edt\u00e9s\u00e9t, a fels\u0151oktat\u00e1sban val\u00f3 hasznosul\u00e1s\u00e1t, gy\u0171jtem\u00e9nyeivel \u00e1lljon az egyetemi hallgat\u00f3k, a Doktori Iskola, valamint lelk\u00e9szi \u00e9s vil\u00e1gi kutat\u00f3k rendelkez\u00e9s\u00e9re, kiad\u00f3i \u00e9s tudom\u00e1nyszervez\u0151i tev\u00e9kenys\u00e9g\u00e9vel pedig seg\u00edtse el\u0151 a bibliai tudom\u00e1nyok magyar, illetve k\u00f6z\u00e9p- \u00e9s kelet-eur\u00f3pai fejl\u0151d\u00e9s\u00e9t, er\u0151s\u00edtse e r\u00e9gi\u00f3 tudom\u00e1nyos egy\u00fcttm\u0171k\u00f6d\u00e9s\u00e9t a bibliai tudom\u00e1nyok ter\u00fclet\u00e9n.<\/p>\n<p>[\/vc_column_text][\/vc_column][\/vc_row]<\/p>\n<\/div>","protected":false},"excerpt":{"rendered":"<p>[vc_row][vc_column][vc_column_text] A kutat\u00f3int\u00e9zet c\u00e9lja, hogy a kutat\u00f3int\u00e9zet tagjainak szakmai egy\u00fcttm\u0171k\u00f6d\u00e9se r\u00e9v\u00e9n seg\u00edtse el\u0151 a bibliai (\u00f3- \u00e9s \u00fajsz\u00f6vets\u00e9gi) tudom\u00e1nyok ter\u00fclet\u00e9n<\/p>\n","protected":false},"author":1,"featured_media":0,"parent":2919,"menu_order":9,"comment_status":"closed","ping_status":"closed","template":"page-tanszek.php","meta":{"_acf_changed":false,"footnotes":"","_links_to":"","_links_to_target":""},"class_list":["post-2959","page","type-page","status-publish","hentry"],"acf":[],"_links":{"self":[{"href":"https:\/\/drhe.hu\/en\/wp-json\/wp\/v2\/pages\/2959","targetHints":{"allow":["GET"]}}],"collection":[{"href":"https:\/\/drhe.hu\/en\/wp-json\/wp\/v2\/pages"}],"about":[{"href":"https:\/\/drhe.hu\/en\/wp-json\/wp\/v2\/types\/page"}],"author":[{"embeddable":true,"href":"https:\/\/drhe.hu\/en\/wp-json\/wp\/v2\/users\/1"}],"replies":[{"embeddable":true,"href":"https:\/\/drhe.hu\/en\/wp-json\/wp\/v2\/comments?post=2959"}],"version-history":[{"count":6,"href":"https:\/\/drhe.hu\/en\/wp-json\/wp\/v2\/pages\/2959\/revisions"}],"predecessor-version":[{"id":23885,"href":"https:\/\/drhe.hu\/en\/wp-json\/wp\/v2\/pages\/2959\/revisions\/23885"}],"up":[{"embeddable":true,"href":"https:\/\/drhe.hu\/en\/wp-json\/wp\/v2\/pages\/2919"}],"wp:attachment":[{"href":"https:\/\/drhe.hu\/en\/wp-json\/wp\/v2\/media?parent=2959"}],"curies":[{"name":"wp","href":"https:\/\/api.w.org\/{rel}","templated":true}]}}