{"id":2962,"date":"2021-10-15T14:47:24","date_gmt":"2021-10-15T12:47:24","guid":{"rendered":"http:\/\/new.drhe.hu\/?page_id=2962"},"modified":"2021-11-03T14:00:04","modified_gmt":"2021-11-03T13:00:04","slug":"sepphoris-bibliai-regeszeti-es-posztbiblikus-zsido-irodalmi-kutatointezet","status":"publish","type":"page","link":"https:\/\/drhe.hu\/en\/kutatas\/kutatointezetek-kutatohelyek\/sepphoris-bibliai-regeszeti-es-posztbiblikus-zsido-irodalmi-kutatointezet\/","title":{"rendered":"Sepphoris Bibliai R\u00e9g\u00e9szeti \u00e9s Posztbiblikus Zsid\u00f3 Irodalmi Kutat\u00f3int\u00e9zet"},"content":{"rendered":"<div class=\"wpb-content-wrapper\"><p>[vc_row][vc_column][vc_column_text]Els\u0151dleges c\u00e9lja a posztbiblikus zsid\u00f3 irodalom, k\u00fcl\u00f6n\u00f6sen a Misna \u00e9s az aggadikus midr\u00e1sok kutat\u00e1sa \u00e9s publik\u00e1l\u00e1sa. Tov\u00e1bbi feladata a bibliai archeol\u00f3gia eredm\u00e9nyeinek bemutat\u00e1sa \u00e9s az oktat\u00e1sban a lehet\u0151 legnagyobb m\u00e9rt\u00e9kig t\u00f6rt\u00e9n\u0151 megjelen\u00edt\u00e9se.[\/vc_column_text][\/vc_column][\/vc_row]<\/p>\n<\/div>","protected":false},"excerpt":{"rendered":"<p>[vc_row][vc_column][vc_column_text]Els\u0151dleges c\u00e9lja a posztbiblikus zsid\u00f3 irodalom, k\u00fcl\u00f6n\u00f6sen a Misna \u00e9s az aggadikus midr\u00e1sok kutat\u00e1sa \u00e9s publik\u00e1l\u00e1sa. Tov\u00e1bbi feladata a bibliai<\/p>\n","protected":false},"author":1,"featured_media":0,"parent":2919,"menu_order":9,"comment_status":"closed","ping_status":"closed","template":"page-tanszek.php","meta":{"_acf_changed":false,"footnotes":"","_links_to":"","_links_to_target":""},"class_list":["post-2962","page","type-page","status-publish","hentry"],"acf":[],"_links":{"self":[{"href":"https:\/\/drhe.hu\/en\/wp-json\/wp\/v2\/pages\/2962","targetHints":{"allow":["GET"]}}],"collection":[{"href":"https:\/\/drhe.hu\/en\/wp-json\/wp\/v2\/pages"}],"about":[{"href":"https:\/\/drhe.hu\/en\/wp-json\/wp\/v2\/types\/page"}],"author":[{"embeddable":true,"href":"https:\/\/drhe.hu\/en\/wp-json\/wp\/v2\/users\/1"}],"replies":[{"embeddable":true,"href":"https:\/\/drhe.hu\/en\/wp-json\/wp\/v2\/comments?post=2962"}],"version-history":[{"count":2,"href":"https:\/\/drhe.hu\/en\/wp-json\/wp\/v2\/pages\/2962\/revisions"}],"predecessor-version":[{"id":8640,"href":"https:\/\/drhe.hu\/en\/wp-json\/wp\/v2\/pages\/2962\/revisions\/8640"}],"up":[{"embeddable":true,"href":"https:\/\/drhe.hu\/en\/wp-json\/wp\/v2\/pages\/2919"}],"wp:attachment":[{"href":"https:\/\/drhe.hu\/en\/wp-json\/wp\/v2\/media?parent=2962"}],"curies":[{"name":"wp","href":"https:\/\/api.w.org\/{rel}","templated":true}]}}