{"id":2965,"date":"2021-10-15T14:49:25","date_gmt":"2021-10-15T12:49:25","guid":{"rendered":"http:\/\/new.drhe.hu\/?page_id=2965"},"modified":"2021-11-03T14:02:42","modified_gmt":"2021-11-03T13:02:42","slug":"szocialetikai-kutatointezet","status":"publish","type":"page","link":"https:\/\/drhe.hu\/en\/kutatas\/kutatointezetek-kutatohelyek\/szocialetikai-kutatointezet\/","title":{"rendered":"Szoci\u00e1letikai Kutat\u00f3int\u00e9zet"},"content":{"rendered":"<div class=\"wpb-content-wrapper\"><p>[vc_row][vc_column]<div class=\"intezmeny-honlap\"><a href=\"https:\/\/szocialetika.drhe.hu\/\" target=\"_blank\"><div class=\"btn-primary d-block zk-scroll\">The Szoci\u00e1letikai Kutat\u00f3int\u00e9zet 's website.<\/div><\/a><\/div>[vc_column_text]<\/p>\n<p class=\"rtejustify\">Feladata az id\u0151szer\u0171 k\u00f6z\u00e9leti k\u00e9rd\u00e9sekben t\u00f6rt\u00e9n\u0151 egyh\u00e1zi \u00e1ll\u00e1sfoglal\u00e1s kialak\u00edt\u00e1s\u00e1nak seg\u00edt\u00e9se, bibliai, etikai \u00e1ll\u00e1spont kifejt\u00e9se egyr\u00e9szt a gy\u00fclekezetek tagjai, m\u00e1sr\u00e9szt a nem egyh\u00e1zi k\u00f6zv\u00e9lem\u00e9ny sz\u00e1m\u00e1ra.<\/p>\n<p class=\"rtejustify\">A Szoci\u00e1letikai Kutat\u00f3int\u00e9zet \u00e9s a Szoci\u00e1letikai \u00e9s Egyh\u00e1zszociol\u00f3giai Tansz\u00e9k \u00a0k\u00f6z\u00f6s honlapja (<a href=\"http:\/\/szocialetika.drhe.hu\/\" target=\"_blank\" rel=\"noopener\">http:\/\/szocialetika.drhe.hu\/<\/a>) naprak\u00e9szen inform\u00e1lja a hallgat\u00f3kat \u00e9s az \u00e9rdekl\u0151d\u0151ket a folyamatban lev\u0151 kutat\u00e1si projektekr\u0151l, el\u00e9rt eredm\u00e9nyekr\u0151l, valamint aktu\u00e1lis etikai reflexi\u00f3kr\u00f3l.<\/p>\n<p>[\/vc_column_text][\/vc_column][\/vc_row]<\/p>\n<\/div>","protected":false},"excerpt":{"rendered":"<p>[vc_row][vc_column][vc_column_text] Feladata az id\u0151szer\u0171 k\u00f6z\u00e9leti k\u00e9rd\u00e9sekben t\u00f6rt\u00e9n\u0151 egyh\u00e1zi \u00e1ll\u00e1sfoglal\u00e1s kialak\u00edt\u00e1s\u00e1nak seg\u00edt\u00e9se, bibliai, etikai \u00e1ll\u00e1spont kifejt\u00e9se egyr\u00e9szt a gy\u00fclekezetek tagjai, m\u00e1sr\u00e9szt<\/p>\n","protected":false},"author":1,"featured_media":0,"parent":2919,"menu_order":9,"comment_status":"closed","ping_status":"closed","template":"page-tanszek.php","meta":{"_acf_changed":false,"footnotes":"","_links_to":"","_links_to_target":""},"class_list":["post-2965","page","type-page","status-publish","hentry"],"acf":[],"_links":{"self":[{"href":"https:\/\/drhe.hu\/en\/wp-json\/wp\/v2\/pages\/2965","targetHints":{"allow":["GET"]}}],"collection":[{"href":"https:\/\/drhe.hu\/en\/wp-json\/wp\/v2\/pages"}],"about":[{"href":"https:\/\/drhe.hu\/en\/wp-json\/wp\/v2\/types\/page"}],"author":[{"embeddable":true,"href":"https:\/\/drhe.hu\/en\/wp-json\/wp\/v2\/users\/1"}],"replies":[{"embeddable":true,"href":"https:\/\/drhe.hu\/en\/wp-json\/wp\/v2\/comments?post=2965"}],"version-history":[{"count":2,"href":"https:\/\/drhe.hu\/en\/wp-json\/wp\/v2\/pages\/2965\/revisions"}],"predecessor-version":[{"id":8654,"href":"https:\/\/drhe.hu\/en\/wp-json\/wp\/v2\/pages\/2965\/revisions\/8654"}],"up":[{"embeddable":true,"href":"https:\/\/drhe.hu\/en\/wp-json\/wp\/v2\/pages\/2919"}],"wp:attachment":[{"href":"https:\/\/drhe.hu\/en\/wp-json\/wp\/v2\/media?parent=2965"}],"curies":[{"name":"wp","href":"https:\/\/api.w.org\/{rel}","templated":true}]}}