{"id":2970,"date":"2021-10-15T14:58:20","date_gmt":"2021-10-15T12:58:20","guid":{"rendered":"http:\/\/new.drhe.hu\/?page_id=2970"},"modified":"2022-03-06T18:31:28","modified_gmt":"2022-03-06T17:31:28","slug":"tudomanyos-diakkor-leiras","status":"publish","type":"page","link":"https:\/\/drhe.hu\/en\/kutatas\/tehetseggondozas\/tdk-muhely\/tudomanyos-diakkor-leiras\/","title":{"rendered":"Tudom\u00e1nyos Di\u00e1kk\u00f6r  &#8211; le\u00edr\u00e1s"},"content":{"rendered":"<div class=\"wpb-content-wrapper\"><p>[vc_row][vc_column][vc_column_text]<\/p>\n<p class=\"rtejustify\"><img loading=\"lazy\" decoding=\"async\" class=\"alignleft wp-image-2973\" src=\"http:\/\/drhe.hu\/wp-content\/uploads\/2021\/10\/tdk.png\" alt=\"\" width=\"241\" height=\"300\" \/>A tudom\u00e1nyos di\u00e1kk\u00f6ri (TDK) tev\u00e9kenys\u00e9g az oktat\u00f3-nevel\u0151 munka szerves r\u00e9sze. Tudom\u00e1nyos di\u00e1kk\u00f6ri munk\u00e1nak tekinthet\u0151 a hallgat\u00f3k \u00e1ltal \u00f6n\u00e1ll\u00f3an, de szakmai ir\u00e1ny\u00edt\u00e1s mellett v\u00e9gzett minden olyan \u2014 a tantervben el\u0151\u00edrt tanulm\u00e1nyi, szakmai k\u00f6vetelm\u00e9nyeken t\u00falmutat\u00f3 \u2014 rendszeres tudom\u00e1nyos kutat\u00f3i vagy m\u0171v\u00e9szi alkot\u00f3i tev\u00e9kenys\u00e9g, amely szervezett di\u00e1kk\u00f6ri keretek k\u00f6z\u00f6tt folyik. A Tudom\u00e1nyos Di\u00e1kk\u00f6r\u00f6k c\u00e9lja a kimagasl\u00f3 tehets\u00e9gek felkarol\u00e1sa, tehets\u00e9g\u00fck kibontakoztat\u00e1s\u00e1nak t\u00e1mogat\u00e1sa.<\/p>\n<p class=\"rtejustify\">E c\u00e9lok megval\u00f3s\u00edt\u00e1sa \u00e9rdek\u00e9ben a tudom\u00e1nyos di\u00e1kk\u00f6ri munka koordin\u00e1l\u00e1s\u00e1ra az egyetem Szen\u00e1tusa \u00e1lland\u00f3 bizotts\u00e1got m\u0171k\u00f6dtet. A Tudom\u00e1nyos Di\u00e1kk\u00f6ri Tan\u00e1cs seg\u00edti t\u00f6bbek k\u00f6z\u00f6tt az egyetemen hallgat\u00f3it a tudom\u00e1nyos ig\u00e9ny\u0171 \u00f6nk\u00e9pz\u00e9s megval\u00f3s\u00edt\u00e1s\u00e1ban, a tudom\u00e1nyos megismer\u00e9s gyakorlat\u00e1nak elm\u00e9ly\u00edt\u00e9s\u00e9ben, az elm\u00e9leti \u00e9s gyakorlati kutat\u00f3munk\u00e1ba val\u00f3 bekapcsol\u00f3d\u00e1sban, hallgat\u00f3i kutat\u00e1sok eredm\u00e9nyeinek publik\u00e1l\u00e1s\u00e1ban, \u00f6szt\u00f6nd\u00edjak megp\u00e1ly\u00e1z\u00e1s\u00e1ban. A tudom\u00e1nyos di\u00e1kk\u00f6ri munk\u00e1t v\u00e9gz\u0151 hallgat\u00f3k sz\u00e1m\u00e1ra k\u00fcl\u00f6n helyis\u00e9g (TDK-m\u0171hely) \u00e1ll rendelkez\u00e9sre, hogy kutat\u00e1sukat megfelel\u0151 k\u00f6r\u00fclm\u00e9nyek k\u00f6z\u00f6tt folytathass\u00e1k.<\/p>\n<p>[\/vc_column_text][\/vc_column][\/vc_row]<\/p>\n<\/div>","protected":false},"excerpt":{"rendered":"<p>[vc_row][vc_column][vc_column_text] A tudom\u00e1nyos di\u00e1kk\u00f6ri (TDK) tev\u00e9kenys\u00e9g az oktat\u00f3-nevel\u0151 munka szerves r\u00e9sze. Tudom\u00e1nyos di\u00e1kk\u00f6ri munk\u00e1nak tekinthet\u0151 a hallgat\u00f3k \u00e1ltal \u00f6n\u00e1ll\u00f3an, de<\/p>\n","protected":false},"author":1,"featured_media":0,"parent":3043,"menu_order":7,"comment_status":"closed","ping_status":"closed","template":"","meta":{"_acf_changed":false,"footnotes":"","_links_to":"","_links_to_target":""},"class_list":["post-2970","page","type-page","status-publish","hentry"],"acf":[],"_links":{"self":[{"href":"https:\/\/drhe.hu\/en\/wp-json\/wp\/v2\/pages\/2970","targetHints":{"allow":["GET"]}}],"collection":[{"href":"https:\/\/drhe.hu\/en\/wp-json\/wp\/v2\/pages"}],"about":[{"href":"https:\/\/drhe.hu\/en\/wp-json\/wp\/v2\/types\/page"}],"author":[{"embeddable":true,"href":"https:\/\/drhe.hu\/en\/wp-json\/wp\/v2\/users\/1"}],"replies":[{"embeddable":true,"href":"https:\/\/drhe.hu\/en\/wp-json\/wp\/v2\/comments?post=2970"}],"version-history":[{"count":4,"href":"https:\/\/drhe.hu\/en\/wp-json\/wp\/v2\/pages\/2970\/revisions"}],"predecessor-version":[{"id":14368,"href":"https:\/\/drhe.hu\/en\/wp-json\/wp\/v2\/pages\/2970\/revisions\/14368"}],"up":[{"embeddable":true,"href":"https:\/\/drhe.hu\/en\/wp-json\/wp\/v2\/pages\/3043"}],"wp:attachment":[{"href":"https:\/\/drhe.hu\/en\/wp-json\/wp\/v2\/media?parent=2970"}],"curies":[{"name":"wp","href":"https:\/\/api.w.org\/{rel}","templated":true}]}}