{"id":2975,"date":"2021-10-15T15:05:38","date_gmt":"2021-10-15T13:05:38","guid":{"rendered":"http:\/\/new.drhe.hu\/?page_id=2975"},"modified":"2021-10-19T15:28:48","modified_gmt":"2021-10-19T13:28:48","slug":"tdk-tantargy-leirasa","status":"publish","type":"page","link":"https:\/\/drhe.hu\/en\/kutatas\/tehetseggondozas\/tdk-muhely\/tdk-tantargy-leirasa\/","title":{"rendered":"TDK tant\u00e1rgy le\u00edr\u00e1sa"},"content":{"rendered":"<div class=\"wpb-content-wrapper\"><p>[vc_row][vc_column][vc_column_text]<\/p>\n<p class=\"rtejustify\">Az ETDK 1-3, illetve VTDK 1-3 k\u00f3d\u00fa szabadon v\u00e1laszthat\u00f3 kurzus c\u00e9lja az \u00e9rdekl\u0151d\u0151 hallgat\u00f3k bevon\u00e1sa az int\u00e9zm\u00e9nyi TDK munk\u00e1ba. A kurzus elv\u00e9gz\u00e9s\u00e9vel a hallgat\u00f3k elm\u00e9ly\u00fclhetnek egy egy\u00e9nileg kialak\u00edtott kutat\u00e1si programban, k\u00e9pesek lesznek hosszabb szakmai munk\u00e1k \u00e1ttekint\u00e9s\u00e9re \u00e9s rendszerez\u00e9s\u00e9re; kutat\u00e1sm\u00f3dszertani \u00e9s prezent\u00e1ci\u00f3s kompetenci\u00e1kat alak\u00edtanak ki.<\/p>\n<p class=\"rtejustify\">Tematika: Kutat\u00e1si terv k\u00e9sz\u00edt\u00e9se, szakirodalom gy\u0171jt\u00e9se, tanulm\u00e1nyoz\u00e1sa<\/p>\n<p class=\"rtejustify\">Kompetenci\u00e1k:<\/p>\n<ul>\n<li class=\"rtejustify\">Elm\u00e9ly\u00fcl\u00e9s egy egy\u00e9nileg kialak\u00edtott kutat\u00e1si programban<\/li>\n<li class=\"rtejustify\">K\u00e9pess\u00e9g hosszabb szakmai munk\u00e1k \u00e1ttekint\u00e9s\u00e9re \u00e9s rendszerez\u00e9s\u00e9re<\/li>\n<li class=\"rtejustify\">Szakszer\u0171 \u00e9s etikus forr\u00e1skezel\u00e9s<\/li>\n<li class=\"rtejustify\">Kutat\u00e1sm\u00f3dszertani \u00e9s prezent\u00e1ci\u00f3s technik\u00e1k ismerete \u00e9s kompetens alkalmaz\u00e1sa<\/li>\n<li class=\"rtejustify\">A teljes\u00edt\u00e9s folyamata \u00e9s k\u00fcl\u00f6nleges felt\u00e9telei:<\/li>\n<\/ul>\n<p class=\"rtejustify\">A pontos munkaterv az egy\u00e9ni kutat\u00e1si program \u00fctem\u00e9hez igazodva ker\u00fcl kialak\u00edt\u00e1sra a t\u00e9mavezet\u0151 \u00e9s a jelentkez\u0151 els\u0151 konzult\u00e1ci\u00f3ja sor\u00e1n. Ekkor kell r\u00f6gz\u00edteni a projekt c\u00edm\u00e9t \u00e9s a kutat\u00f3munka kit\u0171z\u00f6tt c\u00e9lj\u00e1t, esetleges t\u00e9ziseket, \u00e1ttekintend\u0151 szakirodalmat stb. Err\u0151l r\u00f6vid, legfeljebb egy oldalas feljegyz\u00e9st kell k\u00e9sz\u00edteni (kutat\u00e1si terv), melynek elfogad\u00e1s\u00e1t a t\u00e9mavezet\u0151 al\u00e1\u00edr\u00e1s\u00e1val igazolja. Az elfogadott kutat\u00e1si tervet legk\u00e9s\u0151bb a harmadik oktat\u00e1si h\u00e9t v\u00e9g\u00e9ig el kell juttatni a t\u00e1rgyfelel\u0151s int\u00e9zm\u00e9nyi TDK eln\u00f6knek, aki a kutat\u00e1si tervet \u00e9s a tant\u00e1rgyfelv\u00e9telt meger\u0151s\u00edti, vagy a felvett kurzus t\u00f6rl\u00e9s\u00e9t kezdem\u00e9nyezi. A teljes\u00edt\u00e9st az elfogadott kutat\u00e1si terv teljes\u00edt\u00e9s\u00e9nek f\u00fcggv\u00e9ny\u00e9ben, a TDK eln\u00f6k el\u0151zetes ellenjegyz\u00e9se eset\u00e9n, a t\u00e9mavezet\u0151 igazolja. A kurzust egyazon t\u00e9mavezet\u0151n\u00e9l egyazon f\u00e9l\u00e9vben legfeljebb 2 hallgat\u00f3 veheti fel.<\/p>\n<p>[\/vc_column_text][\/vc_column][\/vc_row]<\/p>\n<\/div>","protected":false},"excerpt":{"rendered":"<p>[vc_row][vc_column][vc_column_text] Az ETDK 1-3, illetve VTDK 1-3 k\u00f3d\u00fa szabadon v\u00e1laszthat\u00f3 kurzus c\u00e9lja az \u00e9rdekl\u0151d\u0151 hallgat\u00f3k bevon\u00e1sa az int\u00e9zm\u00e9nyi TDK munk\u00e1ba.<\/p>\n","protected":false},"author":1,"featured_media":0,"parent":3043,"menu_order":8,"comment_status":"closed","ping_status":"closed","template":"","meta":{"_acf_changed":false,"footnotes":"","_links_to":"","_links_to_target":""},"class_list":["post-2975","page","type-page","status-publish","hentry"],"acf":[],"_links":{"self":[{"href":"https:\/\/drhe.hu\/en\/wp-json\/wp\/v2\/pages\/2975","targetHints":{"allow":["GET"]}}],"collection":[{"href":"https:\/\/drhe.hu\/en\/wp-json\/wp\/v2\/pages"}],"about":[{"href":"https:\/\/drhe.hu\/en\/wp-json\/wp\/v2\/types\/page"}],"author":[{"embeddable":true,"href":"https:\/\/drhe.hu\/en\/wp-json\/wp\/v2\/users\/1"}],"replies":[{"embeddable":true,"href":"https:\/\/drhe.hu\/en\/wp-json\/wp\/v2\/comments?post=2975"}],"version-history":[{"count":1,"href":"https:\/\/drhe.hu\/en\/wp-json\/wp\/v2\/pages\/2975\/revisions"}],"predecessor-version":[{"id":2976,"href":"https:\/\/drhe.hu\/en\/wp-json\/wp\/v2\/pages\/2975\/revisions\/2976"}],"up":[{"embeddable":true,"href":"https:\/\/drhe.hu\/en\/wp-json\/wp\/v2\/pages\/3043"}],"wp:attachment":[{"href":"https:\/\/drhe.hu\/en\/wp-json\/wp\/v2\/media?parent=2975"}],"curies":[{"name":"wp","href":"https:\/\/api.w.org\/{rel}","templated":true}]}}