{"id":2977,"date":"2021-10-15T15:09:37","date_gmt":"2021-10-15T13:09:37","guid":{"rendered":"http:\/\/new.drhe.hu\/?page_id=2977"},"modified":"2021-10-29T12:52:05","modified_gmt":"2021-10-29T10:52:05","slug":"aktualis-hirek-esemenyek-palyazatok","status":"publish","type":"page","link":"https:\/\/drhe.hu\/en\/kutatas\/tehetseggondozas\/tdk-muhely\/aktualis-hirek-esemenyek-palyazatok\/","title":{"rendered":"Aktu\u00e1lis h\u00edrek, esem\u00e9nyek, p\u00e1ly\u00e1zatok"},"content":{"rendered":"<div class=\"wpb-content-wrapper\"><p>[vc_row][vc_column][vc_basic_grid post_type=&#8221;post&#8221; max_items=&#8221;-1&#8243; style=&#8221;pagination&#8221; element_width=&#8221;12&#8243; arrows_position=&#8221;outside&#8221; item=&#8221;2985&#8243; grid_id=&#8221;vc_gid:1635504652527-590ec96b-5c69-3&#8243; taxonomies=&#8221;105&#8243;][zk_heading text_align=&#8221;center&#8221; text=&#8221;%5B%7B%22text_part%22%3A%22Esem%C3%A9nyek%22%2C%22text_part_style%22%3A%22style1%22%2C%22text_part_color%22%3A%22primary-color%22%7D%5D&#8221; add_image=&#8221;&#8221; add_icon=&#8221;&#8221; add_mask=&#8221;&#8221; add_typing=&#8221;&#8221; st_text=&#8221;%5B%7B%22sttext_part_style%22%3A%22style1%22%7D%5D&#8221; css=&#8221;.vc_custom_1635504688527{margin-top: 2em !important;margin-bottom: 2em !important;}&#8221;]<div class=\"mec-wrap mec-skin-list-container  \" id=\"mec_skin_3036\">\r\n\r\n    <form id=\"mec_search_form_3036\" class=\"mec-search-form mec-totalcal-box mec-dropdown-classic\" autocomplete=\"off\"><div class=\"mec-dropdown-wrap\" style=\"display: none;\"><\/div><div class=\"mec-text-input-search\"><i class=\"mec-sl-magnifier\"><\/i>\r\n                    <input type=\"search\" value=\"\" id=\"mec_sf_s_3036\" placeholder=\"\" title=\"\" \/>\r\n                <\/div><\/form>\r\n        <div class=\"mec-skin-list-events-container\" id=\"mec_skin_events_3036\">\r\n        No event found!    <\/div>\r\n    \r\n    \r\n<\/div>\r\n[\/vc_column][\/vc_row]<\/p>\n<\/div>","protected":false},"excerpt":{"rendered":"<p>[vc_row][vc_column][vc_basic_grid post_type=&#8221;post&#8221; max_items=&#8221;-1&#8243; style=&#8221;pagination&#8221; element_width=&#8221;12&#8243; arrows_position=&#8221;outside&#8221; item=&#8221;2985&#8243; grid_id=&#8221;vc_gid:1635504652527-590ec96b-5c69-3&#8243; taxonomies=&#8221;105&#8243;][zk_heading text_align=&#8221;center&#8221; text=&#8221;%5B%7B%22text_part%22%3A%22Esem%C3%A9nyek%22%2C%22text_part_style%22%3A%22style1%22%2C%22text_part_color%22%3A%22primary-color%22%7D%5D&#8221; add_image=&#8221;&#8221; add_icon=&#8221;&#8221; add_mask=&#8221;&#8221; add_typing=&#8221;&#8221; st_text=&#8221;%5B%7B%22sttext_part_style%22%3A%22style1%22%7D%5D&#8221; css=&#8221;.vc_custom_1635504688527{margin-top: 2em !important;margin-bottom: 2em<\/p>\n","protected":false},"author":1,"featured_media":0,"parent":3043,"menu_order":11,"comment_status":"closed","ping_status":"closed","template":"","meta":{"_acf_changed":false,"footnotes":"","_links_to":"","_links_to_target":""},"class_list":["post-2977","page","type-page","status-publish","hentry"],"acf":[],"_links":{"self":[{"href":"https:\/\/drhe.hu\/en\/wp-json\/wp\/v2\/pages\/2977","targetHints":{"allow":["GET"]}}],"collection":[{"href":"https:\/\/drhe.hu\/en\/wp-json\/wp\/v2\/pages"}],"about":[{"href":"https:\/\/drhe.hu\/en\/wp-json\/wp\/v2\/types\/page"}],"author":[{"embeddable":true,"href":"https:\/\/drhe.hu\/en\/wp-json\/wp\/v2\/users\/1"}],"replies":[{"embeddable":true,"href":"https:\/\/drhe.hu\/en\/wp-json\/wp\/v2\/comments?post=2977"}],"version-history":[{"count":9,"href":"https:\/\/drhe.hu\/en\/wp-json\/wp\/v2\/pages\/2977\/revisions"}],"predecessor-version":[{"id":17087,"href":"https:\/\/drhe.hu\/en\/wp-json\/wp\/v2\/pages\/2977\/revisions\/17087"}],"up":[{"embeddable":true,"href":"https:\/\/drhe.hu\/en\/wp-json\/wp\/v2\/pages\/3043"}],"wp:attachment":[{"href":"https:\/\/drhe.hu\/en\/wp-json\/wp\/v2\/media?parent=2977"}],"curies":[{"name":"wp","href":"https:\/\/api.w.org\/{rel}","templated":true}]}}