{"id":3047,"date":"2021-10-19T14:34:18","date_gmt":"2021-10-19T12:34:18","guid":{"rendered":"http:\/\/new.drhe.hu\/?page_id=3047"},"modified":"2025-05-12T09:20:39","modified_gmt":"2025-05-12T07:20:39","slug":"folyoirataink-kiadvanyaink","status":"publish","type":"page","link":"https:\/\/drhe.hu\/en\/kutatas\/folyoirataink-kiadvanyaink\/","title":{"rendered":"Foly\u00f3irataink, kiadv\u00e1nyaink"},"content":{"rendered":"<div class=\"wpb-content-wrapper\"><p>[vc_row][vc_column][vc_column_text]<\/p>\n<h3><strong><em>Studia. Debreceni teol\u00f3giai tanulm\u00e1nyok<\/em><\/strong><\/h3>\n<table style=\"width: 100%; border-collapse: collapse; background-color: #e6e6e6; border-style: hidden;\" cellpadding=\"16px\">\n<tbody>\n<tr>\n<td style=\"width: 100%;\"><em>A szakfoly\u00f3irat c\u00e9lkit\u0171z\u00e9se, hogy az int\u00e9zm\u00e9nyben a hittudom\u00e1nyok ter\u00fclet\u00e9n foly\u00f3 tudom\u00e1nyos kutat\u00e1s eredm\u00e9nyeit tervszer\u0171en \u00e9s c\u00e9ltudatosan k\u00f6z\u00f6lje hazai \u00e9s nemzetk\u00f6zi viszonylatban.<\/em><\/td>\n<\/tr>\n<\/tbody>\n<\/table>\n<p><strong>F\u0151szerkeszt\u0151:<\/strong>\u00a0Bar\u00e1th B\u00e9la Levente rektor<br \/>\n<strong>Felel\u0151s szerkeszt\u0151:<\/strong>\u00a0Kov\u00e1cs Kriszti\u00e1n<br \/>\n<strong>Szerkeszt\u0151k:\u00a0<\/strong>Ittz\u00e9s G\u00e1bor, Kis Kl\u00e1ra, Kov\u00e1cs \u00c1brah\u00e1m, Kust\u00e1r Zolt\u00e1n, Ledan-Muntean Istv\u00e1n<\/p>\n<p><em>Kiadv\u00e1nyok:<\/em><\/p>\n<p><em><a href=\"https:\/\/derep-k.drhe.hu\/15\/1\/Studia_2014_6.pdf\">2015\/1.<\/a><br \/>\n<a href=\"https:\/\/derep-k.drhe.hu\/16\/1\/Studia_2015_2_4.pdf\">2015\/2.<\/a><br \/>\n<a href=\"https:\/\/derep-k.drhe.hu\/17\/1\/Studia_2016_1.pdf\">2016\/1<\/a><br \/>\n<a href=\"https:\/\/derep-k.drhe.hu\/18\/1\/Studia_2016_2.pdf\">2016\/2.<\/a><br \/>\n<a href=\"https:\/\/derep-k.drhe.hu\/19\/1\/Studia_2017_1.pdf\">2017\/1.<\/a><br \/>\n<a href=\"https:\/\/derep-k.drhe.hu\/46\/1\/Studia_2017_2_beliv.pdf\">2017\/2.<\/a><br \/>\n<a href=\"https:\/\/derep-k.drhe.hu\/57\/1\/Studia_2018_1-2.pdf\">2018\/1-2.<\/a><br \/>\n<\/em><em><a href=\"https:\/\/derep-k.drhe.hu\/106\/\">2019\/1.<\/a><br \/>\n<a href=\"https:\/\/derep-k.drhe.hu\/107\/\">2019\/2.<\/a><br \/>\n<a href=\"https:\/\/derep-k.drhe.hu\/113\/\">2020\/1-2.<\/a><br \/>\n<a href=\"https:\/\/derep-k.drhe.hu\/131\/\" target=\"_blank\" rel=\"noopener\">2021\/1.<\/a><br \/>\n<a href=\"https:\/\/derep-k.drhe.hu\/138\/\" target=\"_blank\" rel=\"noopener\">2021\/2.<\/a><br \/>\n<a href=\"https:\/\/derep-k.drhe.hu\/144\/\" target=\"_blank\" rel=\"noopener\">2022\/1.<\/a><br \/>\n<a href=\"https:\/\/derep-k.drhe.hu\/159\/\">2022\/2.<\/a><br \/>\n<span data-olk-copy-source=\"MessageBody\"><a href=\"https:\/\/derep-k.drhe.hu\/160\/\">2023\/1-2<\/a><br \/>\n<\/span><\/em><a href=\"https:\/\/derep-k.drhe.hu\/161\/\">2024\/1<\/a><\/p>\n<p><em>\u00a0<\/em><\/p>\n<h3><strong><em>Acta.\u00a0Debreceni teol\u00f3giai tanulm\u00e1nyok<\/em><\/strong><\/h3>\n<p><strong>F\u0151szerkeszt\u0151:<\/strong>\u00a0Bar\u00e1th B\u00e9la Levente rektor<br \/>\n<strong>Felel\u0151s szerkeszt\u0151:<\/strong>\u00a0(a mindenkori k\u00f6tet szerkeszt\u0151je\/i)<br \/>\n<strong>Szerkeszt\u0151k:<\/strong> Fazakas S\u00e1ndor, Kov\u00e1cs \u00c1brah\u00e1m, Kust\u00e1r Zolt\u00e1n, N\u00e9meth \u00c1ron<\/p>\n<p><em>Kiadv\u00e1nyok:<\/em><\/p>\n<p><em>Acta theologica Debrecinensis 7. \u00a0&#8211; Commitment, belief, knowledge : celebratory volume on the occasion of the 475th anniversary of the Debrecen Reformed Theological University \/ ed. by K\u00e1roly Fekete, Zolt\u00e1n Kust\u00e1r, 2014<br \/>\nActa. Debreceni teol\u00f3giai tanulm\u00e1nyok 8. &#8211;\u00a0<a href=\"https:\/\/derep-k.drhe.hu\/31\/2\/ATD8-Horcsik2.2-nyomda.pdf\">Hittel \u00e9s humorral: tanulm\u00e1nyk\u00f6tet a 60 \u00e9ves H\u00f6rcsik Rich\u00e1rd sz\u00fclet\u00e9snapj\u00e1ra \/ szerk. Bar\u00e1th B\u00e9la Levente., 2015<\/a><br \/>\nActa. Debreceni teol\u00f3giai tanulm\u00e1nyok 9. &#8211;\u00a0<a href=\"https:\/\/derep-k.drhe.hu\/32\/8\/Acta9-Bolcskei-pub-20171013-arch.pdf\">Krisztus vil\u00e1goss\u00e1ga: tanulm\u00e1nyok, igehirdet\u00e9sek, medit\u00e1ci\u00f3k \/ B\u00f6lcskei Guszt\u00e1v; szerk. Kust\u00e1r Zolt\u00e1n, Kov\u00e1cs Kriszti\u00e1n., 2017<\/a><br \/>\nActa. Debreceni teol\u00f3giai tanulm\u00e1nyok 10. &#8211;<a href=\"https:\/\/derep-k.drhe.hu\/51\/1\/Acta10-Lenkey-arch.pdf\">\u00a0Dr. Lenkeyn\u00e9 dr. Semsey Kl\u00e1ra: Jakab \u00e9s Filemon level\u00e9nek magyar\u00e1zata, 2017<\/a><br \/>\nActa. Debreceni teol\u00f3giai tanulm\u00e1nyok 11. &#8211;\u00a0<a href=\"https:\/\/derep-k.drhe.hu\/49\/1\/Acta11-Oszov-konf-arch.pdf\">Az \u00f3sz\u00f6vets\u00e9g \u00e9s a reform\u00e1ci\u00f3. Tanulm\u00e1nyok a h\u00e9ber nyelv\u0171 \u00d3sz\u00f6vets\u00e9g \u00e9s a protestantizmus kapcsolat\u00e1nak m\u00faltj\u00e1b\u00f3l \u00e9s jelen\u00e9b\u0151l\/szerk.: Kust\u00e1r Zolt\u00e1n\u2013N\u00e9meth \u00c1ron, 2018<\/a><br \/>\nActa. Debreceni teol\u00f3giai tanulm\u00e1nyok 12. \u00a0&#8211;\u00a0<a href=\"https:\/\/derep-k.drhe.hu\/53\/2\/ATD12_Czegledy-konyv-arch.pdf\">P\u00f3tor \u00c1ron: Czegl\u00e9dy S\u00e1ndor teol\u00f3giai munk\u00e1ss\u00e1g\u00e1nak alapvon\u00e1sai, 2018<\/a><br \/>\nActa. Debreceni teol\u00f3giai tanulm\u00e1nyok 13. &#8211; <a href=\"https:\/\/derep-k.drhe.hu\/61\/1\/ATD13_BodoS-rep-arch.pdf\">\u00d6szt\u00f6nz\u0151 lelkis\u00e9g, 2019<\/a><br \/>\nActa. Debreceni teol\u00f3giai tanulm\u00e1nyok 14. &#8211; <a href=\"https:\/\/derep-k.drhe.hu\/95\/1\/FK_60_ATD14_beliv-arch.pdf\">&#8220;Hiszek az ige diadalmas erej\u00e9ben!&#8221;, 2020<\/a><br \/>\n<\/em><em><span data-olk-copy-source=\"MessageBody\">Acta. Debreceni teol\u00f3giai tanulm\u00e1nyok 15. &#8211; <a href=\"https:\/\/derep-k.drhe.hu\/118\/\">Haggeus Pr\u00f3f\u00e9ta \u00e9s Haggeus k\u00f6nyve, 2021<\/a><\/span><br \/>\n<span data-olk-copy-source=\"MessageBody\">Acta. Debreceni teol\u00f3giai tanulm\u00e1nyok 16. &#8211; <a href=\"https:\/\/derep-k.drhe.hu\/120\/\">\u201eSz\u0151l\u0151je volt kedvesemnek&#8230;\u201d, 2021<\/a><br \/>\nActa. Debreceni teol\u00f3giai tanulm\u00e1nyok <\/span><\/em><em><span data-olk-copy-source=\"MessageBody\">17. &#8211; <a href=\"https:\/\/derep-k.drhe.hu\/157\/\">Ravasz L\u00e1szl\u00f3 erd\u00e9lyi \u00e9vei \u00e9s gyakorlati teol\u00f3giai munk\u00e1ss\u00e1g\u00e1nak kezdetei, 2023<\/a><br \/>\n<\/span><\/em><\/p>\n<p>&nbsp;<\/p>\n<h3><strong><em>Medi\u00e1rium<\/em><\/strong><\/h3>\n<table style=\"width: 100%; border-collapse: collapse; background-color: #e6e6e6; border-style: hidden;\" cellpadding=\"16px\">\n<tbody>\n<tr>\n<td style=\"width: 100%;\">A foly\u00f3irat a \u201et\u00e1rsadalom \u2013 egyh\u00e1z \u2013 nevel\u00e9s\u201d t\u00e9mak\u00f6reinek legsz\u00e9lesebb diszciplin\u00e1ris kontextus\u00e1ban publik\u00e1ci\u00f3s fel\u00fclete mindazoknak a t\u00e1rsadalom-, b\u00f6lcs\u00e9szet\/kult\u00fara- \u00e9s nevel\u00e9studom\u00e1nyok ter\u00fclet\u00e9n el\u00e9rt eredm\u00e9nyeknek, kutat\u00e1soknak, tanulm\u00e1nyoknak, kritik\u00e1knak \u00e9s egyh\u00e1zt\u00f6rt\u00e9neti k\u00f6zlem\u00e9nyeknek, melyekkel az int\u00e9zm\u00e9ny els\u0151sorban a pedag\u00f3gusk\u00e9pz\u00e9si, illetve r\u00e9szlegesen a hit\u00e9leti oktat\u00e1si-kutat\u00e1si keretein bel\u00fcl foglalkoznak. A foly\u00f3irat \u00e9vente 2\u20134 alkalommal (sz\u00fcks\u00e9g szerint r\u00e9szben \u00f6sszevont k\u00f6tetekben) jelenik meg; a megjelent foly\u00f3iratsz\u00e1mok \u00e9s azok cikkeinek digitaliz\u00e1lt v\u00e1ltozata a DRHE Repozit\u00f3rium\u00e1ban \u00e9s az MTMT K\u00f6zlem\u00e9ny\/Medi\u00e1rium fel\u00fclet\u00e9n olvashat\u00f3k. A be\u00e9rkezett cikkek \u2013 a \u201eszemle\u201d jelleg\u0171 rovatok kiv\u00e9tel\u00e9vel \u2013 az \u00faj kutat\u00e1si eredm\u00e9nyek els\u0151, eredeti k\u00f6zl\u00e9sei; a foly\u00f3irat tov\u00e1bb\u00e1 rendszeresen helyet ad a hazai \u00e9s nemzetk\u00f6zi tudom\u00e1nyos konferenci\u00e1kon elhangzott el\u0151ad\u00e1sok szerkesztett \u00e9s lektor\u00e1lt tanulm\u00e1nyv\u00e1ltozatainak, besz\u00e1mol\u00f3knak.<\/td>\n<\/tr>\n<\/tbody>\n<\/table>\n<p><strong>F\u0151szerkeszt\u0151:<\/strong>\u00a0Bar\u00e1th B\u00e9la Levente rektor<br \/>\n<strong>Felel\u0151s szerkeszt\u0151:<\/strong>\u00a0Ol\u00e1h R\u00f3bert, Vit\u00e9z Ferenc<br \/>\n<strong>Szerkeszt\u0151k:<\/strong> Boda Istv\u00e1n, Gonda L\u00e1szl\u00f3, Kmeczk\u00f3 Szil\u00e1rd, Moln\u00e1r Tamus Vikt\u00f3ria, Pusztai Gabriella<\/p>\n<p>A Medi\u00e1rium p-ISSN sz\u00e1ma: 1789\u20130357; e-ISSN sz\u00e1ma: 2677\u20131500<\/p>\n<p>A megjelen\u00e9sre sz\u00e1nt cikkek szerz\u0151it\u0151l a foly\u00f3irat szerkeszt\u0151bizotts\u00e1ga nem k\u00e9r el\u0151zetes eredetis\u00e9gi nyilatkozatot vagy kutat\u00e1si enged\u00e9lyt, \u00e1m a szerz\u0151 az elektronikus bek\u00fcld\u00e9ssel egyetemben \u00edr\u00e1sban deklar\u00e1lja, hogy eleget tett a tudom\u00e1nyetikai elv\u00e1r\u00e1soknak, \u00e9s v\u00e1llalja azok megs\u00e9rt\u00e9s\u00e9nek jogk\u00f6vetkezm\u00e9nyeit. A be\u00e9rkezett cikkek Expert Peer Review lektor\u00e1l\u00e1son (k\u00e9t, a t\u00e9m\u00e1ban elismert \u00e9s tudom\u00e1nyosan min\u0151s\u00edtett szakember bevon\u00e1s\u00e1val lefolytatott Double Blind Review elj\u00e1r\u00e1son) esnek \u00e1t. A foly\u00f3irat hivatkoz\u00e1si rendszer\u00e9hez \u00fatmutat\u00f3 olvashat\u00f3 minden egyes sz\u00e1munk v\u00e9g\u00e9n \u2013 l\u00e1sd pl.: Medi\u00e1rium 2023 (XVII)\/2\u20133., 148\u2013149.: <a href=\"https:\/\/derep-k.drhe.hu\/147\/1\/Mediarium_2023-2-3-beliv-arch.pdf\">https:\/\/derep-k.drhe.hu\/147\/1\/Mediarium_2023-2-3-beliv-arch.pdf<\/a><\/p>\n<p>Kiadv\u00e1nyok:<br \/>\n<a href=\"https:\/\/derep-k.drhe.hu\/4\/7\/EPA01515_mediarium_2014_1-2.pdf\">2014. VIII. \u00e9vfolyam 1-2. sz\u00e1m<\/a><br \/>\n<a href=\"https:\/\/derep-k.drhe.hu\/5\/2\/EPA01515_mediarium_2014_3.pdf\">2014. VII. \u00e9vfolyam 3. sz\u00e1m<\/a><br \/>\n<a href=\"https:\/\/derep-k.drhe.hu\/6\/1\/EPA01515_mediarium_2015_1-2.pdf\">2015. IX. \u00e9vfolyam 1-2. sz\u00e1m<\/a><br \/>\n<a href=\"https:\/\/derep-k.drhe.hu\/7\/1\/EPA01515_mediarium_2015_3-4.pdf\">2015. IX. \u00e9vfolyam 3-4. sz\u00e1m<\/a><br \/>\n<a href=\"https:\/\/derep-k.drhe.hu\/8\/1\/EPA01515_mediarium_2016-01.pdf\">2016. X. \u00e9vfolyam 1. sz\u00e1m<\/a><br \/>\n<a href=\"https:\/\/derep-k.drhe.hu\/9\/1\/mediarium_2016_2_3.pdf\">2016. X. \u00e9vfolyam 2-3. sz\u00e1m<\/a><br \/>\n<a href=\"https:\/\/derep-k.drhe.hu\/10\/1\/Mediarium_2017_1.pdf\">2017. XI. \u00e9vfolyam 1. sz\u00e1m<\/a><br \/>\n<a href=\"https:\/\/derep-k.drhe.hu\/56\/1\/Medi%C3%A1rium_2018_1_2.pdf\">2018. XII. \u00e9vfolyam 1-2. sz\u00e1m<\/a><br \/>\n<a href=\"https:\/\/derep-k.drhe.hu\/103\/\">2019 XIII. \u00e9vfolyam 1. sz\u00e1m<\/a><br \/>\n<a href=\"https:\/\/derep-k.drhe.hu\/104\/\">2019. XIII. \u00e9vfolyam 2-3. sz\u00e1m<\/a><br \/>\n<a href=\"https:\/\/derep-k.drhe.hu\/105\/\">2020. XIV. \u00e9vfolyam 1-3. sz\u00e1m<\/a><br \/>\n<a href=\"https:\/\/derep-k.drhe.hu\/112\/\">2020. XIV. \u00e9vfolyam 4. sz\u00e1m<\/a><br \/>\n<a href=\"https:\/\/derep-k.drhe.hu\/119\/\" target=\"_blank\" rel=\"noopener\">2021. XV. \u00e9vfolyam 1-2. sz\u00e1m<\/a><br \/>\n<a href=\"https:\/\/derep-k.drhe.hu\/126\/\" target=\"_blank\" rel=\"noopener\">2021. XV. \u00e9vfolyam 3. sz\u00e1m<\/a><br \/>\n<a href=\"https:\/\/derep-k.drhe.hu\/133\/\" target=\"_blank\" rel=\"noopener\">2022. XVI. \u00e9vfolyam 1. sz\u00e1m<\/a><br \/>\n<a href=\"https:\/\/derep-k.drhe.hu\/135\/\" target=\"_blank\" rel=\"noopener\">2022. XVI. \u00e9vfolyam 2-3. sz\u00e1m<\/a><br \/>\n<a href=\"https:\/\/derep-k.drhe.hu\/141\/\" target=\"_blank\" rel=\"noopener\">2023. XVII. \u00e9vfolyam 1. sz\u00e1m<\/a><br \/>\n<a href=\"https:\/\/derep-k.drhe.hu\/147\/\" target=\"_blank\" rel=\"noopener\">2023. XVII. \u00e9vfolyam 2-3. sz\u00e1m<\/a><br \/>\n<a href=\"https:\/\/derep-k.drhe.hu\/154\/\" target=\"_blank\" rel=\"noopener\">2023. XVII. \u00e9vfolyam 4. sz\u00e1m<\/a><br \/>\n<a href=\"https:\/\/derep-k.drhe.hu\/153\/\" target=\"_blank\" rel=\"noopener\">2024. XVIII. \u00e9vfolyam 1. sz\u00e1m<\/a><\/p>\n<h3><\/h3>\n<h3><strong>Orando et laborando. A DRHE \u00e9vk\u00f6nyve<\/strong><\/h3>\n<table style=\"width: 100%; border-collapse: collapse; background-color: #e6e6e6; border-style: hidden;\" cellpadding=\"16px\">\n<tbody>\n<tr>\n<td style=\"width: 100%;\"><em>A DRHE \u00e9vk\u00f6nyve sz\u00e1mos m\u00f3don dokument\u00e1lja a tan\u00e9v esem\u00e9nyeit, amelyek a r\u00f6vid feljegyz\u00e9sekt\u0151l a szervezeti egys\u00e9gek \u00e1tfog\u00f3bb besz\u00e1mol\u00f3j\u00e1ig terjednek; bemutatja az oktat\u00f3k tudom\u00e1nyos \u00e9s m\u0171v\u00e9szeti tev\u00e9kenys\u00e9g\u00e9t, ismerteti az oktat\u00f3k tan\u00e9vben megjelent k\u00f6teteit, tov\u00e1bb\u00e1 adatt\u00e1rk\u00e9nt is szolg\u00e1l.<\/em><\/td>\n<\/tr>\n<\/tbody>\n<\/table>\n<p>&nbsp;<\/p>\n<p><strong>F\u0151szerkeszt\u0151:<\/strong>\u00a0Bar\u00e1th B\u00e9la Levente rektor<br \/>\n<strong>Felel\u0151s szerkeszt\u0151k:<\/strong>\u00a0Kenyhercz R\u00f3bert<br \/>\n<strong>Szerkeszt\u0151k:<\/strong> Imre S\u00e1ndor, Kmeczk\u00f3 Szil\u00e1rd, Kust\u00e1r Zolt\u00e1n, Lember-Major Enik\u0151<\/p>\n<p><em>Kiadv\u00e1nyok:<br \/>\n<a href=\"https:\/\/derep-k.drhe.hu\/28\/1\/drhe_evkonyv_2013-14-4-nyomda.pdf\">2013\/2014.<\/a><br \/>\n<a href=\"https:\/\/derep-k.drhe.hu\/29\/1\/drhe_evkonyv-2014-2015.pdf\">2014\/2015<\/a>.<br \/>\n<a href=\"https:\/\/derep-k.drhe.hu\/30\/1\/2015_16drhe_evkonyv-nyomda.pdf\">2015\/2016.<\/a><br \/>\n<a href=\"https:\/\/derep-k.drhe.hu\/37\/14\/2016_17drhe_evkonyv-nyomda.pdf\">2016\/2017.<\/a><br \/>\n<a href=\"https:\/\/derep-k.drhe.hu\/55\/1\/2017_18drhe_evkonyv-4-nyomda-Arch.pdf\">2017\/2018.<\/a><br \/>\n<a href=\"https:\/\/derep-k.drhe.hu\/100\/1\/2018_19drhe_evkonyv-nyomda-arc.pdf\">2018\/2019.<\/a><br \/>\n<\/em><em><a href=\"https:\/\/derep-k.drhe.hu\/111\/\">2019\/2020.<\/a><br \/>\n<a href=\"https:\/\/derep-k.drhe.hu\/125\/\" target=\"_blank\" rel=\"noopener\">2020\/2021.<\/a><br \/>\n<a href=\"https:\/\/derep-k.drhe.hu\/140\/\" target=\"_blank\" rel=\"noopener\">2021\/2022.<\/a><br \/>\n<a href=\"https:\/\/derep-k.drhe.hu\/156\/\" target=\"_blank\" rel=\"noopener\">2022\/2023.<\/a><br \/>\n<a href=\"https:\/\/derep-k.drhe.hu\/163\/\" target=\"_blank\" rel=\"noopener\">2023\/2024.<\/a><\/em><\/p>\n<p>&nbsp;<\/p>\n<h3><strong><em>Jegyzett\u00e1r &#8211; Debreceni Reform\u00e1tus Hittudom\u00e1nyi Egyetem<\/em><\/strong><\/h3>\n<table style=\"width: 100%; border-collapse: collapse; background-color: #e6e6e6; border-style: hidden;\" cellpadding=\"16px\">\n<tbody>\n<tr>\n<td style=\"width: 100%;\"><em>Az egyetemen foly\u00f3 tanulm\u00e1nyi munk\u00e1t t\u00e1mogat\u00f3 id\u0151szaki kiadv\u00e1nysorozat, mely egys\u00e9ges formai keretek k\u00f6z\u00f6tt biztos\u00edtja az int\u00e9zm\u00e9ny oktat\u00f3i \u00e1ltal \u00edrt, szerkesztett tank\u00f6nyvek, lektor\u00e1lt jegyzetek, tanulm\u00e1nyi seg\u00e9dletek megjelen\u00e9s\u00e9t.<\/em><\/td>\n<\/tr>\n<\/tbody>\n<\/table>\n<p>&nbsp;<\/p>\n<table width=\"500\">\n<tbody>\n<tr>\n<td><\/td>\n<td><\/td>\n<\/tr>\n<tr>\n<td>Romol\u00f3giai f\u00fczetek 1.:\u00a0<a href=\"https:\/\/derep-k.drhe.hu\/41\/1\/RomologiaiFuzetek1-20171025-nyomda.pdf\">Egy hajd\u00fa-bihari k\u00f6zs\u00e9g cig\u00e1nys\u00e1g\u00e1nak temet\u00e9si szok\u00e1sai \u00e9s annak lelkigondoz\u00f3i lehet\u0151s\u00e9gei<\/a><\/td>\n<td>Tanulm\u00e1nyi f\u00fczetek 1.:<a href=\"https:\/\/derep-k.drhe.hu\/39\/2\/Pszichologiai-vizsgalati-modszerek-gyujtemenye-javitott-kiadas2017-nyomda-20170830.pdf\">\u00a0Pszichol\u00f3giai vizsg\u00e1lati m\u00f3dszerek gy\u0171jtem\u00e1nye<\/a><\/td>\n<\/tr>\n<tr>\n<td>Romol\u00f3giai f\u00fczetek 2.:\u00a0<a href=\"https:\/\/derep-k.drhe.hu\/42\/1\/RomologiaiFuzetek2-nyomda.pdf\">A magyarorsz\u00e1gi cig\u00e1ny\/roma n\u00e9pess\u00e9g kult\u00farantropol\u00f3giai \u00e9s orvosantropol\u00f3giai megk\u00f6zel\u00edt\u00e9sben<\/a><\/td>\n<td>Tanulm\u00e1nyi f\u00fczetek 2.:\u00a0<a href=\"https:\/\/derep-k.drhe.hu\/38\/1\/Gimnasztikai-alapismeretek-tan%C3%ADto-szakos-hallgatoknak-nyomda-20170830.pdf\">Gimnasztikai alapismeretek tan\u00edt\u00f3 szakos hallgat\u00f3knak<\/a><\/td>\n<\/tr>\n<tr>\n<td>Romol\u00f3giai f\u00fczetek 3.:\u00a0<a href=\"https:\/\/derep-k.drhe.hu\/96\/\">N\u00e9prajzi cig\u00e1ny fotogr\u00e1fi\u00e1k a debreceni D\u00e9ri M\u00fazeumban<\/a><\/td>\n<td>Egyetemi jegyzet:\u00a0<a href=\"https:\/\/derep-k.drhe.hu\/64\/1\/A%20differenci%C3%A1lt%20fejleszt%C3%A9st%20seg%C3%ADt%C5%91%20jegyzet%20B5%20form%C3%A1tumban-isbn-szammal.pdf\">A differenci\u00e1lt fejleszt\u00e9st seg\u00edt\u0151 vizsg\u00e1lati m\u00f3dszerek<\/a><\/td>\n<\/tr>\n<tr>\n<td><\/td>\n<td>Egyetemi jegyzet:\u00a0<a href=\"https:\/\/derep-k.drhe.hu\/65\/1\/Altalanos-lelektan-2018-arch.pdf\">\u00c1ltal\u00e1nos l\u00e9lektan sz\u00f6veggy\u0171jtem\u00e9ny<\/a><\/td>\n<\/tr>\n<tr>\n<td><\/td>\n<td>Egyetemi jegyzetek:\u00a0<a href=\"https:\/\/derep-k.drhe.hu\/66\/2\/SZEM.%20%C3%89S%20CSOP.%20M%C3%93DSZEREK-k%C3%B6tet%202018.-isbn-szammal-oldalszamok-ellen%C3%B6rizveAE-jo.pdf\">Szem\u00e9lyis\u00e9g- \u00e9s csoportvizsg\u00e1lati m\u00f3dszerek<\/a><\/td>\n<\/tr>\n<tr>\n<td><\/td>\n<td>Egyetemi jegyzetek:\u00a0<a href=\"https:\/\/derep-k.drhe.hu\/68\/1\/Jegyzet_Angol%20nyelvi%20tudatossag_Eloszo-angol-nyelvi-feladatok-egyesitve-isbn-szammal_JAV-20181130-164o.pdf\">Feladatok az angol nyelvi tudatoss\u00e1g fejleszt\u00e9s\u00e9re<\/a><\/td>\n<\/tr>\n<tr>\n<td><\/td>\n<td>Egyetemi jegyzetek:\u00a0<a href=\"https:\/\/derep-k.drhe.hu\/101\/\">A szem\u00e9lyis\u00e9gfejl\u0151d\u00e9s zavarai sz\u00f6veggy\u0171jtem\u00e9ny<\/a><\/td>\n<\/tr>\n<tr>\n<td><\/td>\n<td>Tanulm\u00e1nyi f\u00fczetek 3:\u00a0<a href=\"https:\/\/derep-k.drhe.hu\/102\/\">Testnevel\u00e9si j\u00e1t\u00e9kok nem csak pedag\u00f3gusjel\u00f6lt hallgat\u00f3knak<\/a><\/td>\n<\/tr>\n<\/tbody>\n<\/table>\n<p>[\/vc_column_text][\/vc_column][\/vc_row]<\/p>\n<\/div>","protected":false},"excerpt":{"rendered":"<p>[vc_row][vc_column][vc_column_text] Studia. Debreceni teol\u00f3giai tanulm\u00e1nyok A szakfoly\u00f3irat c\u00e9lkit\u0171z\u00e9se, hogy az int\u00e9zm\u00e9nyben a hittudom\u00e1nyok ter\u00fclet\u00e9n foly\u00f3 tudom\u00e1nyos kutat\u00e1s eredm\u00e9nyeit tervszer\u0171en \u00e9s<\/p>\n","protected":false},"author":1,"featured_media":0,"parent":2892,"menu_order":20,"comment_status":"closed","ping_status":"closed","template":"","meta":{"_acf_changed":false,"footnotes":"","_links_to":"","_links_to_target":""},"class_list":["post-3047","page","type-page","status-publish","hentry"],"acf":[],"_links":{"self":[{"href":"https:\/\/drhe.hu\/en\/wp-json\/wp\/v2\/pages\/3047","targetHints":{"allow":["GET"]}}],"collection":[{"href":"https:\/\/drhe.hu\/en\/wp-json\/wp\/v2\/pages"}],"about":[{"href":"https:\/\/drhe.hu\/en\/wp-json\/wp\/v2\/types\/page"}],"author":[{"embeddable":true,"href":"https:\/\/drhe.hu\/en\/wp-json\/wp\/v2\/users\/1"}],"replies":[{"embeddable":true,"href":"https:\/\/drhe.hu\/en\/wp-json\/wp\/v2\/comments?post=3047"}],"version-history":[{"count":30,"href":"https:\/\/drhe.hu\/en\/wp-json\/wp\/v2\/pages\/3047\/revisions"}],"predecessor-version":[{"id":23870,"href":"https:\/\/drhe.hu\/en\/wp-json\/wp\/v2\/pages\/3047\/revisions\/23870"}],"up":[{"embeddable":true,"href":"https:\/\/drhe.hu\/en\/wp-json\/wp\/v2\/pages\/2892"}],"wp:attachment":[{"href":"https:\/\/drhe.hu\/en\/wp-json\/wp\/v2\/media?parent=3047"}],"curies":[{"name":"wp","href":"https:\/\/api.w.org\/{rel}","templated":true}]}}