{"id":3129,"date":"2021-10-21T09:22:28","date_gmt":"2021-10-21T07:22:28","guid":{"rendered":"http:\/\/new.drhe.hu\/?page_id=3129"},"modified":"2026-02-20T13:53:59","modified_gmt":"2026-02-20T12:53:59","slug":"oktatok-fogadoorai","status":"publish","type":"page","link":"https:\/\/drhe.hu\/en\/hallgatoknak\/tanulmanyi-informaciok\/aktualis-tudnivalok\/oktatok-fogadoorai\/","title":{"rendered":"Oktat\u00f3k fogad\u00f3\u00f3r\u00e1i"},"content":{"rendered":"<div class=\"wpb-content-wrapper\"><p>[vc_row][vc_column][\/vc_column][\/vc_row]<\/p>\n<p><a href=\"https:\/\/drhe.hu\/wp-content\/uploads\/2026\/02\/fogadoorak-2025-26-2.pdf\">A K\u00f6lcsey Ferenc Tan\u00edt\u00f3k\u00e9pz\u00e9si Int\u00e9zet oktat\u00f3inak fogad\u00f3\u00f3r\u00e1i a 2025\/2026. tan\u00e9v 2. f\u00e9l\u00e9v\u00e9nek szorgalmi id\u0151szak\u00e1ban<\/a><\/p>\n<p><a href=\"https:\/\/drhe.hu\/wp-content\/uploads\/2026\/02\/Fogadoorak-szorgalmi-idoszak-3.pdf\">A Teol\u00f3giai Int\u00e9zet oktat\u00f3inak fogad\u00f3\u00f3r\u00e1i a 2025\/2026. tan\u00e9v 2. f\u00e9l\u00e9v\u00e9nek szorgalmi id\u0151szak\u00e1ban<\/a><\/p>\n<\/div>","protected":false},"excerpt":{"rendered":"<p>[vc_row][vc_column][\/vc_column][\/vc_row] A K\u00f6lcsey Ferenc Tan\u00edt\u00f3k\u00e9pz\u00e9si Int\u00e9zet oktat\u00f3inak fogad\u00f3\u00f3r\u00e1i a 2025\/2026. tan\u00e9v 2. f\u00e9l\u00e9v\u00e9nek szorgalmi id\u0151szak\u00e1ban A Teol\u00f3giai Int\u00e9zet oktat\u00f3inak fogad\u00f3\u00f3r\u00e1i<\/p>\n","protected":false},"author":1,"featured_media":0,"parent":3127,"menu_order":0,"comment_status":"closed","ping_status":"closed","template":"","meta":{"_acf_changed":false,"footnotes":"","_links_to":"","_links_to_target":""},"class_list":["post-3129","page","type-page","status-publish","hentry"],"acf":[],"_links":{"self":[{"href":"https:\/\/drhe.hu\/en\/wp-json\/wp\/v2\/pages\/3129","targetHints":{"allow":["GET"]}}],"collection":[{"href":"https:\/\/drhe.hu\/en\/wp-json\/wp\/v2\/pages"}],"about":[{"href":"https:\/\/drhe.hu\/en\/wp-json\/wp\/v2\/types\/page"}],"author":[{"embeddable":true,"href":"https:\/\/drhe.hu\/en\/wp-json\/wp\/v2\/users\/1"}],"replies":[{"embeddable":true,"href":"https:\/\/drhe.hu\/en\/wp-json\/wp\/v2\/comments?post=3129"}],"version-history":[{"count":59,"href":"https:\/\/drhe.hu\/en\/wp-json\/wp\/v2\/pages\/3129\/revisions"}],"predecessor-version":[{"id":26891,"href":"https:\/\/drhe.hu\/en\/wp-json\/wp\/v2\/pages\/3129\/revisions\/26891"}],"up":[{"embeddable":true,"href":"https:\/\/drhe.hu\/en\/wp-json\/wp\/v2\/pages\/3127"}],"wp:attachment":[{"href":"https:\/\/drhe.hu\/en\/wp-json\/wp\/v2\/media?parent=3129"}],"curies":[{"name":"wp","href":"https:\/\/api.w.org\/{rel}","templated":true}]}}