{"id":3159,"date":"2021-10-21T10:02:43","date_gmt":"2021-10-21T08:02:43","guid":{"rendered":"http:\/\/new.drhe.hu\/?page_id=3159"},"modified":"2026-03-30T13:48:36","modified_gmt":"2026-03-30T11:48:36","slug":"zarovizsgaval-kapcsolatos-tudnivalok","status":"publish","type":"page","link":"https:\/\/drhe.hu\/en\/hallgatoknak\/tanulmanyi-informaciok\/aktualis-tudnivalok\/zarovizsgaval-kapcsolatos-tudnivalok\/","title":{"rendered":"Z\u00e1r\u00f3vizsg\u00e1val kapcsolatos tudnival\u00f3k"},"content":{"rendered":"<div class=\"wpb-content-wrapper\"><p>[vc_row][vc_column][vc_column_text]<\/p>\n<p style=\"text-align: left;\">[\/vc_column_text][\/vc_column][\/vc_row][vc_row][vc_column][vc_column_text]<\/p>\n<p><strong>Z\u00e1r\u00f3vizsga t\u00e9telek 2026.<\/strong><\/p>\n<ul>\n<li><a href=\"https:\/\/drhe.hu\/wp-content\/uploads\/2026\/03\/Zarovizsga-tetelek-tanito-2026.pdf\"><span data-olk-copy-source=\"MessageBody\">Tan\u00edt\u00f3 szak<\/span><\/a><\/li>\n<li><a href=\"https:\/\/drhe.hu\/wp-content\/uploads\/2026\/03\/Zarovizsga-tetelek-muveltsegteruletek-2026.pdf\">M\u0171velts\u00e9gi ter\u00fcletek<\/a><\/li>\n<li><a href=\"https:\/\/drhe.hu\/wp-content\/uploads\/2026\/03\/Zarovizsga-tetelek-Kateketa-lelkipasztori-munkatars-szak-2026.pdf\">Katek\u00e9ta lelkip\u00e1sztori munkat\u00e1rs szak <\/a><\/li>\n<li><a href=\"https:\/\/drhe.hu\/wp-content\/uploads\/2026\/03\/Tetelek-Hittanar-nevelotanar-szak-zarovizsga-2026-levelezo-tagozat.pdf\">Hittan\u00e1r-nevel\u0151tan\u00e1r szak levelez\u0151 tagozat<\/a><\/li>\n<li><a href=\"https:\/\/drhe.hu\/wp-content\/uploads\/2026\/03\/Tetelek-Szakparos-Hittanar-nevelotanar-szak-zarovizsga-2026.pdf\">Szakp\u00e1ros hittan\u00e1r-nevel\u0151tan\u00e1r szak<\/a><\/li>\n<li><a href=\"https:\/\/drhe.hu\/wp-content\/uploads\/2026\/03\/Tetelek-Tanari-kepesito-vizsga-levelezo-tagozat-2026.pdf\">Tan\u00e1ri z\u00e1r\u00f3vizsga levelez\u0151 tagozat<\/a><\/li>\n<li><a href=\"https:\/\/drhe.hu\/wp-content\/uploads\/2026\/03\/Tetelek-Tanari-kepesito-vizsga-nappali-tagozat-2026.pdf\">Tan\u00e1ri z\u00e1r\u00f3vizsga nappali tagozat<\/a><\/li>\n<li><a href=\"https:\/\/drhe.hu\/wp-content\/uploads\/2026\/03\/Zarovizsga-tetelek-Teologia-lelkesz-szak-2026.pdf\">Teol\u00f3gia lelk\u00e9sz szak<\/a><\/li>\n<li><a href=\"https:\/\/drhe.hu\/wp-content\/uploads\/2026\/03\/Zarovizsga-tetelek-Hit-es-erkolcstanoktato-szak-2026.pdf\">Hit- \u00e9s erk\u00f6lcstan oktat\u00f3<\/a><\/li>\n<\/ul>\n<p>[\/vc_column_text][\/vc_column][\/vc_row]<\/p>\n<\/div>","protected":false},"excerpt":{"rendered":"<p>[vc_row][vc_column][vc_column_text] [\/vc_column_text][\/vc_column][\/vc_row][vc_row][vc_column][vc_column_text] Z\u00e1r\u00f3vizsga t\u00e9telek 2026. Tan\u00edt\u00f3 szak M\u0171velts\u00e9gi ter\u00fcletek Katek\u00e9ta lelkip\u00e1sztori munkat\u00e1rs szak Hittan\u00e1r-nevel\u0151tan\u00e1r szak levelez\u0151 tagozat Szakp\u00e1ros hittan\u00e1r-nevel\u0151tan\u00e1r szak<\/p>\n","protected":false},"author":1,"featured_media":0,"parent":3127,"menu_order":10,"comment_status":"closed","ping_status":"closed","template":"","meta":{"_acf_changed":false,"footnotes":"","_links_to":"","_links_to_target":""},"class_list":["post-3159","page","type-page","status-publish","hentry"],"acf":[],"_links":{"self":[{"href":"https:\/\/drhe.hu\/en\/wp-json\/wp\/v2\/pages\/3159","targetHints":{"allow":["GET"]}}],"collection":[{"href":"https:\/\/drhe.hu\/en\/wp-json\/wp\/v2\/pages"}],"about":[{"href":"https:\/\/drhe.hu\/en\/wp-json\/wp\/v2\/types\/page"}],"author":[{"embeddable":true,"href":"https:\/\/drhe.hu\/en\/wp-json\/wp\/v2\/users\/1"}],"replies":[{"embeddable":true,"href":"https:\/\/drhe.hu\/en\/wp-json\/wp\/v2\/comments?post=3159"}],"version-history":[{"count":58,"href":"https:\/\/drhe.hu\/en\/wp-json\/wp\/v2\/pages\/3159\/revisions"}],"predecessor-version":[{"id":27270,"href":"https:\/\/drhe.hu\/en\/wp-json\/wp\/v2\/pages\/3159\/revisions\/27270"}],"up":[{"embeddable":true,"href":"https:\/\/drhe.hu\/en\/wp-json\/wp\/v2\/pages\/3127"}],"wp:attachment":[{"href":"https:\/\/drhe.hu\/en\/wp-json\/wp\/v2\/media?parent=3159"}],"curies":[{"name":"wp","href":"https:\/\/api.w.org\/{rel}","templated":true}]}}