{"id":3177,"date":"2021-10-21T10:05:21","date_gmt":"2021-10-21T08:05:21","guid":{"rendered":"http:\/\/new.drhe.hu\/?page_id=3177"},"modified":"2025-07-24T13:55:25","modified_gmt":"2025-07-24T11:55:25","slug":"elsos-evfolyam-tajekoztato-dokumentumai","status":"publish","type":"page","link":"https:\/\/drhe.hu\/en\/hallgatoknak\/tanulmanyi-informaciok\/altalanos-informaciok\/elsos-evfolyam-tajekoztato-dokumentumai\/","title":{"rendered":"Els\u0151s \u00e9vfolyam t\u00e1j\u00e9koztat\u00f3 dokumentumai"},"content":{"rendered":"<div class=\"wpb-content-wrapper\"><p>[vc_row][vc_column][zk_button btn_text=&#8221;Int\u00e9zm\u00e9nyi t\u00e1j\u00e9koztat\u00f3 2025\/2026. tan\u00e9v&#8221; button_link=&#8221;url:https%3A%2F%2Fdrhe.hu%2Fcd2025%2FHallgatoi_tajekoztato.html|target:_blank&#8221; btn_align=&#8221;text-center&#8221; add_icon=&#8221;&#8221;][vc_empty_space height=&#8221;50px&#8221;][vc_column_text css=&#8221;&#8221;]<\/p>\n<h3 id=\"page-title\" class=\"title\">Int\u00e9zm\u00e9nyi t\u00e1j\u00e9koztat\u00f3 arch\u00edv<\/h3>\n<p><a href=\"https:\/\/drhe.hu\/cd2015\/teol_int\/TARTALOM.html\">2015\/2016. tan\u00e9v\u00a0Teol\u00f3giai Int\u00e9zet<\/a><\/p>\n<p><a href=\"https:\/\/drhe.hu\/cd2015\/ped_int\/TARTALOM.html\">2015\/2016. tan\u00e9v\u00a0K\u00f6lcsey Ferenc Tan\u00edt\u00f3k\u00e9pz\u00e9si Int\u00e9zet<\/a><\/p>\n<p><a href=\"https:\/\/drhe.hu\/cd2016\/tartalom.html\">2016\/2017. tan\u00e9v<\/a><\/p>\n<p><a href=\"https:\/\/drhe.hu\/cd2017\/tartalom.html\">2017\/2018. tan\u00e9v<\/a><\/p>\n<p><a href=\"https:\/\/drhe.hu\/cd2018\/Hallgatoi_tajekoztato.html\">2018\/2019. tan\u00e9v<\/a><\/p>\n<p><a href=\"https:\/\/drhe.hu\/cd2019\/Hallgatoi_tajekoztato.html\">2019\/2020. tan\u00e9v<\/a><\/p>\n<p><a href=\"https:\/\/drhe.hu\/cd2020\/Hallgatoi_tajekoztato.html\">2020\/2021. tan\u00e9v<\/a><\/p>\n<p><a href=\"https:\/\/drhe.hu\/cd2021\/Hallgatoi_tajekoztato.html\">2021\/2022. tan\u00e9v<\/a><\/p>\n<p><a href=\"https:\/\/drhe.hu\/cd2022\/Hallgatoi_tajekoztato.html\">2022\/2023. tan\u00e9v<\/a><\/p>\n<p><a href=\"https:\/\/drhe.hu\/cd2023\/Hallgatoi_tajekoztato.html\">2023\/2024. tan\u00e9v<\/a><\/p>\n<p><a href=\"https:\/\/drhe.hu\/cd2024\/Hallgatoi_tajekoztato.html\">2024\/2025. tan\u00e9v<\/a>[\/vc_column_text][\/vc_column][\/vc_row]<\/p>\n<\/div>","protected":false},"excerpt":{"rendered":"<p>[vc_row][vc_column][zk_button btn_text=&#8221;Int\u00e9zm\u00e9nyi t\u00e1j\u00e9koztat\u00f3 2025\/2026. tan\u00e9v&#8221; button_link=&#8221;url:https%3A%2F%2Fdrhe.hu%2Fcd2025%2FHallgatoi_tajekoztato.html|target:_blank&#8221; btn_align=&#8221;text-center&#8221; add_icon=&#8221;&#8221;][vc_empty_space height=&#8221;50px&#8221;][vc_column_text css=&#8221;&#8221;] Int\u00e9zm\u00e9nyi t\u00e1j\u00e9koztat\u00f3 arch\u00edv 2015\/2016. tan\u00e9v\u00a0Teol\u00f3giai Int\u00e9zet 2015\/2016. tan\u00e9v\u00a0K\u00f6lcsey Ferenc Tan\u00edt\u00f3k\u00e9pz\u00e9si<\/p>\n","protected":false},"author":1,"featured_media":0,"parent":3183,"menu_order":0,"comment_status":"closed","ping_status":"closed","template":"","meta":{"_acf_changed":false,"footnotes":"","_links_to":"","_links_to_target":""},"class_list":["post-3177","page","type-page","status-publish","hentry"],"acf":[],"_links":{"self":[{"href":"https:\/\/drhe.hu\/en\/wp-json\/wp\/v2\/pages\/3177","targetHints":{"allow":["GET"]}}],"collection":[{"href":"https:\/\/drhe.hu\/en\/wp-json\/wp\/v2\/pages"}],"about":[{"href":"https:\/\/drhe.hu\/en\/wp-json\/wp\/v2\/types\/page"}],"author":[{"embeddable":true,"href":"https:\/\/drhe.hu\/en\/wp-json\/wp\/v2\/users\/1"}],"replies":[{"embeddable":true,"href":"https:\/\/drhe.hu\/en\/wp-json\/wp\/v2\/comments?post=3177"}],"version-history":[{"count":16,"href":"https:\/\/drhe.hu\/en\/wp-json\/wp\/v2\/pages\/3177\/revisions"}],"predecessor-version":[{"id":24263,"href":"https:\/\/drhe.hu\/en\/wp-json\/wp\/v2\/pages\/3177\/revisions\/24263"}],"up":[{"embeddable":true,"href":"https:\/\/drhe.hu\/en\/wp-json\/wp\/v2\/pages\/3183"}],"wp:attachment":[{"href":"https:\/\/drhe.hu\/en\/wp-json\/wp\/v2\/media?parent=3177"}],"curies":[{"name":"wp","href":"https:\/\/api.w.org\/{rel}","templated":true}]}}