{"id":3183,"date":"2021-10-21T10:10:54","date_gmt":"2021-10-21T08:10:54","guid":{"rendered":"http:\/\/new.drhe.hu\/?page_id=3183"},"modified":"2021-10-21T10:28:05","modified_gmt":"2021-10-21T08:28:05","slug":"altalanos-informaciok","status":"publish","type":"page","link":"https:\/\/drhe.hu\/en\/hallgatoknak\/tanulmanyi-informaciok\/altalanos-informaciok\/","title":{"rendered":"\u00c1ltal\u00e1nos inform\u00e1ci\u00f3k"},"content":{"rendered":"<div class=\"wpb-content-wrapper\"><p>[vc_row][vc_column][\/vc_column][\/vc_row]<\/p>\n<\/div>","protected":false},"excerpt":{"rendered":"<p>[vc_row][vc_column][\/vc_column][\/vc_row]<\/p>\n","protected":false},"author":1,"featured_media":0,"parent":3125,"menu_order":0,"comment_status":"closed","ping_status":"closed","template":"page-fullscreen-menu.php","meta":{"_acf_changed":false,"footnotes":"","_links_to":"","_links_to_target":""},"class_list":["post-3183","page","type-page","status-publish","hentry"],"acf":[],"_links":{"self":[{"href":"https:\/\/drhe.hu\/en\/wp-json\/wp\/v2\/pages\/3183","targetHints":{"allow":["GET"]}}],"collection":[{"href":"https:\/\/drhe.hu\/en\/wp-json\/wp\/v2\/pages"}],"about":[{"href":"https:\/\/drhe.hu\/en\/wp-json\/wp\/v2\/types\/page"}],"author":[{"embeddable":true,"href":"https:\/\/drhe.hu\/en\/wp-json\/wp\/v2\/users\/1"}],"replies":[{"embeddable":true,"href":"https:\/\/drhe.hu\/en\/wp-json\/wp\/v2\/comments?post=3183"}],"version-history":[{"count":3,"href":"https:\/\/drhe.hu\/en\/wp-json\/wp\/v2\/pages\/3183\/revisions"}],"predecessor-version":[{"id":3186,"href":"https:\/\/drhe.hu\/en\/wp-json\/wp\/v2\/pages\/3183\/revisions\/3186"}],"up":[{"embeddable":true,"href":"https:\/\/drhe.hu\/en\/wp-json\/wp\/v2\/pages\/3125"}],"wp:attachment":[{"href":"https:\/\/drhe.hu\/en\/wp-json\/wp\/v2\/media?parent=3183"}],"curies":[{"name":"wp","href":"https:\/\/api.w.org\/{rel}","templated":true}]}}