{"id":3187,"date":"2021-10-21T10:30:06","date_gmt":"2021-10-21T08:30:06","guid":{"rendered":"http:\/\/new.drhe.hu\/?page_id=3187"},"modified":"2025-08-19T13:18:58","modified_gmt":"2025-08-19T11:18:58","slug":"to-nyitva-tartas-az-ugyfelfogadas-rendje","status":"publish","type":"page","link":"https:\/\/drhe.hu\/en\/hallgatoknak\/tanulmanyi-informaciok\/altalanos-informaciok\/to-nyitva-tartas-az-ugyfelfogadas-rendje\/","title":{"rendered":"TO nyitva tart\u00e1s, az \u00fcgyf\u00e9lfogad\u00e1s rendje"},"content":{"rendered":"<div class=\"wpb-content-wrapper\"><p>[vc_row][vc_column][vc_column_text]A Tanulm\u00e1nyi oszt\u00e1ly e-mail c\u00edme:\u00a0<a class=\"spamspan\" href=\"&#x6d;&#x61;&#x69;&#x6c;&#x74;&#x6f;&#x3a;&#x74;&#x61;&#x6e;&#x75;&#x6c;&#x6d;&#x61;&#x6e;&#x79;&#x69;&#x40;&#x64;&#x72;&#x68;&#x65;&#46;&#104;&#117;\">&#x74;&#x61;&#x6e;&#x75;&#x6c;&#x6d;&#x61;&#110;&#121;&#105;&#64;&#100;rhe&#46;&#x68;&#x75;<\/a><\/p>\n<div class=\"x_elementToProof\"><b data-olk-copy-source=\"MessageBody\">Hallgat\u00f3i fogad\u00f3\u00f3r\u00e1k a Tanulm\u00e1nyi oszt\u00e1lyon:<\/b><\/div>\n<div class=\"x_elementToProof\">H\u00e9tf\u0151\u00a0\u00a0\u00a0\u00a0\u00a0\u00a0\u00a0\u00a0\u00a0\u00a0\u00a0\u00a0\u00a0\u00a0\u00a0\u00a0\u00a0\u00a0\u00a0\u00a0\u00a0\u00a0\u00a0\u00a0\u00a0\u00a0\u00a0\u00a0\u00a0\u00a0\u00a0\u00a0\u00a0\u00a0\u00a0\u00a0\u00a0\u00a0\u00a0 8.00 &#8211; 12.00<\/div>\n<div class=\"x_elementToProof\">Kedd\u00a0\u00a0\u00a0\u00a0\u00a0\u00a0\u00a0\u00a0\u00a0\u00a0\u00a0\u00a0\u00a0\u00a0\u00a0\u00a0\u00a0\u00a0\u00a0\u00a0\u00a0\u00a0\u00a0\u00a0\u00a0\u00a0\u00a0\u00a0\u00a0\u00a0\u00a0\u00a0\u00a0\u00a0\u00a0\u00a0 13.00 &#8211; 16.00<\/div>\n<div class=\"x_elementToProof\">Szerda\u00a0\u00a0\u00a0\u00a0\u00a0\u00a0\u00a0\u00a0\u00a0\u00a0\u00a0\u00a0\u00a0\u00a0\u00a0\u00a0\u00a0\u00a0\u00a0\u00a0\u00a0\u00a0\u00a0\u00a0\u00a0\u00a0\u00a0\u00a0\u00a0\u00a0\u00a0\u00a0\u00a0\u00a0\u00a0\u00a0 8.00 &#8211; 12.00<\/div>\n<div class=\"x_elementToProof\">Cs\u00fct\u00f6rt\u00f6k\u00a0\u00a0\u00a0\u00a0\u00a0\u00a0\u00a0\u00a0\u00a0\u00a0 \u00a0\u00a0\u00a0\u00a0\u00a0\u00a0\u00a0\u00a0\u00a0\u00a0\u00a0\u00a0\u00a0\u00a0\u00a0 13.00 \u2013 16.00<\/div>\n<div class=\"x_elementToProof\">P\u00e9ntek\u00a0\u00a0\u00a0\u00a0\u00a0\u00a0\u00a0\u00a0\u00a0\u00a0\u00a0\u00a0\u00a0\u00a0\u00a0\u00a0\u00a0\u00a0\u00a0\u00a0\u00a0\u00a0\u00a0\u00a0\u00a0\u00a0\u00a0\u00a0\u00a0\u00a0\u00a0\u00a0\u00a0\u00a0\u00a0\u00a0 8.00 &#8211; 14.00[\/vc_column_text][\/vc_column][\/vc_row]<\/div>\n<\/div>","protected":false},"excerpt":{"rendered":"<p>[vc_row][vc_column][vc_column_text]A Tanulm\u00e1nyi oszt\u00e1ly e-mail c\u00edme:\u00a0&#x74;a&#x6e;&#117;&#x6c;&#x6d;a&#x6e;&#121;&#x69;&#x40;d&#x72;&#104;&#x65;&#x2e;h&#x75; Hallgat\u00f3i fogad\u00f3\u00f3r\u00e1k a Tanulm\u00e1nyi oszt\u00e1lyon: H\u00e9tf\u0151\u00a0\u00a0\u00a0\u00a0\u00a0\u00a0\u00a0\u00a0\u00a0\u00a0\u00a0\u00a0\u00a0\u00a0\u00a0\u00a0\u00a0\u00a0\u00a0\u00a0\u00a0\u00a0\u00a0\u00a0\u00a0\u00a0\u00a0\u00a0\u00a0\u00a0\u00a0\u00a0\u00a0\u00a0\u00a0\u00a0\u00a0\u00a0\u00a0 8.00 &#8211; 12.00 Kedd\u00a0\u00a0\u00a0\u00a0\u00a0\u00a0\u00a0\u00a0\u00a0\u00a0\u00a0\u00a0\u00a0\u00a0\u00a0\u00a0\u00a0\u00a0\u00a0\u00a0\u00a0\u00a0\u00a0\u00a0\u00a0\u00a0\u00a0\u00a0\u00a0\u00a0\u00a0\u00a0\u00a0\u00a0\u00a0\u00a0 13.00 &#8211; 16.00 Szerda\u00a0\u00a0\u00a0\u00a0\u00a0\u00a0\u00a0\u00a0\u00a0\u00a0\u00a0\u00a0\u00a0\u00a0\u00a0\u00a0\u00a0\u00a0\u00a0\u00a0\u00a0\u00a0\u00a0\u00a0\u00a0\u00a0\u00a0\u00a0\u00a0\u00a0\u00a0\u00a0\u00a0\u00a0\u00a0\u00a0 8.00<\/p>\n","protected":false},"author":1,"featured_media":0,"parent":3183,"menu_order":5,"comment_status":"closed","ping_status":"closed","template":"page-tanszek.php","meta":{"_acf_changed":false,"footnotes":"","_links_to":"","_links_to_target":""},"class_list":["post-3187","page","type-page","status-publish","hentry"],"acf":[],"_links":{"self":[{"href":"https:\/\/drhe.hu\/en\/wp-json\/wp\/v2\/pages\/3187","targetHints":{"allow":["GET"]}}],"collection":[{"href":"https:\/\/drhe.hu\/en\/wp-json\/wp\/v2\/pages"}],"about":[{"href":"https:\/\/drhe.hu\/en\/wp-json\/wp\/v2\/types\/page"}],"author":[{"embeddable":true,"href":"https:\/\/drhe.hu\/en\/wp-json\/wp\/v2\/users\/1"}],"replies":[{"embeddable":true,"href":"https:\/\/drhe.hu\/en\/wp-json\/wp\/v2\/comments?post=3187"}],"version-history":[{"count":6,"href":"https:\/\/drhe.hu\/en\/wp-json\/wp\/v2\/pages\/3187\/revisions"}],"predecessor-version":[{"id":24304,"href":"https:\/\/drhe.hu\/en\/wp-json\/wp\/v2\/pages\/3187\/revisions\/24304"}],"up":[{"embeddable":true,"href":"https:\/\/drhe.hu\/en\/wp-json\/wp\/v2\/pages\/3183"}],"wp:attachment":[{"href":"https:\/\/drhe.hu\/en\/wp-json\/wp\/v2\/media?parent=3187"}],"curies":[{"name":"wp","href":"https:\/\/api.w.org\/{rel}","templated":true}]}}