{"id":3192,"date":"2021-10-21T10:45:58","date_gmt":"2021-10-21T08:45:58","guid":{"rendered":"http:\/\/new.drhe.hu\/?page_id=3192"},"modified":"2025-08-18T13:02:34","modified_gmt":"2025-08-18T11:02:34","slug":"uj-hallgatoknak","status":"publish","type":"page","link":"https:\/\/drhe.hu\/en\/hallgatoknak\/tanulmanyi-informaciok\/altalanos-informaciok\/altalanos-tanulmanyi-informaciok\/uj-hallgatoknak\/","title":{"rendered":"\u00daj hallgat\u00f3knak"},"content":{"rendered":"<div class=\"wpb-content-wrapper\"><p>[vc_row][vc_column][vc_tta_tabs][vc_tta_section title=&#8221;Beiratkoz\u00e1si tudnival\u00f3k&#8221; tab_id=&#8221;1634805366831-a71fcadb-d3d5&#8243;][vc_column_text]<\/p>\n<p>A beiratkoz\u00e1shoz sz\u00fcks\u00e9ges \u00e9s k\u00e9rj\u00fck, hozza mag\u00e1val:<\/p>\n<ul>\n<li><strong>2 db igazolv\u00e1nyk\u00e9p<\/strong>\u00a0(z\u00e1rt fels\u0151ben k\u00e9sz\u00fclt)<\/li>\n<li><strong>eredeti<\/strong>\u00a0<strong>\u00e9retts\u00e9gi bizony\u00edtv\u00e1ny<\/strong>\u00a0\u00e9s f\u00e9nym\u00e1solata<\/li>\n<li><strong>eredeti nyelvvizsga bizony\u00edtv\u00e1ny\u00a0<\/strong>(ha van) \u00e9s f\u00e9nym\u00e1solata<\/li>\n<li><strong>kit\u00f6lt\u00f6tt\u00a0<\/strong><em>iratkoz\u00e1si lap<\/em>\u00a0(a Neptun kezd\u0151oldalr\u00f3l let\u00f6lthet\u0151 lesz augusztus 10. ut\u00e1n)<\/li>\n<li>esetlegesen<strong>\u00a0oklev\u00e9l\u00a0<\/strong>\u00e9s f\u00e9nym\u00e1solata<\/li>\n<li>fels\u0151fok\u00fa szakk\u00e9pz\u00e9sben szerzett bizony\u00edtv\u00e1ny, OKJ-s bizony\u00edtv\u00e1ny f\u00e9nym\u00e1solata (ha van)<\/li>\n<li><strong>szem\u00e9lyi igazolv\u00e1ny, lakc\u00edmk\u00e1rtya f\u00e9nym\u00e1solata<\/strong><\/li>\n<li><strong>banksz\u00e1mlasz\u00e1m<\/strong><\/li>\n<li><strong>ad\u00f3azonos\u00edt\u00f3, TAJ sz\u00e1m, OM azonos\u00edt\u00f3 f\u00e9nym\u00e1solata<\/strong><\/li>\n<li><strong>NEK adatlap<\/strong>\u00a0f\u00e9nym\u00e1solata a di\u00e1kigazolv\u00e1ny ig\u00e9nyl\u00e9shez (Okm\u00e1nyirod\u00e1ban kell csin\u00e1ltatni)<\/li>\n<li><strong>\u00dcgyf\u00e9lkapu<\/strong>\u00a0regisztr\u00e1ci\u00f3 igazol\u00e1sa (\u00e1llami \u00f6szt\u00f6nd\u00edjas hallgat\u00f3knak)<\/li>\n<\/ul>\n<p><em>Felh\u00edvjuk a figyelm\u00e9t arra, hogy amennyiben nem rendelkezik ad\u00f3azonos\u00edt\u00f3val \u00e9s banksz\u00e1ml\u00e1val (bankk\u00e1rty\u00e1val egy\u00fctt), valamint \u00dcgyf\u00e9lkapu regisztr\u00e1ci\u00f3val, m\u00e9g a tan\u00e9v kezdete el\u0151tt felt\u00e9tlen\u00fcl p\u00f3tolja ezeket!<\/em><\/p>\n<p>A felsorolt dokumentumok felt\u00e9tlen\u00fcl sz\u00fcks\u00e9gesek a hallgat\u00f3i nyilv\u00e1ntart\u00e1shoz, ez\u00e9rt k\u00e9rj\u00fck, hogy mindenk\u00e9ppen hozz\u00e1k magukkal a beiratkoz\u00e1sra.<\/p>\n<p>Az egyetem honlapj\u00e1n az <a href=\"http:\/\/drhe.hu\/hallgatoknak\/tanulmanyi-informaciok\/altalanos-informaciok\/elsos-evfolyam-tajekoztato-dokumentumai\/\">Els\u0151s \u00e9vfolyam t\u00e1j\u00e9koztat\u00f3 dokumentumai<\/a>\u00a0oldalon tal\u00e1lja az Els\u0151 \u00e9vfolyamos hallgat\u00f3knak sz\u00f3l\u00f3 Int\u00e9zm\u00e9nyi t\u00e1j\u00e9koztat\u00f3t, amely tartalmazza az \u00f6sszes tudnival\u00f3t az int\u00e9zm\u00e9ny\u00fcnkr\u0151l, a di\u00e1k\u00e9letr\u0151l \u00e9s az elj\u00f6vend\u0151 tanulm\u00e1nyair\u00f3l. Megtal\u00e1lja rajta a szakj\u00e1hoz tartoz\u00f3 \u201eMintatantervet\u201d, \u00e9s minden egy\u00e9b fontos tanulm\u00e1nyi inform\u00e1ci\u00f3t. K\u00e9rj\u00fck, mindenk\u00e9ppen tanulm\u00e1nyozza \u00e1t ezt az anyagot. Ha b\u00e1rmilyen k\u00e9rd\u00e9se van, keresse b\u00e1tran a di\u00e1kvezet\u0151ket vagy a Tanulm\u00e1nyi oszt\u00e1ly munkat\u00e1rsait. [\/vc_column_text][\/vc_tta_section][vc_tta_section title=&#8221;Hallgat\u00f3i fogadalom sz\u00f6vege&#8221; tab_id=&#8221;1634805366846-d6a669b3-6ec6&#8243;][vc_column_text]<em>\u00c9n, &#8230;&#8230;&#8230;&#8230;&#8230;&#8230;&#8230;<\/em><\/p>\n<p><em>egyetem\u00fcnk k\u00f6z\u00f6ss\u00e9ge el\u0151tt fogadom,<br \/>\nhogy a Debreceni Reform\u00e1tus Hittudom\u00e1nyi Egyetem<br \/>\nszab\u00e1lyzatait \u00e9s rendelkez\u00e9seit<br \/>\nmagamra n\u00e9zve k\u00f6telez\u0151nek ismerem el,<br \/>\nazokat legjobb igyekezetem szerint megtartom.<br \/>\nA Magyarorsz\u00e1gi Reform\u00e1tus Egyh\u00e1z hitelveit,<br \/>\nerk\u00f6lcsi \u00e9s szellemi \u00e9rt\u00e9keit<br \/>\ntiszteletben tartom,<br \/>\ntanulm\u00e1nyaim eg\u00e9sz ideje alatt<br \/>\naz egyetem j\u00f3 h\u00edr\u00e9nek gyarap\u00edt\u00e1s\u00e1n munk\u00e1lkodom.<br \/>\nIsten seg\u00edts\u00e9g\u00e9vel arra t\u00f6rekszem,<br \/>\nhogy v\u00e1lasztott hivat\u00e1somra<br \/>\nlelkiismeretesen, mindenben felk\u00e9sz\u00fcljek.<\/em><\/p>\n<p>A fogadalmat kivev\u0151 v\u00e1lasza:<br \/>\nFogadalmatok teljes\u00edt\u00e9s\u00e9ben a Szenth\u00e1roms\u00e1g Isten legyen seg\u00edts\u00e9getekre![\/vc_column_text][\/vc_tta_section][\/vc_tta_tabs][\/vc_column][\/vc_row]<\/p>\n<\/div>","protected":false},"excerpt":{"rendered":"<p>[vc_row][vc_column][vc_tta_tabs][vc_tta_section title=&#8221;Beiratkoz\u00e1si tudnival\u00f3k&#8221; tab_id=&#8221;1634805366831-a71fcadb-d3d5&#8243;][vc_column_text] A beiratkoz\u00e1shoz sz\u00fcks\u00e9ges \u00e9s k\u00e9rj\u00fck, hozza mag\u00e1val: 2 db igazolv\u00e1nyk\u00e9p\u00a0(z\u00e1rt fels\u0151ben k\u00e9sz\u00fclt) eredeti\u00a0\u00e9retts\u00e9gi bizony\u00edtv\u00e1ny\u00a0\u00e9s f\u00e9nym\u00e1solata eredeti<\/p>\n","protected":false},"author":1,"featured_media":0,"parent":3190,"menu_order":0,"comment_status":"closed","ping_status":"closed","template":"","meta":{"_acf_changed":false,"footnotes":"","_links_to":"","_links_to_target":""},"class_list":["post-3192","page","type-page","status-publish","hentry"],"acf":[],"_links":{"self":[{"href":"https:\/\/drhe.hu\/en\/wp-json\/wp\/v2\/pages\/3192","targetHints":{"allow":["GET"]}}],"collection":[{"href":"https:\/\/drhe.hu\/en\/wp-json\/wp\/v2\/pages"}],"about":[{"href":"https:\/\/drhe.hu\/en\/wp-json\/wp\/v2\/types\/page"}],"author":[{"embeddable":true,"href":"https:\/\/drhe.hu\/en\/wp-json\/wp\/v2\/users\/1"}],"replies":[{"embeddable":true,"href":"https:\/\/drhe.hu\/en\/wp-json\/wp\/v2\/comments?post=3192"}],"version-history":[{"count":7,"href":"https:\/\/drhe.hu\/en\/wp-json\/wp\/v2\/pages\/3192\/revisions"}],"predecessor-version":[{"id":24302,"href":"https:\/\/drhe.hu\/en\/wp-json\/wp\/v2\/pages\/3192\/revisions\/24302"}],"up":[{"embeddable":true,"href":"https:\/\/drhe.hu\/en\/wp-json\/wp\/v2\/pages\/3190"}],"wp:attachment":[{"href":"https:\/\/drhe.hu\/en\/wp-json\/wp\/v2\/media?parent=3192"}],"curies":[{"name":"wp","href":"https:\/\/api.w.org\/{rel}","templated":true}]}}