{"id":3202,"date":"2021-10-21T11:31:52","date_gmt":"2021-10-21T09:31:52","guid":{"rendered":"http:\/\/new.drhe.hu\/?page_id=3202"},"modified":"2021-10-21T11:32:37","modified_gmt":"2021-10-21T09:32:37","slug":"allami-osztondij-atsorolas","status":"publish","type":"page","link":"https:\/\/drhe.hu\/en\/hallgatoknak\/tanulmanyi-informaciok\/altalanos-informaciok\/allami-osztondij-atsorolas\/","title":{"rendered":"\u00c1llami \u00f6szt\u00f6nd\u00edj, \u00e1tsorol\u00e1s"},"content":{"rendered":"<div class=\"wpb-content-wrapper\"><p>[vc_row][vc_column][zk_button btn_text=&#8221;T\u00e1j\u00e9koztat\u00f3 a magyar \u00e1llami \u00f6szt\u00f6nd\u00edjjal t\u00e1mogatott k\u00e9pz\u00e9s saj\u00e1tos felt\u00e9teleir\u0151l&#8221; button_link=&#8221;url:http%3A%2F%2Fnew.drhe.hu%2Fwp-content%2Fuploads%2F2021%2F10%2Freszletes_tajekoztato_a_magyar_allami_osztondij_felteteleirol.pdf|target:_blank&#8221; btn_align=&#8221;text-center&#8221;][vc_empty_space height=&#8221;50px&#8221;][vc_column_text]<\/p>\n<h3 class=\"rtecenter\" style=\"text-align: center;\"><strong>\u00c1tsorol\u00e1s az \u00e1llamilag\/magyar \u00e1llami (r\u00e9sz) \u00f6szt\u00f6nd\u00edjjal t\u00e1mogatott \u00e9s a k\u00f6lts\u00e9gt\u00e9r\u00edt\u00e9ses\/\u00f6nk\u00f6lts\u00e9ges k\u00e9pz\u00e9s k\u00f6z\u00f6tt (TVSZ)<\/strong><\/h3>\n<p class=\"rtecenter\" style=\"text-align: center;\"><strong>23. \u00a7<\/strong><\/p>\n<p class=\"rtejustify\">(1) A DRHE hallgat\u00f3ja \u2013 fels\u0151fok\u00fa\/fels\u0151oktat\u00e1si szakk\u00e9pz\u00e9sben, alapk\u00e9pz\u00e9sben \u00e9s mesterk\u00e9pz\u00e9sben \u2013 \u00f6sszesen tizenk\u00e9t f\u00e9l\u00e9ven \u00e1t (a tov\u00e1bbiakban: t\u00e1mogat\u00e1si id\u0151) folytathat a fels\u0151oktat\u00e1sban tanulm\u00e1nyokat \u00e1llamilag t\u00e1mogatott\/\u00e1llami (r\u00e9sz) \u00f6szt\u00f6nd\u00edjas k\u00e9pz\u00e9sben (a tov\u00e1bbiakban: \u00e1llamilag t\u00e1mogatott k\u00e9pz\u00e9s). A fogyat\u00e9koss\u00e1ggal \u00e9l\u0151 hallgat\u00f3 t\u00e1mogat\u00e1si ideje n\u00e9gy f\u00e9l\u00e9vvel megn\u00f6velhet\u0151. A t\u00e1mogat\u00e1si id\u0151be be kell sz\u00e1m\u00edtani a megkezdett \u00e1llamilag t\u00e1mogatott f\u00e9l\u00e9vet is, kiv\u00e9ve, ha betegs\u00e9g, sz\u00fcl\u00e9s vagy m\u00e1s, a hallgat\u00f3nak fel nem r\u00f3hat\u00f3 ok miatt nem siker\u00fclt befejezni a f\u00e9l\u00e9vet. A t\u00e1mogat\u00e1si id\u0151 legfeljebb tizenn\u00e9gy f\u00e9l\u00e9v, ha a hallgat\u00f3 egys\u00e9ges, osztatlan k\u00e9pz\u00e9sben vesz r\u00e9szt \u00e9s a k\u00e9pz\u00e9si k\u00f6vetelm\u00e9nyek szerint a k\u00e9pz\u00e9si id\u0151 meghaladja a t\u00edz f\u00e9l\u00e9vet.<\/p>\n<p class=\"rtejustify\">A doktori k\u00e9pz\u00e9sben r\u00e9szt vev\u0151 hallgat\u00f3 t\u00e1mogat\u00e1si ideje tov\u00e1bbi, legfeljebb hat f\u00e9l\u00e9v. Az \u00e1llamilag t\u00e1mogatott k\u00e9pz\u00e9sben val\u00f3 r\u00e9szv\u00e9telt nem z\u00e1rja ki a fels\u0151oktat\u00e1sban szerzett fokozat \u00e9s szakk\u00e9pzetts\u00e9g megl\u00e9te, azzal a megk\u00f6t\u00e9ssel, hogy azonos k\u00e9pz\u00e9si ciklusban \u00e1llamilag t\u00e1mogatott k\u00e9pz\u00e9sben kiz\u00e1r\u00f3lag az (5) bekezd\u00e9s szerinti felt\u00e9telek fenn\u00e1ll\u00e1sa eset\u00e9n folytathat\u00f3k tanulm\u00e1nyok. Ezt a rendelkez\u00e9st alkalmazni kell a fels\u0151fok\u00fa\/fels\u0151oktat\u00e1si szakk\u00e9pz\u00e9s tekintet\u00e9ben is.<\/p>\n<p class=\"rtejustify\">A t\u00e1mogat\u00e1si id\u0151 sz\u00e1m\u00edt\u00e1sakor nem kell figyelembe venni a megkezdett f\u00e9l\u00e9vet, ha betegs\u00e9g, sz\u00fcl\u00e9s vagy m\u00e1s, a hallgat\u00f3nak fel nem r\u00f3hat\u00f3 ok miatt nem siker\u00fclt befejezni a f\u00e9l\u00e9vet, tov\u00e1bb\u00e1 ha az adott f\u00e9l\u00e9vr\u0151l a nemzeti fels\u0151oktat\u00e1sr\u00f3l sz\u00f3l\u00f3 t\u00f6rv\u00e9ny egy\u00e9b okok miatt \u00fagy rendelkezik.<\/p>\n<p class=\"rtejustify\">(2) A hallgat\u00f3 \u00e1ltal ig\u00e9nybe vett t\u00e1mogat\u00e1si id\u0151nek min\u0151s\u00fcl minden olyan f\u00e9l\u00e9v, amelyre a hallgat\u00f3 bejelentkezett\/regisztr\u00e1lt, kiv\u00e9ve a jogszab\u00e1lyban meghat\u00e1rozott eseteket.<\/p>\n<p class=\"rtejustify\">(3) Ha a hallgat\u00f3 kimer\u00edtette a rendelkez\u00e9s\u00e9re \u00e1ll\u00f3 t\u00e1mogat\u00e1si id\u0151t, a DRHE-n csak k\u00f6lts\u00e9gt\u00e9r\u00edt\u00e9ses\/\u00f6nk\u00f6lts\u00e9ges k\u00e9pz\u00e9si form\u00e1ban folytathat tanulm\u00e1nyokat, s a hallgat\u00f3 az adott tan\u00e9vben tanulm\u00e1nyaikat megkezd\u0151 hallgat\u00f3kra vonatkoz\u00f3 k\u00f6lts\u00e9gt\u00e9r\u00edt\u00e9si\/\u00f6nk\u00f6lts\u00e9g \u00f6sszeget k\u00f6teles fizetni.<\/p>\n<p class=\"rtejustify\">(4) Az adott fokozat (oklev\u00e9l) megszerz\u00e9s\u00e9hez ig\u00e9nybe vehet\u0151 t\u00e1mogat\u00e1si id\u0151 legfeljebb k\u00e9t f\u00e9l\u00e9vvel lehet hosszabb, mint az adott tanulm\u00e1nyok k\u00e9pz\u00e9si ideje.<\/p>\n<p class=\"rtejustify\">Az adott szak t\u00e1mogat\u00e1si idej\u00e9be az azonos szakon kor\u00e1bban ig\u00e9nybe vett t\u00e1mogat\u00e1si id\u0151t be kell sz\u00e1m\u00edtani.<\/p>\n<p class=\"rtejustify\">Ha a hallgat\u00f3 az \u00edgy meghat\u00e1rozott t\u00e1mogat\u00e1si id\u0151 alatt az adott fokozatot (oklevelet) nem tudja megszerezni, a tanulm\u00e1nyait e szakon \u00f6nk\u00f6lts\u00e9ges k\u00e9pz\u00e9si form\u00e1ban folytathatja, s az adott tan\u00e9vben tanulm\u00e1nyaikat megkezd\u0151 hallgat\u00f3kra vonatkoz\u00f3 k\u00f6lts\u00e9gt\u00e9r\u00edt\u00e9si\/\u00f6nk\u00f6lts\u00e9g \u00f6sszeget kell fizetnie.<\/p>\n<p class=\"rtejustify\">(5) Az \u00e1llami (r\u00e9sz)\u00f6szt\u00f6nd\u00edjjal t\u00e1mogatott k\u00e9pz\u00e9sben val\u00f3 r\u00e9szv\u00e9telt nem z\u00e1rja ki a fels\u0151oktat\u00e1sban szerzett fokozat \u00e9s szakk\u00e9pzetts\u00e9g megl\u00e9te, azzal, hogy aki egy k\u00e9pz\u00e9si ciklusban \u00e1llami (r\u00e9sz)\u00f6szt\u00f6nd\u00edjas k\u00e9pz\u00e9sben tanulm\u00e1nyokat folytat, ugyanazon k\u00e9pz\u00e9si ciklusba tartoz\u00f3 tov\u00e1bbi (p\u00e1rhuzamos) k\u00e9pz\u00e9s folytat\u00e1sa eset\u00e9n a t\u00e1mogat\u00e1si id\u0151b\u0151l f\u00e9l\u00e9vente a p\u00e1rhozamosan folytatott \u00e1llami (r\u00e9sz)\u00f6szt\u00f6nd\u00edjjal t\u00e1mogatott k\u00e9pz\u00e9sek sz\u00e1m\u00e1nak megfelel\u0151 sz\u00e1m\u00fa f\u00e9l\u00e9vet le kell vonni.<\/p>\n<p class=\"rtejustify\">(6) A DRHE tan\u00e9venk\u00e9nt k\u00f6teles \u00f6nk\u00f6lts\u00e9ges k\u00e9pz\u00e9sre \u00e1tsorolni azt a magyar \u00e1llami<\/p>\n<p class=\"rtejustify\">(r\u00e9sz)\u00f6szt\u00f6nd\u00edjjal t\u00e1mogatott k\u00e9pz\u00e9sben r\u00e9szt vev\u0151, a DRHE nem hit\u00e9leti szak\u00e1n tanulm\u00e1nyokat folytat\u00f3 hallgat\u00f3t, aki<\/p>\n<p class=\"rtejustify\">az utols\u00f3 k\u00e9t olyan f\u00e9l\u00e9v \u00e1tlag\u00e1ban, amelyben hallgat\u00f3i jogviszonya nem sz\u00fcnetelt, illetve nem a DRHE-vel megk\u00f6t\u00f6tt k\u00e9pz\u00e9si meg\u00e1llapod\u00e1s keret\u00e9ben teljes\u00edtett k\u00fclf\u00f6ldi k\u00e9pz\u00e9sben vett r\u00e9szt, nem szerzett legal\u00e1bb tizennyolc kreditet \u00e9s nem \u00e9rte el a Korm\u00e1ny rendelet\u00e9ben meghat\u00e1rozott tanulm\u00e1nyi \u00e1tlagot,<\/p>\n<p class=\"rtejustify\">aki az \u00e1llai (r\u00e9sz)\u00f6szt\u00f6nd\u00edjas k\u00e9pz\u00e9s felt\u00e9teleinek v\u00e1llal\u00e1s\u00e1r\u00f3l a beiratkoz\u00e1skor tett nyilatkozat\u00e1t vissza vonta.<\/p>\n<p class=\"rtejustify\">(7) A (6) bekezd\u00e9sben foglalt felt\u00e9telek alapj\u00e1n az \u00e1tsorol\u00e1ssal \u00e9rintett \u00e1llamilag t\u00e1mogatott k\u00e9pz\u00e9sben r\u00e9szt vev\u0151 hallgat\u00f3k sz\u00e1ma a tan\u00e9vben a DRHE nem hit\u00e9leti szakjain \u00e1llamilag t\u00e1mogatott k\u00e9pz\u00e9sben r\u00e9szt vev\u0151 hallgat\u00f3inak 15%-\u00e1igterjed.<\/p>\n<p class=\"rtejustify\">(8) Az \u00e1tsorol\u00e1si d\u00f6nt\u00e9s sor\u00e1n azokat a hallgat\u00f3kat nem kell figyelembe venni, akik a<\/p>\n<p class=\"rtejustify\">DRHE-n legfeljebb egy k\u00e9pz\u00e9si id\u0151szakban folytattak tanulm\u00e1nyokat, tov\u00e1bb\u00e1 akik betegs\u00e9g, sz\u00fcl\u00e9s vagy m\u00e1s, a hallgat\u00f3nak fel nem r\u00f3hat\u00f3 ok miatt f\u00e9l\u00e9v\u00fcket nem tudt\u00e1k befejezni.<\/p>\n<p class=\"rtejustify\">(9) Amennyiben az oktat\u00e1si rektorhelyettes meg\u00e1llap\u00edtja, hogy a DRHE nem hit\u00e9leti szakjain \u00e1llamilag t\u00e1mogatott k\u00e9pz\u00e9sben r\u00e9szt vev\u0151 hallgat\u00f3inak 15%-\u00e1t meghalad\u00f3 sz\u00e1m\u00fa hallgat\u00f3t kellene \u00e1tsorolni k\u00f6lts\u00e9gt\u00e9r\u00edt\u00e9ses k\u00e9pz\u00e9si form\u00e1ra, a hallgat\u00f3k \u00f6sszes\u00edtett korrig\u00e1lt kreditindexe alapj\u00e1n legjobban teljes\u00edtett hallgat\u00f3kat kell az \u00e1tsorol\u00e1s al\u00f3l mentes\u00edtenie.<\/p>\n<p class=\"rtejustify\">(10) A (6) bekezd\u00e9sben meghat\u00e1rozott d\u00f6nt\u00e9st fels\u0151fok\u00fa\/fels\u0151oktat\u00e1si szakk\u00e9pz\u00e9sben szakk\u00e9pz\u00e9senk\u00e9nt, alapk\u00e9pz\u00e9sben \u00e9s mesterk\u00e9pz\u00e9sben szakonk\u00e9nt, k\u00e9pz\u00e9si \u00e1gank\u00e9nt vagy k\u00e9pz\u00e9si ter\u00fcletenk\u00e9nt kell meghozni. Azonos kreditindex\u0171 hallgat\u00f3k eset\u00e9ben a d\u00f6nt\u00e9snek azonosnak kell lennie.<\/p>\n<p class=\"rtejustify\">A magyar \u00e1llami \u00f6szt\u00f6nd\u00edjjal t\u00e1mogatott k\u00e9pz\u00e9sre felvett hallgat\u00f3 hely\u00e9re magyar \u00e1llami r\u00e9sz\u00f6szt\u00f6nd\u00edjjal t\u00e1mogatott k\u00e9pz\u00e9sben r\u00e9szt vev\u0151 hallgat\u00f3 is \u00e1tsorolhat\u00f3.<\/p>\n<p class=\"rtejustify\">(11) A (6) bekezd\u00e9sben meghat\u00e1rozott d\u00f6nt\u00e9s a rektor hat\u00e1sk\u00f6re.<\/p>\n<p class=\"rtejustify\">(12) A (6) bekezd\u00e9sben meghat\u00e1rozott d\u00f6nt\u00e9s alapj\u00e1n \u00e1tsorolt hallgat\u00f3 az adott tan\u00e9vben tanulm\u00e1nyaikat megkezd\u0151 hallgat\u00f3kra vonatkoz\u00f3 k\u00f6lts\u00e9gt\u00e9r\u00edt\u00e9si \u00f6sszeget k\u00f6teles fizetni.<\/p>\n<p class=\"rtejustify\">(13) Ha az \u00e1llamilag t\u00e1mogatott hallgat\u00f3i l\u00e9tsz\u00e1mkeretre felvett hallgat\u00f3nak a tanulm\u00e1nyai befejez\u00e9se el\u0151tt megsz\u0171nik a hallgat\u00f3i jogviszonya, illetve az (1)-(6) bekezd\u00e9sben r\u00f6gz\u00edtett vagy b\u00e1rmely egy\u00e9b okb\u00f3l tanulm\u00e1nyait k\u00f6lts\u00e9gt\u00e9r\u00edt\u00e9ses k\u00e9pz\u00e9sben folytatja tov\u00e1bb, hely\u00e9re \u2013 ilyen ir\u00e1ny\u00fa k\u00e9relem eset\u00e9n \u2013 k\u00f6lts\u00e9gt\u00e9r\u00edt\u00e9ses form\u00e1ban tanulm\u00e1nyokat folytat\u00f3, kiemelked\u0151 tanulm\u00e1nyi teljes\u00edtm\u00e9ny\u0171 hallgat\u00f3 l\u00e9phet.<\/p>\n<p class=\"rtejustify\">(14) Meg\u00fcr\u00fclt \u00e1llamilag t\u00e1mogatott hallgat\u00f3i l\u00e9tsz\u00e1mkeretre az vehet\u0151 \u00e1t, aki<\/p>\n<p class=\"rtejustify\">a) az utols\u00f3 k\u00e9t bejelentkezett f\u00e9l\u00e9v\u00e9ben megszerezte az aj\u00e1nlott tantervben el\u0151\u00edrt kreditmennyis\u00e9gnek legal\u00e1bb az 50%-\u00e1t \u00e9s az \u00f6sszes\u00edtett korrig\u00e1lt kreditindex alapj\u00e1n l\u00e9trehozott hallgat\u00f3i rangsor elej\u00e9n l\u00e9v\u0151 hallgat\u00f3, tov\u00e1bb\u00e1 akinek<\/p>\n<p class=\"rtejustify\">b) az \u00f6sszes\u00edtett korrig\u00e1lt kreditindexe magasabb, mint az \u00e1llamilag t\u00e1mogatott hallgat\u00f3k \u00f6sszes\u00edtett korrig\u00e1lt kreditindex-jegyz\u00e9k\u00e9n a rangsor als\u00f3 \u00f6t\u00f6d\u00e9n\u00e9l elhelyezked\u0151 hallgat\u00f3 \u00f6sszes\u00edtett kreditindexe.<\/p>\n<p class=\"rtejustify\">(15) Az oktat\u00e1si rektorhelyettesnek a k\u00f6vetkez\u0151 k\u00e9pz\u00e9si id\u0151szakra \u00e1llamilag t\u00e1mogatott form\u00e1ra \u00e1tsorolhat\u00f3 hallgat\u00f3i l\u00e9tsz\u00e1m meghat\u00e1roz\u00e1s\u00e1hoz a hallgat\u00f3k tanulm\u00e1nyi teljes\u00edtm\u00e9nye alapj\u00e1n meg kell \u00e1llap\u00edtania, hogy<\/p>\n<p class=\"rtejustify\">a) az adott f\u00e9l\u00e9vben h\u00e1ny \u00e1llami (r\u00e9sz)\u00f6szt\u00f6nd\u00edjas \u00e9s h\u00e1ny \u00e1llamilag t\u00e1mogatott hallgat\u00f3nak sz\u0171nt meg a hallgat\u00f3i jogviszonya a v\u00e9gbizony\u00edtv\u00e1ny megszerz\u00e9se el\u0151tt,<\/p>\n<p class=\"rtejustify\">h\u00e1ny magyar \u00e1llami (r\u00e9sz)\u00f6szt\u00f6nd\u00edjas \u00e9s h\u00e1ny\u00e1llamilag t\u00e1mogatott hallgat\u00f3 van, aki \u00f6nk\u00f6lts\u00e9ges, illetve k\u00f6lts\u00e9gt\u00e9r\u00edt\u00e9ses k\u00e9pz\u00e9sre ker\u00fcl \u00e1tsorol\u00e1sra,<\/p>\n<p class=\"rtejustify\">h\u00e1ny olyan hallgat\u00f3 van, aki a lez\u00e1rt f\u00e9l\u00e9vvel m\u00e1r ig\u00e9nybe vette az adott szakon az (1) bekezd\u00e9s szerint rendelkez\u00e9sre \u00e1ll\u00f3 t\u00e1mogat\u00e1si id\u0151t.<\/p>\n<p class=\"rtejustify\">(16) Nem sorolhat\u00f3 \u00e1t \u00e1llamilag t\u00e1mogatott k\u00e9pz\u00e9si form\u00e1ra az a k\u00f6lts\u00e9gt\u00e9r\u00edt\u00e9ses hallgat\u00f3,<\/p>\n<p class=\"rtejustify\">a) akinek a kor\u00e1bban ig\u00e9nybe vett \u00e1llamilag t\u00e1mogatott f\u00e9l\u00e9veinek sz\u00e1ma<\/p>\n<p class=\"rtejustify\">kett\u0151vel \u2013 fogyat\u00e9koss\u00e1ggal \u00e9l\u0151 hallgat\u00f3k eset\u00e9ben n\u00e9ggyel \u2013 meghaladja az<\/p>\n<p class=\"rtejustify\">adott szak k\u00e9pz\u00e9si idej\u00e9t,<\/p>\n<p class=\"rtejustify\">aki a k\u00e9relem beny\u00fajt\u00e1s\u00e1nak id\u0151pontj\u00e1ban fegyelmi b\u00fcntet\u00e9s hat\u00e1lya alatt \u00e1ll.<\/p>\n<p class=\"rtejustify\">(17) Az \u00e1tsorol\u00e1st a hallgat\u00f3 az elektronikus tanulm\u00e1nyi nyilv\u00e1ntart\u00f3 rendszerben<\/p>\n<p class=\"rtejustify\">j\u00falius 15-\u00e9ig k\u00e9rv\u00e9nyezheti. A k\u00e9relem csak a leadott \u00e9s lez\u00e1rt leckek\u00f6nyv eset\u00e9n tekinthet\u0151 \u00e9rv\u00e9nyesnek.<\/p>\n<p class=\"rtejustify\">Az \u00f6nk\u00f6lts\u00e9ges hallgat\u00f3 csak magyar \u00e1llami \u00f6szt\u00f6nd\u00edjas k\u00e9pz\u00e9si form\u00e1ra, a k\u00f6lts\u00e9gt\u00e9r\u00edt\u00e9ses hallgat\u00f3 csak \u00e1llamilag t\u00e1mogatott k\u00e9pz\u00e9si form\u00e1ra k\u00e9rheti \u00e1tsorol\u00e1s\u00e1t.<\/p>\n<p class=\"rtejustify\">(18) A d\u00f6nt\u00e9st az \u00e1llamilag t\u00e1mogatott, illetve \u00f6nk\u00f6lts\u00e9ges\/k\u00f6lts\u00e9gt\u00e9r\u00edt\u00e9ses k\u00e9pz\u00e9si forma k\u00f6z\u00f6tti \u00e1tsorol\u00e1sr\u00f3l a d\u00f6nt\u00e9st minden \u00e9v j\u00falius 31. napj\u00e1ig, tan\u00e9venk\u00e9nt egyszer kell meghozni. Ha a felv\u00e9telt nyert jelentkez\u0151 vagy az \u00e1tsorol\u00e1st k\u00e9r\u0151 hallgat\u00f3 a magyar \u00e1llami (r\u00e9sz)\u00f6szt\u00f6nd\u00edjjal t\u00e1mogatott k\u00e9pz\u00e9s felt\u00e9teleit nem v\u00e1llalja, a fels\u0151oktat\u00e1si int\u00e9zm\u00e9nyek fel kell aj\u00e1nlania a r\u00e9sz\u00e9re ugyanazon k\u00e9pz\u00e9sre az \u00f6nk\u00f6lts\u00e9ges k\u00e9pz\u00e9sben val\u00f3 r\u00e9szv\u00e9tel lehet\u0151s\u00e9g\u00e9t.<\/p>\n<p class=\"rtejustify\">(19) A (13) bekezd\u00e9sben meghat\u00e1rozott d\u00f6nt\u00e9s<\/p>\n<p class=\"rtejustify\">a rektor hat\u00e1sk\u00f6re.<\/p>\n<p class=\"rtejustify\">(20) Az \u00e1t nem sorolt hallgat\u00f3k ugyanabban a k\u00e9pz\u00e9si (finansz\u00edroz\u00e1si) form\u00e1ban folytatj\u00e1k tanulm\u00e1nyaikat a k\u00f6vetkez\u0151 tan\u00e9vben, mint az azt megel\u0151z\u0151ben.<\/p>\n<p class=\"rtejustify\">(21) Teol\u00f3gia szak\u2013lelk\u00e9sz szakir\u00e1nyon az az \u00e1llamilag t\u00e1mogatott k\u00e9pz\u00e9sben r\u00e9szes\u00fcl\u0151 hallgat\u00f3, aki a 12. f\u00e9l\u00e9v v\u00e9g\u00e9ig nem teljes\u00edtette a seg\u00e9dlelk\u00e9szi \u00e9vre bocs\u00e1t\u00e1s tanulm\u00e1nyi felt\u00e9teleit, tanulm\u00e1nyait csak k\u00f6lts\u00e9gt\u00e9r\u00edt\u00e9ses\/\u00f6nk\u00f6lts\u00e9ges form\u00e1ban folytathatja. Amennyiben a hallgat\u00f3 a 12. f\u00e9l\u00e9v ut\u00e1n a seg\u00e9dlelk\u00e9szi \u00e9vre bocs\u00e1t\u00e1s tanulm\u00e1nyi felt\u00e9teleit teljes\u00edtette, a rektor a seg\u00e9dlelk\u00e9szi \u00e9v idej\u00e9re visszasorolja az \u00e1llamilag t\u00e1mogatott k\u00e9pz\u00e9si form\u00e1ra.<\/p>\n<p class=\"rtejustify\">(22) Az \u00e1tsorol\u00e1si d\u00f6nt\u00e9st minden \u00e9v j\u00falius 31. napj\u00e1ig, tan\u00e9venk\u00e9nt egyszer kell meghozni.<\/p>\n<p class=\"rtejustify\">(23) A k\u00f6lts\u00e9gt\u00e9r\u00edt\u00e9ses\/\u00f6nk\u00f6lts\u00e9ges form\u00e1ra \u00e1tsorolt hallgat\u00f3 az adott tan\u00e9vben tanulm\u00e1nyaikat megkezd\u0151 hallgat\u00f3kra vonatkoz\u00f3 k\u00f6lts\u00e9gt\u00e9r\u00edt\u00e9si \u00f6sszeget k\u00f6teles fizetni.<\/p>\n<p class=\"rtejustify\">(24) A k\u00f6lts\u00e9gvisel\u00e9si forma v\u00e1ltoz\u00e1s\u00e1r\u00f3l sz\u00f3l\u00f3 hat\u00e1rozatban a DRHE-nek \u2013 a hallgat\u00f3 Nftv. 47. \u00a7 (3)-(7) bekezd\u00e9se szerint rendelkez\u00e9sre \u00e1ll\u00f3 t\u00e1mogat\u00e1si idej\u00e9nek egyidej\u0171 megvizsg\u00e1l\u00e1s\u00e1val \u2013 meg kell hat\u00e1roznia, hogy a hallgat\u00f3 az \u00e1tsorol\u00e1st k\u00f6vet\u0151en maxim\u00e1lisan h\u00e1ny f\u00e9l\u00e9v t\u00e1mogatott id\u0151t tud ig\u00e9nybe venni.<\/p>\n<p class=\"rtejustify\"><strong>2011. \u00e9vi CCIV. t\u00f6rv\u00e9ny 47-48. \u00a7<\/strong><\/p>\n<p class=\"rtejustify\">47. \u00a7 (1) Egy szem\u00e9ly \u2013 fels\u0151oktat\u00e1si szakk\u00e9pz\u00e9sben, alapk\u00e9pz\u00e9sben \u00e9s mesterk\u00e9pz\u00e9sben \u00f6sszesen \u2013 tizenk\u00e9t f\u00e9l\u00e9ven \u00e1t folytathat a fels\u0151oktat\u00e1sban tanulm\u00e1nyokat magyar \u00e1llami (r\u00e9sz)\u00f6szt\u00f6nd\u00edjas k\u00e9pz\u00e9sben (a tov\u00e1bbiakban: t\u00e1mogat\u00e1si id\u0151). A t\u00e1mogat\u00e1si id\u0151 legfeljebb tizenn\u00e9gy f\u00e9l\u00e9v, ha a hallgat\u00f3 osztatlan k\u00e9pz\u00e9sben vesz r\u00e9szt \u00e9s a k\u00e9pz\u00e9si k\u00f6vetelm\u00e9nyek szerint a k\u00e9pz\u00e9si id\u0151 meghaladja a t\u00edz f\u00e9l\u00e9vet.<\/p>\n<p class=\"rtejustify\">\u2026\u2026.<\/p>\n<p class=\"rtejustify\">(3) Egy adott fokozat (oklev\u00e9l) megszerz\u00e9s\u00e9hez ig\u00e9nybe vehet\u0151 t\u00e1mogat\u00e1si id\u0151 legfeljebb k\u00e9t f\u00e9l\u00e9vvel \u2013 a (4) bekezd\u00e9s alkalmaz\u00e1s\u00e1val legfeljebb hat f\u00e9l\u00e9vvel \u2013 lehet hosszabb, mint az adott tanulm\u00e1nyok k\u00e9pz\u00e9si ideje. Az adott szak t\u00e1mogat\u00e1si idej\u00e9be az azonos szakon kor\u00e1bban ig\u00e9nybe vett t\u00e1mogat\u00e1si id\u0151t be kell sz\u00e1m\u00edtani. Ha a hallgat\u00f3 az \u00edgy meghat\u00e1rozott t\u00e1mogat\u00e1si id\u0151 alatt az adott fokozatot (oklevelet) nem tudja megszerezni, a tanulm\u00e1nyait e szakon \u00f6nk\u00f6lts\u00e9ges k\u00e9pz\u00e9si form\u00e1ban folytathatja akkor is, ha az (1) bekezd\u00e9s szerinti t\u00e1mogat\u00e1si id\u0151t egy\u00e9bk\u00e9nt m\u00e9g nem mer\u00edtette ki.<\/p>\n<p class=\"rtejustify\">(4) A fogyat\u00e9koss\u00e1ggal \u00e9l\u0151 hallgat\u00f3 (1) bekezd\u00e9sben meghat\u00e1rozott t\u00e1mogat\u00e1si idej\u00e9t a fels\u0151oktat\u00e1si int\u00e9zm\u00e9ny legfeljebb n\u00e9gy f\u00e9l\u00e9vvel megn\u00f6velheti. E kedvezm\u00e9ny t\u00f6bb fokozat (oklev\u00e9l) megszerz\u00e9s\u00e9hez is ig\u00e9nybe vehet\u0151, azzal hogy az e bekezd\u00e9sre tekintettel ig\u00e9nybe vett t\u00e1mogat\u00e1si id\u0151 \u00f6sszesen a n\u00e9gy f\u00e9l\u00e9vet nem haladhatja meg.<\/p>\n<p class=\"rtejustify\">(5) A hallgat\u00f3 \u00e1ltal ig\u00e9nybe vett t\u00e1mogat\u00e1si id\u0151nek min\u0151s\u00fcl minden olyan f\u00e9l\u00e9v, amelyre a hallgat\u00f3 bejelentkezett.<\/p>\n<p class=\"rtejustify\">(6) A t\u00e1mogat\u00e1si id\u0151 sz\u00e1m\u00edt\u00e1sakor nem kell figyelembe venni<\/p>\n<p class=\"rtejustify\">a) a megkezdett f\u00e9l\u00e9vet, ha betegs\u00e9g, sz\u00fcl\u00e9s vagy m\u00e1s, a hallgat\u00f3nak fel nem r\u00f3hat\u00f3 ok miatt nem siker\u00fclt befejezni a f\u00e9l\u00e9vet.<\/p>\n<p class=\"rtejustify\">\u2026\u2026<\/p>\n<p class=\"rtejustify\">(7) A magyar \u00e1llami (r\u00e9sz)\u00f6szt\u00f6nd\u00edjjal t\u00e1mogatott k\u00e9pz\u00e9sben val\u00f3 r\u00e9szv\u00e9telt nem z\u00e1rja ki a fels\u0151oktat\u00e1sban szerzett fokozat \u00e9s szakk\u00e9pzetts\u00e9g megl\u00e9te, azzal, hogy aki egy k\u00e9pz\u00e9si ciklusban magyar \u00e1llami (r\u00e9sz)\u00f6szt\u00f6nd\u00edjas k\u00e9pz\u00e9sben tanulm\u00e1nyokat folytat, ugyanazon k\u00e9pz\u00e9si ciklusba tartoz\u00f3 tov\u00e1bbi (p\u00e1rhuzamos) k\u00e9pz\u00e9s folytat\u00e1sa eset\u00e9n a t\u00e1mogat\u00e1si id\u0151b\u0151l f\u00e9l\u00e9vente a p\u00e1rhuzamosan folytatott \u00e1llami (r\u00e9sz)\u00f6szt\u00f6nd\u00edjjal t\u00e1mogatott k\u00e9pz\u00e9sek sz\u00e1m\u00e1nak megfelel\u0151 sz\u00e1m\u00fa f\u00e9l\u00e9vet le kell vonni.<\/p>\n<p class=\"rtejustify\">(8) Ha a hallgat\u00f3 kimer\u00edtette az e \u00a7-ban meghat\u00e1rozottak szerint rendelkez\u00e9s\u00e9re \u00e1ll\u00f3 t\u00e1mogat\u00e1si id\u0151t, csak \u00f6nk\u00f6lts\u00e9ges k\u00e9pz\u00e9si form\u00e1ban folytathat tanulm\u00e1nyokat a fels\u0151oktat\u00e1sban.<\/p>\n<p class=\"rtejustify\">48. \u00a7 (1) A hallgat\u00f3t magyar \u00e1llami (r\u00e9sz)\u00f6szt\u00f6nd\u00edjas vagy \u00f6nk\u00f6lts\u00e9ges k\u00e9pz\u00e9si form\u00e1ra kell besorolni.<\/p>\n<p class=\"rtejustify\">(2) A fels\u0151oktat\u00e1si int\u00e9zm\u00e9ny tan\u00e9venk\u00e9nt k\u00f6teles \u00f6nk\u00f6lts\u00e9ges k\u00e9pz\u00e9sre \u00e1tsorolni azt a magyar \u00e1llami (r\u00e9sz)\u00f6szt\u00f6nd\u00edjjal t\u00e1mogatott k\u00e9pz\u00e9sben r\u00e9szt vev\u0151 hallgat\u00f3t, aki az utols\u00f3 k\u00e9t olyan f\u00e9l\u00e9v \u00e1tlag\u00e1ban, amelyben hallgat\u00f3i jogviszonya nem sz\u00fcnetelt, illetve nem a 81. \u00a7 (3) \u00e9s (4) bekezd\u00e9s\u00e9ben meghat\u00e1rozott k\u00fclf\u00f6ldi k\u00e9pz\u00e9sben vett r\u00e9szt, nem szerzett legal\u00e1bb tizennyolc kreditet, \u00e9s nem \u00e9rte el az int\u00e9zm\u00e9ny szervezeti \u00e9s m\u0171k\u00f6d\u00e9si szab\u00e1lyzat\u00e1ban \u2013 a Korm\u00e1ny rendelet\u00e9ben meghat\u00e1rozottak szerint \u2013 meg\u00e1llap\u00edtott tanulm\u00e1nyi \u00e1tlagot, tov\u00e1bb\u00e1 azt, aki a 48\/D. \u00a7 (2) bekezd\u00e9se szerinti nyilatkozat\u00e1t visszavonja.<\/p>\n<p class=\"rtejustify\">\u2026\u2026<\/p>\n<p class=\"rtejustify\">(3) Ha a magyar \u00e1llami (r\u00e9sz)\u00f6szt\u00f6nd\u00edjjal t\u00e1mogatott k\u00e9pz\u00e9sre felvett hallgat\u00f3nak a tanulm\u00e1nyai befejez\u00e9se el\u0151tt megsz\u0171nik a hallgat\u00f3i jogviszonya, vagy a hallgat\u00f3 a tanulm\u00e1nyait b\u00e1rmely okb\u00f3l \u00f6nk\u00f6lts\u00e9ges form\u00e1ban folytatja tov\u00e1bb, hely\u00e9re \u2013 ilyen ir\u00e1ny\u00fa k\u00e9relem eset\u00e9n \u2013 a fels\u0151oktat\u00e1si int\u00e9zm\u00e9nyben \u00f6nk\u00f6lts\u00e9ges form\u00e1ban azonos szakon tanulm\u00e1nyokat folytat\u00f3 hallgat\u00f3 l\u00e9phet. Az \u00e1tsorol\u00e1sr\u00f3l a fels\u0151oktat\u00e1si int\u00e9zm\u00e9ny a magyar \u00e1llami (r\u00e9sz)\u00f6szt\u00f6nd\u00edjjal t\u00e1mogatott k\u00e9pz\u00e9sre \u00e1tsorol\u00e1s\u00e1t k\u00e9r\u0151 \u00f6nk\u00f6lts\u00e9ges hallgat\u00f3k tanulm\u00e1nyi teljes\u00edtm\u00e9nye alapj\u00e1n d\u00f6nt.<\/p>\n<p class=\"rtejustify\">(4) A magyar \u00e1llami \u00f6szt\u00f6nd\u00edjjal t\u00e1mogatott k\u00e9pz\u00e9sre felvett hallgat\u00f3 hely\u00e9re magyar \u00e1llami r\u00e9sz\u00f6szt\u00f6nd\u00edjjal t\u00e1mogatott k\u00e9pz\u00e9sben r\u00e9szt vev\u0151 hallgat\u00f3 is \u00e1tsorolhat\u00f3 a (3) bekezd\u00e9sben foglaltak szerint.<\/p>\n<p>[\/vc_column_text][\/vc_column][\/vc_row]<\/p>\n<\/div>","protected":false},"excerpt":{"rendered":"<p>[vc_row][vc_column][zk_button btn_text=&#8221;T\u00e1j\u00e9koztat\u00f3 a magyar \u00e1llami \u00f6szt\u00f6nd\u00edjjal t\u00e1mogatott k\u00e9pz\u00e9s saj\u00e1tos felt\u00e9teleir\u0151l&#8221; button_link=&#8221;url:http%3A%2F%2Fnew.drhe.hu%2Fwp-content%2Fuploads%2F2021%2F10%2Freszletes_tajekoztato_a_magyar_allami_osztondij_felteteleirol.pdf|target:_blank&#8221; btn_align=&#8221;text-center&#8221;][vc_empty_space height=&#8221;50px&#8221;][vc_column_text] \u00c1tsorol\u00e1s az \u00e1llamilag\/magyar \u00e1llami (r\u00e9sz) \u00f6szt\u00f6nd\u00edjjal t\u00e1mogatott<\/p>\n","protected":false},"author":1,"featured_media":0,"parent":3183,"menu_order":10,"comment_status":"closed","ping_status":"closed","template":"","meta":{"_acf_changed":false,"footnotes":"","_links_to":"","_links_to_target":""},"class_list":["post-3202","page","type-page","status-publish","hentry"],"acf":[],"_links":{"self":[{"href":"https:\/\/drhe.hu\/en\/wp-json\/wp\/v2\/pages\/3202","targetHints":{"allow":["GET"]}}],"collection":[{"href":"https:\/\/drhe.hu\/en\/wp-json\/wp\/v2\/pages"}],"about":[{"href":"https:\/\/drhe.hu\/en\/wp-json\/wp\/v2\/types\/page"}],"author":[{"embeddable":true,"href":"https:\/\/drhe.hu\/en\/wp-json\/wp\/v2\/users\/1"}],"replies":[{"embeddable":true,"href":"https:\/\/drhe.hu\/en\/wp-json\/wp\/v2\/comments?post=3202"}],"version-history":[{"count":2,"href":"https:\/\/drhe.hu\/en\/wp-json\/wp\/v2\/pages\/3202\/revisions"}],"predecessor-version":[{"id":3205,"href":"https:\/\/drhe.hu\/en\/wp-json\/wp\/v2\/pages\/3202\/revisions\/3205"}],"up":[{"embeddable":true,"href":"https:\/\/drhe.hu\/en\/wp-json\/wp\/v2\/pages\/3183"}],"wp:attachment":[{"href":"https:\/\/drhe.hu\/en\/wp-json\/wp\/v2\/media?parent=3202"}],"curies":[{"name":"wp","href":"https:\/\/api.w.org\/{rel}","templated":true}]}}