{"id":3206,"date":"2021-10-21T11:33:43","date_gmt":"2021-10-21T09:33:43","guid":{"rendered":"http:\/\/new.drhe.hu\/?page_id=3206"},"modified":"2022-03-07T08:58:35","modified_gmt":"2022-03-07T07:58:35","slug":"kulfoldi-allampolgarok-magyarorszagi-tartozkodasaval-kapcsolatos-tudnivalok","status":"publish","type":"page","link":"https:\/\/drhe.hu\/en\/hallgatoknak\/tanulmanyi-informaciok\/altalanos-informaciok\/kulfoldi-allampolgarok-magyarorszagi-tartozkodasaval-kapcsolatos-tudnivalok\/","title":{"rendered":"K\u00fclf\u00f6ldi \u00e1llampolg\u00e1rok magyarorsz\u00e1gi tart\u00f3zkod\u00e1s\u00e1val kapcsolatos tudnival\u00f3k"},"content":{"rendered":"<div class=\"wpb-content-wrapper\"><p>[vc_row][vc_column][vc_column_text]<strong>EGT \u00e1llampolg\u00e1r regisztr\u00e1ci\u00f3s igazol\u00e1s<\/strong><\/p>\n<p><a href=\"http:\/\/www.bmbah.hu\/\" target=\"_blank\" rel=\"noopener\">http:\/\/www.bmbah.hu\/<\/a><\/p>\n<p><strong>JOGOSULTAK K\u00d6RE<\/strong><\/p>\n<p class=\"rtejustify\">Sz\u00e1znyolcvan napon bel\u00fcl kilencven napot meghalad\u00f3 tart\u00f3zkod\u00e1sra az az EGT-\u00e1llampolg\u00e1r jogosult,<\/p>\n<p class=\"rtejustify\">akinek tart\u00f3zkod\u00e1si c\u00e9lja keres\u0151tev\u00e9kenys\u00e9g folytat\u00e1sa,<\/p>\n<p class=\"rtejustify\">aki a tart\u00f3zkod\u00e1s teljes id\u0151tartam\u00e1ra elegend\u0151 forr\u00e1ssal rendelkezik \u00f6nmaga \u00e9s csal\u00e1dtagjai sz\u00e1m\u00e1ra ahhoz, hogy tart\u00f3zkod\u00e1suk ne jelentsen indokolatlan terhet Magyarorsz\u00e1g szoci\u00e1lis ell\u00e1t\u00f3rendszer\u00e9re, \u00e9s k\u00fcl\u00f6n jogszab\u00e1lyban meghat\u00e1rozottak szerint biztos\u00edt\u00e1si jogviszony keret\u00e9ben jogosult az eg\u00e9szs\u00e9gbiztos\u00edt\u00e1si szolg\u00e1ltat\u00e1sok ig\u00e9nybev\u00e9tel\u00e9re, vagy azok fedezet\u00e9r\u0151l a jogszab\u00e1lyok rendelkez\u00e9sei szerint maga gondoskodik, vagy<\/p>\n<p class=\"rtejustify\">aki tanulm\u00e1nyok \u2013 ide\u00e9rtve a szakk\u00e9pz\u00e9st, tov\u00e1bb\u00e1 a feln\u0151ttk\u00e9pz\u00e9st, ha annak k\u00e9pz\u00e9si programja akkredit\u00e1lt \u2013 folytat\u00e1sa c\u00e9lj\u00e1b\u00f3l felv\u00e9telt nyert a nemzeti k\u00f6znevel\u00e9sr\u0151l sz\u00f3l\u00f3 t\u00f6rv\u00e9ny, illetve a nemzeti fels\u0151oktat\u00e1sr\u00f3l sz\u00f3l\u00f3 t\u00f6rv\u00e9ny hat\u00e1lya al\u00e1 tartoz\u00f3 oktat\u00e1si int\u00e9zm\u00e9nybe, \u00e9s tart\u00f3zkod\u00e1sa teljes id\u0151tartama sor\u00e1n elegend\u0151 forr\u00e1ssal rendelkezik \u00f6nmaga \u00e9s csal\u00e1dtagjai sz\u00e1m\u00e1ra ahhoz, hogy tart\u00f3zkod\u00e1suk ne jelentsen indokolatlan terhet Magyarorsz\u00e1g szoci\u00e1lis ell\u00e1t\u00f3rendszer\u00e9re, valamint k\u00fcl\u00f6n jogszab\u00e1lyban meghat\u00e1rozottak szerint biztos\u00edt\u00e1si jogviszony keret\u00e9ben jogosult az eg\u00e9szs\u00e9gbiztos\u00edt\u00e1si szolg\u00e1ltat\u00e1sok ig\u00e9nybev\u00e9tel\u00e9re, vagy azok fedezet\u00e9r\u0151l a jogszab\u00e1lyok rendelkez\u00e9sei szerint maga gondoskodik.<\/p>\n<p class=\"rtejustify\"><strong>FOGALOMMAGYAR\u00c1ZAT<\/strong><\/p>\n<p class=\"rtejustify\">EGT-\u00e1llampolg\u00e1r: magyar \u00e1llampolg\u00e1r kiv\u00e9tel\u00e9vel az Eur\u00f3pai Uni\u00f3 tag\u00e1llam\u00e1nak, valamint az Eur\u00f3pai Gazdas\u00e1gi T\u00e9rs\u00e9gr\u0151l sz\u00f3l\u00f3 meg\u00e1llapod\u00e1sban r\u00e9szes \u00e1llamnak az \u00e1llampolg\u00e1ra (az Eur\u00f3pai Uni\u00f3, Sv\u00e1jc, Norv\u00e9gia, Izland \u00e9s Lichtenstein \u00e1llampolg\u00e1rai).<\/p>\n<p class=\"rtejustify\"><strong>A H\u00c1ROM H\u00d3NAPOT MEGHALAD\u00d3 TART\u00d3ZKOD\u00c1S BEJELENT\u00c9SE \u00c9S A BEJELENT\u00c9ST IGAZOL\u00d3 OKM\u00c1NY<\/strong><\/p>\n<p class=\"rtejustify\">Az EGT-\u00e1llampolg\u00e1r legk\u00e9s\u0151bb a beutaz\u00e1st\u00f3l sz\u00e1m\u00edtott kilencvenharmadik napon \u2013 a j\u00f6v\u0151beni lak\u00f3helye szerint illet\u00e9kes region\u00e1lis igazgat\u00f3s\u00e1gn\u00e1l &#8211; k\u00f6teles a tart\u00f3zkod\u00e1s\u00e1t szem\u00e9lyes adatainak k\u00f6zl\u00e9s\u00e9vel bejelenteni.<\/p>\n<p class=\"rtejustify\">Az \u00fcgyf\u00e9lnek a regisztr\u00e1ci\u00f3s igazol\u00e1s kiad\u00e1sa \u00e9rdek\u00e9ben az elj\u00e1r\u00f3 hat\u00f3s\u00e1g el\u0151tt szem\u00e9lyesen meg kell jelennie. A szem\u00e9lyes megjelen\u00e9si k\u00f6telezetts\u00e9g teljes\u00edt\u00e9s\u00e9t\u0151l az elj\u00e1r\u00f3 hat\u00f3s\u00e1g eltekinthet, ha a k\u00e9relmez\u0151 a megjelen\u00e9sre eg\u00e9szs\u00e9gi \u00e1llapota miatt k\u00e9ptelen.<\/p>\n<p class=\"rtejustify\">A tart\u00f3zkod\u00e1s bejelent\u00e9sekor az \u00e9rv\u00e9nyes \u00fati okm\u00e1nyt vagy szem\u00e9lyazonos\u00edt\u00f3 igazolv\u00e1nyt be kell mutatni, illetve csatolni kell a tart\u00f3zkod\u00e1si felt\u00e9telek fenn\u00e1ll\u00e1s\u00e1t igazol\u00f3 \u2013 k\u00fcl\u00f6n jogszab\u00e1lyban meghat\u00e1rozott \u2013 okiratokat.<\/p>\n<p class=\"rtejustify\">A t\u00f6rv\u00e9nyben foglalt felt\u00e9telek igazol\u00e1sa eset\u00e9n a tart\u00f3zkod\u00e1s bejelent\u00e9s\u00e9r\u0151l sz\u00f3l\u00f3 igazol\u00e1st (a tov\u00e1bbiakban: regisztr\u00e1ci\u00f3s igazol\u00e1s) az elj\u00e1r\u00f3 hat\u00f3s\u00e1g azonnal ki\u00e1ll\u00edtja.<\/p>\n<p class=\"rtejustify\">A regisztr\u00e1ci\u00f3s igazol\u00e1s ki\u00e1ll\u00edt\u00e1s\u00e1nak igazgat\u00e1si szolg\u00e1ltat\u00e1si d\u00edja 1.000 Forint, melyet illet\u00e9kb\u00e9lyegben a k\u00e9relem beny\u00fajt\u00e1s\u00e1val egyidej\u0171leg kell ler\u00f3ni.<\/p>\n<p class=\"rtejustify\"><strong>FORMANYOMTATV\u00c1NY<\/strong><\/p>\n<p class=\"rtejustify\">A k\u00e9relem beny\u00fajt\u00e1s\u00e1hoz rendszeres\u00edtett formanyomtatv\u00e1nyt az al\u00e1bbi linkekre kattintva t\u00f6ltheti le:<\/p>\n<p class=\"rtejustify\">&#8211; EGT \u00e1llampolg\u00e1r regisztr\u00e1ci\u00f3s igazol\u00e1s<\/p>\n<p class=\"rtejustify\"><strong>K\u00d6TELEZ\u0150 MELL\u00c9KLETEK<\/strong><\/p>\n<p class=\"rtejustify\">Ha a tart\u00f3zkod\u00e1s c\u00e9lja tanulm\u00e1nyok folytat\u00e1sa, azt a k\u00e9relmez\u0151 k\u00fcl\u00f6n\u00f6sen az al\u00e1bbi okiratokkal igazolhatja<\/p>\n<p class=\"rtejustify\">k\u00f6zoktat\u00e1sr\u00f3l vagy a nemzeti fels\u0151oktat\u00e1sr\u00f3l sz\u00f3l\u00f3 t\u00f6rv\u00e9ny hat\u00e1lya al\u00e1 tartoz\u00f3 oktat\u00e1si int\u00e9zm\u00e9ny felv\u00e9teli igazol\u00e1s\u00e1val;<\/p>\n<p class=\"rtejustify\">tanul\u00f3i vagy hallgat\u00f3i jogviszonyt igazol\u00f3 okirattal, vagy<\/p>\n<p class=\"rtejustify\">egy\u00e9b hitelt \u00e9rdeml\u0151 m\u00f3don.<\/p>\n<p class=\"rtejustify\"><strong>ELEGEND\u0150 ANYAGI FORR\u00c1S L\u00c9T\u00c9T IGAZOL\u00d3 DOKUMENTUMOK<\/strong><\/p>\n<p class=\"rtejustify\">A k\u00e9relmez\u0151 az elegend\u0151 forr\u00e1s megl\u00e9t\u00e9t k\u00fcl\u00f6n\u00f6sen a meg\u00e9lhet\u00e9s\u00e9t biztos\u00edt\u00f3 vagyon\u00e1val vagy olyan j\u00f6vedelm\u00e9vel igazolhatja, amely<\/p>\n<p class=\"rtejustify\">EGT-\u00e1llam t\u00e1rsadalombiztos\u00edt\u00e1sa vagy egy\u00e9b szoci\u00e1lis ell\u00e1t\u00f3rendszere alapj\u00e1n j\u00e1r;<\/p>\n<p class=\"rtejustify\">tagd\u00edjfizet\u00e9sen vagy rendszeres befizet\u00e9sen alapul\u00f3 r\u00e9szesed\u00e9sb\u0151l vagy ell\u00e1t\u00e1sb\u00f3l sz\u00e1rmazik;<\/p>\n<p class=\"rtejustify\">Magyarorsz\u00e1gon vagy k\u00fclf\u00f6ld\u00f6n vezetett banksz\u00e1ml\u00e1n rendelkez\u00e9sre \u00e1ll;<\/p>\n<p class=\"rtejustify\">tart\u00e1sd\u00edj eset\u00e9n az err\u0151l sz\u00f3l\u00f3 k\u00f6zokiraton alapul.<\/p>\n<p class=\"rtejustify\"><strong>EG\u00c9SZS\u00c9GBIZTOS\u00cdT\u00c1S MEGL\u00c9T\u00c9T IGAZOL\u00d3 DOKUMENTUMOK<\/strong><\/p>\n<p class=\"rtejustify\">Okirattal kell igazolni, hogy az EGT-\u00e1llampolg\u00e1r a magyarorsz\u00e1gi tart\u00f3zkod\u00e1s teljes id\u0151tartam\u00e1ra jogosult az eg\u00e9szs\u00e9gbiztos\u00edt\u00e1si szolg\u00e1ltat\u00e1sok ig\u00e9nybev\u00e9tel\u00e9re (\u00edgy k\u00fcl\u00f6n\u00f6sen a t\u00e1rsadalombiztos\u00edt\u00e1sr\u00f3l sz\u00f3l\u00f3 k\u00fcl\u00f6n t\u00f6rv\u00e9ny, nemzetk\u00f6zi szerz\u0151d\u00e9s, vagy k\u00fcl\u00f6n meg\u00e1llapod\u00e1s alapj\u00e1n), vagy azok fedezet\u00e9r\u0151l maga gondoskodik.<\/p>\n<p class=\"rtejustify\"><strong>AZ ELS\u0150 MAGYARORSZ\u00c1GI LAK\u00d3HELY BEJELENT\u00c9SE<\/strong><\/p>\n<p class=\"rtejustify\">A k\u00e9relmez\u0151 az els\u0151 Magyarorsz\u00e1g ter\u00fclet\u00e9n l\u00e9v\u0151 lak\u00f3hely\u00e9t a regisztr\u00e1ci\u00f3s igazol\u00e1s ki\u00e1ll\u00edt\u00e1s\u00e1val kapcsolatos elj\u00e1r\u00e1sban jelenti be. A szem\u00e9lyi azonos\u00edt\u00f3t \u00e9s lakc\u00edmet igazol\u00f3 hat\u00f3s\u00e1gi igazolv\u00e1ny kiad\u00e1sa c\u00e9lj\u00e1b\u00f3l az EGT-\u00e1llampolg\u00e1r lakc\u00edm adatair\u00f3l az idegenrend\u00e9szeti hat\u00f3s\u00e1g a szem\u00e9lyi adat- \u00e9s lakc\u00edmnyilv\u00e1ntart\u00e1st vezet\u0151 szervet \u00e9rtes\u00edti. Budapest F\u0151v\u00e1ros Korm\u00e1nyhivatala az \u00e9rtes\u00edt\u00e9s alapj\u00e1n \u00e1ll\u00edtja ki a Lakc\u00edmet igazol\u00f3 hat\u00f3s\u00e1gi igazolv\u00e1nyt, melyet postai \u00faton tov\u00e1bb\u00edtanak a k\u00e9relmez\u0151nek.<\/p>\n<p class=\"rtejustify\">A lakhat\u00e1s igazolhat\u00f3 k\u00fcl\u00f6n\u00f6sen:<\/p>\n<p class=\"rtejustify\">lak\u00e1sb\u00e9rleti jogviszonyt igazol\u00f3 lak\u00e1sb\u00e9rleti szerz\u0151d\u00e9ssel;<\/p>\n<p class=\"rtejustify\">sz\u00edvess\u00e9gi lak\u00e1shaszn\u00e1latr\u00f3l sz\u00f3l\u00f3 okirattal;<\/p>\n<p class=\"rtejustify\">a lak\u00e1s tulajdonjog\u00e1t igazol\u00f3 okirattal, 30 napn\u00e1l nem r\u00e9gebbi tulajdoni lap m\u00e1solattal;<\/p>\n<p class=\"rtejustify\">vagy egy\u00e9b hitelt \u00e9rdeml\u0151 okirattal. (koll\u00e9giumi jogviszony igazol\u00e1sa)<\/p>\n<p class=\"rtejustify\">A k\u00f6telez\u0151 mell\u00e9kleteken k\u00edv\u00fcl az elj\u00e1r\u00e1s sor\u00e1n az idegenrend\u00e9szeti hat\u00f3s\u00e1g a t\u00e9ny\u00e1ll\u00e1s tiszt\u00e1z\u00e1sa \u00e9rdek\u00e9ben tov\u00e1bbi okiratok beny\u00fajt\u00e1s\u00e1ra is felh\u00edvhatja!<\/p>\n<p>&nbsp;<\/p>\n<p class=\"rtecenter\"><strong>Tanulm\u00e1nyok folytat\u00e1sa c\u00e9l\u00fa tart\u00f3zkod\u00e1si enged\u00e9ly<\/strong><\/p>\n<p class=\"rtejustify\"><strong>JOGOSULTAK K\u00d6RE<\/strong><\/p>\n<p class=\"rtejustify\">Harmadik orsz\u00e1gbeli \u00e1llampolg\u00e1r: a szabad mozg\u00e1s \u00e9s tart\u00f3zkod\u00e1s jog\u00e1val rendelkez\u0151 szem\u00e9lyek (EGT-\u00e1llampolg\u00e1r, illetve az EGT-\u00e1llampolg\u00e1rt vagy a magyar \u00e1llampolg\u00e1rt k\u00eds\u00e9r\u0151 vagy hozz\u00e1 csatlakoz\u00f3 csal\u00e1dtag) kiv\u00e9tel\u00e9vel a nem magyar \u00e1llampolg\u00e1rok \u00e9s a hontalan szem\u00e9lyek.<\/p>\n<p class=\"rtejustify\"><a href=\"http:\/\/www.bmbah.hu\/\" target=\"_blank\" rel=\"noopener\">http:\/\/www.bmbah.hu\/<\/a><\/p>\n<p class=\"rtejustify\">Tanulm\u00e1nyi c\u00e9lb\u00f3l az a harmadik orsz\u00e1gbeli \u00e1llampolg\u00e1r kaphat tart\u00f3zkod\u00e1si enged\u00e9lyt, aki\u00b7Magyarorsz\u00e1gon a k\u00f6znevel\u00e9s inform\u00e1ci\u00f3s rendszer\u00e9ben m\u0171k\u00f6d\u0151k\u00e9nt regisztr\u00e1lt k\u00f6znevel\u00e9si int\u00e9zm\u00e9nnyel nappali rendszer\u0171 iskolai oktat\u00e1s vagy nappali oktat\u00e1s munkarendje szerint l\u00e9tes\u00edt, l\u00e9tes\u00edtett tanul\u00f3i jogviszonyt, vagy \u00e1llamilag elismert fels\u0151oktat\u00e1si int\u00e9zm\u00e9ny vagy Magyarorsz\u00e1g ter\u00fclet\u00e9n enged\u00e9llyel m\u0171k\u00f6d\u0151 k\u00fclf\u00f6ldi fels\u0151oktat\u00e1si int\u00e9zm\u00e9ny teljes idej\u0171 nappali tagozat\u00e1n t\u00f6rt\u00e9n\u0151 tanulm\u00e1nyok folytat\u00e1sa, illetve fels\u0151oktat\u00e1si int\u00e9zm\u00e9ny \u00e1ltal szervezett, tanulm\u00e1nyok folytat\u00e1s\u00e1t el\u0151k\u00e9sz\u00edt\u0151 k\u00e9pz\u00e9sben val\u00f3 r\u00e9szv\u00e9tel \u00e9rdek\u00e9ben k\u00edv\u00e1n Magyarorsz\u00e1g ter\u00fclet\u00e9n tart\u00f3zkodni, \u00e9s igazolja, hogy a tanulm\u00e1nyok folytat\u00e1s\u00e1hoz megfelel\u0151 nyelvismerettel rendelkezik.<\/p>\n<p class=\"rtejustify\"><strong>A K\u00c9RELEM BENY\u00daJT\u00c1SA \u00c9S AZ ELJ\u00c1R\u00c1SSAL KAPCSOLATOS INFORM\u00c1CI\u00d3K<\/strong><\/p>\n<p class=\"rtejustify\">Felt\u00e9tele: a kit\u00f6lt\u00f6tt formanyomtatv\u00e1ny, valamint a k\u00f6telez\u0151 mell\u00e9kletek beny\u00fajt\u00e1sa, illetve az elj\u00e1r\u00e1si d\u00edj megfizet\u00e9se.<\/p>\n<p class=\"rtejustify\">Felh\u00edvjuk a figyelmet arra, hogy a k\u00e9relem el\u0151terjeszt\u00e9sekor a hat\u00f3s\u00e1g el\u0151tt szem\u00e9lyesen meg kell jelenni, kiv\u00e9ve, ha a k\u00fclf\u00f6ldi a megjelen\u00e9sre eg\u00e9szs\u00e9gi \u00e1llapota miatt k\u00e9ptelen.<\/p>\n<p class=\"rtejustify\">A k\u00e9relem beny\u00fajt\u00e1sakor a biometrikus adatokat tartalmaz\u00f3 tart\u00f3zkod\u00e1sra jogos\u00edt\u00f3 okm\u00e1ny ki\u00e1ll\u00edt\u00e1sa c\u00e9lj\u00e1b\u00f3l arck\u00e9pm\u00e1s k\u00e9sz\u00edt\u00e9s\u00e9re \u00e9s hat \u00e9ves kor feletti k\u00e9relmez\u0151 eset\u00e9n ujjnyomat r\u00f6gz\u00edt\u00e9s\u00e9re ker\u00fcl sor, amelyet a harmadik orsz\u00e1gbeli \u00e1llampolg\u00e1r t\u0171rni k\u00f6teles.<\/p>\n<p class=\"rtejustify\">A tart\u00f3zkod\u00e1si enged\u00e9ly kiad\u00e1sa ir\u00e1nti k\u00e9relmet &#8211; t\u00f6rv\u00e9nyben foglalt kiv\u00e9tellel &#8211; ann\u00e1l a konzuli tisztvisel\u0151n\u00e9l vagy tart\u00f3zkod\u00e1si enged\u00e9ly ir\u00e1nti k\u00e9relem \u00e1tv\u00e9tel\u00e9re felhatalmazott egy\u00e9b helyen kell beny\u00fajtani, amely a k\u00e9relmez\u0151 \u00e1lland\u00f3 vagy szok\u00e1sos tart\u00f3zkod\u00e1si helye, illetve \u00e1llampolg\u00e1rs\u00e1ga szerinti orsz\u00e1gban m\u0171k\u00f6dik. A tart\u00f3zkod\u00e1si enged\u00e9ly \u00e1tv\u00e9tel\u00e9re jogos\u00edt\u00f3 v\u00edzum kiad\u00e1s\u00e1t a harmadik orsz\u00e1gbeli \u00e1llampolg\u00e1r a beutaz\u00e1st megel\u0151z\u0151en &#8211; erre ir\u00e1nyul\u00f3 k\u00fcl\u00f6n k\u00e9relem el\u0151terjeszt\u00e9se n\u00e9lk\u00fcl &#8211; tart\u00f3zkod\u00e1si enged\u00e9ly kiad\u00e1sa ir\u00e1nti k\u00e9relm\u00e9ben k\u00e9rheti.<\/p>\n<p class=\"rtejustify\">Ha a region\u00e1lis igazgat\u00f3s\u00e1g a tart\u00f3zkod\u00e1si enged\u00e9ly kiad\u00e1sa ir\u00e1nti k\u00e9relemnek helyt ad, egyidej\u0171leg a tart\u00f3zkod\u00e1si enged\u00e9ly \u00e1tv\u00e9tel\u00e9re jogos\u00edt\u00f3 v\u00edzum kiad\u00e1s\u00e1t is enged\u00e9lyezi, \u00e9s err\u0151l \u00e9rtes\u00edti a konzuli tisztvisel\u0151t. A tart\u00f3zkod\u00e1si enged\u00e9ly \u00e1tv\u00e9tel\u00e9re jogos\u00edt\u00f3 v\u00edzumot &#8211; a region\u00e1lis igazgat\u00f3s\u00e1g d\u00f6nt\u00e9se alapj\u00e1n &#8211; a konzuli tisztvisel\u0151 adja ki.<\/p>\n<p class=\"rtejustify\">Felh\u00edvjuk tov\u00e1bb\u00e1 a figyelmet arra, hogy tart\u00f3zkod\u00e1si enged\u00e9ly \u00e1tv\u00e9tel\u00e9re jogos\u00edt\u00f3 D v\u00edzum egyszeri beutaz\u00e1sra \u00e9s 30 nap tart\u00f3zkod\u00e1sra jogos\u00edtja a harmadik orsz\u00e1gbeli \u00e1llampolg\u00e1rt, \u00edgy javasoljuk, hogy Magyarorsz\u00e1gra t\u00f6rt\u00e9n\u0151 beutaz\u00e1sukat k\u00f6vet\u0151en min\u00e9l hamarabb jelenjenek meg a Bev\u00e1ndorl\u00e1si \u00e9s Menek\u00fclt\u00fcgyi Hivatal j\u00f6v\u0151beni sz\u00e1ll\u00e1shely\u00fck szerinti illet\u00e9kes region\u00e1lis igazgat\u00f3s\u00e1g\u00e1n, a tart\u00f3zkod\u00e1si enged\u00e9ly \u00e1tv\u00e9tele \u00e9s a magyarorsz\u00e1gi sz\u00e1ll\u00e1shely bejelent\u00e9se c\u00e9lj\u00e1b\u00f3l.<\/p>\n<p class=\"rtejustify\">A tart\u00f3zkod\u00e1si enged\u00e9ly kiad\u00e1sa ir\u00e1nti k\u00e9relem f\u0151szab\u00e1ly szerinti helyen (magyar k\u00fclk\u00e9pviseletek) t\u00f6rt\u00e9n\u0151 el\u0151terjeszt\u00e9se mellett a magyar jog szab\u00e1lyozza a tart\u00f3zkod\u00e1si enged\u00e9ly kiad\u00e1s\u00e1ra ir\u00e1nyul\u00f3 k\u00e9relem belf\u00f6ldi el\u0151terjeszt\u00e9s\u00e9nek lehet\u0151s\u00e9g\u00e9t is. A Magyarorsz\u00e1g ter\u00fclet\u00e9n tart\u00f3zkod\u00f3 harmadik orsz\u00e1gbeli \u00e1llampolg\u00e1r tart\u00f3zkod\u00e1si enged\u00e9ly kiad\u00e1sa ir\u00e1nti k\u00e9relm\u00e9t a sz\u00e1ll\u00e1shelye szerint illet\u00e9kes region\u00e1lis igazgat\u00f3s\u00e1gon is el\u0151terjesztheti, amennyiben a belf\u00f6ldi k\u00e9relmez\u00e9st kiv\u00e9teles m\u00e9lt\u00e1nyl\u00e1st \u00e9rdeml\u0151 k\u00f6r\u00fclm\u00e9ny indokolja, vagy az 539\/2001\/EK rendelet II. mell\u00e9klet\u00e9ben szerepl\u0151 \u00e1llam \u00e1llampolg\u00e1rak\u00e9nt, vagy ilyen harmadik orsz\u00e1gbeli \u00e1llampolg\u00e1rral egy\u00fctt, csal\u00e1dtagk\u00e9nt tart\u00f3zkodik jogszer\u0171en Magyarorsz\u00e1g ter\u00fclet\u00e9n. Kiv\u00e9telesen m\u00e9lt\u00e1nyolhat\u00f3 k\u00f6r\u00fclm\u00e9ny k\u00fcl\u00f6n\u00f6sen a gy\u00f3gykezel\u00e9ssel, a csal\u00e1degyes\u00edt\u00e9ssel vagy a keres\u0151tev\u00e9kenys\u00e9ggel \u00f6sszef\u00fcgg\u0151 olyan t\u00e9ny, amely a harmadik orsz\u00e1gbeli \u00e1llampolg\u00e1rnak nem felr\u00f3hat\u00f3 okb\u00f3l k\u00f6vetkezett be \u00e9s akad\u00e1lyozza a jogszab\u00e1lyban meghat\u00e1rozott \u00e1ltal\u00e1nos felt\u00e9teleknek megfelel\u0151 helyen t\u00f6rt\u00e9n\u0151 k\u00e9relmez\u00e9st.<\/p>\n<p class=\"rtejustify\"><strong>FORMANYOMTATV\u00c1NYOK<\/strong><\/p>\n<p class=\"rtejustify\">A k\u00e9relem beny\u00fajt\u00e1s\u00e1hoz rendszeres\u00edtett formanyomtatv\u00e1nyokat az al\u00e1bbi linkekre kattintva t\u00f6ltheti le:<\/p>\n<p class=\"rtejustify\">&#8211; Tanulm\u00e1nyi c\u00e9l\u00fa tart\u00f3zkod\u00e1si enged\u00e9ly<\/p>\n<p class=\"rtejustify\"><strong>K\u00d6TELEZ\u0150 MELL\u00c9KLETEK<\/strong><\/p>\n<p class=\"rtejustify\"><strong>TART\u00d3ZKOD\u00c1SI C\u00c9LT IGAZOL\u00d3 DOKUMENTUMOK<\/strong><\/p>\n<p class=\"rtejustify\">A tanulm\u00e1nyok folytat\u00e1sa, mint tart\u00f3zkod\u00e1si c\u00e9l igazolhat\u00f3:<\/p>\n<p class=\"rtejustify\">\u00b7 a k\u00e9pz\u00e9st v\u00e9gz\u0151 oktat\u00e1si int\u00e9zm\u00e9ny felv\u00e9teli igazol\u00e1s\u00e1val;<\/p>\n<p class=\"rtejustify\">\u00b7 tanul\u00f3i, hallgat\u00f3i jogviszonyt igazol\u00f3 okirattal;<\/p>\n<p class=\"rtejustify\">\u00b7 vagy m\u00e1s hitelt \u00e9rdeml\u0151 m\u00f3don.<\/p>\n<p class=\"rtejustify\">A nemzetk\u00f6zi szerz\u0151d\u00e9s, nemzetk\u00f6zi egy\u00fcttm\u0171k\u00f6d\u00e9s vagy korm\u00e1nyszint\u0171 nemzetk\u00f6zi seg\u00e9lyprogram keret\u00e9ben tanulm\u00e1nyi, oktat\u00e1si, tudom\u00e1nyos, k\u00e9pz\u00e9si, tov\u00e1bbk\u00e9pz\u00e9si c\u00e9lb\u00f3l beutaz\u00f3k eset\u00e9ben a tart\u00f3zkod\u00e1si c\u00e9lt az oktat\u00e1s\u00e9rt felel\u0151s miniszter vagy a fels\u0151oktat\u00e1si int\u00e9zm\u00e9ny igazol\u00e1s\u00e1val lehet igazolni.<\/p>\n<p class=\"rtejustify\">Fontos tudnia, hogy az el\u0151k\u00e9sz\u00edt\u0151 k\u00e9pz\u00e9sen t\u00f6rt\u00e9n\u0151 r\u00e9szv\u00e9tel eset\u00e9n a tanulm\u00e1nyok folytat\u00e1sa c\u00e9lj\u00e1b\u00f3l kiadott tart\u00f3zkod\u00e1si enged\u00e9ly tanulm\u00e1nyok folytat\u00e1sa c\u00e9lj\u00e1b\u00f3l csak akkor hosszabb\u00edthat\u00f3 meg, ha a harmadik orsz\u00e1gbeli \u00e1llampolg\u00e1r az el\u0151k\u00e9sz\u00edt\u0151 k\u00e9pz\u00e9st k\u00f6vet\u0151en Magyarorsz\u00e1gon akkredit\u00e1lt fels\u0151fok\u00fa oktat\u00e1si int\u00e9zm\u00e9nybe, vagy Magyarorsz\u00e1g ter\u00fclet\u00e9n enged\u00e9llyel m\u0171k\u00f6d\u0151 k\u00fclf\u00f6ldi fels\u0151oktat\u00e1si int\u00e9zm\u00e9nybe felv\u00e9telt nyert.<\/p>\n<p class=\"rtejustify\">A megfelel\u0151 nyelvismeret igazolhat\u00f3:<\/p>\n<p class=\"rtejustify\">\u00b7 nyelvtud\u00e1st igazol\u00f3 hivatalos nyelvvizsga-bizony\u00edtv\u00e1nnyal,<\/p>\n<p class=\"rtejustify\">\u00b7 idegen nyelven v\u00e9gzett tanulm\u00e1nyokat tan\u00fas\u00edt\u00f3 hivatalos bizony\u00edtv\u00e1nnyal,<\/p>\n<p class=\"rtejustify\">\u00b7 vagy m\u00e1s hitelt \u00e9rdeml\u0151 m\u00f3don .<\/p>\n<p class=\"rtejustify\">Felh\u00edvjuk tov\u00e1bb\u00e1 a figyelmet arra, hogy a k\u00fclf\u00f6ld\u00f6n ki\u00e1ll\u00edtott k\u00f6zokirat, illet\u0151leg a k\u00fclf\u00f6ldi b\u00edr\u00f3s\u00e1g, k\u00f6zigazgat\u00e1si szerv, k\u00f6zjegyz\u0151 vagy egy\u00e9b k\u00f6zhiteless\u00e9ggel felruh\u00e1zott szem\u00e9ly \u00e1ltal hiteles\u00edtett mag\u00e1nokirat &#8211; hacsak az \u00fcgyfajt\u00e1ra vonatkoz\u00f3 jogszab\u00e1lyb\u00f3l, nemzetk\u00f6zi szerz\u0151d\u00e9sb\u0151l, illetve viszonoss\u00e1gi gyakorlatb\u00f3l m\u00e1s nem k\u00f6vetkezik &#8211; a magyar t\u00f6rv\u00e9ny szerinti bizony\u00edt\u00f3 er\u0151vel csak akkor rendelkezik, ha azt a ki\u00e1ll\u00edt\u00e1s helye szerinti \u00e1llamban m\u0171k\u00f6d\u0151 magyar k\u00fclk\u00e9pviseleti hat\u00f3s\u00e1g diplom\u00e1ciai fel\u00fclhiteles\u00edt\u00e9ssel l\u00e1tta el. A nem magyar nyelven ki\u00e1ll\u00edtott okirat &#8211; ha az \u00fcgyfajt\u00e1ra vonatkoz\u00f3 jogszab\u00e1ly m\u00e1sk\u00e9nt nem rendelkezik &#8211; csak hiteles magyar ford\u00edt\u00e1ssal ell\u00e1tva fogadhat\u00f3 el.<\/p>\n<p class=\"rtejustify\"><strong>MAGYARORSZ\u00c1GI MEG\u00c9LHET\u00c9ST IGAZOL\u00d3 DOKUMENTUMOK<\/strong><\/p>\n<p class=\"rtejustify\">A harmadik orsz\u00e1gbeli \u00e1llampolg\u00e1r a sz\u00e1znyolcvan napon bel\u00fcl kilencven napot meghalad\u00f3 tart\u00f3zkod\u00e1shoz sz\u00fcks\u00e9ges anyagi fedezettel akkor rendelkezik, ha \u0151 maga vagy r\u00e9sz\u00e9re csal\u00e1dtagja a rendelkez\u00e9s\u00e9re \u00e1ll\u00f3 jogszer\u0171en megszerzett j\u00f6vedelemb\u0151l, illetve vagyonb\u00f3l meg\u00e9lhet\u00e9se, lakhat\u00e1sa, kiutaz\u00e1sa, valamint sz\u00fcks\u00e9g eset\u00e9n eg\u00e9szs\u00e9g\u00fcgyi ell\u00e1t\u00e1sa k\u00f6lts\u00e9geit biztos\u00edtani tudja.<\/p>\n<p class=\"rtejustify\">A meg\u00e9lhet\u00e9s k\u00fcl\u00f6n\u00f6sen az al\u00e1bbiakkal igazolhat\u00f3:<\/p>\n<p class=\"rtejustify\">\u00b7 \u00f6szt\u00f6nd\u00edj foly\u00f3s\u00edt\u00e1s\u00e1ra vonatkoz\u00f3 igazol\u00e1ssal;<\/p>\n<p class=\"rtejustify\">\u00b7 banksz\u00e1ml\u00e1n elhelyezett p\u00e9nz\u00f6sszeggel;<\/p>\n<p class=\"rtejustify\">\u00b7 egy\u00e9b okirattal;<\/p>\n<p class=\"rtejustify\">\u00b7 amennyiben a harmadik orsz\u00e1gbeli \u00e1llampolg\u00e1r r\u00e9sz\u00e9re a csal\u00e1dtagja biztos\u00edtja a magyarorsz\u00e1gi tart\u00f3zkod\u00e1s ideje alatt az anyagi fedezetet, a csal\u00e1dtagi kapcsolat igazol\u00e1sa sz\u00fcks\u00e9ges, tov\u00e1bb\u00e1 az eltart\u00e1si k\u00e9pess\u00e9g al\u00e1t\u00e1maszt\u00e1s\u00e1ra is mell\u00e9kelni kell iratot.<\/p>\n<p class=\"rtejustify\"><strong>MAGYARORSZ\u00c1GI SZ\u00c1LL\u00c1SHELY MEGL\u00c9T\u00c9T IGAZOL\u00d3 DOKUMENTUMOK<\/strong><\/p>\n<p class=\"rtejustify\">Magyarorsz\u00e1gi sz\u00e1ll\u00e1shelyk\u00e9nt az ingatlan \u2013 nyilv\u00e1ntart\u00e1sban lak\u00f3h\u00e1z vagy lak\u00e1s megnevez\u00e9ssel nyilv\u00e1ntartott ingatlan, m\u00e1s lakhat\u00e1sra alkalmas ingatlan (minimum 6 m2 lak\u00f3ter\u00fclet\/f\u0151) vagy jogszab\u00e1lyban meghat\u00e1rozott felt\u00e9teleknek megfelel\u0151 kereskedelmi vagy egy\u00e9b sz\u00e1ll\u00e1shely fogadhat\u00f3 el.<\/p>\n<p class=\"rtejustify\">A magyarorsz\u00e1gi sz\u00e1ll\u00e1shely megl\u00e9te igazolhat\u00f3:<\/p>\n<p class=\"rtejustify\">\u00b7 Lak\u00e1sb\u00e9rleti jogviszonyt igazol\u00f3 lak\u00e1sb\u00e9rleti szerz\u0151d\u00e9ssel;<\/p>\n<p class=\"rtejustify\">\u00b7 Sz\u00edvess\u00e9gi lak\u00e1shaszn\u00e1latr\u00f3l sz\u00f3l\u00f3 okirattal;<\/p>\n<p class=\"rtejustify\">\u00b7 A lak\u00e1s tulajdonjog\u00e1t igazol\u00f3 okirattal, 30 napn\u00e1l nem r\u00e9gebbi tulajdoni lap m\u00e1solattal;<\/p>\n<p class=\"rtejustify\">\u00b7 Hat\u00f3s\u00e1gi hozz\u00e1j\u00e1rul\u00e1ssal ell\u00e1tott \u00e9rv\u00e9nyes megh\u00edv\u00f3lev\u00e9llel;<\/p>\n<p class=\"rtejustify\">\u00b7 Lefoglalt \u00e9s kifizetett sz\u00e1ll\u00e1shely megl\u00e9t\u00e9t igazol\u00f3 okirattal;<\/p>\n<p class=\"rtejustify\">\u00b7 A Magyarorsz\u00e1g ter\u00fclet\u00e9n tart\u00f3zkod\u00e1si v\u00edzummal vagy tart\u00f3zkod\u00e1si enged\u00e9llyel, bev\u00e1ndorolt vagy letelepedett jog\u00e1ll\u00e1ssal, k\u00fcl\u00f6n t\u00f6rv\u00e9ny szerint tart\u00f3zkod\u00e1si k\u00e1rty\u00e1val vagy \u00e1lland\u00f3 tart\u00f3zkod\u00e1si k\u00e1rty\u00e1val rendelkez\u0151, illetve menek\u00fcltk\u00e9nt elismert csal\u00e1dtag k\u00f6zjegyz\u0151i okiratba foglalt, a k\u00e9relmez\u0151 lakhat\u00e1s\u00e1t biztos\u00edt\u00f3 nyilatkozat\u00e1val vagy<\/p>\n<p class=\"rtejustify\">\u00b7 Ingatlan ad\u00e1sv\u00e9teli szerz\u0151d\u00e9ssel \u00e9s az ingatlanszerz\u00e9st enged\u00e9lyez\u0151 illet\u00e9kes f\u0151v\u00e1rosi vagy megyei korm\u00e1nyhivatal hat\u00e1rozat\u00e1nak m\u00e1solat\u00e1val;<\/p>\n<p class=\"rtejustify\">\u00b7 Egy\u00e9b okirattal.<\/p>\n<p class=\"rtejustify\"><strong>TELJESK\u00d6R\u0170 EG\u00c9SZS\u00c9GBIZTOS\u00cdT\u00c1S MEGL\u00c9T\u00c9T IGAZOL\u00d3 DOKUMENTUMOK<\/strong><\/p>\n<p class=\"rtejustify\">A tart\u00f3zkod\u00e1si enged\u00e9ly ir\u00e1nti k\u00e9relem beny\u00fajt\u00e1sakor okirattal kell igazolnia, hogy az eg\u00e9szs\u00e9g\u00fcgyi ell\u00e1t\u00e1sok teljes k\u00f6r\u00e9re biztos\u00edtottnak min\u0151s\u00fcl (\u00edgy k\u00fcl\u00f6n\u00f6sen a t\u00e1rsadalombiztos\u00edt\u00e1sr\u00f3l sz\u00f3l\u00f3 k\u00fcl\u00f6n t\u00f6rv\u00e9ny, nemzetk\u00f6zi szerz\u0151d\u00e9s, vagy k\u00fcl\u00f6n meg\u00e1llapod\u00e1s alapj\u00e1n jogosult az eg\u00e9szs\u00e9g\u00fcgyi szolg\u00e1ltat\u00e1sok ig\u00e9nybev\u00e9tel\u00e9re), vagy eg\u00e9szs\u00e9g\u00fcgyi ell\u00e1t\u00e1s\u00e1nak k\u00f6lts\u00e9geit a rendelkez\u00e9sre \u00e1ll\u00f3 anyagi fedezetb\u0151l biztos\u00edtani tudja.<\/p>\n<p class=\"rtejustify\">Felt\u00f6lt\u00e9s alatt&#8230;<\/p>\n<p>[\/vc_column_text][\/vc_column][\/vc_row]<\/p>\n<\/div>","protected":false},"excerpt":{"rendered":"<p>[vc_row][vc_column][vc_column_text]EGT \u00e1llampolg\u00e1r regisztr\u00e1ci\u00f3s igazol\u00e1s http:\/\/www.bmbah.hu\/ JOGOSULTAK K\u00d6RE Sz\u00e1znyolcvan napon bel\u00fcl kilencven napot meghalad\u00f3 tart\u00f3zkod\u00e1sra az az EGT-\u00e1llampolg\u00e1r jogosult, akinek tart\u00f3zkod\u00e1si<\/p>\n","protected":false},"author":1,"featured_media":0,"parent":3183,"menu_order":11,"comment_status":"closed","ping_status":"closed","template":"","meta":{"_acf_changed":false,"footnotes":"","_links_to":"","_links_to_target":""},"class_list":["post-3206","page","type-page","status-publish","hentry"],"acf":[],"_links":{"self":[{"href":"https:\/\/drhe.hu\/en\/wp-json\/wp\/v2\/pages\/3206","targetHints":{"allow":["GET"]}}],"collection":[{"href":"https:\/\/drhe.hu\/en\/wp-json\/wp\/v2\/pages"}],"about":[{"href":"https:\/\/drhe.hu\/en\/wp-json\/wp\/v2\/types\/page"}],"author":[{"embeddable":true,"href":"https:\/\/drhe.hu\/en\/wp-json\/wp\/v2\/users\/1"}],"replies":[{"embeddable":true,"href":"https:\/\/drhe.hu\/en\/wp-json\/wp\/v2\/comments?post=3206"}],"version-history":[{"count":3,"href":"https:\/\/drhe.hu\/en\/wp-json\/wp\/v2\/pages\/3206\/revisions"}],"predecessor-version":[{"id":14441,"href":"https:\/\/drhe.hu\/en\/wp-json\/wp\/v2\/pages\/3206\/revisions\/14441"}],"up":[{"embeddable":true,"href":"https:\/\/drhe.hu\/en\/wp-json\/wp\/v2\/pages\/3183"}],"wp:attachment":[{"href":"https:\/\/drhe.hu\/en\/wp-json\/wp\/v2\/media?parent=3206"}],"curies":[{"name":"wp","href":"https:\/\/api.w.org\/{rel}","templated":true}]}}