{"id":3208,"date":"2021-10-21T11:34:53","date_gmt":"2021-10-21T09:34:53","guid":{"rendered":"http:\/\/new.drhe.hu\/?page_id=3208"},"modified":"2021-10-21T15:49:10","modified_gmt":"2021-10-21T13:49:10","slug":"hallgatoi-jogorvoslati-lehetoseg","status":"publish","type":"page","link":"https:\/\/drhe.hu\/en\/hallgatoknak\/tanulmanyi-informaciok\/altalanos-informaciok\/hallgatoi-jogorvoslati-lehetoseg\/","title":{"rendered":"Hallgat\u00f3i jogorvoslati lehet\u0151s\u00e9g"},"content":{"rendered":"<div class=\"wpb-content-wrapper\"><p>[vc_row][vc_column][vc_column_text]<\/p>\n<h3 class=\"rtecenter\" style=\"text-align: center;\"><strong>A hallgat\u00f3k jogorvoslati lehet\u0151s\u00e9gei (SzMSz)<\/strong><\/h3>\n<p class=\"rtecenter\" style=\"text-align: center;\"><strong>73. \u00a7<\/strong><\/p>\n<p class=\"rtejustify\">(1) A hallgat\u00f3nak joga van \u2013 a tanulm\u00e1nyi k\u00f6vetelm\u00e9nyek teljes\u00edt\u00e9s\u00e9re vonatkoz\u00f3 \u00e9rt\u00e9kel\u00e9s kiv\u00e9tel\u00e9vel \u2013 a DRHE d\u00f6nt\u00e9se, int\u00e9zked\u00e9se vagy mulaszt\u00e1sa (a tov\u00e1bbiakban: d\u00f6nt\u00e9s) ellen a hallgat\u00f3i jogviszony\u00e1ra vonatkoz\u00f3 rendelkez\u00e9sek megs\u00e9rt\u00e9s\u00e9re hivatkoz\u00e1ssal fel\u00fclb\u00edr\u00e1lati k\u00e9relemmel \u00e9lni. Hallgat\u00f3i jogviszonyra vonatkoz\u00f3 rendelkez\u00e9sek: jogszab\u00e1lyban, valamint a jelen szab\u00e1lyzatban tal\u00e1lhat\u00f3 olyan rendelkez\u00e9sek, amelyek a hallgat\u00f3ra jogokat \u00e9s k\u00f6telezetts\u00e9geket \u00e1llap\u00edtanak meg.<\/p>\n<p class=\"rtejustify\">(2) A hallgat\u00f3 a DRHE d\u00f6nt\u00e9se ellen a k\u00f6zl\u00e9st\u0151l, ennek hi\u00e1ny\u00e1ban a tudom\u00e1sra jut\u00e1st\u00f3l sz\u00e1m\u00edtott 15 napon bel\u00fcl ny\u00fajthatja be a k\u00e9relmet. A jogorvoslati k\u00e9relem t\u00e1rgy\u00e1ban a rektor \u00e1ltal esetileg kijel\u00f6lt Feljebbviteli Bizotts\u00e1g j\u00e1r el. A bizotts\u00e1g \u00f6sszet\u00e9tele:<\/p>\n<p class=\"rtejustify\">a DRHE n\u00e9gy oktat\u00f3ja,<\/p>\n<p class=\"rtejustify\">a Hallgat\u00f3i \u00d6nkorm\u00e1nyzat \u00e1ltal deleg\u00e1lt k\u00e9t hallgat\u00f3,<\/p>\n<p class=\"rtejustify\">a fenntart\u00f3 egy, a DRHE-vel egyh\u00e1zi szolg\u00e1lati viszonyban vagy munkaviszonyban nem \u00e1ll\u00f3 k\u00e9pvisel\u0151je.<\/p>\n<p class=\"rtejustify\">(3) A bizotts\u00e1g munk\u00e1j\u00e1ban nem vehet r\u00e9szt az a szem\u00e9ly,<\/p>\n<p class=\"rtejustify\">aki a megt\u00e1madott d\u00f6nt\u00e9st hozta, vagy a d\u00f6nt\u00e9shozatalt elmulasztotta, vagy<\/p>\n<p class=\"rtejustify\">aki az els\u0151 fok\u00fa elj\u00e1r\u00e1sban a hat\u00e1rozathozatalban k\u00f6zrem\u0171k\u00f6d\u00f6tt, vagy<\/p>\n<p class=\"rtejustify\">az a)\u2013b) pontban megjel\u00f6lt szem\u00e9ly Ptk. 8:1. \u00a7 (1) bekezd\u00e9s 1. pontja szerinti k\u00f6zeli hozz\u00e1tartoz\u00f3ja, vagy<\/p>\n<p class=\"rtejustify\">akit\u0151l az \u00fcgy t\u00e1rgyilagos elb\u00edr\u00e1l\u00e1sa nem v\u00e1rhat\u00f3 el, aki az \u00fcgy eld\u00f6nt\u00e9s\u00e9ben \u00e9rdekelt.<\/p>\n<p class=\"rtejustify\">(4) Az elj\u00e1r\u00e1s sor\u00e1n a vizsg\u00e1lat eredm\u00e9nyek\u00e9nt a Feljebbviteli Bizotts\u00e1g a k\u00f6vetkez\u0151 d\u00f6nt\u00e9seket hozhatja:<\/p>\n<p class=\"rtejustify\">a k\u00e9relmet elutas\u00edtja,<\/p>\n<p class=\"rtejustify\">a d\u00f6nt\u00e9s elmulaszt\u00f3j\u00e1t d\u00f6nt\u00e9shozatalra utas\u00edtja,<\/p>\n<p class=\"rtejustify\">az els\u0151 fok\u00fa hat\u00e1rozatot megv\u00e1ltoztatja,<\/p>\n<p class=\"rtejustify\">az els\u0151 fok\u00fa hat\u00e1rozatot megsemmis\u00edti \u00e9s az els\u0151 fokon elj\u00e1rt szervet vagy szem\u00e9lyt \u00faj elj\u00e1r\u00e1sra \u00e9s \u00faj hat\u00e1rozat meghozatal\u00e1ra utas\u00edtja.<\/p>\n<p class=\"rtejustify\">(5) A d\u00f6nt\u00e9st hat\u00e1rozatba kell foglalni, \u00e9s meg kell indokolni. Az elj\u00e1r\u00e1s sor\u00e1n a hat\u00e1rozatban fel kell h\u00edvni a figyelmet a jogorvoslat lehet\u0151s\u00e9g\u00e9re, \u00e9s az elj\u00e1r\u00e1s sor\u00e1n a hallgat\u00f3t legal\u00e1bb egy \u00edzben szem\u00e9lyesen meg kell hallgatni. Ha a hallgat\u00f3 szab\u00e1lyos \u00e9rtes\u00edt\u00e9s ellen\u00e9re nem jelenik meg a Feljebbviteli Bizotts\u00e1g \u00fcl\u00e9s\u00e9n, \u00fagy a szem\u00e9lyes meghallgat\u00e1s\u00e1t\u00f3l el lehet tekinteni, illetve k\u00e9r\u00e9s\u00e9re lehet\u0151v\u00e9 kell tenni sz\u00e1m\u00e1ra, hogy \u00e9szrev\u00e9teleit \u00edr\u00e1sban megtehesse.<\/p>\n<p class=\"rtejustify\">(6) A t\u00e9ny\u00e1ll\u00e1s tiszt\u00e1z\u00e1s\u00e1ra, a hat\u00e1rid\u0151k sz\u00e1m\u00edt\u00e1s\u00e1ra, az igazol\u00e1sra, a hat\u00e1rozat alakj\u00e1ra \u00e9s tartalm\u00e1ra, a d\u00f6nt\u00e9s k\u00f6zl\u00e9s\u00e9re a k\u00f6zigazgat\u00e1si hat\u00f3s\u00e1gi elj\u00e1r\u00e1s \u00e9s szolg\u00e1ltat\u00e1s \u00e1ltal\u00e1nos szab\u00e1lyair\u00f3l sz\u00f3l\u00f3 t\u00f6rv\u00e9ny rendelkez\u00e9seit kell megfelel\u0151en alkalmazni.<\/p>\n<p class=\"rtejustify\">(7) A hallgat\u00f3 a DRHE m\u00e1sodfok\u00fa hat\u00e1rozat\u00e1nak b\u00edr\u00f3s\u00e1gi fel\u00fclvizsg\u00e1lat\u00e1t k\u00e9rheti, annak k\u00f6zl\u00e9s\u00e9t\u0151l sz\u00e1m\u00edtott 30 napon bel\u00fcl, jogszab\u00e1lys\u00e9rt\u00e9sre, illetve hallgat\u00f3i jogviszonyra vonatkoz\u00f3 rendelkez\u00e9sek megs\u00e9rt\u00e9s\u00e9re hivatkoz\u00e1ssal. A b\u00edr\u00f3s\u00e1g a d\u00f6nt\u00e9st megv\u00e1ltoztathatja.<\/p>\n<p class=\"rtejustify\">(8) Az \u00fcgyben m\u00e1sodfokon hozott hat\u00e1rozat a k\u00f6zl\u00e9ssel v\u00e1lik joger\u0151ss\u00e9. A joger\u0151s hat\u00e1rozat v\u00e9grehajthat\u00f3, kiv\u00e9ve, ha a hallgat\u00f3 annak b\u00edr\u00f3s\u00e1gi fel\u00fclvizsg\u00e1lat\u00e1t k\u00e9rte. A keresetlev\u00e9l beny\u00fajt\u00e1s\u00e1r\u00f3l a hallgat\u00f3nak a DRHE-t a keresetlev\u00e9l egy p\u00e9ld\u00e1ny\u00e1nak megk\u00fcld\u00e9s\u00e9vel \u00e9rtes\u00edteni kell.<\/p>\n<p class=\"rtejustify\">(9) Az (1)-(8) bekezd\u00e9sben foglaltakat a hallgat\u00f3k szak-, illetve int\u00e9zm\u00e9nyv\u00e1ltoztat\u00e1si k\u00e9relmei tekintet\u00e9ben is alkalmazni kell.<\/p>\n<p class=\"rtejustify\">(10) Ha az \u00fcgy nem tartozik az (1) bekezd\u00e9s hat\u00e1lya al\u00e1, a Feljebbviteli Bizotts\u00e1g a beadv\u00e1nyt \u00e1tteszi az \u00fcgy elint\u00e9z\u00e9s\u00e9re hat\u00e1sk\u00f6rrel rendelkez\u0151 illet\u00e9kes szervhez, \u00e9s err\u0151l \u00e9rtes\u00edti a beadv\u00e1ny beny\u00fajt\u00f3j\u00e1t.<\/p>\n<p>[\/vc_column_text][\/vc_column][\/vc_row]<\/p>\n<\/div>","protected":false},"excerpt":{"rendered":"<p>[vc_row][vc_column][vc_column_text] A hallgat\u00f3k jogorvoslati lehet\u0151s\u00e9gei (SzMSz) 73. \u00a7 (1) A hallgat\u00f3nak joga van \u2013 a tanulm\u00e1nyi k\u00f6vetelm\u00e9nyek teljes\u00edt\u00e9s\u00e9re vonatkoz\u00f3 \u00e9rt\u00e9kel\u00e9s<\/p>\n","protected":false},"author":1,"featured_media":0,"parent":3183,"menu_order":12,"comment_status":"closed","ping_status":"closed","template":"","meta":{"_acf_changed":false,"footnotes":"","_links_to":"","_links_to_target":""},"class_list":["post-3208","page","type-page","status-publish","hentry"],"acf":[],"_links":{"self":[{"href":"https:\/\/drhe.hu\/en\/wp-json\/wp\/v2\/pages\/3208","targetHints":{"allow":["GET"]}}],"collection":[{"href":"https:\/\/drhe.hu\/en\/wp-json\/wp\/v2\/pages"}],"about":[{"href":"https:\/\/drhe.hu\/en\/wp-json\/wp\/v2\/types\/page"}],"author":[{"embeddable":true,"href":"https:\/\/drhe.hu\/en\/wp-json\/wp\/v2\/users\/1"}],"replies":[{"embeddable":true,"href":"https:\/\/drhe.hu\/en\/wp-json\/wp\/v2\/comments?post=3208"}],"version-history":[{"count":1,"href":"https:\/\/drhe.hu\/en\/wp-json\/wp\/v2\/pages\/3208\/revisions"}],"predecessor-version":[{"id":3209,"href":"https:\/\/drhe.hu\/en\/wp-json\/wp\/v2\/pages\/3208\/revisions\/3209"}],"up":[{"embeddable":true,"href":"https:\/\/drhe.hu\/en\/wp-json\/wp\/v2\/pages\/3183"}],"wp:attachment":[{"href":"https:\/\/drhe.hu\/en\/wp-json\/wp\/v2\/media?parent=3208"}],"curies":[{"name":"wp","href":"https:\/\/api.w.org\/{rel}","templated":true}]}}