{"id":3210,"date":"2021-10-21T11:35:59","date_gmt":"2021-10-21T09:35:59","guid":{"rendered":"http:\/\/new.drhe.hu\/?page_id=3210"},"modified":"2022-03-10T10:40:17","modified_gmt":"2022-03-10T09:40:17","slug":"hallgatoi-tanacsadas","status":"publish","type":"page","link":"https:\/\/drhe.hu\/en\/hallgatoknak\/tanulmanyi-informaciok\/altalanos-informaciok\/hallgatoi-tanacsadas\/","title":{"rendered":"Hallgat\u00f3i tan\u00e1csad\u00e1s"},"content":{"rendered":"<p><strong>Ment\u00e1lhigi\u00e9n\u00e9s tan\u00e1csad\u00e1s<\/strong><\/p>\n<p>Egyetem\u00fcnk a hallgat\u00f3k tanulm\u00e1nyi tan\u00e1csad\u00e1sa c\u00e9lj\u00e1b\u00f3l fogad\u00f3\u00f3r\u00e1k tart\u00e1s\u00e1t \u00edrja el\u0151 oktat\u00f3inak: ennek id\u0151tartama legal\u00e1bb heti 2 \u00f3ra. Ez a fogad\u00f3\u00f3ra k\u00edn\u00e1l alkalmat a szakdolgozati \u00e9s egy\u00e9b szakmai konzult\u00e1ci\u00f3kra.<br \/>\nA hit\u00e9leti, \u00e9letviteli \u00e9s ment\u00e1lhigi\u00e9n\u00e9s tan\u00e1csad\u00e1snak egyetem\u00fcnk\u00f6n \u2013 hit\u00e9leti, egyh\u00e1zi jelleg\u00e9b\u0151l ad\u00f3d\u00f3an komoly hagyom\u00e1nyai vannak. Az egyetemen egyetemi lelk\u00e9szs\u00e9g m\u0171k\u00f6dik, amelynek \u2013 egyel\u0151re r\u00e9szmunkaid\u0151ben alkalmazott \u2013 munkat\u00e1rsa egyebek mellett a hallgat\u00f3k hit\u00e9leti, \u00e9letviteli \u00e9s ment\u00e1lhigi\u00e9n\u00e9s tan\u00e1csad\u00e1s\u00e1t is v\u00e9gzi, a szem\u00e9lyes besz\u00e9lget\u00e9sek lehet\u0151s\u00e9g\u00e9nek felk\u00edn\u00e1l\u00e1s\u00e1val. A hit\u00e9leti szakos hallgat\u00f3k ezen fel\u00fcl \u00e9vfolyamfelel\u0151s mentor-tan\u00e1rral is rendelkeznek, akik a hozz\u00e1juk beosztott hallgat\u00f3k rendelkez\u00e9s\u00e9re \u00e1llnak mind az egy\u00e9ni besz\u00e9lget\u00e9s, mind a heti rendszeress\u00e9ggel megtartott k\u00f6z\u00f6s \u00e9vfolyam\u00f3r\u00e1k keret\u00e9ben. Az \u00e9vfolyamfelel\u0151s\u00f6k egyben karrier-tan\u00e1csad\u00e1st is v\u00e9geznek.<br \/>\nEgyetem\u00fcnk\u00f6n ingyenesen ig\u00e9nybe vehet\u0151 ment\u00e1lhigi\u00e9n\u00e9s tan\u00e1csad\u00e1s m\u0171k\u00f6dik, mely szem\u00e9lyes tan\u00e1csad\u00e1si lehet\u0151s\u00e9get ny\u00fajt az al\u00e1bbi ter\u00fcleteken:<br \/>\n\u2022 tanul\u00e1ssal \u00e9s teljes\u00edtm\u00e9nnyel kapcsolatos probl\u00e9m\u00e1k<br \/>\n\u2022 \u00e9letp\u00e1ly\u00e1val \u00e9s j\u00f6v\u0151k\u00e9ppel kapcsolatos bizonytalans\u00e1g<br \/>\n\u2022 mag\u00e1n\u00e9leti konfliktusok (kapcsolati, p\u00e1rkapcsolati, csal\u00e1di neh\u00e9zs\u00e9gek)<br \/>\n\u2022 beilleszked\u00e9si \u00e9s konfliktuskezel\u00e9si neh\u00e9zs\u00e9gek<br \/>\n\u2022 aktu\u00e1lis \u00e9lethelyzeti kr\u00edzisek<br \/>\n\u2022 stressz kezel\u00e9se<br \/>\nA tan\u00e1csad\u00e1s el\u0151re egyeztetett id\u0151pontban t\u00f6rt\u00e9nik, maxim\u00e1lisan 10 alkalmat jelent a probl\u00e9ma term\u00e9szet\u00e9t\u0151l f\u00fcgg\u0151en. Az alkalmak 50 percesek \u00e9s jellemz\u0151en heti rendszeress\u00e9ggel, n\u00e9gyszemk\u00f6zt t\u00f6rt\u00e9nnek. Az \u00fcl\u00e9seken elhangzottak a pszichol\u00f3gusi titoktart\u00e1s k\u00f6r\u00e9be tartoznak.<br \/>\nA fogyat\u00e9koss\u00e1ggal \u00e9l\u0151 hallgat\u00f3k sz\u00e1m\u00e1ra int\u00e9zm\u00e9ny\u00fcnk igyekszik minden seg\u00edts\u00e9get megadni ahhoz, hogy teljes\u00edteni tudj\u00e1k a hallgat\u00f3i jogviszonyukb\u00f3l ered\u0151 k\u00f6telezetts\u00e9geiket. A fogyat\u00e9koss\u00e1ggal \u00e9l\u0151 hallgat\u00f3k es\u00e9lyegyenl\u0151s\u00e9g\u00e9t int\u00e9zm\u00e9nyi koordin\u00e1tor seg\u00edti, aki szem\u00e9lyes konzult\u00e1ci\u00f3k form\u00e1j\u00e1ban t\u00e1j\u00e9koztatja \u0151ket az ig\u00e9nybe vehet\u0151 kedvezm\u00e9nyekr\u0151l \u00e9s szolg\u00e1ltat\u00e1sokr\u00f3l, illetve seg\u00edti \u00e9rdekv\u00e9delm\u00fcket.<br \/>\nA ment\u00e1lhigi\u00e9n\u00e9s tan\u00e1csad\u00e1st \u00e9s a fogyat\u00e9koss\u00e1ggal \u00e9l\u0151 hallgat\u00f3k seg\u00edt\u00e9s\u00e9t <strong>Kathyn\u00e9 Mogyor\u00f3ssy Anita pszichol\u00f3gus<\/strong> v\u00e9gzi. El\u00e9rhet\u0151s\u00e9ge: <strong>k&#97;&#116;&#x68;&#x79;n&#101;&#46;&#x61;&#x6e;&#x69;t&#97;&#64;&#x64;&#x72;he&#46;&#x68;&#x75;<\/strong><\/p>\n<p>&nbsp;<\/p>\n","protected":false},"excerpt":{"rendered":"<p>Ment\u00e1lhigi\u00e9n\u00e9s tan\u00e1csad\u00e1s Egyetem\u00fcnk a hallgat\u00f3k tanulm\u00e1nyi tan\u00e1csad\u00e1sa c\u00e9lj\u00e1b\u00f3l fogad\u00f3\u00f3r\u00e1k tart\u00e1s\u00e1t \u00edrja el\u0151 oktat\u00f3inak: ennek id\u0151tartama legal\u00e1bb heti 2 \u00f3ra. Ez<\/p>\n","protected":false},"author":1,"featured_media":0,"parent":3183,"menu_order":13,"comment_status":"closed","ping_status":"closed","template":"","meta":{"_acf_changed":false,"footnotes":"","_links_to":"","_links_to_target":""},"class_list":["post-3210","page","type-page","status-publish","hentry"],"acf":[],"_links":{"self":[{"href":"https:\/\/drhe.hu\/en\/wp-json\/wp\/v2\/pages\/3210","targetHints":{"allow":["GET"]}}],"collection":[{"href":"https:\/\/drhe.hu\/en\/wp-json\/wp\/v2\/pages"}],"about":[{"href":"https:\/\/drhe.hu\/en\/wp-json\/wp\/v2\/types\/page"}],"author":[{"embeddable":true,"href":"https:\/\/drhe.hu\/en\/wp-json\/wp\/v2\/users\/1"}],"replies":[{"embeddable":true,"href":"https:\/\/drhe.hu\/en\/wp-json\/wp\/v2\/comments?post=3210"}],"version-history":[{"count":6,"href":"https:\/\/drhe.hu\/en\/wp-json\/wp\/v2\/pages\/3210\/revisions"}],"predecessor-version":[{"id":14592,"href":"https:\/\/drhe.hu\/en\/wp-json\/wp\/v2\/pages\/3210\/revisions\/14592"}],"up":[{"embeddable":true,"href":"https:\/\/drhe.hu\/en\/wp-json\/wp\/v2\/pages\/3183"}],"wp:attachment":[{"href":"https:\/\/drhe.hu\/en\/wp-json\/wp\/v2\/media?parent=3210"}],"curies":[{"name":"wp","href":"https:\/\/api.w.org\/{rel}","templated":true}]}}