{"id":3212,"date":"2021-10-21T11:37:06","date_gmt":"2021-10-21T09:37:06","guid":{"rendered":"http:\/\/new.drhe.hu\/?page_id=3212"},"modified":"2021-10-21T11:37:06","modified_gmt":"2021-10-21T09:37:06","slug":"eselyegyenloseg","status":"publish","type":"page","link":"https:\/\/drhe.hu\/en\/hallgatoknak\/tanulmanyi-informaciok\/altalanos-informaciok\/eselyegyenloseg\/","title":{"rendered":"Es\u00e9lyegyenl\u0151s\u00e9g"},"content":{"rendered":"<div class=\"wpb-content-wrapper\"><p>[vc_row][vc_column][vc_column_text]<\/p>\n<h3 class=\"rtecenter\" style=\"text-align: center;\"><strong>A fogyat\u00e9koss\u00e1ggal \u00e9l\u0151 hallgat\u00f3k es\u00e9lyegyenl\u0151s\u00e9g\u00e9nek biztos\u00edt\u00e1sa (SzMSz)<\/strong><\/h3>\n<p class=\"rtecenter\" style=\"text-align: center;\"><strong>72. \u00a7<\/strong><\/p>\n<p class=\"rtejustify\">(1) A fogyat\u00e9koss\u00e1ggal \u00e9l\u0151 hallgat\u00f3 k\u00e9relm\u00e9re a DRHE-nak a tanterv el\u0151\u00edr\u00e1sait\u00f3l r\u00e9szben vagy eg\u00e9sz\u00e9ben elt\u00e9r\u0151 k\u00f6vetelm\u00e9nyeket kell meg\u00e1llap\u00edtania, illetve \u2013 figyelemmel az Nftv. 49. \u00a7 (8) bekezd\u00e9s\u00e9re \u2013 azok teljes\u00edt\u00e9s\u00e9t\u0151l el kell tekintenie a 87\/2015. (VI. 9.) korm\u00e1nyrendelet 62. \u00a7 (2)-(7) bekezd\u00e9sben foglalt kedvezm\u00e9nyek k\u00f6z\u00fcl legal\u00e1bb egy, sz\u00fcks\u00e9g szerint t\u00f6bb kedvezm\u00e9ny biztos\u00edt\u00e1s\u00e1val, ha a fogyat\u00e9koss\u00e1got igazol\u00f3 szakv\u00e9lem\u00e9ny meg\u00e1llap\u00edt\u00e1sai alapj\u00e1n kedvezm\u00e9ny, illetve mentess\u00e9g biztos\u00edthat\u00f3 a hallgat\u00f3 sz\u00e1m\u00e1ra. Jelen \u00a7 vonatkoz\u00e1s\u00e1ban fogyat\u00e9koss\u00e1ggal \u00e9l\u0151 hallgat\u00f3 (jelentkez\u0151) az Nftv. 108. \u00a7 (6) bekezd\u00e9se alapj\u00e1n az, aki mozg\u00e1sszervi, \u00e9rz\u00e9kszervi vagy besz\u00e9dfogyat\u00e9kos, t\u00f6bb fogyat\u00e9koss\u00e1g egy\u00fcttes el\u0151fordul\u00e1sa eset\u00e9n halmozottan fogyat\u00e9kos, autizmus spektrum zavarral vagy egy\u00e9b pszich\u00e9s fejl\u0151d\u00e9si zavarral (s\u00falyos tanul\u00e1si, figyelem- vagy magatart\u00e1sszab\u00e1lyoz\u00e1si zavarral) k\u00fczd.<\/p>\n<p class=\"rtejustify\">(2) A fogyat\u00e9koss\u00e1ggal \u00e9l\u0151 hallgat\u00f3k es\u00e9lyegyenl\u0151s\u00e9g\u00e9t int\u00e9zm\u00e9nyi koordin\u00e1tor seg\u00edti. A fogyat\u00e9koss\u00e1ggal \u00e9l\u0151 hallgat\u00f3k koordin\u00e1tor\u00e1nak megv\u00e1laszt\u00e1s\u00e1val \u00e9s feladatk\u00f6r\u00e9vel kapcsolatos k\u00e9rd\u00e9seket jelen szab\u00e1lyzat 35. \u00a7-a r\u00f6gz\u00edti.<\/p>\n<p class=\"rtejustify\">(3) Az es\u00e9lyegyenl\u0151s\u00e9g biztos\u00edt\u00e1s\u00e1val kapcsolatos tov\u00e1bbi el\u0151\u00edr\u00e1sokat a Tanulm\u00e1nyi \u00e9s Vizsgaszab\u00e1lyzat r\u00f6gz\u00edti.<\/p>\n<h3 class=\"rtecenter\" style=\"text-align: center;\"><strong>A fogyat\u00e9koss\u00e1ggal \u00e9l\u0151 hallgat\u00f3k es\u00e9lyegyenl\u0151s\u00e9g\u00e9nek biztos\u00edt\u00e1sa (TVSz)<\/strong><\/h3>\n<p class=\"rtecenter\" style=\"text-align: center;\"><strong>9. \u00a7<\/strong><\/p>\n<p class=\"rtejustify\">(1) A fogyat\u00e9koss\u00e1ggal \u00e9l\u0151 hallgat\u00f3 k\u00e9relm\u00e9re a DRHE-nak a tanterv el\u0151\u00edr\u00e1sait\u00f3l r\u00e9szben vagy eg\u00e9sz\u00e9ben elt\u00e9r\u0151 k\u00f6vetelm\u00e9nyeket kell meg\u00e1llap\u00edtania, illetve \u2013 figyelemmel az Nftv. 49. \u00a7 (8) bekezd\u00e9s\u00e9re \u2013 azok teljes\u00edt\u00e9s\u00e9t\u0151l el kell tekintenie a 87\/2015. (VI. 9.) Korm\u00e1nyrendelet 62. \u00a7 (2)-(7) bekezd\u00e9sben foglalt kedvezm\u00e9nyek k\u00f6z\u00fcl legal\u00e1bb egy, sz\u00fcks\u00e9g szerint t\u00f6bb kedvezm\u00e9ny biztos\u00edt\u00e1s\u00e1val, ha a fogyat\u00e9koss\u00e1got igazol\u00f3 szakv\u00e9lem\u00e9ny meg\u00e1llap\u00edt\u00e1sai alapj\u00e1n kedvezm\u00e9ny, illetve mentess\u00e9g biztos\u00edthat\u00f3 a hallgat\u00f3 sz\u00e1m\u00e1ra. Jelen \u00a7 vonatkoz\u00e1s\u00e1ban fogyat\u00e9koss\u00e1ggal \u00e9l\u0151 hallgat\u00f3 (jelentkez\u0151) az Nftv. 108. \u00a7 6. pontja alapj\u00e1n az, aki mozg\u00e1sszervi, \u00e9rz\u00e9kszervi vagy besz\u00e9dfogyat\u00e9kos, t\u00f6bb fogyat\u00e9koss\u00e1g egy\u00fcttes el\u0151fordul\u00e1sa eset\u00e9n halmozottan fogyat\u00e9kos, autizmus spektrum zavarral vagy egy\u00e9b pszich\u00e9s fejl\u0151d\u00e9si zavarral (s\u00falyos tanul\u00e1si, figyelem- vagy magatart\u00e1sszab\u00e1lyoz\u00e1si zavarral) k\u00fczd.<\/p>\n<p class=\"rtejustify\">(2) A mentes\u00edt\u00e9s kiz\u00e1r\u00f3lag a mentes\u00edt\u00e9s alapj\u00e1ul szolg\u00e1l\u00f3 k\u00f6r\u00fclm\u00e9nnyel \u00f6sszef\u00fcg\u00adg\u00e9sben biztos\u00edthat\u00f3, \u00e9s nem vezethet az oklev\u00e9l \u00e1ltal tan\u00fas\u00edtott szakk\u00e9pzetts\u00e9g, illetve a bizony\u00edtv\u00e1ny \u00e1ltal tan\u00fas\u00edtott szakk\u00e9pes\u00edt\u00e9s megszerz\u00e9s\u00e9hez sz\u00fcks\u00e9ges alapvet\u0151 tanulm\u00e1nyi k\u00f6vetelm\u00e9nyek al\u00f3li felment\u00e9shez.<\/p>\n<p class=\"rtejustify\">(3) Nem adhat\u00f3 mentes\u00edt\u00e9s a hallgat\u00f3nak, illetve a volt hallgat\u00f3nak \u2013 a nyelvvizsga k\u00f6vetelm\u00e9nyek al\u00f3l sem \u2013, ha a mentes\u00edt\u00e9s alapj\u00e1ul szolg\u00e1l\u00f3 k\u00f6r\u00fclm\u00e9ny a DRHE Hallgat\u00f3i Felv\u00e9teli Szab\u00e1lyzata vagy az Orsz\u00e1gos Felv\u00e9teli T\u00e1j\u00e9koztat\u00f3 vonatkoz\u00f3 mell\u00e9klete alapj\u00e1n az adott szak p\u00e1lyaalkalmass\u00e1ga tekintet\u00e9ben kiz\u00e1r\u00f3 oknak min\u0151s\u00fcl.<\/p>\n<p class=\"rtejustify\">(4) Nem adhat\u00f3 mentes\u00edt\u00e9s vagy k\u00f6nny\u00edt\u00e9s hit\u00e9leti szakokon a bibliai nyelvek \u00e9s a szaknyelvi k\u00f6vetelm\u00e9nyek ter\u00e9n.<\/p>\n<p class=\"rtejustify\">(5) A fogyat\u00e9koss\u00e1ggal \u00e9l\u0151 hallgat\u00f3 fogyat\u00e9koss\u00e1g\u00e1nak t\u00edpus\u00e1t \u00e9s m\u00e9rt\u00e9k\u00e9t, annak v\u00e9gleges vagy id\u0151szakos volt\u00e1t szakv\u00e9lem\u00e9nnyel igazolja. Ha a hallgat\u00f3 (jelentkez\u0151) fogyat\u00e9koss\u00e1ga m\u00e1r a k\u00f6z\u00e9pfok\u00fa tanulm\u00e1nyok ideje alatt is fenn\u00e1llt, \u00e9s erre tekintettel a tanulm\u00e1nyai, illetve az \u00e9retts\u00e9gi vizsga sor\u00e1n kedvezm\u00e9nyben r\u00e9szes\u00fclt, a fogyat\u00e9koss\u00e1g, saj\u00e1tos nevel\u00e9si ig\u00e9ny a megyei (f\u0151v\u00e1rosi) pedag\u00f3giai szakszolg\u00e1lati int\u00e9zm\u00e9nyek, illetve azok megyei vagy orsz\u00e1gos szak\u00e9rt\u0151i bizotts\u00e1gk\u00e9nt elj\u00e1r\u00f3 tagint\u00e9zm\u00e9nyei (valamint jogel\u0151djeik k\u00f6z\u00fcl a tanul\u00e1si k\u00e9pess\u00e9gvizsg\u00e1l\u00f3 szak\u00e9rt\u0151i \u00e9s rehabilit\u00e1ci\u00f3s bizotts\u00e1gok, \u00e9s orsz\u00e1gos szak\u00e9rt\u0151i \u00e9s rehabilit\u00e1ci\u00f3s bizotts\u00e1gok) \u00e1ltal kibocs\u00e1tott szak\u00e9rt\u0151i v\u00e9lem\u00e9nnyel igazolhat\u00f3. Ha a hallgat\u00f3 (jelentkez\u0151) fogyat\u00e9koss\u00e1ga, saj\u00e1tos nevel\u00e9si ig\u00e9nye a k\u00f6z\u00e9pfok\u00fa tanulm\u00e1nyok ideje alatt nem \u00e1llt fenn, illetve fogyat\u00e9koss\u00e1gra, saj\u00e1tos nevel\u00e9si ig\u00e9nyre tekintettel a tanulm\u00e1nyai \u00e9s az \u00e9retts\u00e9gi vizsga sor\u00e1n kedvezm\u00e9nyben nem r\u00e9szes\u00fclt, a fogyat\u00e9koss\u00e1g a rehabilit\u00e1ci\u00f3s szak\u00e9rt\u0151i szerv, illetve annak jogel\u0151djei \u00e1ltal kibocs\u00e1tott szak\u00e9rt\u0151i v\u00e9lem\u00e9nnyel igazolhat\u00f3.<\/p>\n<p class=\"rtejustify\">(6) A hallgat\u00f3t a k\u00f6z\u00e9piskolai tanulm\u00e1nyai \u00e9s az \u00e9retts\u00e9gi vizsga sor\u00e1n kapott kedvezm\u00e9nye alapj\u00e1n megillet\u0151 mentess\u00e9g eset\u00e9n csak a k\u00f6z\u00e9piskolai tanulm\u00e1nyai \u00e9s az \u00e9retts\u00e9gi vizsga sor\u00e1n kapott kedvezm\u00e9ny(ek) jellege \u00e9s m\u00e9rt\u00e9ke illeti meg.<\/p>\n<p class=\"rtejustify\">(7) A mentes\u00edt\u00e9sre ir\u00e1nyul\u00f3 k\u00e9relmet (a tov\u00e1bbiakban: mentess\u00e9gi k\u00e9relem) \u2013 m\u00e1r fenn\u00e1ll\u00f3 fogyat\u00e9koss\u00e1g eset\u00e9n \u2013 hit\u00e9leti szakra t\u00f6rt\u00e9n\u0151 jelentkez\u00e9skor a felv\u00e9teli jelentkez\u00e9si laphoz kell mell\u00e9kelni, nem hit\u00e9leti szakra t\u00f6rt\u00e9nt felv\u00e9tel eset\u00e9n legk\u00e9s\u0151bb a felv\u00e9teli hat\u00e1rozat k\u00e9zhezv\u00e9tel\u00e9t\u0151l sz\u00e1m\u00edtott 15 napon bel\u00fcl kell beny\u00fajtani a Tanulm\u00e1nyi Oszt\u00e1lyra.<\/p>\n<p class=\"rtejustify\">(8) A mentess\u00e9gi k\u00e9relmet \u2013 a tanulm\u00e1nyok ideje alatt bek\u00f6vetkez\u0151 fogyat\u00e9koss\u00e1g eset\u00e9n \u2013 a Tanulm\u00e1nyi Oszt\u00e1lyra kell beny\u00fajtani. A beny\u00fajtott k\u00e9relem alapj\u00e1n meg\u00edt\u00e9lt mentess\u00e9gek \u00e9s k\u00f6nny\u00edt\u00e9sek a m\u00e1r felvett tant\u00e1rgyak nem teljes\u00edt\u00e9s\u00e9nek k\u00f6vetkezm\u00e9nyei vonatkoz\u00e1s\u00e1ban nem \u00e9rv\u00e9nyes\u00edthet\u0151ek (nem teljes\u00edtett kredit\u00e9rt kir\u00f3tt szolg\u00e1ltat\u00e1si d\u00edj, \u00f6szt\u00f6nd\u00edj-index sz\u00e1m\u00edt\u00e1sa stb.). A z\u00e1r\u00f3vizsg\u00e1ra t\u00f6rt\u00e9n\u0151 jelentkez\u00e9st k\u00f6vet\u0151en mentess\u00e9gi k\u00e9relmet a Tanulm\u00e1nyi Oszt\u00e1ly m\u00e1r csak az Oklev\u00e9l kiad\u00e1s\u00e1hoz sz\u00fcks\u00e9ges nyelvvizsga vagy annak egy r\u00e9sze, illetve szintje al\u00f3li mentes\u00edt\u00e9s t\u00e1rgy\u00e1ban fogadhat be.<\/p>\n<p class=\"rtejustify\">(9) A fogyat\u00e9koss\u00e1ggal \u00e9l\u0151 hallgat\u00f3 mentess\u00e9gi k\u00e9relm\u00e9re az oktat\u00e1si rektorhelyettes a hallgat\u00f3 sz\u00e1m\u00e1ra a rehabilit\u00e1ci\u00f3s szakigazgat\u00e1si szerv \u00e1ltal kiadott szakv\u00e9lem\u00e9ny, illetve a hallgat\u00f3 k\u00f6z\u00e9piskolai tanulm\u00e1nyai \u00e9s \u00e9retts\u00e9gi vizsg\u00e1ja sor\u00e1n kapott kedvezm\u00e9nye(i) alapj\u00e1n \u2013 a fogyat\u00e9koss\u00e1ggal \u00e9l\u0151 hallgat\u00f3k koordin\u00e1tor\u00e1nak javaslata alapj\u00e1n \u2013 mentess\u00e9gi igazol\u00e1st \u00e1ll\u00edt ki, amely a hallgat\u00f3 szakj\u00e1nak aj\u00e1nlott tanmenete alapj\u00e1n, valamennyi \u00e9rintett tant\u00e1rgy vonatkoz\u00e1s\u00e1ban, r\u00f6gz\u00edti a hallgat\u00f3t megillet\u0151 kedvezm\u00e9nyeket, mentes\u00edt\u00e9seket \u00e9s r\u00e9szleges felment\u00e9seket (a tov\u00e1bbiakban: kedvezm\u00e9nyek).<\/p>\n<p class=\"rtejustify\">(10) A fogyat\u00e9koss\u00e1ggal \u00e9l\u0151 hallgat\u00f3k t\u00f6rzslapj\u00e1n \u00e9s az elektronikus tanulm\u00e1nyi nyilv\u00e1ntart\u00f3 rendszerben a Tanulm\u00e1nyi Oszt\u00e1ly felt\u00fcnteti a fogyat\u00e9koss\u00e1ggal kapcsolatos adatokat, a szakv\u00e9lem\u00e9nyt ki\u00e1ll\u00edt\u00f3 szerv nev\u00e9t, c\u00edm\u00e9t, a szakv\u00e9lem\u00e9ny kelt\u00e9t, az oktat\u00e1si rektorhelyettes \u00e1ltal sz\u00e1m\u00e1ra meg\u00edt\u00e9lt kedvezm\u00e9nyeket, a hallgat\u00f3 leckek\u00f6nyv\u00e9ben \u00e9s az elektronikus tanulm\u00e1nyi rendszerben pedig r\u00f6gz\u00edti a hallgat\u00f3 sz\u00e1m\u00e1ra meg\u00edt\u00e9lt mentes\u00edt\u00e9seket.<\/p>\n<p class=\"rtejustify\">(11) Ha a mentess\u00e9gi igazol\u00e1s valamely tant\u00e1rgy teljes\u00edt\u00e9se al\u00f3l teljes k\u00f6r\u0171 felment\u00e9st biztos\u00edt, a hallgat\u00f3 a szabadon \u00e9s k\u00f6telez\u0151en v\u00e1laszthat\u00f3 tant\u00e1rgyak k\u00f6r\u00e9b\u0151l v\u00e1lasztott helyettes\u00edt\u0151 tant\u00e1rgy tanulm\u00e1nyi k\u00f6telezetts\u00e9g\u00e9nek teljes\u00edt\u00e9s\u00e9vel tehet eleget a kreditk\u00f6vetelm\u00e9nyeknek. A helyettes\u00edt\u0151 tant\u00e1rgyak kreditjeinek \u00f6sszege nem lehet kevesebb, mint a vel\u00fck kiv\u00e1ltott tant\u00e1rgyak kreditjeinek \u00f6sszege. Z\u00e1r\u00f3vizsg\u00e1ra a hallgat\u00f3 csak akkor bocs\u00e1that\u00f3, ha a helyettes\u00edt\u0151 tant\u00e1rgyak seg\u00edts\u00e9g\u00e9vel az oklev\u00e9l megszerz\u00e9s\u00e9hez sz\u00fcks\u00e9ges valamennyi kreditet teljes\u00edtette.<\/p>\n<p class=\"rtejustify\">(12) Ha a mentess\u00e9gi igazol\u00e1s valamely tant\u00e1rgy tanulm\u00e1nyi k\u00f6telezetts\u00e9ge teljes\u00edt\u00e9se al\u00f3l r\u00e9szleges felment\u00e9st biztos\u00edt, a hallgat\u00f3 a tanulm\u00e1nyi k\u00f6vetelm\u00e9nyek teljes\u00edt\u00e9se al\u00f3l nem menthet\u0151 fel, a tant\u00e1rgyi krediteket teljes\u00edtenie kell. A teljes\u00edt\u00e9s el\u0151seg\u00edt\u00e9s\u00e9hez \u2013 a fogyat\u00e9koss\u00e1ggal \u00e9l\u0151 hallgat\u00f3k koordin\u00e1tora v\u00e9lem\u00e9ny\u00e9nek kik\u00e9r\u00e9s\u00e9vel \u2013 az adott oktat\u00f3 a tan\u00f3r\u00e1n\/gyakorlaton differenci\u00e1lt foglalkoztat\u00e1sban vagy a csoportos tan\u00f3ra kiv\u00e1lt\u00e1sak\u00e9nt azzal azonos \u00f3rasz\u00e1mban egy\u00e9ni konzult\u00e1ci\u00f3ban r\u00e9szes\u00edti. Az ez ir\u00e1ny\u00fa differenci\u00e1lt foglalkoztat\u00e1st csak a fogyat\u00e9koss\u00e1gi h\u00e1tr\u00e1ny ellens\u00falyoz\u00e1s\u00e1ra, kiegyenl\u00edt\u00e9s\u00e9re lehet alkalmazni.<\/p>\n<p class=\"rtejustify\">(13) R\u00e9szleges felment\u00e9s eset\u00e9ben a hallgat\u00f3 a mentess\u00e9gi igazol\u00e1s bemutat\u00e1s\u00e1val t\u00e1j\u00e9koztatja az oktat\u00f3t a kedvezm\u00e9nyek \u00e9rv\u00e9nyes\u00edt\u00e9s\u00e9nek sz\u00e1nd\u00e9k\u00e1r\u00f3l, legk\u00e9s\u0151bb annak a regisztr\u00e1ci\u00f3s h\u00e9tnek a v\u00e9g\u00e9ig, melyben az adott tant\u00e1rgyat felveszi. A hallgat\u00f3 \u00e9s az oktat\u00f3 az ig\u00e9nybe vett kedvezm\u00e9ny jelleg\u00e9t \u00e9s m\u00e9rt\u00e9k\u00e9t az egy\u00e9ni tanrend ir\u00e1nti k\u00e9relem formanyomtatv\u00e1ny kit\u00f6lt\u00e9s\u00e9vel a regisztr\u00e1ci\u00f3s h\u00e9t v\u00e9g\u00e9ig \u00edr\u00e1sban is r\u00f6gz\u00edti. Kedvezm\u00e9ny a regisztr\u00e1ci\u00f3s hetet k\u00f6vet\u0151en az oktat\u00f3n\u00e1l nem ig\u00e9nyelhet\u0151.<\/p>\n<p class=\"rtejustify\">(14) A fogyat\u00e9koss\u00e1ggal \u00e9l\u0151 hallgat\u00f3k \u00fcgyeinek int\u00e9z\u00e9se sor\u00e1n fokozottan kell \u00fcgyelni az inform\u00e1ci\u00f3s \u00f6nrendelkez\u00e9si jogr\u00f3l \u00e9s az inform\u00e1ci\u00f3szabads\u00e1gr\u00f3l sz\u00f3l\u00f3 t\u00f6rv\u00e9ny szab\u00e1lyainak a betart\u00e1s\u00e1ra.<\/p>\n<p>[\/vc_column_text][\/vc_column][\/vc_row]<\/p>\n<\/div>","protected":false},"excerpt":{"rendered":"<p>[vc_row][vc_column][vc_column_text] A fogyat\u00e9koss\u00e1ggal \u00e9l\u0151 hallgat\u00f3k es\u00e9lyegyenl\u0151s\u00e9g\u00e9nek biztos\u00edt\u00e1sa (SzMSz) 72. \u00a7 (1) A fogyat\u00e9koss\u00e1ggal \u00e9l\u0151 hallgat\u00f3 k\u00e9relm\u00e9re a DRHE-nak a tanterv<\/p>\n","protected":false},"author":1,"featured_media":0,"parent":3183,"menu_order":17,"comment_status":"closed","ping_status":"closed","template":"","meta":{"_acf_changed":false,"footnotes":"","_links_to":"","_links_to_target":""},"class_list":["post-3212","page","type-page","status-publish","hentry"],"acf":[],"_links":{"self":[{"href":"https:\/\/drhe.hu\/en\/wp-json\/wp\/v2\/pages\/3212","targetHints":{"allow":["GET"]}}],"collection":[{"href":"https:\/\/drhe.hu\/en\/wp-json\/wp\/v2\/pages"}],"about":[{"href":"https:\/\/drhe.hu\/en\/wp-json\/wp\/v2\/types\/page"}],"author":[{"embeddable":true,"href":"https:\/\/drhe.hu\/en\/wp-json\/wp\/v2\/users\/1"}],"replies":[{"embeddable":true,"href":"https:\/\/drhe.hu\/en\/wp-json\/wp\/v2\/comments?post=3212"}],"version-history":[{"count":1,"href":"https:\/\/drhe.hu\/en\/wp-json\/wp\/v2\/pages\/3212\/revisions"}],"predecessor-version":[{"id":3213,"href":"https:\/\/drhe.hu\/en\/wp-json\/wp\/v2\/pages\/3212\/revisions\/3213"}],"up":[{"embeddable":true,"href":"https:\/\/drhe.hu\/en\/wp-json\/wp\/v2\/pages\/3183"}],"wp:attachment":[{"href":"https:\/\/drhe.hu\/en\/wp-json\/wp\/v2\/media?parent=3212"}],"curies":[{"name":"wp","href":"https:\/\/api.w.org\/{rel}","templated":true}]}}