{"id":3214,"date":"2021-10-21T11:39:48","date_gmt":"2021-10-21T09:39:48","guid":{"rendered":"http:\/\/new.drhe.hu\/?page_id=3214"},"modified":"2026-02-02T07:47:40","modified_gmt":"2026-02-02T06:47:40","slug":"kervenyek-nyomtatvanyok","status":"publish","type":"page","link":"https:\/\/drhe.hu\/en\/hallgatoknak\/tanulmanyi-informaciok\/altalanos-informaciok\/kervenyek-nyomtatvanyok\/","title":{"rendered":"K\u00e9rv\u00e9nyek, nyomtatv\u00e1nyok"},"content":{"rendered":"<div class=\"wpb-content-wrapper\"><p>[vc_row][vc_column][vc_column_text]<\/p>\n<p style=\"text-align: left;\">[\/vc_column_text][\/vc_column][\/vc_row][vc_row][vc_column][vc_column_text]<strong>Hallgat\u00f3i tanulm\u00e1nyi k\u00e9rv\u00e9nyek<\/strong><\/p>\n<table border=\"1\" cellspacing=\"1\" cellpadding=\"1\">\n<tbody>\n<tr>\n<td><a href=\"https:\/\/drhe.hu\/wp-content\/uploads\/2025\/08\/Kesedelemes-regisztracio.pdf\">K\u00e9sedelmes regisztr\u00e1ci\u00f3<\/a><\/td>\n<\/tr>\n<tr>\n<td><a href=\"https:\/\/drhe.hu\/wp-content\/uploads\/2025\/08\/Rektori-meltanyossagi-kerelem.pdf\">Rektori m\u00e9lt\u00e1nyoss\u00e1gi k\u00e9relem<\/a><\/td>\n<\/tr>\n<tr>\n<td><a href=\"https:\/\/drhe.hu\/wp-content\/uploads\/2025\/08\/Passziv-felev-vagy-ev-kerelme-ket-passziv-felev-utan.pdf\">Passz\u00edv f\u00e9l\u00e9v\/\u00e9v k\u00e9relme 2 egybef\u00fcgg\u0151 passz\u00edv f\u00e9l\u00e9v ut\u00e1n<\/a><\/td>\n<\/tr>\n<tr>\n<td><a href=\"https:\/\/drhe.hu\/wp-content\/uploads\/2025\/08\/Hallgato-bejelentese-hallgatoi-jogviszony-megszuntetesehez.pdf\">Hallgat\u00f3i bejelent\u00e9s jogviszony megsz\u00fcntet\u00e9s\u00e9hez<\/a><\/td>\n<\/tr>\n<tr>\n<td><a href=\"https:\/\/drhe.hu\/wp-content\/uploads\/2025\/08\/Nyelvvizsga-beszamitasi-kerelem-2025.pdf\">Nyelvvizsga besz\u00e1m\u00edt\u00e1si k\u00e9relem<\/a><\/td>\n<\/tr>\n<tr>\n<td><a href=\"https:\/\/drhe.hu\/wp-content\/uploads\/2025\/08\/Kredit-beszamitasi-lap.pdf\">Kredit besz\u00e1m\u00edt\u00e1si k\u00e9relem<\/a><\/td>\n<\/tr>\n<tr>\n<td><a href=\"https:\/\/drhe.hu\/wp-content\/uploads\/2025\/08\/40-kredit-feletti-targyfelvetel-kerelme.pdf\">40 kredit feletti t\u00e1rgyfelv\u00e9tel k\u00e9relme<\/a><\/td>\n<\/tr>\n<tr>\n<td>Egy\u00e9ni tanulm\u00e1nyi rend ir\u00e1nti k\u00e9relem <a title=\"Ez a k\u00e9relem csak Neptunban adhat\u00f3 le meghat\u00e1rozott id\u0151szakban\" href=\"#\">(*)<\/a><\/td>\n<\/tr>\n<tr>\n<td><a href=\"https:\/\/drhe.hu\/wp-content\/uploads\/2025\/08\/Kozossegi-munka-targyfelveteli-lap.pdf\">Int\u00e9zm\u00e9nyi k\u00f6z\u00f6ss\u00e9gi munka &#8211; t\u00e1rgyfelv\u00e9teli k\u00e9relem<\/a><\/td>\n<\/tr>\n<tr>\n<td>T\u00e1rgyfelv\u00e9tel\/k\u00e9sedelmes t\u00e1rgyfelv\u00e9tel <a title=\"Ez a k\u00e9relem csak Neptunban adhat\u00f3 le meghat\u00e1rozott id\u0151szakban\" href=\"#\">(*)<\/a><\/td>\n<\/tr>\n<tr>\n<td><a href=\"https:\/\/drhe.hu\/wp-content\/uploads\/2025\/08\/TDK-targyfelveteli-lap.pdf\">TDK t\u00e1rgy-felv\u00e9teli lap<\/a><\/td>\n<\/tr>\n<tr>\n<td>Ut\u00f3lagos t\u00e1rgy\/kurzus lead\u00e1s <a title=\"Ez a k\u00e9relem csak Neptunban adhat\u00f3 le meghat\u00e1rozott id\u0151szakban\" href=\"#\">(*)<\/a><\/td>\n<\/tr>\n<tr>\n<td>M\u0171velts\u00e9gter\u00fclet lead\u00e1si k\u00e9relem <a title=\"Ez a k\u00e9relem csak Neptunban adhat\u00f3 le meghat\u00e1rozott id\u0151szakban\" href=\"#\">(*)<\/a><\/td>\n<\/tr>\n<tr>\n<td>M\u0171velts\u00e9gter\u00fclet v\u00e1ltoztat\u00e1sa ir\u00e1nti k\u00e9relem <a title=\"Ez a k\u00e9relem csak Neptunban adhat\u00f3 le meghat\u00e1rozott id\u0151szakban\" href=\"#\">(*)<\/a><\/td>\n<\/tr>\n<tr>\n<td><a href=\"https:\/\/drhe.hu\/wp-content\/uploads\/2025\/08\/Tagozat-valtoztatasi-kerelem.pdf\">Tagozat v\u00e1ltoztat\u00e1si k\u00e9relem<\/a><\/td>\n<\/tr>\n<\/tbody>\n<\/table>\n<p>&nbsp;<\/p>\n<p><strong>Szakdolgozattal kapcsolatos nyomtatv\u00e1nyok<\/strong><\/p>\n<table border=\"1\" cellspacing=\"1\" cellpadding=\"1\">\n<tbody>\n<tr>\n<td><a href=\"https:\/\/drhe.hu\/wp-content\/uploads\/2025\/08\/Szakdolgozat-temavalasztas.pdf\">Szakdolgozati t\u00e9mav\u00e1laszt\u00e1s<\/a><\/td>\n<\/tr>\n<tr>\n<td><a href=\"https:\/\/drhe.hu\/wp-content\/uploads\/2025\/08\/Szakdolgozati-temavaltoztatas.pdf\">Szakdolgozati t\u00e9mav\u00e1ltoztat\u00e1s<\/a><\/td>\n<\/tr>\n<\/tbody>\n<\/table>\n<p>&nbsp;<\/p>\n<p><strong>Z\u00e1r\u00f3vizsg\u00e1ra jelentkez\u0151knek<\/strong><\/p>\n<table border=\"1\" cellspacing=\"1\" cellpadding=\"1\">\n<tbody>\n<td><a href=\"https:\/\/drhe.hu\/wp-content\/uploads\/2025\/10\/Zarovizsgara-jelentkezes-2026.pdf\">Jelentkez\u00e9s z\u00e1r\u00f3vizsg\u00e1ra<\/a><\/td>\n<\/tbody>\n<\/table>\n<p>&nbsp;<br \/>\n<strong>Egy\u00e9b nyomtatv\u00e1nyok<\/strong><\/p>\n<table border=\"1\" cellspacing=\"1\" cellpadding=\"1\">\n<tbody>\n<tr>\n<td><a href=\"https:\/\/drhe.hu\/wp-content\/uploads\/2025\/08\/Reszletfizetesi-kerelem.pdf\">R\u00e9szletfizet\u00e9si k\u00e9relem<\/a><\/td>\n<\/tr>\n<tr>\n<td><a href=\"https:\/\/drhe.hu\/wp-content\/uploads\/2025\/08\/Onkoltseg-csokkentes-iranti-kerelem.pdf\">K\u00f6lts\u00e9gt\u00e9r\u00edt\u00e9s\/\u00f6nk\u00f6lts\u00e9g m\u00e9rs\u00e9kl\u00e9si k\u00e9relem<\/a><\/td>\n<\/tr>\n<tr>\n<td><a href=\"https:\/\/drhe.hu\/wp-content\/uploads\/2025\/08\/Koltsegatvallalasi-nyilatkozat.pdf\">Nyilatkozat k\u00f6lts\u00e9g \u00e1tv\u00e1llal\u00e1s\u00e1r\u00f3l<\/a><\/td>\n<\/tr>\n<tr>\n<td>Konzult\u00e1ci\u00f3s igazol\u00e1s esti\/levelez\u0151 tagozat<\/td>\n<\/tr>\n<\/tbody>\n<\/table>\n<p>&nbsp;<\/p>\n<p><strong>Jogviszony megsz\u0171n\u00e9se ut\u00e1ni k\u00e9relmek<\/strong><\/p>\n<table border=\"1\" cellspacing=\"1\" cellpadding=\"1\">\n<tbody>\n<tr style=\"height: 48px;\">\n<td style=\"height: 48px; width: 100%;\"><a href=\"https:\/\/drhe.hu\/wp-content\/uploads\/2025\/08\/Oklevel-masodlat-kiallitas-iranti-kerelem.pdf\">Oklev\u00e9l m\u00e1sodlat ki\u00e1ll\u00edt\u00e1s ir\u00e1nti k\u00e9relem<\/a><\/td>\n<\/tr>\n<\/tbody>\n<\/table>\n<p>&nbsp;<\/p>\n<p><strong>Utols\u00f3 f\u00e9l\u00e9ves komplex szakmai gyakorlattal kapcsolatos nyomtatv\u00e1nyok<\/strong><\/p>\n<table border=\"1\" cellspacing=\"1\" cellpadding=\"1\">\n<tbody>\n<tr>\n<td>Befogad\u00f3i nyilatkozat &#8211; 8 hetes gyakorlat (nappali tagozat)<\/td>\n<\/tr>\n<tr>\n<td><a href=\"https:\/\/drhe.hu\/wp-content\/uploads\/2025\/10\/megbizasi_szerzodes_8-hetes_gyakorlat_2026.pdf\">Megb\u00edz\u00e1si szerz\u0151d\u00e9s &#8211; 8 hetes gyakorlat (nappali tagozat)<\/a><\/td>\n<\/tr>\n<tr>\n<td>Befogad\u00f3i nyilatkozat &#8211; 2 hetes gyakorlat (esti tagozat)<\/td>\n<\/tr>\n<tr>\n<td><a href=\"https:\/\/drhe.hu\/wp-content\/uploads\/2025\/10\/megbizasi_szerzodes_2-hetes_gyakorlat_2026.pdf\">Megb\u00edz\u00e1si szerz\u0151d\u00e9s &#8211; 2 hetes gyakorlat (esti tagozat)<\/a><\/td>\n<\/tr>\n<tr>\n<td>Megb\u00edz\u00e1si szerz\u0151d\u00e9s kieg\u00e9sz\u00edt\u0151 m\u0171velts\u00e9gter\u00fcleti iskolai gyakorlathoz<\/td>\n<\/tr>\n<\/tbody>\n<\/table>\n<p>&nbsp;<\/p>\n<p><strong>Jelentkez\u00e9si lapok<\/strong><\/p>\n<table border=\"1\" cellspacing=\"1\" cellpadding=\"1\">\n<tbody>\n<tr>\n<td><a href=\"https:\/\/drhe.hu\/wp-content\/uploads\/2025\/08\/Jelentkezesi-lap-evkozi-kantorkepzore.pdf\">Jelentkez\u00e9si lap \u00e9vk\u00f6zi K\u00e1ntork\u00e9pz\u0151re<\/a><\/td>\n<\/tr>\n<tr>\n<td><a href=\"https:\/\/drhe.hu\/wp-content\/uploads\/2025\/10\/jelentkezesi_lap-kiegeszito_muveltsegteruleti_kepzesre.pdf\">Jelentkez\u00e9si lap kieg\u00e9sz\u00edt\u0151 m\u0171velts\u00e9gter\u00fcleti k\u00e9pz\u00e9sre<\/a><\/td>\n<\/tr>\n<\/tbody>\n<\/table>\n<p>[\/vc_column_text][\/vc_column][\/vc_row]<\/p>\n<\/div>","protected":false},"excerpt":{"rendered":"<p>[vc_row][vc_column][vc_column_text] [\/vc_column_text][\/vc_column][\/vc_row][vc_row][vc_column][vc_column_text]Hallgat\u00f3i tanulm\u00e1nyi k\u00e9rv\u00e9nyek K\u00e9sedelmes regisztr\u00e1ci\u00f3 Rektori m\u00e9lt\u00e1nyoss\u00e1gi k\u00e9relem Passz\u00edv f\u00e9l\u00e9v\/\u00e9v k\u00e9relme 2 egybef\u00fcgg\u0151 passz\u00edv f\u00e9l\u00e9v ut\u00e1n Hallgat\u00f3i bejelent\u00e9s jogviszony<\/p>\n","protected":false},"author":1,"featured_media":0,"parent":3183,"menu_order":18,"comment_status":"closed","ping_status":"closed","template":"","meta":{"_acf_changed":false,"footnotes":"","_links_to":"","_links_to_target":""},"class_list":["post-3214","page","type-page","status-publish","hentry"],"acf":[],"_links":{"self":[{"href":"https:\/\/drhe.hu\/en\/wp-json\/wp\/v2\/pages\/3214","targetHints":{"allow":["GET"]}}],"collection":[{"href":"https:\/\/drhe.hu\/en\/wp-json\/wp\/v2\/pages"}],"about":[{"href":"https:\/\/drhe.hu\/en\/wp-json\/wp\/v2\/types\/page"}],"author":[{"embeddable":true,"href":"https:\/\/drhe.hu\/en\/wp-json\/wp\/v2\/users\/1"}],"replies":[{"embeddable":true,"href":"https:\/\/drhe.hu\/en\/wp-json\/wp\/v2\/comments?post=3214"}],"version-history":[{"count":78,"href":"https:\/\/drhe.hu\/en\/wp-json\/wp\/v2\/pages\/3214\/revisions"}],"predecessor-version":[{"id":26682,"href":"https:\/\/drhe.hu\/en\/wp-json\/wp\/v2\/pages\/3214\/revisions\/26682"}],"up":[{"embeddable":true,"href":"https:\/\/drhe.hu\/en\/wp-json\/wp\/v2\/pages\/3183"}],"wp:attachment":[{"href":"https:\/\/drhe.hu\/en\/wp-json\/wp\/v2\/media?parent=3214"}],"curies":[{"name":"wp","href":"https:\/\/api.w.org\/{rel}","templated":true}]}}