{"id":3259,"date":"2021-10-21T11:59:50","date_gmt":"2021-10-21T09:59:50","guid":{"rendered":"http:\/\/new.drhe.hu\/?page_id=3259"},"modified":"2026-02-10T11:54:11","modified_gmt":"2026-02-10T10:54:11","slug":"rendszeres-szocialis-osztondij","status":"publish","type":"page","link":"https:\/\/drhe.hu\/en\/hallgatoknak\/osztondijak-juttatasok\/szocialis-es-egyeb-hallgatoi-osztondijak\/szocialis-osztondijak\/rendszeres-szocialis-osztondij\/","title":{"rendered":"Rendszeres szoci\u00e1lis \u00f6szt\u00f6nd\u00edj"},"content":{"rendered":"<div class=\"wpb-content-wrapper\"><p>[vc_row][vc_column][vc_row_inner el_class=&#8221;text-right&#8221;][vc_column_inner][zk_button btn_text=&#8221;P\u00e1ly\u00e1zati \u0171rlap&#8221; button_link=&#8221;url:https%3A%2F%2Fdrhe.hu%2Fwp-content%2Fuploads%2F2025%2F10%2Fpalyazatiurlapszocialisosztondij2025_26_2-masolata2.docx|target:_blank&#8221; btn_size=&#8221;btn-medium&#8221; btn_align=&#8221;text-center&#8221; btn_block=&#8221;d-inline-block&#8221; add_icon=&#8221;true&#8221; i_icon_fontawesome=&#8221;far fa-file-word&#8221; icon_position=&#8221;left&#8221;][zk_button btn_text=&#8221;P\u00e1ly\u00e1zati Felh\u00edv\u00e1s&#8221; btn_type=&#8221;btn-primary btn-alt&#8221; button_link=&#8221;url:https%3A%2F%2Fdrhe.hu%2Fwp-content%2Fuploads%2F2025%2F10%2F01_Rendszeres_szocialis_osztondij_palyazati_felhivas_2025-26-2.pdf|target:_blank&#8221; btn_size=&#8221;btn-medium&#8221; btn_align=&#8221;text-center&#8221; btn_block=&#8221;d-inline-block&#8221; add_icon=&#8221;true&#8221; i_icon_fontawesome=&#8221;far fa-file-pdf&#8221; icon_position=&#8221;left&#8221;][zk_button btn_text=&#8221;TJSZ&#8221; btn_type=&#8221;btn-primary btn-alt&#8221; button_link=&#8221;url:https%3A%2F%2Fdrhe.hu%2Fwp-content%2Fuploads%2F2022%2F02%2FTJSZ-1-21.-modositassal-2021-november.30.pdf|target:_blank&#8221; btn_size=&#8221;btn-medium&#8221; btn_align=&#8221;text-center&#8221; btn_block=&#8221;d-inline-block&#8221; add_icon=&#8221;&#8221;][\/vc_column_inner][\/vc_row_inner][vc_empty_space height=&#8221;50px&#8221;][vc_tta_tabs][vc_tta_section title=&#8221;P\u00e1ly\u00e1zati ki\u00edr\u00e1s&#8221; tab_id=&#8221;1634809672651-3f47e04c-ab34&#8243;][vc_column_text]A Debreceni Reform\u00e1tus Hittudom\u00e1nyi Egyetem Di\u00e1kj\u00f3l\u00e9ti Bizotts\u00e1ga \u00e9s a H\u00d6K Szoci\u00e1lis Bizotts\u00e1ga <strong>rendszeres szoci\u00e1lis \u00f6szt\u00f6nd\u00edj p\u00e1ly\u00e1zat<\/strong>ot hirdet a 2025\/26-os tan\u00e9v II. f\u00e9l\u00e9v\u00e9re.<br \/>\nA H\u00d6K Szoci\u00e1lis Bizotts\u00e1ga <strong>2026. febru\u00e1r 10<\/strong>-t\u0151l v\u00e1rja a be\u00e9rkez\u0151 p\u00e1ly\u00e1zatokat.<br \/>\nA kit\u00f6lt\u00f6tt \u0171rlapokat a csatolt dokumentumokkal egy\u00fctt a H\u00d6K Irod\u00e1ban (I. emelet 125-\u00f6s szoba) lehet leadni a Szoci\u00e1lis Bizotts\u00e1g \u00fcgyeleti idej\u00e9ben, amely a di\u00e1ks\u00e1g honlapj\u00e1n (diaksag.drhe.hu) \u00e9s a hirdet\u0151k\u00f6n lesz el\u00e9rhet\u0151.<\/p>\n<p>A p\u00e1ly\u00e1zatok beny\u00fajt\u00e1s\u00e1nak hat\u00e1rideje: <strong>2026. febru\u00e1r 20. 14 \u00f3ra<\/strong><strong><br \/>\n<\/strong>Hi\u00e1nyp\u00f3tl\u00e1si id\u0151szak: 2026. febru\u00e1r 23-24. 12 \u00f3ra<br \/>\nPontsz\u00e1m elleni kifog\u00e1s beny\u00fajt\u00e1sa: 2026. febru\u00e1r 26-27. 12 \u00f3ra<\/p>\n<p><strong>A p\u00e1ly\u00e1zati felh\u00edv\u00e1s, \u0171rlap \u00e9s a kit\u00f6lt\u00e9si \u00fatmutat\u00f3 el\u00e9rhet\u0151 az al\u00e1bbi linken: <\/strong>https:\/\/drhe.hu\/hallgatoknak\/osztondijak-juttatasok\/szocialis-es-egyeb-hallgatoi-osztondijak\/szocialis-osztondijak\/rendszeres-szocialis-osztondij\/<\/p>\n<p>A r\u00e9szletes p\u00e1ly\u00e1zati ki\u00edr\u00e1s <a href=\"https:\/\/drhe.hu\/wp-content\/uploads\/2026\/02\/01_Rendszeres_szocialis_osztondij_palyazati_felhivas_2025-26-2.pdf\">itt<\/a> tekinthet\u0151 meg.<br \/>\nA p\u00e1ly\u00e1zati \u0171rlap <a href=\"https:\/\/drhe.hu\/wp-content\/uploads\/2026\/02\/palyazatiurlapszocialisosztondij2025_26_2-masolata2.docx\">itt<\/a> tal\u00e1lhat\u00f3.[\/vc_column_text][\/vc_tta_section][vc_tta_section title=&#8221;Szab\u00e1lyzati felt\u00e9telek&#8221; tab_id=&#8221;1634809672639-5559e661-4a7f&#8221;][vc_column_text]<\/p>\n<p class=\"rtejustify\">A rendszeres szoci\u00e1lis \u00f6szt\u00f6nd\u00edj a hallgat\u00f3 szoci\u00e1lis helyzete alapj\u00e1n egy f\u00e9l\u00e9vre biztos\u00edtott, havonta foly\u00f3s\u00edtott juttat\u00e1s.<\/p>\n<p class=\"rtejustify\">A rendszeres szoci\u00e1lis \u00f6szt\u00f6nd\u00edj havi \u00f6sszeg\u00e9nek m\u00e9rt\u00e9ke nem lehet alacsonyabb, mint az \u00e9ves hallgat\u00f3i normat\u00edva 20%-a, amennyiben a hallgat\u00f3 jelen szab\u00e1lyzat 22. \u00a7 (6) bekezd\u00e9s\u00e9ben r\u00f6gz\u00edtett szempontok \u00e9s a jelen szab\u00e1lyzat 9. sz\u00e1m\u00fa mell\u00e9klet\u00e9ben r\u00f6gz\u00edtett pontrendszer alapj\u00e1n szoci\u00e1lis \u00f6szt\u00f6nd\u00edjra jogosult, valamint<\/p>\n<p class=\"rtejustify\">a) fogyat\u00e9koss\u00e1ggal \u00e9l\u0151 vagy eg\u00e9szs\u00e9gi \u00e1llapota miatt r\u00e1szorult, vagy<\/p>\n<p class=\"rtejustify\">b) halmozottan h\u00e1tr\u00e1nyos helyzet\u0171, vagy<\/p>\n<p class=\"rtejustify\">c) csal\u00e1dfenntart\u00f3, vagy<\/p>\n<p class=\"rtejustify\">d) nagycsal\u00e1dos, vagy<\/p>\n<p class=\"rtejustify\">e) \u00e1rva.<\/p>\n<p class=\"rtejustify\">A rendszeres szoci\u00e1lis \u00f6szt\u00f6nd\u00edj havi \u00f6sszeg\u00e9nek m\u00e9rt\u00e9ke nem lehet alacsonyabb, mint az \u00e9ves hallgat\u00f3i normat\u00edva 10%-a, amennyiben a hallgat\u00f3 amennyiben a hallgat\u00f3 jelen szab\u00e1lyzat 22. \u00a7 (6) bekezd\u00e9s\u00e9ben r\u00f6gz\u00edtett szempontok \u00e9s a jelen szab\u00e1lyzat 9. sz\u00e1m\u00fa mell\u00e9klet\u00e9ben r\u00f6gz\u00edtett pontrendszer alapj\u00e1n szoci\u00e1lis \u00f6szt\u00f6nd\u00edjra jogosult, valamint<\/p>\n<p class=\"rtejustify\">a) h\u00e1tr\u00e1nyos helyzet\u0171, vagy<\/p>\n<p class=\"rtejustify\">b) gy\u00e1ms\u00e1ga nagykor\u00fas\u00e1ga miatt sz\u0171nt meg, vagy<\/p>\n<p class=\"rtejustify\">c) f\u00e9l\u00e1rva.<\/p>\n<p class=\"rtejustify\">A rendszeres szoci\u00e1lis \u00f6szt\u00f6nd\u00edj havi \u00f6sszeg\u00e9nek m\u00e9rt\u00e9ke nem lehet alacsonyabb, mint az \u00e9ves hallgat\u00f3i normat\u00edva 10%-a, amennyiben a hallgat\u00f3 \u2013 nem r\u00e9szk\u00e9pz\u00e9sre adom\u00e1nyozott \u2013miniszteri \u00f6szt\u00f6nd\u00edjban r\u00e9szes\u00fcl.<\/p>\n<p class=\"rtejustify\">Rendszeres szoci\u00e1lis \u00f6szt\u00f6nd\u00edjban csak a szoci\u00e1lisan r\u00e1szorul\u00f3 hallgat\u00f3 r\u00e9szes\u00fclhet, ez\u00e9rt a hallgat\u00f3nak egy\u00e9ni, r\u00e9szletes indokol\u00e1st \u00e9s dokument\u00e1ci\u00f3t tartalmaz\u00f3 p\u00e1ly\u00e1zatot kell beny\u00fajtania az erre szolg\u00e1l\u00f3 p\u00e1ly\u00e1zati \u0171rlapon. A p\u00e1ly\u00e1zati \u0171rlapot jelen szab\u00e1lyzat 5. sz\u00e1m\u00fa mell\u00e9klete, a kit\u00f6lt\u00e9s\u00e9t seg\u00edt\u0151 \u00fatmutat\u00f3t a 6. sz\u00e1m\u00fa mell\u00e9klete, a csatoland\u00f3 igazol\u00e1sok formanyomtatv\u00e1ny\u00e1t pedig a 7-8. sz\u00e1m\u00fa mell\u00e9klete tartalmazza.<\/p>\n<p class=\"rtejustify\">A p\u00e1ly\u00e1zatot a H\u00d6K Szoci\u00e1lis Bizotts\u00e1g\u00e1hoz kell beny\u00fajtani.<\/p>\n<p class=\"rtejustify\">A H\u00d6K Szoci\u00e1lis Bizotts\u00e1ga az \u00e1tv\u00e9telt \u2013 a hallgat\u00f3 iratp\u00e9ld\u00e1ny\u00e1n \u2013 \u00edr\u00e1sban igazolja.<\/p>\n<p class=\"rtejustify\">A kiadott igazol\u00e1s a p\u00e1ly\u00e1zat \u00e9s a csatolt dokumentumok beny\u00fajt\u00e1s\u00e1nak t\u00e9ny\u00e9t, valamint a mell\u00e9kletek darabsz\u00e1m\u00e1t igazolja, nem igazolja azonban a beny\u00fajtott dokumentumok elfogadhat\u00f3s\u00e1g\u00e1t.<\/p>\n<p class=\"rtejustify\">A be\u00e9rkezett p\u00e1ly\u00e1zatokat a H\u00d6K Szoci\u00e1lis Bizotts\u00e1ga formai szempontb\u00f3l \u00e9rt\u00e9keli.<\/p>\n<p class=\"rtejustify\">A hi\u00e1nyosan beny\u00fajtott p\u00e1ly\u00e1zatok eset\u00e9ben \u2013 5 napos hi\u00e1nyp\u00f3tl\u00e1si hat\u00e1rid\u0151 biztos\u00edt\u00e1s\u00e1val \u2013 a Tanulm\u00e1nyi Oszt\u00e1ly seg\u00edts\u00e9g\u00e9vel az elektronikus tanulm\u00e1nyi rendszeren kereszt\u00fcl \u00edr\u00e1sban hi\u00e1nyp\u00f3tl\u00e1sra sz\u00f3l\u00edt fel.<\/p>\n<p class=\"rtejustify\">A hi\u00e1nyp\u00f3tl\u00e1si felh\u00edv\u00e1sban egyben t\u00e1j\u00e9koztatja a p\u00e1ly\u00e1z\u00f3t a hi\u00e1nyp\u00f3tl\u00e1s elmulaszt\u00e1s\u00e1nak vagy nem felel\u0151 teljes\u00edt\u00e9s\u00e9nek k\u00f6vetkezm\u00e9nyeir\u0151l, nevezetesen a p\u00e1ly\u00e1zat elutas\u00edt\u00e1s\u00e1r\u00f3l.<\/p>\n<p class=\"rtejustify\">A hi\u00e1nyp\u00f3tl\u00e1shoz kapcsol\u00f3d\u00f3 dokumentumok beny\u00fajt\u00e1sa egyszerre t\u00f6rt\u00e9nik, \u00e9s a hi\u00e1nyp\u00f3tl\u00e1si id\u0151szak alatt egy alkalommal lehets\u00e9ges.<\/p>\n<p class=\"rtejustify\">A hat\u00e1rid\u0151n t\u00fal, illetve a hi\u00e1nyp\u00f3tl\u00e1s ut\u00e1n is hi\u00e1nyosan beny\u00fajtott p\u00e1ly\u00e1zatot a H\u00d6K<\/p>\n<p class=\"rtejustify\">Szoci\u00e1lis Bizotts\u00e1ga elutas\u00edtja, melyr\u0151l a Tanulm\u00e1nyi Oszt\u00e1ly seg\u00edts\u00e9g\u00e9vel az elektronikus tanulm\u00e1nyi rendszeren kereszt\u00fcl \u00edr\u00e1sban \u00e9rtes\u00edti a p\u00e1ly\u00e1z\u00f3t. A hallgat\u00f3, akinek a p\u00e1ly\u00e1zat\u00e1t a<\/p>\n<p class=\"rtejustify\">H\u00d6K Szoci\u00e1lis Bizotts\u00e1ga elutas\u00edtotta, az elutas\u00edt\u00e1s k\u00e9zhezv\u00e9tel\u00e9t\u0151l sz\u00e1m\u00edtott 5 napon bel\u00fcl, a p\u00e1ly\u00e1zat \u00e9rdemi elb\u00edr\u00e1l\u00e1s\u00e1hoz sz\u00fcks\u00e9ges dokumentumok egyidej\u0171 beny\u00fajt\u00e1sa mellett, panasszal fordulhat a DJB eln\u00f6k\u00e9hez. A panaszt a DJB eln\u00f6ke 3 napon bel\u00fcl k\u00f6teles kivizsg\u00e1lni \u00e9s annak eredm\u00e9ny\u00e9r\u0151l a hallgat\u00f3t \u00e9s a H\u00d6K Szoci\u00e1lis Bizotts\u00e1g\u00e1t \u00edr\u00e1sban \u00e9rtes\u00edteni.<\/p>\n<p class=\"rtejustify\">A formailag megfelel\u0151 p\u00e1ly\u00e1zatokat a H\u00d6K Szoci\u00e1lis Bizotts\u00e1ga \u00e9rdemben is \u00e9rt\u00e9keli \u00e9s rangsorolja. A rangsort jelen szab\u00e1lyzat 22. \u00a7 (6) bekezd\u00e9s\u00e9ben r\u00f6gz\u00edtett szempontok \u00e9s a jelen szab\u00e1lyzat 9. sz\u00e1m\u00fa mell\u00e9klet\u00e9ben r\u00f6gz\u00edtett pontrendszer alapj\u00e1n kell fel\u00e1ll\u00edtani.<\/p>\n<p class=\"rtejustify\">A p\u00e1ly\u00e1z\u00f3t az el\u00e9rt pontsz\u00e1mr\u00f3l a H\u00d6K Szoci\u00e1lis Bizotts\u00e1ga \u2013 a Tanulm\u00e1nyi Oszt\u00e1ly seg\u00edts\u00e9g\u00e9vel \u2013 az elektronikus tanulm\u00e1nyi rendszeren kereszt\u00fcl \u00edr\u00e1sban t\u00e1j\u00e9koztatja.<\/p>\n<p class=\"rtejustify\">Amennyiben a p\u00e1ly\u00e1z\u00f3 az el\u00e9rt pontsz\u00e1mot vitatja, az \u00e9rtes\u00edt\u00e9s k\u00e9zhezv\u00e9tel\u00e9t\u0151l sz\u00e1m\u00edtott 5 napon bel\u00fcl \u00edr\u00e1sbeli k\u00e9relemben fordulhat a H\u00d6K Szoci\u00e1lis Bizotts\u00e1g\u00e1nak eln\u00f6k\u00e9hez a p\u00e1ly\u00e1zat \u00e9rt\u00e9kel\u00e9s\u00e9nek fel\u00fclvizsg\u00e1lata \u00e9rdek\u00e9ben. A H\u00d6K Szoci\u00e1lis Bizotts\u00e1g\u00e1nak eln\u00f6ke a k\u00e9relem be\u00e9rkez\u00e9s\u00e9t k\u00f6vet\u0151 3 napon bel\u00fcl megvizsg\u00e1lja a beny\u00fajtott p\u00e1ly\u00e1zatot, \u00e9s hat\u00e1rozatot hoz a k\u00e9relem t\u00e1rgy\u00e1ban, melyr\u0151l \u2013 a Tanulm\u00e1nyi Oszt\u00e1ly seg\u00edts\u00e9g\u00e9vel \u2013 az elektronikus tanulm\u00e1nyi rendszeren kereszt\u00fcl \u00edr\u00e1sban \u00e9rtes\u00edti a p\u00e1ly\u00e1z\u00f3t.<\/p>\n<p class=\"rtejustify\">A rangsorr\u00f3l a H\u00d6K Szoci\u00e1lis Bizotts\u00e1g eln\u00f6ke \u00edr\u00e1sban jelent\u00e9st k\u00e9sz\u00edt, \u00e9s azt a p\u00e1ly\u00e1zati anyagokkal egy\u00fctt megk\u00fcldi a DJB eln\u00f6k\u00e9nek.<\/p>\n<p class=\"rtejustify\">A p\u00e1ly\u00e1zatokat a DJB b\u00edr\u00e1lja el, meghat\u00e1rozva a rendszeres szoci\u00e1lis \u00f6szt\u00f6nd\u00edjban r\u00e9szes\u00fcl\u0151 hallgat\u00f3k k\u00f6r\u00e9t, az \u00f6szt\u00f6nd\u00edj m\u00e9rt\u00e9k\u00e9t. A DJB a H\u00d6K Szoci\u00e1lis Bizotts\u00e1ga \u00e1ltal fel\u00e1ll\u00edtott rangsort\u00f3l a bizotts\u00e1g tagjai legal\u00e1bb 2\/3-\u00e1nak egyet\u00e9rt\u0151 t\u00e1mogat\u00e1s\u00e1val t\u00e9rhet el.<\/p>\n<p class=\"rtejustify\">A DJB a p\u00e1ly\u00e1zatok elb\u00edr\u00e1l\u00e1s\u00e1nak eredm\u00e9ny\u00e9r\u0151l hat\u00e1rozatot hoz, \u00e9s err\u0151l a DJB eln\u00f6ke \u2013 a Tanulm\u00e1nyi Oszt\u00e1ly seg\u00edts\u00e9g\u00e9vel \u2013 az elektronikus tanulm\u00e1nyi rendszeren kereszt\u00fcl \u00edr\u00e1sban \u00e9rtes\u00edti a p\u00e1ly\u00e1z\u00f3t.<\/p>\n<p class=\"rtejustify\">Az a hallgat\u00f3, akinek rangsorolt p\u00e1ly\u00e1zat\u00e1t a DJB elutas\u00edtotta, az elutas\u00edt\u00e1s k\u00e9zhezv\u00e9tel\u00e9t\u0151l sz\u00e1m\u00edtott 15 napon bel\u00fcl \u00edr\u00e1sban fellebbez\u00e9st ny\u00fajthat be a rektorhoz.<\/p>\n<p class=\"rtejustify\">A rektor a fellebbez\u00e9seket 15 napon bel\u00fcl b\u00edr\u00e1lja el.<\/p>\n<p class=\"rtejustify\">A rendszeres szoci\u00e1lis \u00f6szt\u00f6nd\u00edjra ford\u00edtand\u00f3 \u00f6sszeg nem l\u00e9pheti t\u00fal a DJB \u00e1ltal jelen szab\u00e1lyzat 16. \u00a7 (3) bekezd\u00e9se alapj\u00e1n meghat\u00e1rozott m\u00e9rt\u00e9ket.<\/p>\n<p class=\"rtejustify\">A DJB eln\u00f6ke a szoci\u00e1lis \u00f6szt\u00f6nd\u00edjban r\u00e9szes\u00edtett hallgat\u00f3k jegyz\u00e9k\u00e9t a Gazdas\u00e1gi \u00e9s Munka\u00fcgyi Csoport \u00e1ltal k\u00e9rt form\u00e1ban \u00e9s adatokkal j\u00f3v\u00e1hagy\u00e1sra a rektorhoz beterjeszti. Az \u00f6szt\u00f6nd\u00edjaknak az egys\u00e9ges elektronikus tanulm\u00e1nyi nyilv\u00e1ntart\u00f3 rendszerbe val\u00f3 r\u00f6gz\u00edt\u00e9s\u00e9r\u0151l \u00e9s az \u00f6szt\u00f6nd\u00edjak kiutal\u00e1s\u00e1r\u00f3l a Gazdas\u00e1gi \u00e9s Munka\u00fcgyi Csoport gondoskodik.<\/p>\n<p>[\/vc_column_text][\/vc_tta_section][\/vc_tta_tabs][\/vc_column][\/vc_row]<\/p>\n<\/div>","protected":false},"excerpt":{"rendered":"<p>[vc_row][vc_column][vc_row_inner el_class=&#8221;text-right&#8221;][vc_column_inner][zk_button btn_text=&#8221;P\u00e1ly\u00e1zati \u0171rlap&#8221; button_link=&#8221;url:https%3A%2F%2Fdrhe.hu%2Fwp-content%2Fuploads%2F2025%2F10%2Fpalyazatiurlapszocialisosztondij2025_26_2-masolata2.docx|target:_blank&#8221; btn_size=&#8221;btn-medium&#8221; btn_align=&#8221;text-center&#8221; btn_block=&#8221;d-inline-block&#8221; add_icon=&#8221;true&#8221; i_icon_fontawesome=&#8221;far fa-file-word&#8221; icon_position=&#8221;left&#8221;][zk_button btn_text=&#8221;P\u00e1ly\u00e1zati Felh\u00edv\u00e1s&#8221; btn_type=&#8221;btn-primary btn-alt&#8221; button_link=&#8221;url:https%3A%2F%2Fdrhe.hu%2Fwp-content%2Fuploads%2F2025%2F10%2F01_Rendszeres_szocialis_osztondij_palyazati_felhivas_2025-26-2.pdf|target:_blank&#8221; btn_size=&#8221;btn-medium&#8221; btn_align=&#8221;text-center&#8221; btn_block=&#8221;d-inline-block&#8221;<\/p>\n","protected":false},"author":1,"featured_media":0,"parent":3280,"menu_order":0,"comment_status":"closed","ping_status":"closed","template":"","meta":{"_acf_changed":false,"footnotes":"","_links_to":"","_links_to_target":""},"class_list":["post-3259","page","type-page","status-publish","hentry"],"acf":[],"_links":{"self":[{"href":"https:\/\/drhe.hu\/en\/wp-json\/wp\/v2\/pages\/3259","targetHints":{"allow":["GET"]}}],"collection":[{"href":"https:\/\/drhe.hu\/en\/wp-json\/wp\/v2\/pages"}],"about":[{"href":"https:\/\/drhe.hu\/en\/wp-json\/wp\/v2\/types\/page"}],"author":[{"embeddable":true,"href":"https:\/\/drhe.hu\/en\/wp-json\/wp\/v2\/users\/1"}],"replies":[{"embeddable":true,"href":"https:\/\/drhe.hu\/en\/wp-json\/wp\/v2\/comments?post=3259"}],"version-history":[{"count":60,"href":"https:\/\/drhe.hu\/en\/wp-json\/wp\/v2\/pages\/3259\/revisions"}],"predecessor-version":[{"id":26760,"href":"https:\/\/drhe.hu\/en\/wp-json\/wp\/v2\/pages\/3259\/revisions\/26760"}],"up":[{"embeddable":true,"href":"https:\/\/drhe.hu\/en\/wp-json\/wp\/v2\/pages\/3280"}],"wp:attachment":[{"href":"https:\/\/drhe.hu\/en\/wp-json\/wp\/v2\/media?parent=3259"}],"curies":[{"name":"wp","href":"https:\/\/api.w.org\/{rel}","templated":true}]}}