{"id":3271,"date":"2021-10-21T12:51:54","date_gmt":"2021-10-21T10:51:54","guid":{"rendered":"http:\/\/new.drhe.hu\/?page_id=3271"},"modified":"2025-07-10T13:26:50","modified_gmt":"2025-07-10T11:26:50","slug":"kiss-tihamer-laszlo-kepzesi-osztondij","status":"publish","type":"page","link":"https:\/\/drhe.hu\/en\/hallgatoknak\/osztondijak-juttatasok\/szocialis-es-egyeb-hallgatoi-osztondijak\/kiss-tihamer-laszlo-kepzesi-osztondij\/","title":{"rendered":"Kiss Tiham\u00e9r L\u00e1szl\u00f3 K\u00e9pz\u00e9si \u00d6szt\u00f6nd\u00edj"},"content":{"rendered":"<div class=\"wpb-content-wrapper\"><p>[vc_row][vc_column][vc_row_inner el_class=&#8221;text-right&#8221;][vc_column_inner][zk_button btn_text=&#8221;P\u00e1ly\u00e1zati \u0171rlap&#8221; button_link=&#8221;url:http%3A%2F%2Fdrhe.hu%2Fwp-content%2Fuploads%2F2021%2F10%2Fpalyazati_urlap_-_kiss_tihamer.pdf|target:_blank&#8221; btn_size=&#8221;btn-medium&#8221; btn_align=&#8221;text-center&#8221; btn_block=&#8221;d-inline-block&#8221; add_icon=&#8221;true&#8221; i_icon_fontawesome=&#8221;far fa-file-word&#8221; icon_position=&#8221;left&#8221;][zk_button btn_text=&#8221;Szab\u00e1lyzati felt\u00e9telek&#8221; btn_type=&#8221;btn-primary btn-alt&#8221; button_link=&#8221;url:https%3A%2F%2Fdrhe.hu%2Fwp-content%2Fuploads%2F2021%2F10%2Fkiss_tihamer_osztondij_-_mukodesi_szabalyzat_-_2021_szeptember.docx-1.pdf|target:_blank&#8221; btn_size=&#8221;btn-medium&#8221; btn_align=&#8221;text-center&#8221; btn_block=&#8221;d-inline-block&#8221; add_icon=&#8221;&#8221;][\/vc_column_inner][\/vc_row_inner][vc_empty_space height=&#8221;50px&#8221;][vc_column_text]<\/p>\n<p><strong>P\u00c1LY\u00c1ZATI FELH\u00cdV\u00c1S <\/strong><strong>Kiss Tiham\u00e9r L\u00e1szl\u00f3 K\u00e9pz\u00e9si \u00d6szt\u00f6nd\u00edjra <\/strong><strong>a 2025\/2026-os tan\u00e9vre<\/strong><\/p>\n<p>A DRHE rektora p\u00e1ly\u00e1zatot hirdet a <em>Kiss Tiham\u00e9r L\u00e1szl\u00f3 K\u00e9pz\u00e9si \u00d6szt\u00f6nd\u00edj<\/em> elnyer\u00e9s\u00e9re az al\u00e1bbiak szerint:<br \/>\nP\u00e1ly\u00e1zhat a DRHE nappali vagy esti munkarendben, \u00e1llami \u00f6szt\u00f6nd\u00edjas vagy \u00f6nk\u00f6lts\u00e9ges k\u00e9pz\u00e9sben tanul\u00f3, Magyarorsz\u00e1gon vagy Magyarorsz\u00e1ggal szomsz\u00e9dos orsz\u00e1gban lak\u00f3hellyel rendelkez\u0151, magyar anyanyelv\u0171 hallgat\u00f3ja, aki<br \/>\na) a 2025. \u00e9v felv\u00e9teli elj\u00e1r\u00e1sai sor\u00e1n legal\u00e1bb 300 pontot el\u00e9rve nyert felv\u00e9telt az Egyetem tan\u00edt\u00f3 szak\u00e1ra \u00e9s akt\u00edv hallgat\u00f3i jogviszonnyal rendelkezik, tov\u00e1bb\u00e1 v\u00e1llalja, hogy<br \/>\nb) a tan\u00edt\u00f3 szakon v\u00e9gzetts\u00e9get \u00e9s szakk\u00e9pzetts\u00e9get szerez, \u00e9s<br \/>\nc) az oklev\u00e9l megszerz\u00e9s\u00e9t k\u00f6vet\u0151en a t\u00e1mogat\u00e1si szerz\u0151d\u00e9sben foglaltak szerint v\u00e9gzetts\u00e9g\u00e9nek \u00e9s szakk\u00e9pzetts\u00e9g\u00e9nek megfelel\u0151 foglalkoztat\u00e1sra ir\u00e1nyul\u00f3 jogviszonyt l\u00e9tes\u00edt.<br \/>\nAz \u00f6szt\u00f6nd\u00edj \u00f6t h\u00f3napra sz\u00f3l, amelynek havi kezd\u0151 \u00f6sszege 20 000 forint. Az \u00f6szt\u00f6nd\u00edj programban val\u00f3 r\u00e9szv\u00e9telre azonban a tanulm\u00e1nyok teljes ideje alatt van lehet\u0151s\u00e9g.<br \/>\nA p\u00e1ly\u00e1zatot az erre rendszeres\u00edtett \u0171rlap kit\u00f6lt\u00e9s\u00e9vel kell beny\u00fajtani, \u00e9s sz\u00fcks\u00e9ges a felv\u00e9teli eredm\u00e9nyt igazol\u00f3 hat\u00e1rozat m\u00e1solat\u00e1t csatolni. Az \u0171rlap az al\u00e1bbi linken \u00e9rhet\u0151 el: https:\/\/drhe.hu\/wp-content\/uploads\/2021\/10\/palyazati_urlap_-_kiss_tihamer.pdf<br \/>\nA p\u00e1ly\u00e1zat beny\u00fajt\u00e1si hat\u00e1rideje:<strong> 2025. szeptember 13. 12 \u00f3ra.<br \/>\n<\/strong>A p\u00e1ly\u00e1zatokat szem\u00e9lyesen vagy postai \u00faton kell eljuttatni a Tanulm\u00e1nyi Oszt\u00e1lyra (4026 Debrecen, K\u00e1lvin t\u00e9r 16.) K\u00e9rj\u00fck, hogy a bor\u00edt\u00e9kon t\u00fcntesse fel: \u201eKiss Tiham\u00e9r L\u00e1szl\u00f3 K\u00e9pz\u00e9si \u00d6szt\u00f6nd\u00edj Program\u201d.<br \/>\nA be\u00e9rkezett p\u00e1ly\u00e1zatokr\u00f3l a Di\u00e1kj\u00f3l\u00e9ti Bizotts\u00e1g javaslata alapj\u00e1n a rektor d\u00f6nt. A d\u00f6nt\u00e9sr\u0151l a p\u00e1ly\u00e1z\u00f3 okt\u00f3ber 15-ig kap \u00e9rtes\u00edt\u00e9st.<br \/>\nK\u00e9rj\u00fck, hogy a p\u00e1ly\u00e1zat lead\u00e1sa el\u0151tt figyelmesen olvassa el az \u00f6szt\u00f6nd\u00edj program m\u0171k\u00f6d\u00e9si szab\u00e1lyzat\u00e1t: https:\/\/drhe.hu\/wp-content\/uploads\/2021\/10\/kiss_tihamer_osztondij_-_mukodesi_szabalyzat_-_2021_szeptember.docx-1.pdf<\/p>\n<p><em>\u00a0<\/em>Debrecen, 2025. j\u00falius 10.<\/p>\n<p><em>Dr. Bar\u00e1th B\u00e9la Levente s.k.<br \/>\n<\/em>rektor[\/vc_column_text][\/vc_column][\/vc_row]<\/p>\n<\/div>","protected":false},"excerpt":{"rendered":"<p>[vc_row][vc_column][vc_row_inner el_class=&#8221;text-right&#8221;][vc_column_inner][zk_button btn_text=&#8221;P\u00e1ly\u00e1zati \u0171rlap&#8221; button_link=&#8221;url:http%3A%2F%2Fdrhe.hu%2Fwp-content%2Fuploads%2F2021%2F10%2Fpalyazati_urlap_-_kiss_tihamer.pdf|target:_blank&#8221; btn_size=&#8221;btn-medium&#8221; btn_align=&#8221;text-center&#8221; btn_block=&#8221;d-inline-block&#8221; add_icon=&#8221;true&#8221; i_icon_fontawesome=&#8221;far fa-file-word&#8221; icon_position=&#8221;left&#8221;][zk_button btn_text=&#8221;Szab\u00e1lyzati felt\u00e9telek&#8221; btn_type=&#8221;btn-primary btn-alt&#8221; button_link=&#8221;url:https%3A%2F%2Fdrhe.hu%2Fwp-content%2Fuploads%2F2021%2F10%2Fkiss_tihamer_osztondij_-_mukodesi_szabalyzat_-_2021_szeptember.docx-1.pdf|target:_blank&#8221; btn_size=&#8221;btn-medium&#8221; btn_align=&#8221;text-center&#8221; btn_block=&#8221;d-inline-block&#8221;<\/p>\n","protected":false},"author":1,"featured_media":0,"parent":3255,"menu_order":5,"comment_status":"closed","ping_status":"closed","template":"","meta":{"_acf_changed":false,"footnotes":"","_links_to":"","_links_to_target":""},"class_list":["post-3271","page","type-page","status-publish","hentry"],"acf":[],"_links":{"self":[{"href":"https:\/\/drhe.hu\/en\/wp-json\/wp\/v2\/pages\/3271","targetHints":{"allow":["GET"]}}],"collection":[{"href":"https:\/\/drhe.hu\/en\/wp-json\/wp\/v2\/pages"}],"about":[{"href":"https:\/\/drhe.hu\/en\/wp-json\/wp\/v2\/types\/page"}],"author":[{"embeddable":true,"href":"https:\/\/drhe.hu\/en\/wp-json\/wp\/v2\/users\/1"}],"replies":[{"embeddable":true,"href":"https:\/\/drhe.hu\/en\/wp-json\/wp\/v2\/comments?post=3271"}],"version-history":[{"count":21,"href":"https:\/\/drhe.hu\/en\/wp-json\/wp\/v2\/pages\/3271\/revisions"}],"predecessor-version":[{"id":24254,"href":"https:\/\/drhe.hu\/en\/wp-json\/wp\/v2\/pages\/3271\/revisions\/24254"}],"up":[{"embeddable":true,"href":"https:\/\/drhe.hu\/en\/wp-json\/wp\/v2\/pages\/3255"}],"wp:attachment":[{"href":"https:\/\/drhe.hu\/en\/wp-json\/wp\/v2\/media?parent=3271"}],"curies":[{"name":"wp","href":"https:\/\/api.w.org\/{rel}","templated":true}]}}