{"id":3276,"date":"2021-10-21T13:00:57","date_gmt":"2021-10-21T11:00:57","guid":{"rendered":"http:\/\/new.drhe.hu\/?page_id=3276"},"modified":"2026-03-12T11:32:43","modified_gmt":"2026-03-12T10:32:43","slug":"sport-osztondij","status":"publish","type":"page","link":"https:\/\/drhe.hu\/en\/hallgatoknak\/osztondijak-juttatasok\/szocialis-es-egyeb-hallgatoi-osztondijak\/sport-osztondij\/","title":{"rendered":"Sport \u00f6szt\u00f6nd\u00edj"},"content":{"rendered":"<div class=\"wpb-content-wrapper\"><p>[vc_row][vc_column][vc_column_text]<strong>INT\u00c9ZM\u00c9NYI SPORT \u00d6SZT\u00d6ND\u00cdJ<\/strong><br \/>\n<strong><span style=\"font-size: 16px;\">P\u00c1LY\u00c1ZATI FELH\u00cdV\u00c1S<br \/>\n<\/span><span style=\"font-size: 16px;\">Beny\u00fajt\u00e1si hat\u00e1rid\u0151: 2026. m\u00e1rcius 26.<br \/>\n<\/span><span style=\"font-size: 16px;\">Helye: H\u00d6K Iroda \u2013 I\/125.<\/span><\/strong><\/p>\n<p>(1) A DRHE kiemelked\u0151 sportteljes\u00edtm\u00e9nyt ny\u00fajt\u00f3 hallgat\u00f3k r\u00e9sz\u00e9re, a tanulm\u00e1nyi k\u00f6lts\u00e9geiket kieg\u00e9sz\u00edt\u0151 <strong>int\u00e9zm\u00e9nyi<\/strong> <strong>sport \u00f6szt\u00f6nd\u00edj<\/strong>at alap\u00edt (a tov\u00e1bbiakban: sport \u00f6szt\u00f6nd\u00edj).<br \/>\n(2) A sport \u00f6szt\u00f6nd\u00edj p\u00e1ly\u00e1zat alapj\u00e1n egy tanulm\u00e1nyi f\u00e9l\u00e9vre (5 h\u00f3napra) oda\u00edt\u00e9lt, havonta foly\u00f3s\u00edtott juttat\u00e1s.<br \/>\n(3) Az \u00f6szt\u00f6nd\u00edjban azok a hallgat\u00f3k r\u00e9szes\u00fclhetnek, akik az aktu\u00e1lis \u00f6szt\u00f6nd\u00edj ki\u00edr\u00e1sban meghat\u00e1rozott tanulm\u00e1nyi k\u00f6vetelm\u00e9nyeken t\u00fal rendszeresen r\u00e9szt vesznek a DRHE vagy Debrecen sport\u00e9let\u00e9ben, illetve sportteljes\u00edtm\u00e9ny\u00fck kiv\u00e9teles sz\u00ednvonalat mutat, eredm\u00e9nyesen vesznek r\u00e9szt hazai \u00e9s nemzetk\u00f6zi versenyeken.<br \/>\n(4) Sport \u00f6szt\u00f6nd\u00edjban olyan teljes idej\u0171 alapk\u00e9pz\u00e9sben, egys\u00e9ges, osztatlan k\u00e9pz\u00e9sben, mesterk\u00e9pz\u00e9sben, fels\u0151fok\u00fa\/fels\u0151oktat\u00e1si szakk\u00e9pz\u00e9sben r\u00e9szt vev\u0151 nappali tagozatos hallgat\u00f3 r\u00e9szes\u00fclhet, aki<br \/>\na) \u201e\u00e9lsportol\u00f3i szinten\u201d olimpiai sport\u00e1gakban versenyeznek, sport\u00e1guk legmagasabb oszt\u00e1ly\u00e1ban szerepelnek, \u00e9s\/vagy koroszt\u00e1lyos v\u00e1logatottban szerepelnek, vagy az adott sport\u00e1g orsz\u00e1gos bajnoks\u00e1g\u00e1n 1\u20136. helyez\u00e9st \u00e9rtek el;<br \/>\nb) \u201eegyetemi min\u0151s\u00e9gi sport szintj\u00e9n\u201d olimpiai \u00e9s nem olimpiai sport\u00e1gakban, nem a legmagasabb oszt\u00e1lyban (ter\u00fcleti, megyei, v\u00e1rosi bajnoks\u00e1gban, MEFOB) versenyeznek.<br \/>\n(5) A DJB a sport \u00f6szt\u00f6nd\u00edjat egyazon hallgat\u00f3 eset\u00e9ben ism\u00e9telt sikeres p\u00e1ly\u00e1zat eset\u00e9n tetsz\u0151leges sz\u00e1m\u00fa alkalommal oda\u00edt\u00e9lheti.<br \/>\n(6) A p\u00e1ly\u00e1zatokat a H\u00d6K Szoci\u00e1lis Bizotts\u00e1g\u00e1nak kell beny\u00fajtani. A p\u00e1ly\u00e1zati ki\u00edr\u00e1sban k\u00f6zz\u00e9tett szempontrendszer alapj\u00e1n rangsorolja, \u00e9s d\u00f6nt\u00e9sre a DJB el\u00e9 terjeszti. Az \u00f6szt\u00f6nd\u00edj oda\u00edt\u00e9l\u00e9s\u00e9r\u0151l \u00e9s azok konkr\u00e9t \u00f6sszeg\u00e9r\u0151l a DJB hat\u00e1roz.<br \/>\nA be\u00e9rkezett p\u00e1ly\u00e1zatokr\u00f3l a Di\u00e1kj\u00f3l\u00e9ti Bizotts\u00e1g <em>2026. \u00e1prilis 5-ig<\/em> d\u00f6nt, melyr\u0151l a Tanulm\u00e1nyi \u00e9s Vizsgaszab\u00e1lyzat 24. \u00a7 (2) bekezd\u00e9s alapj\u00e1n a Neptun tanulm\u00e1nyi rendszeren kereszt\u00fcl megk\u00fcld\u00f6tt hat\u00e1rozatban, \u00e9rtes\u00edti a p\u00e1ly\u00e1z\u00f3kat.<\/p>\n<p>Herdon L\u00e1szl\u00f3n\u00e9 s.k.<br \/>\nDJB eln\u00f6k<\/p>\n<p>Debrecen, 2026.03.12.[\/vc_column_text][\/vc_column][\/vc_row]<\/p>\n<\/div>","protected":false},"excerpt":{"rendered":"<p>[vc_row][vc_column][vc_column_text]INT\u00c9ZM\u00c9NYI SPORT \u00d6SZT\u00d6ND\u00cdJ P\u00c1LY\u00c1ZATI FELH\u00cdV\u00c1S Beny\u00fajt\u00e1si hat\u00e1rid\u0151: 2026. m\u00e1rcius 26. Helye: H\u00d6K Iroda \u2013 I\/125. (1) A DRHE kiemelked\u0151 sportteljes\u00edtm\u00e9nyt<\/p>\n","protected":false},"author":1,"featured_media":0,"parent":3255,"menu_order":6,"comment_status":"closed","ping_status":"closed","template":"","meta":{"_acf_changed":false,"footnotes":"","_links_to":"","_links_to_target":""},"class_list":["post-3276","page","type-page","status-publish","hentry"],"acf":[],"_links":{"self":[{"href":"https:\/\/drhe.hu\/en\/wp-json\/wp\/v2\/pages\/3276","targetHints":{"allow":["GET"]}}],"collection":[{"href":"https:\/\/drhe.hu\/en\/wp-json\/wp\/v2\/pages"}],"about":[{"href":"https:\/\/drhe.hu\/en\/wp-json\/wp\/v2\/types\/page"}],"author":[{"embeddable":true,"href":"https:\/\/drhe.hu\/en\/wp-json\/wp\/v2\/users\/1"}],"replies":[{"embeddable":true,"href":"https:\/\/drhe.hu\/en\/wp-json\/wp\/v2\/comments?post=3276"}],"version-history":[{"count":22,"href":"https:\/\/drhe.hu\/en\/wp-json\/wp\/v2\/pages\/3276\/revisions"}],"predecessor-version":[{"id":27174,"href":"https:\/\/drhe.hu\/en\/wp-json\/wp\/v2\/pages\/3276\/revisions\/27174"}],"up":[{"embeddable":true,"href":"https:\/\/drhe.hu\/en\/wp-json\/wp\/v2\/pages\/3255"}],"wp:attachment":[{"href":"https:\/\/drhe.hu\/en\/wp-json\/wp\/v2\/media?parent=3276"}],"curies":[{"name":"wp","href":"https:\/\/api.w.org\/{rel}","templated":true}]}}