{"id":3291,"date":"2021-10-21T13:15:20","date_gmt":"2021-10-21T11:15:20","guid":{"rendered":"http:\/\/new.drhe.hu\/?page_id=3291"},"modified":"2026-03-12T11:21:17","modified_gmt":"2026-03-12T10:21:17","slug":"intezmenyi-szakmai-tudomanyos-osztondij","status":"publish","type":"page","link":"https:\/\/drhe.hu\/en\/hallgatoknak\/osztondijak-juttatasok\/szocialis-es-egyeb-hallgatoi-osztondijak\/intezmenyi-szakmai-tudomanyos-osztondij\/","title":{"rendered":"Int\u00e9zm\u00e9nyi szakmai, tudom\u00e1nyos \u00f6szt\u00f6nd\u00edj"},"content":{"rendered":"<div class=\"wpb-content-wrapper\"><p>[vc_row][vc_column][vc_column_text]<\/p>\n<h2>[\/vc_column_text][\/vc_column][\/vc_row][vc_row][vc_column][vc_row_inner el_class=&#8221;text-right&#8221;][vc_column_inner][zk_button btn_text=&#8221;TJSZ&#8221; btn_type=&#8221;btn-primary btn-alt&#8221; button_link=&#8221;url:https%3A%2F%2Fdrhe.hu%2Fegyetemunk%2Fszabalyzatok%2Fszabalyzatok%2F&#8221; btn_size=&#8221;btn-medium&#8221; btn_align=&#8221;text-center&#8221; btn_block=&#8221;d-inline-block&#8221; add_icon=&#8221;&#8221;][\/vc_column_inner][\/vc_row_inner][vc_empty_space height=&#8221;50px&#8221;][vc_tta_tabs][vc_tta_section title=&#8221;P\u00e1ly\u00e1zati ki\u00edr\u00e1s&#8221; tab_id=&#8221;1634809672651-3f47e04c-ab34&#8243;][vc_column_text]<\/h2>\n<p><strong>INT\u00c9ZM\u00c9NYI SZAKMAI, TUDOM\u00c1NYOS \u00d6SZT\u00d6ND\u00cdJ<br \/>\n<\/strong><strong style=\"font-size: 16px;\">P\u00c1LY\u00c1ZATI FELH\u00cdV\u00c1S<br \/>\n<\/strong><strong style=\"font-size: 16px;\">Beny\u00fajt\u00e1si hat\u00e1rid\u0151: 2026. m\u00e1rcius 26.<br \/>\n<\/strong><strong><span style=\"font-size: 16px;\">Helye: H\u00d6K Iroda \u2013 I\/125.<\/span><\/strong><\/p>\n<p>(1) A <strong>tantervi k\u00f6vetelm\u00e9nyeken t\u00falmutat\u00f3<\/strong> (ld.: nemzeti fels\u0151oktat\u00e1si \u00f6szt\u00f6nd\u00edj p\u00e1ly\u00e1zati \u0171rlap) <strong>tev\u00e9kenys\u00e9get<\/strong> <strong>v\u00e9gz\u0151 hallgat\u00f3 r\u00e9sz\u00e9re<\/strong>, p\u00e1ly\u00e1zat alapj\u00e1n int\u00e9zm\u00e9nyi szakmai, tudom\u00e1nyos \u00f6szt\u00f6nd\u00edj (a tov\u00e1bbiakban: int\u00e9zm\u00e9nyi \u00f6szt\u00f6nd\u00edj) foly\u00f3s\u00edthat\u00f3.<br \/>\n(2) Az int\u00e9zm\u00e9nyi \u00f6szt\u00f6nd\u00edj p\u00e1ly\u00e1zat alapj\u00e1n egy tanulm\u00e1nyi f\u00e9l\u00e9vre (5 h\u00f3napra) oda\u00edt\u00e9lt, havonta foly\u00f3s\u00edtott juttat\u00e1s.<br \/>\n(3) Int\u00e9zm\u00e9nyi \u00f6szt\u00f6nd\u00edjban olyan teljes idej\u0171 alapk\u00e9pz\u00e9sben, egys\u00e9ges, osztatlan k\u00e9pz\u00e9sben, mesterk\u00e9pz\u00e9sben, fels\u0151fok\u00fa\/fels\u0151oktat\u00e1si szakk\u00e9pz\u00e9sben r\u00e9szt vev\u0151 hallgat\u00f3 r\u00e9szes\u00fclhet, aki<br \/>\na) a DRHE-n legal\u00e1bb <strong><em>k\u00e9t akt\u00edv f\u00e9l\u00e9vet <\/em><\/strong>teljes\u00edtett, \u00e9s legal\u00e1bb <strong><em>50 kreditet<\/em><\/strong> megszerzett,<br \/>\nb) tanulm\u00e1nyi fegyelme \u00e9s magatart\u00e1sa p\u00e9ldamutat\u00f3,<br \/>\nc) akt\u00edv f\u00e9l\u00e9veire es\u0151, megszerzett kreditjeinek <strong><em>\u00e1tlaga legal\u00e1bb 25 kredit\/f\u00e9l\u00e9v,<br \/>\n<\/em><\/strong>d) nincs k\u00e9tszer <strong><em>nem teljes\u00edtett<\/em><\/strong> tant\u00e1rgya,<br \/>\ne) nincs kett\u0151n\u00e9l t\u00f6bb passz\u00edv f\u00e9l\u00e9ve,<br \/>\nf) tanulm\u00e1nyi \u00e1tlageredm\u00e9nye (\u00f6szt\u00f6nd\u00edjindexe) egym\u00e1st k\u00f6vet\u0151 <strong><em>k\u00e9t utols\u00f3 f\u00e9l\u00e9vben legal\u00e1bb 4,51 volt jav\u00edt\u00f3vizsga<\/em><\/strong> <strong><em>n\u00e9lk\u00fcl.<br \/>\n<\/em><\/strong>(4) Az int\u00e9zm\u00e9nyi szakmai, tudom\u00e1nyos \u00f6szt\u00f6nd\u00edj nyilv\u00e1nos p\u00e1ly\u00e1zat \u00fatj\u00e1n nyerhet\u0151 el, melyet a H\u00d6K Szoci\u00e1lis Bizotts\u00e1g\u00e1hoz kell beny\u00fajtani. A p\u00e1ly\u00e1zatban <strong><em>a jel\u00f6lt <\/em><\/strong>\u2013 a nemzeti fels\u0151oktat\u00e1si \u00f6szt\u00f6nd\u00edj p\u00e1ly\u00e1zati \u0171rlap szempontjait figyelembe v\u00e9ve \u2013 <strong><em>bemutatja \u00e9s igazolja<\/em><\/strong>, hogy a k\u00f6vetelm\u00e9nyeknek teljes m\u00e9rt\u00e9kben megfelel.<br \/>\n(5) A DJB az int\u00e9zm\u00e9nyi \u00f6szt\u00f6nd\u00edjat egyazon hallgat\u00f3 eset\u00e9ben ism\u00e9telt sikeres p\u00e1ly\u00e1zat eset\u00e9n egy tov\u00e1bbi f\u00e9l\u00e9vre \u00edt\u00e9lheti oda.<br \/>\n(6) Nemzeti fel\u0151soktat\u00e1si \u00f6szt\u00f6nd\u00edj, valamint int\u00e9zm\u00e9nyi \u00f6szt\u00f6nd\u00edj egyidej\u0171leg ugyanannak a hallgat\u00f3nak nem foly\u00f3s\u00edthat\u00f3.<br \/>\n(7) A be\u00e9rkezett p\u00e1ly\u00e1zatokat a H\u00d6K Szoci\u00e1lis Bizotts\u00e1ga a rendszeres szoci\u00e1lis \u00f6szt\u00f6nd\u00edj ir\u00e1nti p\u00e1ly\u00e1zatokra vonatkoz\u00f3 szab\u00e1lyok alapj\u00e1n fogadja be, a <strong><em>nemzeti fels\u0151oktat\u00e1si \u00f6szt\u00f6nd\u00edjra vonatkoz\u00f3 szempontrendszer alapj\u00e1n<\/em><\/strong> <strong><em>v\u00e9lem\u00e9nyezi<\/em><\/strong>, rangsorolja, \u00e9s d\u00f6nt\u00e9sre a DJB el\u00e9 terjeszti. Az \u00f6szt\u00f6nd\u00edj oda\u00edt\u00e9l\u00e9s\u00e9r\u0151l \u00e9s azok konkr\u00e9t \u00f6sszeg\u00e9r\u0151l a DJB hat\u00e1roz.<br \/>\nA nemzeti fels\u0151oktat\u00e1si \u00f6szt\u00f6nd\u00edjra vonatkoz\u00f3 rendelkez\u00e9seket a TJSZ 19. \u00a7-a \u00e9s 12. sz. mell\u00e9klete tartalmazza.<br \/>\nA be\u00e9rkezett p\u00e1ly\u00e1zatokr\u00f3l a Di\u00e1kj\u00f3l\u00e9ti Bizotts\u00e1g <em>2026. \u00e1prilis 5-ig<\/em>\u00a0d\u00f6nt, melyr\u0151l a Tanulm\u00e1nyi \u00e9s Vizsgaszab\u00e1lyzat 24. \u00a7 (2) bekezd\u00e9s alapj\u00e1n a Neptun tanulm\u00e1nyi rendszeren kereszt\u00fcl megk\u00fcld\u00f6tt hat\u00e1rozatban, \u00e9rtes\u00edti a p\u00e1ly\u00e1z\u00f3kat.<\/p>\n<p>Herdon L\u00e1szl\u00f3n\u00e9 s.k.<br \/>\nDJB eln\u00f6k<\/p>\n<p>A p\u00e1ly\u00e1zati \u0171rlap <a href=\"https:\/\/drhe.hu\/wp-content\/uploads\/2025\/01\/NFO_palyazati_urlap-7.docx\">innen<\/a> let\u00f6lthet\u0151.<\/p>\n<p>Debrecen, 2026.03.12.[\/vc_column_text][\/vc_tta_section][vc_tta_section title=&#8221;Szab\u00e1lyzati felt\u00e9telek&#8221; tab_id=&#8221;1634809672639-5559e661-4a7f&#8221;][vc_column_text]Kivonat a Debreceni Reform\u00e1tus Hittudom\u00e1nyi Egyetem Hallgat\u00f3inak<br \/>\nT\u00e9r\u00edt\u00e9si \u00e9s Juttat\u00e1si Szab\u00e1lyzat\u00e1b\u00f3l<br \/>\nNemzeti fels\u0151oktat\u00e1si \u00f6szt\u00f6nd\u00edj<br \/>\n19. \u00a7<\/p>\n<p>(1) Az Nftv. 12. \u00a7 (3) bekezd\u00e9s he) pontja \u00e9rtelm\u00e9ben a DRHE Szen\u00e1tus\u00e1nak kezdem\u00e9nyez\u00e9s\u00e9re az oktat\u00e1si \u00fcgyek\u00e9rt felel\u0151s miniszter nemzeti fels\u0151oktat\u00e1si \u00f6szt\u00f6nd\u00edjat adom\u00e1nyozhat a kimagasl\u00f3 teljes\u00edtm\u00e9nyt ny\u00fajt\u00f3, alapk\u00e9pz\u00e9sben, osztatlan k\u00e9pz\u00e9sben illetve mesterk\u00e9pz\u00e9sben r\u00e9szt vev\u0151 hallgat\u00f3k 0,8%-a, de legal\u00e1bb egy f\u0151 hallgat\u00f3 r\u00e9sz\u00e9re.<br \/>\n(2) A nemzeti fels\u0151oktat\u00e1si \u00f6szt\u00f6nd\u00edjat egy teljes tan\u00e9v (10 h\u00f3nap) id\u0151tartam\u00e1ra lehet elnyerni, amelynek havi \u00f6sszege megegyezik a k\u00f6lts\u00e9gvet\u00e9si t\u00f6rv\u00e9nyben e jogc\u00edmen meg\u00e1llap\u00edtott \u00f6sszeg egy tized\u00e9vel. A nemzeti fels\u0151oktat\u00e1si \u00f6szt\u00f6nd\u00edj egy k\u00e9pz\u00e9s teljes\u00edt\u00e9se sor\u00e1n legfeljebb k\u00e9t alkalommal nyerhet\u0151 el.<br \/>\n(3) Nemzeti fels\u0151oktat\u00e1si \u00f6szt\u00f6nd\u00edj p\u00e1ly\u00e1zat beny\u00fajt\u00e1s\u00e1nak felt\u00e9tele a p\u00e1ly\u00e1zat beny\u00fajt\u00e1s\u00e1nak id\u0151pontj\u00e1ban teljes idej\u0171 k\u00e9pz\u00e9sben val\u00f3 r\u00e9szv\u00e9tel. Nemzeti fels\u0151oktat\u00e1si \u00f6szt\u00f6nd\u00edjban az az alapk\u00e9pz\u00e9sben, egys\u00e9ges, osztatlan k\u00e9pz\u00e9sben vagy mesterk\u00e9pz\u00e9sben r\u00e9szt vev\u0151 hallgat\u00f3 r\u00e9szes\u00fclhet, aki<br \/>\na)\u00a0\u00a0 \u00a0adott vagy kor\u00e1bbi tanulm\u00e1nyai sor\u00e1n k\u00e9t f\u00e9l\u00e9vre bejelentkezett, \u00e9s legal\u00e1bb 55 kreditet megszerzett,<br \/>\nb)\u00a0\u00a0 \u00a0akt\u00edv f\u00e9l\u00e9veire es\u0151, megszerzett kreditjeinek \u00e1tlaga legal\u00e1bb 25 kredit\/f\u00e9l\u00e9v,<br \/>\nc)\u00a0\u00a0 \u00a0nincs k\u00e9tszer nem teljes\u00edtett tant\u00e1rgya,<br \/>\nd)\u00a0\u00a0 \u00a0nincs kett\u0151n\u00e9l t\u00f6bb passz\u00edv f\u00e9l\u00e9ve.<br \/>\n(4) A hallgat\u00f3 nemzeti fels\u0151oktat\u00e1si \u00f6szt\u00f6nd\u00edjban egy fels\u0151oktat\u00e1si int\u00e9zm\u00e9nyben r\u00e9szes\u00fclhet. Amennyiben t\u00f6bb int\u00e9zm\u00e9ny tesz javaslatot ugyanazon szem\u00e9ly elismer\u00e9s\u00e9re, a hallgat\u00f3 abban az int\u00e9zm\u00e9nyben r\u00e9szes\u00fcl nemzeti fels\u0151oktat\u00e1si \u00f6szt\u00f6nd\u00edjban, amellyel els\u0151k\u00e9nt l\u00e9tes\u00edtett hallgat\u00f3i jogviszonyt.<br \/>\n(5) A nemzeti fels\u0151oktat\u00e1si \u00f6szt\u00f6nd\u00edj nyilv\u00e1nos p\u00e1ly\u00e1zat \u00fatj\u00e1n nyerhet\u0151 el. A p\u00e1ly\u00e1zati felh\u00edv\u00e1st, a p\u00e1ly\u00e1zati hat\u00e1rid\u0151t 30 nappal megel\u0151z\u0151en \u2013 a p\u00e1ly\u00e1zatok elb\u00edr\u00e1l\u00e1s\u00e1nak (13) bekezd\u00e9sben r\u00f6gz\u00edtett szempontjaival egy\u00fctt \u2013 az egyetem honlapj\u00e1n \u00e9s az egy\u00e9b szok\u00e1sos m\u00f3dokon a DJB eln\u00f6ke teszi k\u00f6zz\u00e9. A p\u00e1ly\u00e1z\u00f3 hallgat\u00f3k az utols\u00f3 k\u00e9t akt\u00edv tanulm\u00e1nyi f\u00e9l\u00e9v\u00e9ben el\u00e9rt tanulm\u00e1nyi eredm\u00e9ny, valamint tudom\u00e1nyos \u00e9s kiemelked\u0151 k\u00f6z\u00f6ss\u00e9gi tev\u00e9kenys\u00e9g\u00fck bemutat\u00e1s\u00e1t igazol\u00f3 p\u00e1ly\u00e1zati anyagot ny\u00fajtanak be a Tanulm\u00e1nyi Oszt\u00e1lyra a DJB eln\u00f6ke \u00e1ltal meghat\u00e1rozott id\u0151pontig. A p\u00e1ly\u00e1zatnak tartalmaznia kell a p\u00e1ly\u00e1zati ki\u00edr\u00e1sban felt\u00fcntetett dokumentumokat. A p\u00e1ly\u00e1zat befogad\u00e1s\u00e1r\u00f3l \u00e9s a p\u00e1ly\u00e1z\u00f3 \u00e1ltal a p\u00e1ly\u00e1zati \u0171rlaphoz mell\u00e9kelt dokumentumok jegyz\u00e9k\u00e9r\u0151l a Tanulm\u00e1nyi Oszt\u00e1ly vezet\u0151je a p\u00e1ly\u00e1z\u00f3nak igazol\u00e1st \u00e1ll\u00edt ki.<br \/>\n(6) P\u00e1ly\u00e1zhatnak azok a hallgat\u00f3k, akik az egyetem \u00e1ltal el\u0151\u00edrt felt\u00e9teleknek megfelelnek, szakmai tekintetben kimagasl\u00f3 munk\u00e1t v\u00e9geznek, kiemelked\u0151 tudom\u00e1nyos di\u00e1kk\u00f6ri, tansz\u00e9ki demonstr\u00e1tori, publik\u00e1ci\u00f3s tev\u00e9kenys\u00e9get folytatnak.<br \/>\n(7) A DJB a (13) bekezd\u00e9sben r\u00f6gz\u00edtett pontoz\u00e1sos szempontok alapj\u00e1n v\u00e9lem\u00e9nyezi a be\u00e9rkezett p\u00e1ly\u00e1zatokat, \u00e9s javaslatot tesz a t\u00e1mogatott p\u00e1ly\u00e1zatok rangsor szerinti besorol\u00e1s\u00e1ra, amit a Szen\u00e1tus el\u00e9 terjeszt. A Szen\u00e1tus d\u00f6nt\u00e9se alapj\u00e1n a rektor minden \u00e9v augusztus 1-j\u00e9ig javaslatot tesz az oktat\u00e1si \u00fcgyek\u00e9rt felel\u0151s miniszternek a nemzeti fels\u0151oktat\u00e1si \u00f6szt\u00f6nd\u00edj adom\u00e1nyoz\u00e1s\u00e1ra.<br \/>\n(8) Az adott tan\u00e9vre elnyert nemzeti fels\u0151oktat\u00e1si \u00f6szt\u00f6nd\u00edj csak az adott tan\u00e9vben foly\u00f3s\u00edthat\u00f3.<br \/>\n(9) Amennyiben a hallgat\u00f3 hallgat\u00f3i jogviszonya b\u00e1rmilyen okb\u00f3l megsz\u0171nik vagy sz\u00fcnetel, a nemzeti fels\u0151oktat\u00e1si \u00f6szt\u00f6nd\u00edj sz\u00e1m\u00e1ra tov\u00e1bb nem foly\u00f3s\u00edthat\u00f3.<br \/>\n(10) Amennyiben a nemzeti fels\u0151oktat\u00e1si \u00f6szt\u00f6nd\u00edjra p\u00e1ly\u00e1zott, de elutas\u00edtott hallgat\u00f3 eset\u00e9ben jogorvoslati elj\u00e1r\u00e1s keret\u00e9ben meg\u00e1llap\u00edt\u00e1st nyer, hogy a hallgat\u00f3 \u00e9rdemes a nemzeti fels\u0151oktat\u00e1si \u00f6szt\u00f6nd\u00edjra, \u00e9s az int\u00e9zm\u00e9nyi felterjeszt\u00e9sben az (1) \u00e9s (3)-(6) bekezd\u00e9seiben meghat\u00e1rozott felt\u00e9telek \u00e9s az int\u00e9zm\u00e9nyi keretsz\u00e1m alapj\u00e1n arra jogosult lenne, de azt int\u00e9zm\u00e9nyi elj\u00e1r\u00e1si hiba folyt\u00e1n nem kapta meg, az oktat\u00e1si \u00fcgyek\u00e9rt felel\u0151s miniszter jogosult a hallgat\u00f3 r\u00e9sz\u00e9re nemzeti fels\u0151oktat\u00e1si \u00f6szt\u00f6nd\u00edjat adom\u00e1nyozni az int\u00e9zm\u00e9ny javaslata alapj\u00e1n. Ilyen esetben azonban a hallgat\u00f3 nem vehet\u0151 figyelembe a nemzeti fels\u0151oktat\u00e1si \u00f6szt\u00f6nd\u00edj keret\u00e9nek meghat\u00e1roz\u00e1sakor, r\u00e9sz\u00e9re az \u00f6szt\u00f6nd\u00edjat a DRHE a hallgat\u00f3i el\u0151ir\u00e1nyzat vagy a saj\u00e1t bev\u00e9telei terh\u00e9re k\u00f6teles kifizetni.<br \/>\n(11) A nemzeti fels\u0151oktat\u00e1si \u00f6szt\u00f6nd\u00edjat elnyert hallgat\u00f3 nem z\u00e1rhat\u00f3 ki a tanulm\u00e1nyi \u00f6szt\u00f6nd\u00edj \u00e9s a k\u00f6z\u00e9leti \u00f6szt\u00f6nd\u00edj t\u00e1mogat\u00e1sb\u00f3l.<br \/>\n(12) Nemzeti fels\u0151oktat\u00e1si \u00f6szt\u00f6nd\u00edjban r\u00e9szes\u00fcl\u0151 hallgat\u00f3 sz\u00e1m\u00e1ra int\u00e9zm\u00e9nyi szakmai, tudom\u00e1nyos \u00f6szt\u00f6nd\u00edj nem foly\u00f3s\u00edthat\u00f3.<br \/>\n(13) A nemzeti fels\u0151oktat\u00e1si \u00f6szt\u00f6nd\u00edjak rangsorol\u00e1s\u00e1ra a DJB az al\u00e1bbi, 60 pontos pontrendszer alapj\u00e1n tesz a Szen\u00e1tusnak javaslatot:<\/p>\n<p>I. TANULM\u00c1NYI SZEMPONTOK: \u00a0\u00a0 \u00a0\u00a0\u00a0 \u00a0maximum 20 pont<\/p>\n<p>1.\u00a0\u00a0 \u00a0Tanulm\u00e1nyi \u00e1tlag: maximum 15 pont<br \/>\nA legut\u00f3bbi k\u00e9t akt\u00edv f\u00e9l\u00e9v kreditindexe:\u00a0\u00a0\u00a0 \u00a0\u00a0\u00a0 \u00a0pont<br \/>\n4,51\u20134,60\u00a0\u00a0 \u00a0\u00a0\u00a0 \u00a0\u00a0\u00a0 \u00a0\u00a0\u00a0 \u00a0\u00a0\u00a0 \u00a07<br \/>\n4,61\u20134,70\u00a0\u00a0 \u00a0\u00a0\u00a0 \u00a0\u00a0\u00a0 \u00a0\u00a0\u00a0 \u00a0\u00a0\u00a0 \u00a09<br \/>\n4,71\u20134,80\u00a0\u00a0 \u00a0\u00a0\u00a0 \u00a0\u00a0\u00a0 \u00a0\u00a0\u00a0 \u00a0\u00a0\u00a0 \u00a011<br \/>\n4,81\u20134,90\u00a0\u00a0 \u00a0\u00a0\u00a0 \u00a0\u00a0\u00a0 \u00a0\u00a0\u00a0 \u00a0\u00a0\u00a0 \u00a013<br \/>\n4,91\u20135,00\u00a0\u00a0 \u00a0\u00a0\u00a0 \u00a0\u00a0\u00a0 \u00a0\u00a0\u00a0 \u00a0\u00a0\u00a0 \u00a015<\/p>\n<p>2. \u00a0\u00a0 \u00a0A DRHE-n folytatott tanulm\u00e1nyok sor\u00e1n megszerzett nyelvvizsga\/\u00e1k:<br \/>\nmaximum 5 pont<br \/>\nEgy, legal\u00e1bb fels\u0151fok\u00fa, \u00e1llamilag elismert nyelvvizsga:<br \/>\nA vagy B t\u00edpus\u00fa: \u00a0\u00a0\u00a0 \u00a0\u00a0\u00a0 \u00a0\u00a0\u00a0 \u00a0\u00a0\u00a0 \u00a03 pont,<br \/>\nC t\u00edpus\u00fa komplex: \u00a0\u00a0 \u00a0\u00a0\u00a0 \u00a0\u00a0\u00a0 \u00a0\u00a0\u00a0 \u00a05 pont.<br \/>\nA DRHE-n folytatott tanulm\u00e1nyok sor\u00e1n tov\u00e1bbi, m\u00e1sik nyelvb\u0151l<br \/>\nmegszerzett k\u00f6z\u00e9pfok\u00fa komplex nyelvvizsga:\u00a0\u00a0 \u00a03 pont,<br \/>\nA DRHE-n folytatott tanulm\u00e1nyok sor\u00e1n tov\u00e1bbi, m\u00e1sik nyelvb\u0151l megszerzett k\u00f6z\u00e9pfok\u00fa sz\u00f3beli vagy \u00edr\u00e1sbeli nyelvvizsga:\u00a0\u00a0 \u00a01 pont.<\/p>\n<p>3.\u00a0\u00a0 \u00a0El\u00e9gtelen leckek\u00f6nyvi bejegyz\u00e9se a p\u00e1ly\u00e1z\u00f3nak a legut\u00f3bbi k\u00e9t akt\u00edv lez\u00e1rt f\u00e9l\u00e9vben nem lehet.<br \/>\n4.\u00a0\u00a0 \u00a0A 2. pont alapj\u00e1n a nyelvvizsga-bizony\u00edtv\u00e1nyra adhat\u00f3 pontok a legal\u00e1bb 3 h\u00f3nap id\u0151tartam\u00fa, nem magyar k\u00e9pz\u00e9si nyelv\u0171 int\u00e9zm\u00e9nyben teljes\u00edtett, eredm\u00e9nyesen lez\u00e1rt Erasmus+ hallgat\u00f3i mobilit\u00e1ssal kiv\u00e1lthat\u00f3ak, az al\u00e1bbiak szerint:<br \/>\na)\u00a0\u00a0 \u00a015-18 teljes\u00edtett \u00e9s besz\u00e1m\u00edtott kredit eset\u00e9n: 2 pont,<br \/>\nb)\u00a0\u00a0 \u00a019-21 teljes\u00edtett \u00e9s besz\u00e1m\u00edtott kredit eset\u00e9n: 3 pont,<br \/>\nc)\u00a0\u00a0 \u00a022-24 teljes\u00edtett \u00e9s besz\u00e1m\u00edtott kredit eset\u00e9n: 4 pont,<br \/>\nd)\u00a0\u00a0 \u00a025 \u00e9s ann\u00e1l t\u00f6bb teljes\u00edtett \u00e9s besz\u00e1m\u00edtott kredit eset\u00e9n: 5 pont.<\/p>\n<p>II. TUDOM\u00c1NYOS TEV\u00c9KENYS\u00c9G:\u00a0\u00a0 \u00a0\u00a0\u00a0 \u00a0\u00a0\u00a0 \u00a0maximum 38 pont<\/p>\n<p>1.\u00a0\u00a0 \u00a0Tanulm\u00e1nyi k\u00f6telezetts\u00e9gen t\u00fali kutat\u00e1si tev\u00e9kenys\u00e9g:\u00a0\u00a0 \u00a0\u00a0\u00a0 \u00a0\u00a0\u00a0\u00a0\u00a0\u00a0\u00a0\u00a0\u00a0 3 pont<\/p>\n<p>2.\u00a0\u00a0 \u00a0TDK r\u00e9szv\u00e9tel:\u00a0\u00a0 \u00a0\u00a0\u00a0 \u00a0\u00a0\u00a0 \u00a0\u00a0\u00a0 \u00a0\u00a0\u00a0 \u00a0\u00a0\u00a0 \u00a0\u00a0\u00a0 \u00a0\u00a0\u00a0\u00a0\u00a0\u00a0\u00a0\u00a0\u00a0 2 pont<br \/>\n3.\u00a0\u00a0 \u00a0OTDK r\u00e9szv\u00e9tel:\u00a0\u00a0 \u00a0\u00a0\u00a0 \u00a0\u00a0\u00a0 \u00a0\u00a0\u00a0 \u00a0\u00a0\u00a0 \u00a0\u00a0\u00a0 \u00a0\u00a0\u00a0\u00a0\u00a0\u00a0\u00a0\u00a0 tov\u00e1bbi 5 pont<br \/>\n4.\u00a0\u00a0 \u00a0OTDK helyez\u00e9s vagy k\u00fcl\u00f6nd\u00edj:\u00a0\u00a0 \u00a0\u00a0\u00a0 \u00a0\u00a0\u00a0 \u00a0\u00a0\u00a0 \u00a0\u00a0\u00a0\u00a0\u00a0\u00a0\u00a0\u00a0 tov\u00e1bbi 8 pont<\/p>\n<p>5. \u00a0\u00a0 \u00a0Orsz\u00e1gos tan\u00edt\u00e1si verseny 1\u20133. helyez\u00e9s:\u00a0\u00a0 \u00a0\u00a0\u00a0 \u00a0\u00a0\u00a0 \u00a0\u00a0\u00a0 \u00a0\u00a0\u00a0\u00a0\u00a0\u00a0\u00a0\u00a0 10 pont<\/p>\n<p>6.\u00a0\u00a0 \u00a0Publik\u00e1ci\u00f3k, tudom\u00e1nyos konferenci\u00e1n tartott szakel\u0151ad\u00e1s (maximum 5 pont):<br \/>\n1\u20132 megjelent publik\u00e1ci\u00f3:\u00a0\u00a0 \u00a0\u00a0\u00a0 \u00a0\u00a0\u00a0\u00a0\u00a0\u00a0\u00a0\u00a0\u00a0 3 pont<br \/>\n3 vagy ann\u00e1l t\u00f6bb megjelent publik\u00e1ci\u00f3:\u00a0\u00a0\u00a0 5 pont<\/p>\n<p>Versenyek (maximum 10 pont):<br \/>\n7.\u00a0\u00a0 \u00a0Egy\u00e9b szakmai, ill. tanulm\u00e1nyi versenyen val\u00f3 r\u00e9szv\u00e9tel: versenyenk\u00e9nt 1 pont<br \/>\n8.\u00a0\u00a0 \u00a0Egy\u00e9b szakmai, ill. tanulm\u00e1nyi verseny orsz\u00e1gos fordul\u00f3j\u00e1n val\u00f3 r\u00e9szv\u00e9tel: \u00a0\u00a0 \u00a0\u00a0\u00a0 \u00a0\u00a0\u00a0 \u00a0\u00a0\u00a0\u00a0\u00a0\u00a0\u00a0 \u00a0\u00a0\u00a0 \u00a0\u00a0\u00a0 \u00a0\u00a0\u00a0 \u00a0\u00a0\u00a0 \u00a0\u00a0\u00a0 \u00a0\u00a0\u00a0\u00a0\u00a0\u00a0\u00a0\u00a0\u00a0 versenyenk\u00e9nt tov\u00e1bbi 2 pont<br \/>\n9.\u00a0\u00a0 \u00a0Egy\u00e9b szakmai, ill. tanulm\u00e1nyi verseny orsz\u00e1gos fordul\u00f3j\u00e1n<br \/>\n1\u20133 helyez\u00e9s \u00e9s k\u00fcl\u00f6nd\u00edj (ide nem \u00e9rtve az orsz\u00e1gos tan\u00edt\u00e1si versenyt):<br \/>\nversenyenk\u00e9nt tov\u00e1bbi 5 pont<\/p>\n<p>10.\u00a0\u00a0 \u00a0Oktat\u00e1shoz kapcsol\u00f3d\u00f3 tansz\u00e9ki (pl. demonstr\u00e1tori) tev\u00e9kenys\u00e9g:\u00a0\u00a0 \u00a0\u00a0\u00a0\u00a0\u00a0\u00a0\u00a0\u00a0\u00a0\u00a0\u00a0 5 pont<\/p>\n<p>III. K\u00d6Z\u00d6SS\u00c9GI TEV\u00c9KENYS\u00c9G:\u00a0\u00a0 \u00a0\u00a0\u00a0 \u00a0\u00a0\u00a0 \u00a0\u00a0\u00a0 \u00a0\u00a0\u00a0 \u00a0maximum 7 pont<\/p>\n<p>1.\u00a0\u00a0 \u00a0Hallgat\u00f3i k\u00f6z\u00e9leti tev\u00e9kenys\u00e9g: \u00a0\u00a0 \u00a0\u00a0\u00a0 \u00a0\u00a0\u00a0 \u00a0\u00a0\u00a0 \u00a0maximum 2 pont<br \/>\n2.\u00a0\u00a0 \u00a0Egy\u00e9b kiemelked\u0151 t\u00e1rsadalmi, szoci\u00e1lis, kultur\u00e1lis, sport (megyei, vagy magasabb szinten v\u00e9gzett) tev\u00e9kenys\u00e9g: \u00a0\u00a0 \u00a0\u00a0\u00a0 \u00a0\u00a0\u00a0 \u00a0\u00a0\u00a0 \u00a0maximum\u00a0 5 pont.<\/p>\n<p>(14) A nemzeti fels\u0151oktat\u00e1si \u00f6szt\u00f6nd\u00edj ir\u00e1nti p\u00e1ly\u00e1zat \u0171rlapj\u00e1t a jelen szab\u00e1lyzat 12. sz\u00e1m\u00fa mell\u00e9klete tartalmazza.[\/vc_column_text][\/vc_tta_section][\/vc_tta_tabs][\/vc_column][\/vc_row]<\/p>\n<\/div>","protected":false},"excerpt":{"rendered":"<p>[vc_row][vc_column][vc_column_text] [\/vc_column_text][\/vc_column][\/vc_row][vc_row][vc_column][vc_row_inner el_class=&#8221;text-right&#8221;][vc_column_inner][zk_button btn_text=&#8221;TJSZ&#8221; btn_type=&#8221;btn-primary btn-alt&#8221; button_link=&#8221;url:https%3A%2F%2Fdrhe.hu%2Fegyetemunk%2Fszabalyzatok%2Fszabalyzatok%2F&#8221; btn_size=&#8221;btn-medium&#8221; btn_align=&#8221;text-center&#8221; btn_block=&#8221;d-inline-block&#8221; add_icon=&#8221;&#8221;][\/vc_column_inner][\/vc_row_inner][vc_empty_space height=&#8221;50px&#8221;][vc_tta_tabs][vc_tta_section title=&#8221;P\u00e1ly\u00e1zati ki\u00edr\u00e1s&#8221; tab_id=&#8221;1634809672651-3f47e04c-ab34&#8243;][vc_column_text] INT\u00c9ZM\u00c9NYI SZAKMAI, TUDOM\u00c1NYOS \u00d6SZT\u00d6ND\u00cdJ P\u00c1LY\u00c1ZATI<\/p>\n","protected":false},"author":1,"featured_media":0,"parent":3255,"menu_order":4,"comment_status":"closed","ping_status":"closed","template":"","meta":{"_acf_changed":false,"footnotes":"","_links_to":"","_links_to_target":""},"class_list":["post-3291","page","type-page","status-publish","hentry"],"acf":[],"_links":{"self":[{"href":"https:\/\/drhe.hu\/en\/wp-json\/wp\/v2\/pages\/3291","targetHints":{"allow":["GET"]}}],"collection":[{"href":"https:\/\/drhe.hu\/en\/wp-json\/wp\/v2\/pages"}],"about":[{"href":"https:\/\/drhe.hu\/en\/wp-json\/wp\/v2\/types\/page"}],"author":[{"embeddable":true,"href":"https:\/\/drhe.hu\/en\/wp-json\/wp\/v2\/users\/1"}],"replies":[{"embeddable":true,"href":"https:\/\/drhe.hu\/en\/wp-json\/wp\/v2\/comments?post=3291"}],"version-history":[{"count":33,"href":"https:\/\/drhe.hu\/en\/wp-json\/wp\/v2\/pages\/3291\/revisions"}],"predecessor-version":[{"id":27170,"href":"https:\/\/drhe.hu\/en\/wp-json\/wp\/v2\/pages\/3291\/revisions\/27170"}],"up":[{"embeddable":true,"href":"https:\/\/drhe.hu\/en\/wp-json\/wp\/v2\/pages\/3255"}],"wp:attachment":[{"href":"https:\/\/drhe.hu\/en\/wp-json\/wp\/v2\/media?parent=3291"}],"curies":[{"name":"wp","href":"https:\/\/api.w.org\/{rel}","templated":true}]}}