{"id":3295,"date":"2021-10-21T14:12:04","date_gmt":"2021-10-21T12:12:04","guid":{"rendered":"http:\/\/new.drhe.hu\/?page_id=3295"},"modified":"2023-03-24T12:55:02","modified_gmt":"2023-03-24T11:55:02","slug":"rendkivuli-szocialis-osztondij","status":"publish","type":"page","link":"https:\/\/drhe.hu\/en\/hallgatoknak\/osztondijak-juttatasok\/szocialis-es-egyeb-hallgatoi-osztondijak\/szocialis-osztondijak\/rendkivuli-szocialis-osztondij\/","title":{"rendered":"Rendk\u00edv\u00fcli szoci\u00e1lis \u00f6szt\u00f6nd\u00edj"},"content":{"rendered":"<div class=\"wpb-content-wrapper\"><p>[vc_row][vc_column][vc_row_inner el_class=&#8221;text-right&#8221;][vc_column_inner][zk_button btn_text=&#8221;P\u00e1ly\u00e1zati \u0171rlap&#8221; button_link=&#8221;url:https%3A%2F%2Fdrhe.hu%2Fwp-content%2Fuploads%2F2022%2F10%2FTJSZ-10-sz-melleklet.docx|target:_blank&#8221; btn_size=&#8221;btn-medium&#8221; btn_align=&#8221;text-center&#8221; btn_block=&#8221;d-inline-block&#8221; add_icon=&#8221;true&#8221; i_icon_fontawesome=&#8221;far fa-file-word&#8221; icon_position=&#8221;left&#8221;][\/vc_column_inner][\/vc_row_inner][vc_empty_space height=&#8221;50px&#8221;][vc_column_text]<\/p>\n<p class=\"rtejustify\">A rendk\u00edv\u00fcli szoci\u00e1lis \u00f6szt\u00f6nd\u00edj a hallgat\u00f3 szoci\u00e1lis helyzete v\u00e1ratlan roml\u00e1s\u00e1nak enyh\u00edt\u00e9s\u00e9re foly\u00f3s\u00edtott egyszeri juttat\u00e1s. Rendk\u00edv\u00fcli szoci\u00e1lis \u00f6szt\u00f6nd\u00edj adhat\u00f3 hal\u00e1leset, vis maior k\u00e1resem\u00e9ny, h\u00e1zass\u00e1gk\u00f6t\u00e9s, gyermek sz\u00fclet\u00e9se eset\u00e9n, valamint egy\u00e9b, k\u00fcl\u00f6n\u00f6s m\u00e9lt\u00e1nyoss\u00e1got ig\u00e9nyl\u0151 indokolt esetben. Ha a szoci\u00e1lis helyzet megroml\u00e1sa a j\u00f6vedelem jelent\u0151s cs\u00f6kken\u00e9se, vagy m\u00e1s anyagi term\u00e9szet\u0171 esem\u00e9ny miatt k\u00f6vetkezett be, a k\u00e9relemhez csatolni kell a sz\u00fcks\u00e9ges igazol\u00e1sokat.<\/p>\n<p class=\"rtejustify\">A rendk\u00edv\u00fcli szoci\u00e1lis \u00f6szt\u00f6nd\u00edj ir\u00e1nti k\u00e9relmet a H\u00d6K Szoci\u00e1lis Bizotts\u00e1g\u00e1hoz kell beny\u00fajtani. A be\u00e9rkezett k\u00e9relmeket a H\u00d6K Szoci\u00e1lis Bizotts\u00e1ga a rendszeres szoci\u00e1lis \u00f6szt\u00f6nd\u00edj ir\u00e1nti p\u00e1ly\u00e1zatokra vonatkoz\u00f3 szab\u00e1lyok alapj\u00e1n v\u00e9lem\u00e9nyezi, \u00e9s d\u00f6nt\u00e9sre a k\u00e9relem befogad\u00e1s\u00e1t\u00f3l sz\u00e1m\u00edtott 15 napon bel\u00fcl a DJB el\u00e9 terjeszti.<\/p>\n<p class=\"rtejustify\">A rendk\u00edv\u00fcli szoci\u00e1lis \u00f6szt\u00f6nd\u00edj oda\u00edt\u00e9l\u00e9s\u00e9r\u0151l \u00e9s annak konkr\u00e9t \u00f6sszeg\u00e9r\u0151l a H\u00d6K Szoci\u00e1lis Bizotts\u00e1g\u00e1nak el\u0151terjeszt\u00e9se alapj\u00e1n a DJB d\u00f6nt, \u00e9s a k\u00e9relem befogad\u00e1s\u00e1t\u00f3l sz\u00e1m\u00edtott 30 napon bel\u00fcl a Gazdas\u00e1gi \u00e9s Munka\u00fcgyi Csoportn\u00e1l int\u00e9zkedik a kifizet\u00e9sr\u0151l.<\/p>\n<p class=\"rtejustify\">A DJB az \u00f6szt\u00f6nd\u00edj oda\u00edt\u00e9l\u00e9s\u00e9r\u0151l hat\u00e1rozatot hoz, \u00e9s err\u0151l a DJB eln\u00f6ke \u2013 a Tanulm\u00e1nyi Oszt\u00e1ly seg\u00edts\u00e9g\u00e9vel \u2013 az elektronikus tanulm\u00e1nyi rendszeren kereszt\u00fcl \u00edr\u00e1sban \u00e9rtes\u00edti a p\u00e1ly\u00e1z\u00f3t.<\/p>\n<p class=\"rtejustify\">A d\u00f6nt\u00e9s ellen jogorvoslatnak helye nincs, kiv\u00e9ve, ha a H\u00d6K Szoci\u00e1lis Bizotts\u00e1ga vagy a DJB elj\u00e1r\u00e1si szab\u00e1lyt s\u00e9rtett; ez ut\u00f3bbi esetben a fellebbez\u00e9st \u00edr\u00e1sban a rektorhoz c\u00edmezve, a Rektori Hivatalban kell beny\u00fajtani.<\/p>\n<p>[\/vc_column_text][\/vc_column][\/vc_row]<\/p>\n<\/div>","protected":false},"excerpt":{"rendered":"<p>[vc_row][vc_column][vc_row_inner el_class=&#8221;text-right&#8221;][vc_column_inner][zk_button btn_text=&#8221;P\u00e1ly\u00e1zati \u0171rlap&#8221; button_link=&#8221;url:https%3A%2F%2Fdrhe.hu%2Fwp-content%2Fuploads%2F2022%2F10%2FTJSZ-10-sz-melleklet.docx|target:_blank&#8221; btn_size=&#8221;btn-medium&#8221; btn_align=&#8221;text-center&#8221; btn_block=&#8221;d-inline-block&#8221; add_icon=&#8221;true&#8221; i_icon_fontawesome=&#8221;far fa-file-word&#8221; icon_position=&#8221;left&#8221;][\/vc_column_inner][\/vc_row_inner][vc_empty_space height=&#8221;50px&#8221;][vc_column_text] A rendk\u00edv\u00fcli szoci\u00e1lis \u00f6szt\u00f6nd\u00edj a hallgat\u00f3 szoci\u00e1lis<\/p>\n","protected":false},"author":1,"featured_media":0,"parent":3280,"menu_order":0,"comment_status":"closed","ping_status":"closed","template":"","meta":{"_acf_changed":false,"footnotes":"","_links_to":"","_links_to_target":""},"class_list":["post-3295","page","type-page","status-publish","hentry"],"acf":[],"_links":{"self":[{"href":"https:\/\/drhe.hu\/en\/wp-json\/wp\/v2\/pages\/3295","targetHints":{"allow":["GET"]}}],"collection":[{"href":"https:\/\/drhe.hu\/en\/wp-json\/wp\/v2\/pages"}],"about":[{"href":"https:\/\/drhe.hu\/en\/wp-json\/wp\/v2\/types\/page"}],"author":[{"embeddable":true,"href":"https:\/\/drhe.hu\/en\/wp-json\/wp\/v2\/users\/1"}],"replies":[{"embeddable":true,"href":"https:\/\/drhe.hu\/en\/wp-json\/wp\/v2\/comments?post=3295"}],"version-history":[{"count":2,"href":"https:\/\/drhe.hu\/en\/wp-json\/wp\/v2\/pages\/3295\/revisions"}],"predecessor-version":[{"id":17552,"href":"https:\/\/drhe.hu\/en\/wp-json\/wp\/v2\/pages\/3295\/revisions\/17552"}],"up":[{"embeddable":true,"href":"https:\/\/drhe.hu\/en\/wp-json\/wp\/v2\/pages\/3280"}],"wp:attachment":[{"href":"https:\/\/drhe.hu\/en\/wp-json\/wp\/v2\/media?parent=3295"}],"curies":[{"name":"wp","href":"https:\/\/api.w.org\/{rel}","templated":true}]}}