{"id":3299,"date":"2021-10-21T14:20:32","date_gmt":"2021-10-21T12:20:32","guid":{"rendered":"http:\/\/new.drhe.hu\/?page_id=3299"},"modified":"2026-03-12T11:36:54","modified_gmt":"2026-03-12T10:36:54","slug":"intezmenyi-kozeleti-osztondij","status":"publish","type":"page","link":"https:\/\/drhe.hu\/en\/hallgatoknak\/osztondijak-juttatasok\/szocialis-es-egyeb-hallgatoi-osztondijak\/intezmenyi-kozeleti-osztondij\/","title":{"rendered":"Int\u00e9zm\u00e9nyi k\u00f6z\u00e9leti \u00f6szt\u00f6nd\u00edj"},"content":{"rendered":"<div class=\"wpb-content-wrapper\"><p>[vc_row][vc_column][vc_row_inner el_class=&#8221;text-right&#8221;][vc_column_inner][zk_button btn_text=&#8221;P\u00e1ly\u00e1zati \u0171rlap&#8221; button_link=&#8221;url:https%3A%2F%2Fdrhe.hu%2Fwp-content%2Fuploads%2F2022%2F03%2Fkozeleti-osztondij-palyazatiurlap_2022.03_.docx|target:_blank&#8221; btn_size=&#8221;btn-medium&#8221; btn_align=&#8221;text-center&#8221; btn_block=&#8221;d-inline-block&#8221; add_icon=&#8221;true&#8221; i_icon_fontawesome=&#8221;far fa-file-word&#8221; icon_position=&#8221;left&#8221;][zk_button btn_text=&#8221;TJSZ&#8221; btn_type=&#8221;btn-primary btn-alt&#8221; button_link=&#8221;url:https%3A%2F%2Fdrhe.hu%2Fegyetemunk%2Fszabalyzatok%2Fszabalyzatok%2F&#8221; btn_size=&#8221;btn-medium&#8221; btn_align=&#8221;text-center&#8221; btn_block=&#8221;d-inline-block&#8221; add_icon=&#8221;&#8221;][\/vc_column_inner][\/vc_row_inner][vc_empty_space height=&#8221;50px&#8221;][vc_tta_tabs][vc_tta_section title=&#8221;P\u00e1ly\u00e1zati ki\u00edr\u00e1s&#8221; tab_id=&#8221;1634809672651-3f47e04c-ab34&#8243;][vc_column_text]<\/p>\n<p><strong>INT\u00c9ZM\u00c9NYI K\u00d6Z\u00c9LETI \u00d6SZT\u00d6ND\u00cdJ<\/strong><br \/>\n<strong><span style=\"font-size: 16px;\">P\u00c1LY\u00c1ZATI FELH\u00cdV\u00c1S<br \/>\n<\/span><span style=\"font-size: 16px;\">Beny\u00fajt\u00e1si hat\u00e1rid\u0151: 2026. m\u00e1rcius 26.<br \/>\n<\/span><\/strong>Helye: H\u00d6K Iroda &#8211; I\/125.<br \/>\n<span style=\"font-size: 16px;\">(1) A tantervi k\u00f6vetelm\u00e9nyeken <\/span>t\u00falmutat\u00f3 <span style=\"font-size: 16px;\">szakmai \u00e9s k\u00f6z\u00e9leti tev\u00e9kenys\u00e9get v\u00e9gz\u0151 hallgat\u00f3 r\u00e9sz\u00e9re p\u00e1ly\u00e1zat alapj\u00e1n int\u00e9zm\u00e9nyi <\/span>k\u00f6z\u00e9leti<span style=\"font-size: 16px;\"> (a tov\u00e1bbiakban: k\u00f6z\u00e9leti) \u00f6szt\u00f6nd\u00edj foly\u00f3s\u00edthat\u00f3.<br \/>\n<\/span>(2) A k\u00f6z\u00e9leti \u00f6szt\u00f6nd\u00edj p\u00e1ly\u00e1zat alapj\u00e1n egy tanulm\u00e1nyi f\u00e9l\u00e9vre (5 h\u00f3napra) oda\u00edt\u00e9lt, havonta foly\u00f3s\u00edtott juttat\u00e1s.<br \/>\n(3) K\u00f6z\u00e9leti \u00f6szt\u00f6nd\u00edjban olyan teljes idej\u0171 alapk\u00e9pz\u00e9sben, egys\u00e9ges, osztatlan k\u00e9pz\u00e9sben, mesterk\u00e9pz\u00e9sben, fels\u0151fok\u00fa szakk\u00e9pz\u00e9sben r\u00e9szt vev\u0151 hallgat\u00f3 r\u00e9szes\u00fclhet, <strong><em>aki <u>igazolja<\/u><\/em><\/strong><em>,<\/em> hogy<br \/>\na) a DRHE-n legal\u00e1bb <strong><em>k\u00e9t akt\u00edv f\u00e9l\u00e9vet<\/em><\/strong> teljes\u00edtett, \u00e9s <strong><em>legal\u00e1bb 50 kreditet<\/em><\/strong> megszerzett,<br \/>\nb) tanulm\u00e1nyi fegyelme \u00e9s magatart\u00e1sa p\u00e9ldamutat\u00f3,<br \/>\nc) akt\u00edv f\u00e9l\u00e9veire es\u0151, megszerzett kreditjeinek <strong><em>\u00e1tlaga<\/em><\/strong> <strong><em>legal\u00e1bb 25 kredit\/f\u00e9l\u00e9v<\/em><\/strong>,<br \/>\nd) nincs k\u00e9tszer <strong><em>nem teljes\u00edtett <\/em><\/strong>tant\u00e1rgya,<br \/>\ne) nincs kett\u0151n\u00e9l t\u00f6bb passz\u00edv f\u00e9l\u00e9ve,<br \/>\nf) a k\u00e9t legut\u00f3bbi, egym\u00e1st k\u00f6vet\u0151 akt\u00edv tanulm\u00e1nyi f\u00e9l\u00e9ve <strong><em>\u00f6szt\u00f6nd\u00edjindexeinek \u00e1tlaga legal\u00e1bb 4,00,<br \/>\n<\/em><\/strong>g) a DRHE-n akt\u00edv, kiemelked\u0151, rendszeres k\u00f6z\u00e9leti tev\u00e9kenys\u00e9get folytat.<br \/>\n(4) A k\u00f6z\u00e9leti \u00f6szt\u00f6nd\u00edj nyilv\u00e1nos p\u00e1ly\u00e1zat \u00fatj\u00e1n nyerhet\u0151 el. A p\u00e1ly\u00e1zatban a <strong><em>jel\u00f6lt bemutatja \u00e9s igazolja,<\/em><\/strong> hogy a k\u00f6vetelm\u00e9nyeknek teljes m\u00e9rt\u00e9kben megfelel.<br \/>\n(5) be\u00e9rkezett p\u00e1ly\u00e1zatokat a H\u00d6K Szoci\u00e1lis Bizotts\u00e1ga a rendszeres szoci\u00e1lis \u00f6szt\u00f6nd\u00edj ir\u00e1nti p\u00e1ly\u00e1zatokra vonatkoz\u00f3 szab\u00e1lyok alapj\u00e1n fogadja be, a p\u00e1ly\u00e1zati ki\u00edr\u00e1sban k\u00f6zz\u00e9tett szempontrendszer alapj\u00e1n v\u00e9lem\u00e9nyezi, rangsorolja, \u00e9s d\u00f6nt\u00e9sre a DJB el\u00e9 terjeszti. A k\u00f6z\u00e9leti \u00f6szt\u00f6nd\u00edjak oda\u00edt\u00e9l\u00e9s\u00e9r\u0151l \u00e9s azok konkr\u00e9t \u00f6sszeg\u00e9r\u0151l a H\u00d6K Szoci\u00e1lis Bizotts\u00e1g\u00e1nak el\u0151terjeszt\u00e9se alapj\u00e1n a DJB d\u00f6nt.<br \/>\n(6) A p\u00e1ly\u00e1zatok elb\u00edr\u00e1l\u00e1sa sor\u00e1n a Hallgat\u00f3i \u00d6nkorm\u00e1nyzat eln\u00f6ks\u00e9g\u00e9ben vagy \u00e1lland\u00f3 bizotts\u00e1gaiban, a DRHE egyetemi gy\u00fclekezet\u00e9ben k\u00f6z\u00e9leti tev\u00e9kenys\u00e9get folytat\u00f3 hallgat\u00f3kat el\u0151nyben kell r\u00e9szes\u00edteni.<br \/>\n(7) A DJB a k\u00f6z\u00e9leti \u00f6szt\u00f6nd\u00edjat egyazon hallgat\u00f3 eset\u00e9ben ism\u00e9telt sikeres p\u00e1ly\u00e1zat eset\u00e9n tetsz\u0151leges sz\u00e1m\u00fa alkalommal oda\u00edt\u00e9lheti.<br \/>\nA be\u00e9rkezett p\u00e1ly\u00e1zatokr\u00f3l a Di\u00e1kj\u00f3l\u00e9ti Bizotts\u00e1g <em>2026. \u00e1prilis 5-ig<\/em>\u00a0d\u00f6nt, melyr\u0151l a Tanulm\u00e1nyi \u00e9s Vizsgaszab\u00e1lyzat 24. \u00a7 (2) bekezd\u00e9s alapj\u00e1n a Neptun tanulm\u00e1nyi rendszeren kereszt\u00fcl megk\u00fcld\u00f6tt hat\u00e1rozatban, \u00e9rtes\u00edti a p\u00e1ly\u00e1z\u00f3kat.<\/p>\n<p>Herdon L\u00e1szl\u00f3n\u00e9 s.k.<br \/>\nDJB eln\u00f6k<\/p>\n<p>Debrecen, 2026.03.12.[\/vc_column_text][\/vc_tta_section] [vc_tta_section title=&#8221;Szab\u00e1lyzati felt\u00e9telek&#8221; tab_id=&#8221;1634809672639-5559e661-4a7f&#8221;][vc_column_text]<\/p>\n<p class=\"rtejustify\">A tantervi k\u00f6vetelm\u00e9nyeken t\u00falmutat\u00f3 szakmai \u00e9s k\u00f6z\u00e9leti tev\u00e9kenys\u00e9get v\u00e9gz\u0151 hallgat\u00f3 r\u00e9sz\u00e9re p\u00e1ly\u00e1zat alapj\u00e1n int\u00e9zm\u00e9nyi k\u00f6z\u00e9leti (a tov\u00e1bbiakban: k\u00f6z\u00e9leti) \u00f6szt\u00f6nd\u00edj foly\u00f3s\u00edthat\u00f3.<\/p>\n<p class=\"rtejustify\">A k\u00f6z\u00e9leti \u00f6szt\u00f6nd\u00edj p\u00e1ly\u00e1zat alapj\u00e1n egy tanulm\u00e1nyi f\u00e9l\u00e9vre (5 h\u00f3napra) oda\u00edt\u00e9lt, havonta foly\u00f3s\u00edtott juttat\u00e1s. Als\u00f3 hat\u00e1ra a jogszab\u00e1ly szerinti minimum.<\/p>\n<p class=\"rtejustify\">Szab\u00e1lyzati felt\u00e9telek: K\u00f6z\u00e9leti \u00f6szt\u00f6nd\u00edjban olyan teljes idej\u0171 alapk\u00e9pz\u00e9sben, egys\u00e9ges, osztatlan k\u00e9pz\u00e9sben, mesterk\u00e9pz\u00e9sben, fels\u0151fok\u00fa\/fels\u0151oktat\u00e1si szakk\u00e9pz\u00e9sben r\u00e9szt vev\u0151 hallgat\u00f3 r\u00e9szes\u00fclhet, aki igazol\u00e1st ny\u00fajt be arr\u00f3l, hogy:<\/p>\n<p class=\"rtejustify\">a) a DRHE-n legal\u00e1bb k\u00e9t akt\u00edv f\u00e9l\u00e9vet teljes\u00edtett, \u00e9s legal\u00e1bb 50 kreditet megszerzett,<\/p>\n<p class=\"rtejustify\">b) tanulm\u00e1nyi fegyelme \u00e9s magatart\u00e1sa p\u00e9ldamutat\u00f3,<\/p>\n<p class=\"rtejustify\">c) akt\u00edv f\u00e9l\u00e9veire es\u0151, megszerzett kreditjeinek \u00e1tlaga legal\u00e1bb 25 kredit\/f\u00e9l\u00e9v,<\/p>\n<p class=\"rtejustify\">d) nincs k\u00e9tszer nem teljes\u00edtett tant\u00e1rgya,<\/p>\n<p class=\"rtejustify\">e) nincs kett\u0151n\u00e9l t\u00f6bb passz\u00edv f\u00e9l\u00e9ve,<\/p>\n<p class=\"rtejustify\">f) a k\u00e9t legut\u00f3bbi, egym\u00e1st k\u00f6vet\u0151 akt\u00edv tanulm\u00e1nyi f\u00e9l\u00e9ve \u00f6szt\u00f6nd\u00edjindexeinek \u00e1tlaga legal\u00e1bb 4,00,<\/p>\n<p class=\"rtejustify\">g) a DRHE-n akt\u00edv, kiemelked\u0151, rendszeres k\u00f6z\u00e9leti tev\u00e9kenys\u00e9get folytat.)<\/p>\n<p class=\"rtejustify\">A k\u00f6z\u00e9leti \u00f6szt\u00f6nd\u00edjra felhaszn\u00e1lhat\u00f3 keret\u00f6sszegr\u0151l a TJSz 16. \u00a7 (3)-(4) bekezd\u00e9se alapj\u00e1n a DJB hat\u00e1roz.<\/p>\n<p class=\"rtejustify\">A k\u00f6z\u00e9leti \u00f6szt\u00f6nd\u00edj nyilv\u00e1nos p\u00e1ly\u00e1zat \u00fatj\u00e1n nyerhet\u0151 el. A p\u00e1ly\u00e1zati felh\u00edv\u00e1st, a p\u00e1ly\u00e1zati hat\u00e1rid\u0151t \u00e9s az elb\u00edr\u00e1l\u00e1s szempontjait az egyetem honlapj\u00e1n \u00e9s az egy\u00e9b szok\u00e1sos m\u00f3dokon a DJB eln\u00f6ke teszi k\u00f6zz\u00e9.<\/p>\n<p class=\"rtejustify\">A p\u00e1ly\u00e1zatot a p\u00e1ly\u00e1zati ki\u00edr\u00e1sban felt\u00fcntetett hat\u00e1rid\u0151ig a H\u00d6K Szoci\u00e1lis Bizotts\u00e1g\u00e1hoz kell beny\u00fajtani.<\/p>\n<p class=\"rtejustify\">A be\u00e9rkezett p\u00e1ly\u00e1zatokat a H\u00d6K Szoci\u00e1lis Bizotts\u00e1ga a rendszeres szoci\u00e1lis \u00f6szt\u00f6nd\u00edj ir\u00e1nti p\u00e1ly\u00e1zatokra vonatkoz\u00f3 szab\u00e1lyok alapj\u00e1n fogadja be, a p\u00e1ly\u00e1zati ki\u00edr\u00e1sban k\u00f6zz\u00e9tett szempontrendszer alapj\u00e1n v\u00e9lem\u00e9nyezi, rangsorolja, \u00e9s d\u00f6nt\u00e9sre a DJB el\u00e9 terjeszti.<\/p>\n<p class=\"rtejustify\">A k\u00f6z\u00e9leti \u00f6szt\u00f6nd\u00edjak oda\u00edt\u00e9l\u00e9s\u00e9r\u0151l \u00e9s azok konkr\u00e9t \u00f6sszeg\u00e9r\u0151l a H\u00d6K Szoci\u00e1lis<\/p>\n<p class=\"rtejustify\">Bizotts\u00e1g\u00e1nak el\u0151terjeszt\u00e9se alapj\u00e1n a DJB d\u00f6nt.<\/p>\n<p class=\"rtejustify\">A d\u00f6nt\u00e9s ellen jogorvoslatnak helye nincs, kiv\u00e9ve, ha a DJB elj\u00e1r\u00e1si szab\u00e1lyt s\u00e9rtett; ez ut\u00f3bbi esetben a fellebbez\u00e9st a hat\u00e1rozat k\u00e9zhezv\u00e9tel\u00e9t k\u00f6vet\u0151 15 napon bel\u00fcl \u00edr\u00e1sban a rektorhoz c\u00edmezve, a Rektori Hivatalban kell beny\u00fajtani.<\/p>\n<p class=\"rtejustify\">A p\u00e1ly\u00e1zatok elb\u00edr\u00e1l\u00e1sa sor\u00e1n a Hallgat\u00f3i \u00d6nkorm\u00e1nyzat eln\u00f6ks\u00e9g\u00e9ben vagy \u00e1lland\u00f3 bizotts\u00e1gaiban, a DRHE egyetemi gy\u00fclekezet\u00e9ben k\u00f6z\u00e9leti tev\u00e9kenys\u00e9get folytat\u00f3 hallgat\u00f3kat el\u0151nyben kell r\u00e9szes\u00edteni.<\/p>\n<p class=\"rtejustify\">A DJB a k\u00f6z\u00e9leti \u00f6szt\u00f6nd\u00edjat egyazon hallgat\u00f3 eset\u00e9ben ism\u00e9telt sikeres p\u00e1ly\u00e1zat eset\u00e9n tetsz\u0151leges sz\u00e1m\u00fa alkalommal oda\u00edt\u00e9lheti.<\/p>\n<p class=\"rtejustify\">A hat\u00e1rozat k\u00e9zbes\u00edt\u00e9se a Debreceni Reform\u00e1tus Hittudom\u00e1nyi Egyetem Tanulm\u00e1nyi \u00e9s<\/p>\n<p class=\"rtejustify\">Vizsgaszab\u00e1lyzat 24\/A. \u00a7 (2) bekezd\u00e9se alapj\u00e1n az elektronikus tanulm\u00e1nyi rendszeren kereszt\u00fcl t\u00f6rt\u00e9nik. K\u00e9zbes\u00edtettnek min\u0151s\u00fcl a hat\u00e1rozat azon a napon, amikor a k\u00fcldem\u00e9ny a p\u00e1ly\u00e1z\u00f3 sz\u00e1m\u00e1ra az elektronikus tanulm\u00e1nyi rendszer fel\u00fclet\u00e9n kereszt\u00fcl el\u00e9rhet\u0151v\u00e9 v\u00e1lt.<\/p>\n<p>[\/vc_column_text][\/vc_tta_section][\/vc_tta_tabs][\/vc_column][\/vc_row]<\/p>\n<\/div>","protected":false},"excerpt":{"rendered":"<p>[vc_row][vc_column][vc_row_inner el_class=&#8221;text-right&#8221;][vc_column_inner][zk_button btn_text=&#8221;P\u00e1ly\u00e1zati \u0171rlap&#8221; button_link=&#8221;url:https%3A%2F%2Fdrhe.hu%2Fwp-content%2Fuploads%2F2022%2F03%2Fkozeleti-osztondij-palyazatiurlap_2022.03_.docx|target:_blank&#8221; btn_size=&#8221;btn-medium&#8221; btn_align=&#8221;text-center&#8221; btn_block=&#8221;d-inline-block&#8221; add_icon=&#8221;true&#8221; i_icon_fontawesome=&#8221;far fa-file-word&#8221; icon_position=&#8221;left&#8221;][zk_button btn_text=&#8221;TJSZ&#8221; btn_type=&#8221;btn-primary btn-alt&#8221; button_link=&#8221;url:https%3A%2F%2Fdrhe.hu%2Fegyetemunk%2Fszabalyzatok%2Fszabalyzatok%2F&#8221; btn_size=&#8221;btn-medium&#8221; btn_align=&#8221;text-center&#8221; btn_block=&#8221;d-inline-block&#8221; add_icon=&#8221;&#8221;][\/vc_column_inner][\/vc_row_inner][vc_empty_space<\/p>\n","protected":false},"author":1,"featured_media":0,"parent":3255,"menu_order":13,"comment_status":"closed","ping_status":"closed","template":"","meta":{"_acf_changed":false,"footnotes":"","_links_to":"","_links_to_target":""},"class_list":["post-3299","page","type-page","status-publish","hentry"],"acf":[],"_links":{"self":[{"href":"https:\/\/drhe.hu\/en\/wp-json\/wp\/v2\/pages\/3299","targetHints":{"allow":["GET"]}}],"collection":[{"href":"https:\/\/drhe.hu\/en\/wp-json\/wp\/v2\/pages"}],"about":[{"href":"https:\/\/drhe.hu\/en\/wp-json\/wp\/v2\/types\/page"}],"author":[{"embeddable":true,"href":"https:\/\/drhe.hu\/en\/wp-json\/wp\/v2\/users\/1"}],"replies":[{"embeddable":true,"href":"https:\/\/drhe.hu\/en\/wp-json\/wp\/v2\/comments?post=3299"}],"version-history":[{"count":37,"href":"https:\/\/drhe.hu\/en\/wp-json\/wp\/v2\/pages\/3299\/revisions"}],"predecessor-version":[{"id":27164,"href":"https:\/\/drhe.hu\/en\/wp-json\/wp\/v2\/pages\/3299\/revisions\/27164"}],"up":[{"embeddable":true,"href":"https:\/\/drhe.hu\/en\/wp-json\/wp\/v2\/pages\/3255"}],"wp:attachment":[{"href":"https:\/\/drhe.hu\/en\/wp-json\/wp\/v2\/media?parent=3299"}],"curies":[{"name":"wp","href":"https:\/\/api.w.org\/{rel}","templated":true}]}}