{"id":3302,"date":"2021-10-21T14:23:41","date_gmt":"2021-10-21T12:23:41","guid":{"rendered":"http:\/\/new.drhe.hu\/?page_id=3302"},"modified":"2025-04-30T15:12:33","modified_gmt":"2025-04-30T13:12:33","slug":"nemzeti-felsooktatasi-osztondij","status":"publish","type":"page","link":"https:\/\/drhe.hu\/en\/hallgatoknak\/osztondijak-juttatasok\/szocialis-es-egyeb-hallgatoi-osztondijak\/nemzeti-felsooktatasi-osztondij\/","title":{"rendered":"Nemzeti fels\u0151oktat\u00e1si \u00f6szt\u00f6nd\u00edj"},"content":{"rendered":"<div class=\"wpb-content-wrapper\"><p>[vc_row][vc_column][vc_row_inner el_class=&#8221;text-right&#8221;][vc_column_inner][zk_button btn_text=&#8221;P\u00e1ly\u00e1zati \u0171rlap&#8221; button_link=&#8221;url:https%3A%2F%2Fdrhe.hu%2Fwp-content%2Fuploads%2F2022%2F04%2FNemzeti-felsooktatasi-osztondij-Urlap-2022-pdf.pdf|target:_blank&#8221; btn_size=&#8221;btn-medium&#8221; btn_align=&#8221;text-center&#8221; btn_block=&#8221;d-inline-block&#8221; add_icon=&#8221;true&#8221; i_icon_fontawesome=&#8221;far fa-file-word&#8221; icon_position=&#8221;left&#8221;][zk_button btn_text=&#8221;TJSZ&#8221; btn_type=&#8221;btn-primary btn-alt&#8221; button_link=&#8221;url:https%3A%2F%2Fdrhe.hu%2Fwp-content%2Fuploads%2F2021%2F09%2Ftvsz_-_1-18._modositassal_-_2020_junius_16.pdf|target:_blank&#8221; btn_size=&#8221;btn-medium&#8221; btn_align=&#8221;text-center&#8221; btn_block=&#8221;d-inline-block&#8221; add_icon=&#8221;&#8221;][\/vc_column_inner][\/vc_row_inner][vc_empty_space height=&#8221;50px&#8221;][vc_tta_tabs][vc_tta_section title=&#8221;P\u00e1ly\u00e1zati ki\u00edr\u00e1s&#8221; tab_id=&#8221;1634809672651-3f47e04c-ab34&#8243;][vc_column_text css=&#8221;&#8221;]1.A Debreceni Reform\u00e1tus Hittudom\u00e1nyi Egyetemen a nemzeti fels\u0151oktat\u00e1si \u00f6szt\u00f6nd\u00edjban r\u00e9szes\u00edthet\u0151 hallgat\u00f3k sz\u00e1ma \u2013 a 2024. okt\u00f3ber 15-ei \u00e1llapotnak megfelel\u0151 statisztikai adatk\u00f6zl\u00e9se szerint a Korm\u00e1nyrendelet 24.\u00a7 (2) bekezd\u00e9s\u00e9nek megfelel\u0151en \u2013 a 2025\/26-os tan\u00e9vre <strong>2<\/strong> <strong>f\u0151.<\/strong><\/p>\n<p>A p\u00e1ly\u00e1zat <strong>meghirdet\u00e9se 2025. m\u00e1jus 5<\/strong>. (h\u00e9tf\u0151) napj\u00e1n, a helyben szok\u00e1sos m\u00f3don \u00e9s helyeken (honlapon, hirdet\u0151k\u00f6n), a jogszab\u00e1lyokban \u00e9s a bels\u0151 szab\u00e1lyzatokban foglaltaknak megfelel\u0151en t\u00f6rt\u00e9nik meg.\u00a0 (ld. 2. sz. mell\u00e9klet)<\/p>\n<p><strong>A p\u00e1ly\u00e1zatok beny\u00fajt\u00e1s\u00e1nak hat\u00e1rideje 2025. j\u00fanius 2. (h\u00e9tf\u0151). A p\u00e1ly\u00e1zatok beny\u00fajt\u00e1sa postai \u00faton t\u00f6rt\u00e9nik a Tanulm\u00e1nyi Oszt\u00e1lynak c\u00edmezve.<\/strong><\/p>\n<p>A nemzeti fels\u0151oktat\u00e1si \u00f6szt\u00f6nd\u00edj egy teljes tan\u00e9vre, azaz 10 h\u00f3napra sz\u00f3l, \u00f6sszege 2025-ben 40.000.- Ft\/h\u00f3.<\/p>\n<p>2. A legk\u00e9s\u0151bb 2025. j\u00fanius 2-ai postab\u00e9lyegz\u0151vel be\u00e9rkez\u0151 p\u00e1ly\u00e1zatokat (TJSZ 12. sz. mell\u00e9klet\u00e9ben tal\u00e1lhat\u00f3 a p\u00e1ly\u00e1zati \u0171rlap) a DJB formai \u00e9s tartalmi szempontb\u00f3l megvizsg\u00e1lja, ki\u00e9rt\u00e9keli, rangsorolja. A ki\u00e9rt\u00e9kel\u00e9s a TJSZ 19. \u00a7-\u00e1ban le\u00edrt m\u00f3don t\u00f6rt\u00e9nik.<\/p>\n<p><em>\u201e(6) P\u00e1ly\u00e1zhatnak azok a hallgat\u00f3k, akik az egyetem \u00e1ltal el\u0151\u00edrt felt\u00e9teleknek megfelelnek, szakmai tekintetben kimagasl\u00f3 munk\u00e1t v\u00e9geznek, kiemelked\u0151 tudom\u00e1nyos di\u00e1kk\u00f6ri, tansz\u00e9ki demonstr\u00e1tori, publik\u00e1ci\u00f3s tev\u00e9kenys\u00e9get folytatnak.<\/em><\/p>\n<p><em>(7) A DJB a (13) bekezd\u00e9sben r\u00f6gz\u00edtett pontoz\u00e1sos szempontok alapj\u00e1n v\u00e9lem\u00e9nyezi a be\u00e9rkezett p\u00e1ly\u00e1zatokat, \u00e9s javaslatot tesz a t\u00e1mogatott p\u00e1ly\u00e1zatok rangsor szerinti besorol\u00e1s\u00e1ra, amit a Szen\u00e1tus el\u00e9 terjeszt\u2026\u201d<\/em><\/p>\n<p>3. A DJB a Szen\u00e1tus 2025. j\u00fanius 24-ei \u00fcl\u00e9s\u00e9re felterjeszti a szab\u00e1lyzatnak megfelel\u0151en \u00e9rv\u00e9nyesnek nyilv\u00e1n\u00edtott \u00e9s \u00e9rt\u00e9kelt p\u00e1ly\u00e1zatok alapj\u00e1n fel\u00e1ll\u00edtott rangsorol\u00e1si javaslatot.<\/p>\n<p>4. A Szen\u00e1tus d\u00f6nt\u00e9se alapj\u00e1n az oktat\u00e1s\u00e9rt felel\u0151s miniszternek a rektor tesz javaslatot a nemzeti fels\u0151oktat\u00e1si \u00f6szt\u00f6nd\u00edj adom\u00e1nyoz\u00e1s\u00e1ra 2025. augusztus 1-j\u00e9ig.<\/p>\n<p>Debrecen, 2025. 04. 29.<\/p>\n<p>A Nemzeti fels\u0151oktat\u00e1si \u00f6szt\u00f6nd\u00edj p\u00e1ly\u00e1zat ki\u00edr\u00e1s\u00e1nak \u00fctemterve <a href=\"https:\/\/drhe.hu\/wp-content\/uploads\/2025\/04\/Nemzeti-felsooktatasi-osztondij-Utemterv-2025-aprilis.pdf\" target=\"_blank\" rel=\"noopener\">itt<\/a> tekinthet\u0151 meg.<\/p>\n<p>[\/vc_column_text][\/vc_tta_section][vc_tta_section title=&#8221;Szab\u00e1lyzati felt\u00e9telek&#8221; tab_id=&#8221;1634809672639-5559e661-4a7f&#8221;][vc_column_text]<\/p>\n<p class=\"rtejustify\">Az Nftv. 12. \u00a7 (3) bekezd\u00e9s he) pontja \u00e9rtelm\u00e9ben a DRHE Szen\u00e1tus\u00e1nak kezdem\u00e9nyez\u00e9s\u00e9re az oktat\u00e1si \u00fcgyek\u00e9rt felel\u0151s miniszter k\u00f6zt\u00e1rsas\u00e1gi \u00f6szt\u00f6nd\u00edjat adom\u00e1nyozhat a kimagasl\u00f3 teljes\u00edtm\u00e9nyt ny\u00fajt\u00f3, teljes idej\u0171 alapk\u00e9pz\u00e9sben, osztatlan k\u00e9pz\u00e9sben illetve mesterk\u00e9pz\u00e9sben r\u00e9szt vev\u0151 hallgat\u00f3k 0,8%-a, de legal\u00e1bb egy f\u0151 hallgat\u00f3 r\u00e9sz\u00e9re.<\/p>\n<p class=\"rtejustify\">A k\u00f6zt\u00e1rsas\u00e1gi \u00f6szt\u00f6nd\u00edjat egy teljes tan\u00e9v (10 h\u00f3nap) id\u0151tartam\u00e1ra lehet elnyerni, amelynek havi \u00f6sszege megegyezik a k\u00f6lts\u00e9gvet\u00e9si t\u00f6rv\u00e9nyben e jogc\u00edmen meg\u00e1llap\u00edtott \u00f6sszeg egy tized\u00e9vel.<\/p>\n<p class=\"rtejustify\">K\u00f6zt\u00e1rsas\u00e1gi \u00f6szt\u00f6nd\u00edjban olyan teljes idej\u0171 alapk\u00e9pz\u00e9sben, egys\u00e9ges, osztatlan k\u00e9pz\u00e9sben vagy mesterk\u00e9pz\u00e9sben r\u00e9szt vev\u0151 hallgat\u00f3 r\u00e9szes\u00fclhet, aki<\/p>\n<p class=\"rtejustify\">adott vagy kor\u00e1bbi tanulm\u00e1nyai sor\u00e1n k\u00e9t f\u00e9l\u00e9vre bejelentkezett, \u00e9s legal\u00e1bb 55 kreditet megszerzett,<\/p>\n<p class=\"rtejustify\">akt\u00edv f\u00e9l\u00e9veire es\u0151, megszerzett kreditjeinek \u00e1tlaga legal\u00e1bb 25 kredit\/f\u00e9l\u00e9v,<\/p>\n<p class=\"rtejustify\">nincs k\u00e9tszer nem teljes\u00edtett tant\u00e1rgya,<\/p>\n<p class=\"rtejustify\">d) nincs kett\u0151n\u00e9l t\u00f6bb passz\u00edv f\u00e9l\u00e9ve.<\/p>\n<p class=\"rtejustify\">A hallgat\u00f3 k\u00f6zt\u00e1rsas\u00e1gi \u00f6szt\u00f6nd\u00edjban egy fels\u0151oktat\u00e1si int\u00e9zm\u00e9nyben r\u00e9szes\u00fclhet. Amennyiben t\u00f6bb int\u00e9zm\u00e9ny tesz javaslatot ugyanazon szem\u00e9ly elismer\u00e9s\u00e9re, a hallgat\u00f3 abban az int\u00e9zm\u00e9nyben r\u00e9szes\u00fcl k\u00f6zt\u00e1rsas\u00e1gi \u00f6szt\u00f6nd\u00edjban, amellyel els\u0151k\u00e9nt l\u00e9tes\u00edtett hallgat\u00f3i jogviszonyt.<\/p>\n<p class=\"rtejustify\">A k\u00f6zt\u00e1rsas\u00e1gi \u00f6szt\u00f6nd\u00edj nyilv\u00e1nos p\u00e1ly\u00e1zat \u00fatj\u00e1n nyerhet\u0151 el. A p\u00e1ly\u00e1zati felh\u00edv\u00e1st, a p\u00e1ly\u00e1zati hat\u00e1rid\u0151t 30 nappal megel\u0151z\u0151en \u2013<\/p>\n<p class=\"rtejustify\">a p\u00e1ly\u00e1zatok elb\u00edr\u00e1l\u00e1s\u00e1nak (13) bekezd\u00e9sben r\u00f6gz\u00edtett szempontjaival egy\u00fctt \u2013 az egyetem honlapj\u00e1n \u00e9s az egy\u00e9b szok\u00e1sos m\u00f3dokon a DJB eln\u00f6ke teszi k\u00f6zz\u00e9. A p\u00e1ly\u00e1z\u00f3 hallgat\u00f3k az utols\u00f3 k\u00e9t akt\u00edv tanulm\u00e1nyi f\u00e9l\u00e9v\u00e9ben el\u00e9rt tanulm\u00e1nyi eredm\u00e9ny, valamint tudom\u00e1nyos \u00e9s kiemelked\u0151 k\u00f6z\u00f6ss\u00e9gi tev\u00e9kenys\u00e9g\u00fck bemutat\u00e1s\u00e1t igazol\u00f3 p\u00e1ly\u00e1zati anyagot ny\u00fajtanak be a Tanulm\u00e1nyi Oszt\u00e1lyra a DJB eln\u00f6ke \u00e1ltal meghat\u00e1rozott id\u0151pontig.<\/p>\n<p class=\"rtejustify\">A p\u00e1ly\u00e1zatnak tartalmaznia kell a p\u00e1ly\u00e1zati ki\u00edr\u00e1sban felt\u00fcntetett dokumentumokat. A p\u00e1ly\u00e1zat befogad\u00e1s\u00e1r\u00f3l \u00e9s a p\u00e1ly\u00e1z\u00f3 \u00e1ltal a p\u00e1ly\u00e1zati \u0171rlaphoz mell\u00e9kelt dokumentumok jegyz\u00e9k\u00e9r\u0151l a Tanulm\u00e1nyi Oszt\u00e1ly vezet\u0151je a p\u00e1ly\u00e1z\u00f3nak igazol\u00e1st \u00e1ll\u00edt ki. P\u00e1ly\u00e1zhatnak azok a hallgat\u00f3k, akik az egyetem \u00e1ltal el\u0151\u00edrt felt\u00e9teleknek megfelelnek, szakmai tekintetben kimagasl\u00f3 munk\u00e1t v\u00e9geznek, kiemelked\u0151 tudom\u00e1nyos di\u00e1kk\u00f6ri, tansz\u00e9ki demonstr\u00e1tori, publik\u00e1ci\u00f3s tev\u00e9kenys\u00e9get folytatnak.<\/p>\n<p class=\"rtejustify\">A DJB a (13) bekezd\u00e9sben r\u00f6gz\u00edtett pontoz\u00e1sos szempontok alapj\u00e1n v\u00e9lem\u00e9nyezi a be\u00e9rkezett p\u00e1ly\u00e1zatokat, \u00e9s javaslatot tesz a t\u00e1mogatott p\u00e1ly\u00e1zatok rangsor szerinti besorol\u00e1s\u00e1ra, amit a Szen\u00e1tus el\u00e9 terjeszt. A Szen\u00e1tus d\u00f6nt\u00e9se alapj\u00e1n a rektorminden \u00e9v augusztus 1-j\u00e9ig javaslatot tesz az oktat\u00e1si \u00fcgyek\u00e9rt felel\u0151s miniszternek a k\u00f6zt\u00e1rsas\u00e1gi \u00f6szt\u00f6nd\u00edj adom\u00e1nyoz\u00e1s\u00e1ra.<\/p>\n<p class=\"rtejustify\">Az adott tan\u00e9vre elnyert k\u00f6zt\u00e1rsas\u00e1gi \u00f6szt\u00f6nd\u00edj csak az adott tan\u00e9vben foly\u00f3s\u00edthat\u00f3.<\/p>\n<p class=\"rtejustify\">Amennyiben a hallgat\u00f3 hallgat\u00f3i jogviszonya b\u00e1rmilyen okb\u00f3l megsz\u0171nik vagy sz\u00fcnetel, a k\u00f6zt\u00e1rsas\u00e1gi \u00f6szt\u00f6nd\u00edj sz\u00e1m\u00e1ra tov\u00e1bb nem foly\u00f3s\u00edthat\u00f3. A k\u00e9pz\u00e9si id\u0151nek megfelel\u0151en p\u00e1ratlan tanulm\u00e1nyi f\u00e9l\u00e9vben v\u00e9gz\u0151d\u0151 tanulm\u00e1nyok eset\u00e9n a k\u00f6zt\u00e1rsas\u00e1gi \u00f6szt\u00f6nd\u00edjra val\u00f3 21 jogosults\u00e1g nem sz\u0171nik meg, ha a hallgat\u00f3 tanulm\u00e1nyait az adott tan\u00e9v m\u00e1sodik f\u00e9l\u00e9v\u00e9ben m\u00e1r folytatja.<\/p>\n<p class=\"rtejustify\">Amennyiben a k\u00f6zt\u00e1rsas\u00e1gi \u00f6szt\u00f6nd\u00edjra p\u00e1ly\u00e1zott, de elutas\u00edtott hallgat\u00f3 eset\u00e9ben jogorvoslati elj\u00e1r\u00e1s keret\u00e9ben meg\u00e1llap\u00edt\u00e1st nyer, hogy a hallgat\u00f3 \u00e9rdemes a k\u00f6zt\u00e1rsas\u00e1gi \u00f6szt\u00f6nd\u00edjra, \u00e9s az int\u00e9zm\u00e9nyi felterjeszt\u00e9sben az (1) \u00e9s (3)-(6) bekezd\u00e9seiben meghat\u00e1rozott felt\u00e9telek \u00e9s az int\u00e9zm\u00e9nyi keretsz\u00e1m alapj\u00e1n arra jogosult lenne, de azt int\u00e9zm\u00e9nyi elj\u00e1r\u00e1si hiba folyt\u00e1n nem kapta meg, az oktat\u00e1si \u00fcgyek\u00e9rt felel\u0151s miniszter jogosult a hallgat\u00f3 r\u00e9sz\u00e9re k\u00f6zt\u00e1rsas\u00e1gi \u00f6szt\u00f6nd\u00edjat adom\u00e1nyozni. Ilyen esetben azonban a hallgat\u00f3 nem vehet\u0151 figyelembe a k\u00f6zt\u00e1rsas\u00e1gi \u00f6szt\u00f6nd\u00edj keret\u00e9nek meghat\u00e1roz\u00e1sakor, r\u00e9sz\u00e9re az \u00f6szt\u00f6nd\u00edjat a DRHE a hallgat\u00f3i el\u0151ir\u00e1nyzat vagy a saj\u00e1t bev\u00e9telei terh\u00e9re k\u00f6teles kifizetni.<\/p>\n<p class=\"rtejustify\">A k\u00f6zt\u00e1rsas\u00e1gi \u00f6szt\u00f6nd\u00edjat elnyert hallgat\u00f3 nem z\u00e1rhat\u00f3 ki a tanulm\u00e1nyi \u00f6szt\u00f6nd\u00edj \u00e9s a k\u00f6z\u00e9leti \u00f6szt\u00f6nd\u00edj t\u00e1mogat\u00e1sb\u00f3l.<\/p>\n<p class=\"rtejustify\">K\u00f6zt\u00e1rsas\u00e1gi \u00f6szt\u00f6nd\u00edjban r\u00e9szes\u00fcl\u0151 hallgat\u00f3 sz\u00e1m\u00e1ra int\u00e9zm\u00e9nyi szakmai, tudom\u00e1nyos \u00f6szt\u00f6nd\u00edj nem foly\u00f3s\u00edthat\u00f3.<\/p>\n<p class=\"rtejustify\">A k\u00f6zt\u00e1rsas\u00e1gi \u00f6szt\u00f6nd\u00edjak rangsorol\u00e1s\u00e1ra a DJB az al\u00e1bbi, 60 pontos pontrendszer alapj\u00e1n tesz a Szen\u00e1tusnak javaslatot:<\/p>\n<p class=\"rtejustify\">I. TANULM\u00c1NYI SZEMPONTOK: maximum 20 pont<\/p>\n<p class=\"rtejustify\">1.Tanulm\u00e1nyi \u00e1tlag: maximum 15 pont<\/p>\n<p class=\"rtejustify\">A legut\u00f3bbi k\u00e9t akt\u00edv f\u00e9l\u00e9v \u00f6szt\u00f6nd\u00edjindexe:\u00a0\u00a0\u00a0\u00a0\u00a0\u00a0\u00a0\u00a0\u00a0\u00a0 pont<\/p>\n<p class=\"rtejustify\">\u00a0\u00a0\u00a0\u00a0\u00a0\u00a0\u00a0\u00a0\u00a0 4,51\u20134,65 \u00a0 \u00a0 \u00a0 \u00a0 \u00a0 \u00a0 \u00a0 \u00a0 \u00a0 \u00a0 \u00a0 \u00a0 \u00a0 \u00a0 \u00a0 \u00a0 \u00a0 \u00a0 \u00a0 \u00a0 \u00a0 \u00a0 \u00a0 \u00a0 \u00a0 \u00a0 \u00a0 \u00a0\u00a0 5<\/p>\n<p class=\"rtejustify\">\u00a0\u00a0\u00a0\u00a0\u00a0\u00a0\u00a0 \u00a0 4,66\u20134,80\u00a0\u00a0\u00a0\u00a0\u00a0\u00a0\u00a0\u00a0\u00a0\u00a0\u00a0\u00a0\u00a0\u00a0\u00a0\u00a0\u00a0\u00a0\u00a0\u00a0\u00a0\u00a0\u00a0\u00a0\u00a0\u00a0\u00a0\u00a0\u00a0\u00a0\u00a0\u00a0\u00a0\u00a0\u00a0\u00a0\u00a0\u00a0\u00a0\u00a0\u00a0\u00a0\u00a0\u00a0\u00a0\u00a0\u00a0\u00a0\u00a0\u00a0\u00a0\u00a0\u00a0\u00a0\u00a0 10<\/p>\n<p class=\"rtejustify\">\u00a0\u00a0\u00a0\u00a0\u00a0 \u00a0 \u00a0 4,81\u20135,00\u00a0\u00a0\u00a0\u00a0\u00a0\u00a0\u00a0\u00a0\u00a0\u00a0\u00a0\u00a0\u00a0\u00a0\u00a0\u00a0\u00a0\u00a0\u00a0\u00a0\u00a0\u00a0\u00a0\u00a0\u00a0\u00a0\u00a0\u00a0\u00a0\u00a0\u00a0\u00a0\u00a0\u00a0\u00a0\u00a0\u00a0\u00a0\u00a0\u00a0\u00a0\u00a0\u00a0\u00a0\u00a0\u00a0\u00a0\u00a0\u00a0\u00a0\u00a0\u00a0\u00a0\u00a0\u00a0 15<\/p>\n<p class=\"rtejustify\">2. A DRHE-n folytatott tanulm\u00e1nyai sor\u00e1n megszerzett egy, legal\u00e1bb fels\u0151fok\u00fa, \u00e1llamilag elismert nyelvvizsga: A vagy B t\u00edpus\u00fa: 3 pont, C t\u00edpus\u00fa: 5 pont.<\/p>\n<p class=\"rtejustify\">3. El\u00e9gtelen leckek\u00f6nyvi bejegyz\u00e9se a p\u00e1ly\u00e1z\u00f3nak a legut\u00f3bbi k\u00e9t akt\u00edv lez\u00e1rt f\u00e9l\u00e9vben nem lehet.<\/p>\n<p class=\"rtejustify\">4. A 2. pont alapj\u00e1n a nyelvvizsga-bizony\u00edtv\u00e1nyra adhat\u00f3 pontok a legal\u00e1bb 3 h\u00f3nap id\u0151tartam\u00fa, nem magyar k\u00e9pz\u00e9si nyelv\u0171 int\u00e9zm\u00e9nyben teljes\u00edtett, eredm\u00e9nyesen lez\u00e1rt Erasmus+hallgat\u00f3i mobilit\u00e1ssal kiv\u00e1lthat\u00f3ak, az al\u00e1bbiak szerint:<\/p>\n<p class=\"rtejustify\">a) 15-18 teljes\u00edtett \u00e9s besz\u00e1m\u00edtott kredit eset\u00e9n: 2 pont,<\/p>\n<p class=\"rtejustify\">b) 19-21 teljes\u00edtett \u00e9s besz\u00e1m\u00edtott kredit eset\u00e9n: 3 pont,<\/p>\n<p class=\"rtejustify\">c) 22-24 teljes\u00edtett \u00e9s besz\u00e1m\u00edtott kredit eset\u00e9n: 4 pont,<\/p>\n<p class=\"rtejustify\">d) 25 \u00e9s ann\u00e1l t\u00f6bb teljes\u00edtett \u00e9s besz\u00e1m\u00edtott kredit eset\u00e9n: 5 pont.<\/p>\n<p class=\"rtejustify\">II. TUDOM\u00c1NYOS TEV\u00c9KENYS\u00c9G: maximum 35 pont<\/p>\n<p class=\"rtejustify\">TDK r\u00e9szv\u00e9tel: 4 pont<\/p>\n<p class=\"rtejustify\">OTDK r\u00e9szv\u00e9tel: 6 pont<\/p>\n<p class=\"rtejustify\">OTDK helyez\u00e9s vagy k\u00fcl\u00f6nd\u00edj: tov\u00e1bbi 5 pont<\/p>\n<p class=\"rtejustify\">Publik\u00e1ci\u00f3k, tudom\u00e1nyos konferenci\u00e1n tartott szakel\u0151ad\u00e1s: egyenk\u00e9nt 3 pont, de maximum 5 pont<\/p>\n<p class=\"rtejustify\">5. Egy\u00e9b szakmai, ill. tanulm\u00e1nyi versenyen val\u00f3 r\u00e9szv\u00e9tel: 2 pont<\/p>\n<p class=\"rtejustify\">6. Egy\u00e9b szakmai, ill. tanulm\u00e1nyi verseny orsz\u00e1gos fordul\u00f3j\u00e1n val\u00f3 r\u00e9szv\u00e9tel: 3 pont<\/p>\n<p class=\"rtejustify\">7. Egy\u00e9b szakmai, ill. tanulm\u00e1nyi verseny orsz\u00e1gos fordul\u00f3j\u00e1n 1\u20133 helyez\u00e9s \u00e9s k\u00fcl\u00f6nd\u00edj: tov\u00e1bbi 5 pont<\/p>\n<p class=\"rtejustify\">8. Oktat\u00e1shoz kapcsol\u00f3d\u00f3 tansz\u00e9ki (pl. demonstr\u00e1tori) tev\u00e9kenys\u00e9g: 5 pont<\/p>\n<p class=\"rtejustify\">III. K\u00d6Z\u00d6SS\u00c9GI TEV\u00c9KENYS\u00c9G: maximum 5 pont<\/p>\n<p class=\"rtejustify\">Hallgat\u00f3i k\u00f6z\u00e9leti tev\u00e9kenys\u00e9g: maximum 2 pont<\/p>\n<p class=\"rtejustify\">Egy\u00e9b kiemelked\u0151 t\u00e1rsadalmi, szoci\u00e1lis, kultur\u00e1lis, sport (megyei, vagy magasabb szinten v\u00e9gzett) tev\u00e9kenys\u00e9g: maximum 3pont.<\/p>\n<p>[\/vc_column_text][\/vc_tta_section][\/vc_tta_tabs][\/vc_column][\/vc_row]<\/p>\n<\/div>","protected":false},"excerpt":{"rendered":"<p>[vc_row][vc_column][vc_row_inner el_class=&#8221;text-right&#8221;][vc_column_inner][zk_button btn_text=&#8221;P\u00e1ly\u00e1zati \u0171rlap&#8221; button_link=&#8221;url:https%3A%2F%2Fdrhe.hu%2Fwp-content%2Fuploads%2F2022%2F04%2FNemzeti-felsooktatasi-osztondij-Urlap-2022-pdf.pdf|target:_blank&#8221; btn_size=&#8221;btn-medium&#8221; btn_align=&#8221;text-center&#8221; btn_block=&#8221;d-inline-block&#8221; add_icon=&#8221;true&#8221; i_icon_fontawesome=&#8221;far fa-file-word&#8221; icon_position=&#8221;left&#8221;][zk_button btn_text=&#8221;TJSZ&#8221; btn_type=&#8221;btn-primary btn-alt&#8221; button_link=&#8221;url:https%3A%2F%2Fdrhe.hu%2Fwp-content%2Fuploads%2F2021%2F09%2Ftvsz_-_1-18._modositassal_-_2020_junius_16.pdf|target:_blank&#8221; btn_size=&#8221;btn-medium&#8221; btn_align=&#8221;text-center&#8221; btn_block=&#8221;d-inline-block&#8221; add_icon=&#8221;&#8221;][\/vc_column_inner][\/vc_row_inner][vc_empty_space<\/p>\n","protected":false},"author":1,"featured_media":0,"parent":3255,"menu_order":11,"comment_status":"closed","ping_status":"closed","template":"","meta":{"_acf_changed":false,"footnotes":"","_links_to":"","_links_to_target":""},"class_list":["post-3302","page","type-page","status-publish","hentry"],"acf":[],"_links":{"self":[{"href":"https:\/\/drhe.hu\/en\/wp-json\/wp\/v2\/pages\/3302","targetHints":{"allow":["GET"]}}],"collection":[{"href":"https:\/\/drhe.hu\/en\/wp-json\/wp\/v2\/pages"}],"about":[{"href":"https:\/\/drhe.hu\/en\/wp-json\/wp\/v2\/types\/page"}],"author":[{"embeddable":true,"href":"https:\/\/drhe.hu\/en\/wp-json\/wp\/v2\/users\/1"}],"replies":[{"embeddable":true,"href":"https:\/\/drhe.hu\/en\/wp-json\/wp\/v2\/comments?post=3302"}],"version-history":[{"count":26,"href":"https:\/\/drhe.hu\/en\/wp-json\/wp\/v2\/pages\/3302\/revisions"}],"predecessor-version":[{"id":23765,"href":"https:\/\/drhe.hu\/en\/wp-json\/wp\/v2\/pages\/3302\/revisions\/23765"}],"up":[{"embeddable":true,"href":"https:\/\/drhe.hu\/en\/wp-json\/wp\/v2\/pages\/3255"}],"wp:attachment":[{"href":"https:\/\/drhe.hu\/en\/wp-json\/wp\/v2\/media?parent=3302"}],"curies":[{"name":"wp","href":"https:\/\/api.w.org\/{rel}","templated":true}]}}