{"id":3306,"date":"2021-10-21T14:37:07","date_gmt":"2021-10-21T12:37:07","guid":{"rendered":"http:\/\/new.drhe.hu\/?page_id=3306"},"modified":"2026-02-25T14:21:19","modified_gmt":"2026-02-25T13:21:19","slug":"demonstratori-foglalkozas","status":"publish","type":"page","link":"https:\/\/drhe.hu\/en\/hallgatoknak\/osztondijak-juttatasok\/szocialis-es-egyeb-hallgatoi-osztondijak\/demonstratori-foglalkozas\/","title":{"rendered":"Demonstr\u00e1tori foglalkoz\u00e1s"},"content":{"rendered":"<div class=\"wpb-content-wrapper\"><p>[vc_row][vc_column][vc_row_inner el_class=&#8221;text-right&#8221;][vc_column_inner][zk_button btn_text=&#8221;P\u00e1ly\u00e1zati \u0171rlap&#8221; button_link=&#8221;url:https%3A%2F%2Fdrhe.hu%2Fwp-content%2Fuploads%2F2022%2F10%2FDemonstratori-palyazati-urlap.pdf|target:_blank&#8221; btn_size=&#8221;btn-medium&#8221; btn_align=&#8221;text-center&#8221; btn_block=&#8221;d-inline-block&#8221; add_icon=&#8221;true&#8221; i_icon_fontawesome=&#8221;far fa-file-pdf&#8221; icon_position=&#8221;left&#8221;][\/vc_column_inner][\/vc_row_inner][vc_empty_space height=&#8221;50px&#8221;][vc_tta_tabs][vc_tta_section title=&#8221;P\u00e1ly\u00e1zati ki\u00edr\u00e1s&#8221; tab_id=&#8221;1634809672651-3f47e04c-ab34&#8243;][vc_column_text]<\/p>\n<p><strong>P\u00e1ly\u00e1zati felh\u00edv\u00e1s <\/strong><strong>DEMONSTR\u00c1TORI HELYEK BET\u00d6LT\u00c9S\u00c9RE <\/strong><strong>a DRHE tansz\u00e9keinek egyik\u00e9n <\/strong><strong>a <\/strong><strong>2026\/2027. tan\u00e9vben<br \/>\n<\/strong>(1) A demonstr\u00e1tor a DRHE valamely tansz\u00e9k\u00e9vel egy\u00fcttm\u0171k\u00f6d\u0151, azon kiemelked\u0151 tehets\u00e9g\u0171 hallgat\u00f3, aki a rektor megb\u00edz\u00e1sa alapj\u00e1n, a tansz\u00e9kvezet\u0151 ir\u00e1ny\u00edt\u00e1s\u00e1val, r\u00e9szt vesz az adott tansz\u00e9k oktat\u00f3-nevel\u0151 \u00e9s tudom\u00e1nyos kutat\u00f3i munk\u00e1j\u00e1ban, adminisztrat\u00edv feladatainak ell\u00e1t\u00e1s\u00e1ban, valamint az int\u00e9zm\u00e9ny tudom\u00e1nyos di\u00e1kk\u00f6ri munk\u00e1j\u00e1ban, ez\u00e1ltal k\u00e9sz\u00fclve hivat\u00e1sa sz\u00ednvonalas m\u0171vel\u00e9s\u00e9re, illetve a tudom\u00e1nyos kutat\u00f3i p\u00e1ly\u00e1ra.<br \/>\n(2) Demonstr\u00e1tori megb\u00edz\u00e1st az a hit\u00e9leti osztatlan vagy mesterszakos, tan\u00edt\u00f3 szakos, nappali munkarendben r\u00e9szt vev\u0151 hallgat\u00f3 kaphat,<br \/>\na)\u00a0 aki a diploma megszerz\u00e9s\u00e9hez sz\u00fcks\u00e9ges kreditekb\u0151l hit\u00e9leti szakok eset\u00e9ben az el\u0151\u00edrt kreditek legal\u00e1bb fel\u00e9t (lelk\u00e9sz szakir\u00e1ny eset\u00e9ben: legal\u00e1bb 150 kreditet), tan\u00edt\u00f3 szak eset\u00e9ben legal\u00e1bb 100 kreditet teljes\u00edtett,<br \/>\nb) valamennyi akt\u00edv f\u00e9l\u00e9v\u00e9nek \u00e1tlag\u00e1ban f\u00e9l\u00e9vente legal\u00e1bb 25 kreditet teljes\u00edtett,<br \/>\nc) nincs k\u00f6zepesn\u00e9l rosszabb oszt\u00e1lyzat\u00fa szigorlati vizsg\u00e1ja vagy k\u00e9tszer nem teljes\u00edtett tant\u00e1rgya,<br \/>\nd) a Tudom\u00e1nyos di\u00e1kk\u00f6ri konzult\u00e1ci\u00f3 tant\u00e1rgyb\u00f3l vagy a Tan\u00edtsunk Magyarorsz\u00e1g\u00e9rt tant\u00e1rgyb\u00f3l m\u00e1r legal\u00e1bb egy f\u00e9l\u00e9vet teljes\u00edtett,<br \/>\ne) akinek a magatart\u00e1sa, k\u00f6z\u00f6ss\u00e9gi munk\u00e1ja p\u00e9ld\u00e1s, \u00e9s nem \u00e1ll fegyelmi, b\u00fcntet\u0151 vagy szab\u00e1lys\u00e9rt\u00e9si elj\u00e1r\u00e1s alatt,<br \/>\nf) akinek tanulm\u00e1nyi \u00e1tlaga a p\u00e1ly\u00e1zati ki\u00edr\u00e1st megel\u0151z\u0151 k\u00e9t szemeszterben legal\u00e1bb 4,00.<br \/>\n(3) A demonstr\u00e1tori megb\u00edz\u00e1s\/foglalkoztat\u00e1s beny\u00fajtott p\u00e1ly\u00e1zat alapj\u00e1n nyerhet\u0151 el.<br \/>\n(4) A demonstr\u00e1tor foglalkoztat\u00e1sa hallgat\u00f3i munkaszerz\u0151d\u00e9s alapj\u00e1n t\u00f6rt\u00e9nik. A munk\u00e1ltat\u00f3i jogokat a rektor gyakorolja. A demonstr\u00e1torral hat\u00e1rozott idej\u0171, legfeljebb 10 h\u00f3napos, a tan\u00e9v v\u00e9g\u00e9ig sz\u00f3l\u00f3 munkaszerz\u0151d\u00e9s k\u00f6thet\u0151.<br \/>\n(5)<strong> Egy hallgat\u00f3 p\u00e1ly\u00e1zatot csak egy tansz\u00e9kre ny\u00fajthat be!<br \/>\n<\/strong>(6) <strong>A beny\u00fajt\u00e1s m\u00f3dja:<\/strong> a p\u00e1ly\u00e1zati anyagot kinyomtatott form\u00e1ban a rektornak c\u00edmezve, a Rektori Hivatalban a f\u0151titk\u00e1rnak kell leadni.<br \/>\n(7) A beny\u00fajt\u00e1s hat\u00e1rideje: <strong><em>2026. \u00e1prilis 30.<\/em><\/strong><\/p>\n<p>A r\u00e9szletes p\u00e1ly\u00e1zati felh\u00edv\u00e1s <a href=\"https:\/\/drhe.hu\/wp-content\/uploads\/2026\/02\/Demonstratori-palyazat-kiiras-2026-februar.pdf\">itt<\/a> \u00e9rhet\u0151 el.<\/p>\n<p>Debrecen, 2026. febru\u00e1r 25.[\/vc_column_text][\/vc_tta_section][vc_tta_section title=&#8221;Demonstr\u00e1tori foglalkoztat\u00e1s c\u00e9lja, f\u0151bb szab\u00e1lyai&#8221; tab_id=&#8221;1634809672639-5559e661-4a7f&#8221;][vc_column_text]<\/p>\n<p class=\"rtejustify\">A demonstr\u00e1tori megb\u00edz\u00e1s\/foglalkoztat\u00e1s c\u00e9lja, hogy a legalkalmasabb egyetemi hallgat\u00f3k intenz\u00edvebb elm\u00e9leti \u00e9s gyakorlati k\u00e9pz\u00e9st kapjanak, megb\u00edz\u00e1s r\u00e9v\u00e9n m\u00e1r egyetemi tanulm\u00e1nyaik sor\u00e1n felel\u0151ss\u00e9ggel bekapcsol\u00f3dhassanak az oktat\u00f3- \u00e9s kutat\u00f3munk\u00e1ba, \u00e9s abban kell\u0151 felk\u00e9sz\u00fclts\u00e9get, j\u00e1rtass\u00e1got szerezzenek, kiv\u00e1l\u00f3s\u00e1gukkal p\u00e9ld\u00e1t mutassanak hallgat\u00f3t\u00e1rsaiknak, \u00e9s seg\u00edts\u00e9k \u0151ket tanulm\u00e1nyaik sor\u00e1n.<\/p>\n<p class=\"rtejustify\">A demonstr\u00e1tor foglalkoztat\u00e1s\u00e1nak szab\u00e1lyai<\/p>\n<p class=\"rtejustify\">A demonstr\u00e1tor foglalkoztat\u00e1sa hallgat\u00f3i munkaszerz\u0151d\u00e9s alapj\u00e1n t\u00f6rt\u00e9nik. A munk\u00e1ltat\u00f3i jogokat a rektor gyakorolja. A demonstr\u00e1torral hat\u00e1rozott idej\u0171, legfeljebb 10 h\u00f3napos, a tan\u00e9v v\u00e9g\u00e9ig sz\u00f3l\u00f3 munkaszerz\u0151d\u00e9s k\u00f6thet\u0151. A szerz\u0151d\u00e9s a hat\u00e1rozott id\u0151 lej\u00e1rt\u00e1val a Demonstr\u00e1tori Szab\u00e1lyzat 2. \u00a7 (1)\u2013(5) bekezd\u00e9s\u00e9ben r\u00f6gz\u00edtett elj\u00e1r\u00e1s keret\u00e9ben tetsz\u0151leges sz\u00e1m\u00fa alkalommal meghosszabb\u00edthat\u00f3.<\/p>\n<p class=\"rtejustify\">A demonstr\u00e1tor foglalkoztat\u00e1s\u00e1ra ir\u00e1nyul\u00f3 hallgat\u00f3i munkaszerz\u0151d\u00e9st a tansz\u00e9kvezet\u0151 aj\u00e1nl\u00e1sa alapj\u00e1n k\u00f6ti meg a rektor. A Rektori Hivatal a munkaszerz\u0151d\u00e9s megk\u00f6t\u00e9s\u00e9r\u0151l t\u00e1j\u00e9koztatja a Tanulm\u00e1nyi Oszt\u00e1lyt, az illet\u00e9kes tansz\u00e9kvezet\u0151t \u00e9s int\u00e9zetvezet\u0151t, valamint a Tudom\u00e1nyos \u00e9s Di\u00e1kk\u00f6ri Tan\u00e1cs eln\u00f6k\u00e9t, \u00e9s a megk\u00f6t\u00f6tt szerz\u0151d\u00e9sekr\u0151l nyilv\u00e1ntart\u00e1st vezet. A demonstr\u00e1tor munk\u00e1ja ell\u00e1t\u00e1s\u00e1\u00e9rt hallgat\u00f3i munkad\u00edjban r\u00e9szes\u00fcl. A hallgat\u00f3i munkad\u00edj kifizet\u00e9se minden h\u00f3nap 10. napj\u00e1ig t\u00f6rt\u00e9nik a hallgat\u00f3 \u00e1ltal megadott banksz\u00e1ml\u00e1ra utal\u00e1ssal.<\/p>\n<p class=\"rtejustify\">A hallgat\u00f3i munkaszerz\u0151d\u00e9s alapj\u00e1n v\u00e9gzett demonstr\u00e1tori tev\u00e9kenys\u00e9gre a Munka<\/p>\n<p class=\"rtejustify\">T\u00f6rv\u00e9nyk\u00f6nyve rendelkez\u00e9seit megfelel\u0151en kell alkalmazni.<\/p>\n<p>[\/vc_column_text][\/vc_tta_section][vc_tta_section title=&#8221;Vonatkoz\u00f3 int\u00e9zm\u00e9nyi szab\u00e1lyok&#8221; tab_id=&#8221;1634819358149-8203bbe0-d360&#8243;][zk_button btn_text=&#8221;Demonstr\u00e1tori szab\u00e1lyok&#8221; btn_type=&#8221;btn-primary btn-alt&#8221; button_link=&#8221;url:http%3A%2F%2Fnew.drhe.hu%2Fegyetemunk%2Fszabalyzatok%2Fszabalyzatok%2F&#8221; btn_size=&#8221;btn-medium&#8221; btn_align=&#8221;text-center&#8221; add_icon=&#8221;&#8221;][vc_empty_space height=&#8221;16px&#8221;][vc_row_inner][vc_column_inner width=&#8221;1\/2&#8243;][vc_column_text]<\/p>\n<h2 id=\"page-title\" class=\"title\" style=\"text-align: center;\">SzMSz (vonatkoz\u00f3 r\u00e9sz)<\/h2>\n<h3 class=\"rtecenter\" style=\"text-align: center;\"><strong>Demonstr\u00e1tor<\/strong><\/h3>\n<p class=\"rtecenter\" style=\"text-align: center;\"><strong>62\/A. \u00a7<\/strong><\/p>\n<p class=\"rtejustify\">(1) A demonstr\u00e1tor a DRHE valamely tansz\u00e9k\u00e9vel egy\u00fcttm\u0171k\u00f6d\u0151 azon, kiemelked\u0151 tehets\u00e9g\u0171 hallgat\u00f3, aki a rektor megb\u00edz\u00e1sa alapj\u00e1n, a tansz\u00e9kvezet\u0151 ir\u00e1ny\u00edt\u00e1s\u00e1val r\u00e9szt vesz egy adott tansz\u00e9k oktat\u00f3-nevel\u0151 \u00e9s tudom\u00e1nyos kutat\u00f3i munk\u00e1j\u00e1ban, adminisztrat\u00edv feladatainak ell\u00e1t\u00e1s\u00e1ban, valamint az int\u00e9zm\u00e9ny tudom\u00e1nyos di\u00e1kk\u00f6ri munk\u00e1j\u00e1ban, ez\u00e1ltal k\u00e9sz\u00fclve hivat\u00e1sa sz\u00ednvonalas m\u0171vel\u00e9s\u00e9re, illetve a tudom\u00e1nyos kutat\u00f3i p\u00e1ly\u00e1ra. A legkiv\u00e1l\u00f3bb demonstr\u00e1torok a Doktori Iskola, illetve az egyetemi oktat\u00f3k ut\u00e1np\u00f3tl\u00e1s\u00e1nak b\u00e1zis\u00e1t alkotj\u00e1k.<\/p>\n<p class=\"rtejustify\">(2) Demonstr\u00e1tort az a tansz\u00e9k foglalkoztathat, amelynek vezet\u0151je egyetemi tan\u00e1ri, f\u0151iskolai tan\u00e1ri vagy egyetemi docensi st\u00e1tuszban van, s amely tansz\u00e9k legal\u00e1bb k\u00e9t, teljes munkaid\u0151ben foglalkoztatott oktat\u00f3val rendelkezik. Egy tansz\u00e9k egy id\u0151ben legfeljebb egy demonstr\u00e1tort foglalkoztathat.<\/p>\n<p class=\"rtejustify\">(3) Demonstr\u00e1tori megb\u00edz\u00e1st olyan osztatlan vagy mesterszakos, nappali munkarendben, \u00e1llamilag finansz\u00edrozott k\u00e9pz\u00e9sben r\u00e9szt vev\u0151 hallgat\u00f3 kaphat, illetve t\u00f6lthet be, aki v\u00e1llalja a demonstr\u00e1tori tev\u00e9kenys\u00e9ggel egy\u00fctt j\u00e1r\u00f3 feladatok teljes\u00edt\u00e9s\u00e9t, megb\u00edz\u00e1s\u00e1nak ideje alatt pedig, tudom\u00e1nyos kutat\u00f3i tev\u00e9kenys\u00e9g\u00e9nek r\u00e9szek\u00e9nt, r\u00e9szt vesz a Tudom\u00e1nyos Di\u00e1kk\u00f6ri Konferencia programj\u00e1ban.<\/p>\n<p class=\"rtejustify\">(4) Demonstr\u00e1tori megb\u00edz\u00e1st \u2013 a beny\u00fajtott p\u00e1ly\u00e1zat, szem\u00e9lyes szakmai meghallgat\u00e1s \u00e9s az illet\u00e9kes tansz\u00e9k vezet\u0151j\u00e9nek \u00e1ll\u00e1sfoglal\u00e1sa lapj\u00e1n \u2013 a rektor adhat ki, illetve vonhat vissza.<\/p>\n<p class=\"rtejustify\">(5) A demonstr\u00e1tor megb\u00edzat\u00e1sa legfeljebb egy tan\u00e9vre (10 h\u00f3napra) adhat\u00f3, de az, a (4) bekezd\u00e9sben r\u00f6gz\u00edtett elj\u00e1r\u00e1s keret\u00e9ben, tetsz\u0151leges sz\u00e1m\u00fa alkalommal meghosszab\u00adb\u00edthat\u00f3.<\/p>\n<p class=\"rtejustify\">(6) Az eredm\u00e9nyes demonstr\u00e1tori tev\u00e9kenys\u00e9get a Neptun egys\u00e9ges tanulm\u00e1nyi nyilv\u00e1ntart\u00f3 rendszerbe \u00e9s a hallgat\u00f3 leckek\u00f6nyv\u00e9be be kell jegyezni.<\/p>\n<p class=\"rtejustify\">(7) A DRHE-n lefolytatott eredm\u00e9nyes demonstr\u00e1tori tev\u00e9kenys\u00e9get az Erasmus+ \u00e9s a zsinati \u00f6szt\u00f6nd\u00edjak rangsorol\u00e1sa, a Doktori Iskola felv\u00e9teli elj\u00e1r\u00e1sa, valamint az egyetemi \u00e1ll\u00e1sokra jelentkez\u0151k p\u00e1ly\u00e1zatainak elb\u00edr\u00e1l\u00e1s\u00e1n\u00e1l kiemelt s\u00fallyal kell figyelembe venni.<\/p>\n<p class=\"rtejustify\">(8) Minden m\u00e1s, a demonstr\u00e1tor foglalkoztat\u00e1s\u00e1val \u00f6sszef\u00fcgg\u0151 k\u00e9rd\u00e9sr\u0151l, k\u00fcl\u00f6n\u00f6sen is a demonstr\u00e1torral szemben t\u00e1masztott k\u00f6vetelm\u00e9nyekr\u0151l, a demonstr\u00e1tor p\u00e1ly\u00e1zat ki\u00edr\u00e1s\u00e1nak \u00e9s elb\u00edr\u00e1l\u00e1s\u00e1nak rendj\u00e9r\u0151l, a demonstr\u00e1tor jogair\u00f3l, juttat\u00e1sair\u00f3l \u00e9s k\u00f6telezetts\u00e9geir\u0151l, a demonstr\u00e1torra vonatkoz\u00f3 el\u0151nyben r\u00e9szes\u00edt\u00e9si k\u00e9rd\u00e9sekr\u0151l a DRHE Demonstr\u00e1tor Szab\u00e1lyzata rendelkezik. A Demonstr\u00e1tor Szab\u00e1lyzat jelen szab\u00e1lyzat 25. sz\u00e1m\u00fa mell\u00e9klet\u00e9t k\u00e9pezi.<\/p>\n<p>[\/vc_column_text][\/vc_column_inner][vc_column_inner width=&#8221;1\/2&#8243;][vc_column_text]<\/p>\n<h2 id=\"page-title\" class=\"title\" style=\"text-align: center;\">FKR (vonatkoz\u00f3 r\u00e9sz)<\/h2>\n<h3 class=\"rtecenter\" style=\"text-align: center;\"><strong>A hallgat\u00f3i munkav\u00e9gz\u00e9s szab\u00e1lyai (FKR)<\/strong><\/h3>\n<p class=\"rtecenter\" style=\"text-align: center;\"><strong>9\/A. \u00a7<\/strong><\/p>\n<p class=\"rtejustify\">(1) A hallgat\u00f3, k\u00fcl\u00f6n\u00f6sen is a demonstr\u00e1tor, az \u00f3raad\u00f3k\u00e9nt foglalkoztatott doktorandusz (a tov\u00e1bbiakban: hallgat\u00f3) a k\u00e9pz\u00e9si programhoz k\u00f6zvetlen\u00fcl nem kapcsol\u00f3d\u00f3 foglalkoztat\u00e1sa a DRHE-n hallgat\u00f3i munkaszerz\u0151d\u00e9s alapj\u00e1n t\u00f6rt\u00e9nik. A munk\u00e1ltat\u00f3i jogokat a rektor gyakorolja.<\/p>\n<p class=\"rtejustify\">(2) A hallgat\u00f3val hat\u00e1rozott idej\u0171, legfeljebb 10 h\u00f3napos, egy tan\u00e9vre hat\u00e1lyos munkaszerz\u0151d\u00e9s k\u00f6thet\u0151. A szerz\u0151d\u00e9s a hat\u00e1rozott id\u0151 lej\u00e1rt\u00e1val tetsz\u0151leges sz\u00e1m\u00fa alkalommal meghosszabb\u00edthat\u00f3.<\/p>\n<p class=\"rtejustify\">(3) A hallgat\u00f3 munk\u00e1ja ell\u00e1t\u00e1s\u00e1\u00e9rt a felek meg\u00e1llapod\u00e1sa szerinti hallgat\u00f3i d\u00edjaz\u00e1sban r\u00e9szes\u00fcl, melynek ellen\u00e9ben a hallgat\u00f3 \u00e1ltal e jogviszonyban l\u00e9trehozott dolgok tulajdonjoga, illetve a szellemi alkot\u00e1sokhoz f\u0171z\u0151d\u0151 vagyoni jogok \u2013 elt\u00e9r\u0151 meg\u00e1llapod\u00e1s hi\u00e1ny\u00e1ban &#8211; a DRHE-re az \u00e1tad\u00e1ssal \u00e1tsz\u00e1llnak.<\/p>\n<p class=\"rtejustify\">(4) A hallgat\u00f3i munkad\u00edj kifizet\u00e9se minden h\u00f3nap 10. napj\u00e1ig t\u00f6rt\u00e9nik a hallgat\u00f3 \u00e1ltal megadott banksz\u00e1ml\u00e1ra utal\u00e1ssal.<\/p>\n<p class=\"rtejustify\">(5) A hallgat\u00f3i munkaszerz\u0151d\u00e9s alapj\u00e1n munk\u00e1t v\u00e9gz\u0151 hallgat\u00f3 foglalkoztat\u00e1s\u00e1ra a munka t\u00f6rv\u00e9nyk\u00f6nyv\u00e9nek a rendelkez\u00e9seit megfelel\u0151en alkalmazni kell.<\/p>\n<p class=\"rtejustify\">(6) A doktorandusz oktat\u00e1si \u00e9s kutat\u00e1si tev\u00e9kenys\u00e9g\u00e9re a jelen \u00a7-ban \u00edrtakat az al\u00e1bbi elt\u00e9r\u00e9sekkel kell alkalmazni:<\/p>\n<ul>\n<li class=\"rtejustify\">A doktorandusz a tanulm\u00e1nyi k\u00f6telezetts\u00e9geinek keret\u00e9ben a heti teljes munkaid\u0151 h\u00fasz sz\u00e1zal\u00e9k\u00e1nak megfelel\u0151 id\u0151tartamban az int\u00e9zm\u00e9ny oktat\u00e1si, tudom\u00e1nyos tev\u00e9kenys\u00e9ge k\u00f6r\u00e9ben munkav\u00e9gz\u00e9sre k\u00f6telezhet\u0151.<\/li>\n<li class=\"rtejustify\">A doktorandusz \u00e1ltal v\u00e9gzett munka ideje egy f\u00e9l\u00e9v \u00e1tlag\u00e1ban nem haladhatja meg a heti teljes munkaid\u0151 \u00f6tven sz\u00e1zal\u00e9k\u00e1t.<\/li>\n<li class=\"rtejustify\">A doktorandusz munkaid\u0151-beoszt\u00e1s\u00e1t oly m\u00f3don kell meghat\u00e1rozni, hogy vizsg\u00e1z\u00e1si \u00e9s a vizsg\u00e1ra t\u00f6rt\u00e9n\u0151 felk\u00e9sz\u00fcl\u00e9si k\u00f6telezetts\u00e9geinek eleget tudjon tenni.<\/li>\n<li class=\"rtejustify\">A doktoranduszt megillet\u0151 munkad\u00edj havi \u00f6sszege, a teljes munkaid\u0151 \u00f6tven sz\u00e1zal\u00e9k\u00e1nak megfelel\u0151 idej\u0171 foglalkoztat\u00e1s eset\u00e9n nem lehet kevesebb, mint a legkisebb k\u00f6telez\u0151 munkab\u00e9r (minim\u00e1lb\u00e9r), elt\u00e9r\u0151 idej\u0171 foglalkoztat\u00e1s eset\u00e9n ennek id\u0151ar\u00e1nyos r\u00e9sze.<\/li>\n<\/ul>\n<p>[\/vc_column_text][\/vc_column_inner][\/vc_row_inner][\/vc_tta_section][\/vc_tta_tabs][\/vc_column][\/vc_row]<\/p>\n<\/div>","protected":false},"excerpt":{"rendered":"<p>[vc_row][vc_column][vc_row_inner el_class=&#8221;text-right&#8221;][vc_column_inner][zk_button btn_text=&#8221;P\u00e1ly\u00e1zati \u0171rlap&#8221; button_link=&#8221;url:https%3A%2F%2Fdrhe.hu%2Fwp-content%2Fuploads%2F2022%2F10%2FDemonstratori-palyazati-urlap.pdf|target:_blank&#8221; btn_size=&#8221;btn-medium&#8221; btn_align=&#8221;text-center&#8221; btn_block=&#8221;d-inline-block&#8221; add_icon=&#8221;true&#8221; i_icon_fontawesome=&#8221;far fa-file-pdf&#8221; icon_position=&#8221;left&#8221;][\/vc_column_inner][\/vc_row_inner][vc_empty_space height=&#8221;50px&#8221;][vc_tta_tabs][vc_tta_section title=&#8221;P\u00e1ly\u00e1zati ki\u00edr\u00e1s&#8221; tab_id=&#8221;1634809672651-3f47e04c-ab34&#8243;][vc_column_text] P\u00e1ly\u00e1zati felh\u00edv\u00e1s DEMONSTR\u00c1TORI HELYEK<\/p>\n","protected":false},"author":1,"featured_media":0,"parent":3255,"menu_order":12,"comment_status":"closed","ping_status":"closed","template":"","meta":{"_acf_changed":false,"footnotes":"","_links_to":"","_links_to_target":""},"class_list":["post-3306","page","type-page","status-publish","hentry"],"acf":[],"_links":{"self":[{"href":"https:\/\/drhe.hu\/en\/wp-json\/wp\/v2\/pages\/3306","targetHints":{"allow":["GET"]}}],"collection":[{"href":"https:\/\/drhe.hu\/en\/wp-json\/wp\/v2\/pages"}],"about":[{"href":"https:\/\/drhe.hu\/en\/wp-json\/wp\/v2\/types\/page"}],"author":[{"embeddable":true,"href":"https:\/\/drhe.hu\/en\/wp-json\/wp\/v2\/users\/1"}],"replies":[{"embeddable":true,"href":"https:\/\/drhe.hu\/en\/wp-json\/wp\/v2\/comments?post=3306"}],"version-history":[{"count":22,"href":"https:\/\/drhe.hu\/en\/wp-json\/wp\/v2\/pages\/3306\/revisions"}],"predecessor-version":[{"id":27029,"href":"https:\/\/drhe.hu\/en\/wp-json\/wp\/v2\/pages\/3306\/revisions\/27029"}],"up":[{"embeddable":true,"href":"https:\/\/drhe.hu\/en\/wp-json\/wp\/v2\/pages\/3255"}],"wp:attachment":[{"href":"https:\/\/drhe.hu\/en\/wp-json\/wp\/v2\/media?parent=3306"}],"curies":[{"name":"wp","href":"https:\/\/api.w.org\/{rel}","templated":true}]}}