{"id":3310,"date":"2021-10-21T14:41:03","date_gmt":"2021-10-21T12:41:03","guid":{"rendered":"http:\/\/new.drhe.hu\/?page_id=3310"},"modified":"2021-10-21T15:01:44","modified_gmt":"2021-10-21T13:01:44","slug":"kulfoldi-osztondijak","status":"publish","type":"page","link":"https:\/\/drhe.hu\/en\/hallgatoknak\/kulfoldi-osztondijak\/","title":{"rendered":"K\u00fclf\u00f6ldi \u00f6szt\u00f6nd\u00edjak"},"content":{"rendered":"","protected":false},"excerpt":{"rendered":"","protected":false},"author":1,"featured_media":0,"parent":3123,"menu_order":7,"comment_status":"closed","ping_status":"closed","template":"page-fullscreen-menu.php","meta":{"_acf_changed":false,"footnotes":"","_links_to":"","_links_to_target":""},"class_list":["post-3310","page","type-page","status-publish","hentry"],"acf":[],"_links":{"self":[{"href":"https:\/\/drhe.hu\/en\/wp-json\/wp\/v2\/pages\/3310","targetHints":{"allow":["GET"]}}],"collection":[{"href":"https:\/\/drhe.hu\/en\/wp-json\/wp\/v2\/pages"}],"about":[{"href":"https:\/\/drhe.hu\/en\/wp-json\/wp\/v2\/types\/page"}],"author":[{"embeddable":true,"href":"https:\/\/drhe.hu\/en\/wp-json\/wp\/v2\/users\/1"}],"replies":[{"embeddable":true,"href":"https:\/\/drhe.hu\/en\/wp-json\/wp\/v2\/comments?post=3310"}],"version-history":[{"count":1,"href":"https:\/\/drhe.hu\/en\/wp-json\/wp\/v2\/pages\/3310\/revisions"}],"predecessor-version":[{"id":3311,"href":"https:\/\/drhe.hu\/en\/wp-json\/wp\/v2\/pages\/3310\/revisions\/3311"}],"up":[{"embeddable":true,"href":"https:\/\/drhe.hu\/en\/wp-json\/wp\/v2\/pages\/3123"}],"wp:attachment":[{"href":"https:\/\/drhe.hu\/en\/wp-json\/wp\/v2\/media?parent=3310"}],"curies":[{"name":"wp","href":"https:\/\/api.w.org\/{rel}","templated":true}]}}