{"id":3314,"date":"2021-10-21T14:48:49","date_gmt":"2021-10-21T12:48:49","guid":{"rendered":"http:\/\/new.drhe.hu\/?page_id=3314"},"modified":"2021-10-21T15:51:54","modified_gmt":"2021-10-21T13:51:54","slug":"ceepus","status":"publish","type":"page","link":"https:\/\/drhe.hu\/en\/hallgatoknak\/kulfoldi-osztondijak\/ceepus\/","title":{"rendered":"CEEPUS"},"content":{"rendered":"<div class=\"wpb-content-wrapper\"><p>[vc_row][vc_column][vc_tta_tabs][vc_tta_section title=&#8221;Aktu\u00e1lis projekt le\u00edr\u00e1sa&#8221; tab_id=&#8221;1634820451901-95dfddf9-19c2&#8243;][vc_column_text]<strong>A 2020\/2021-es tan\u00e9v \u0151szi f\u00e9l\u00e9v\u00e9re sz\u00f3l\u00f3 CEEPUS Freemover hallgat\u00f3i \u00e9s oktat\u00f3i mobilit\u00e1si \u00f6szt\u00f6nd\u00edj-lehet\u0151s\u00e9gek<\/strong><\/p>\n<p>A Freemover p\u00e1ly\u00e1zatt\u00edpusban a CEEPUS tagorsz\u00e1gok b\u00e1rmely fels\u0151oktat\u00e1si int\u00e9zm\u00e9ny\u00e9ben akt\u00edv st\u00e1tusz\u00fa hallgat\u00f3k, valamint oktat\u00f3k ny\u00fajthatnak be p\u00e1ly\u00e1zatot a CEEPUS tagorsz\u00e1gok b\u00e1rmely fels\u0151oktat\u00e1si int\u00e9zm\u00e9ny\u00e9hez, a k\u00fcld\u0151 int\u00e9zm\u00e9ny egy\u00e9b CEEPUS h\u00e1l\u00f3zati r\u00e9szv\u00e9tel\u00e9t\u0151l f\u00fcggetlen\u00fcl.<\/p>\n<p>A magyarorsz\u00e1gi hallgat\u00f3k \u00e9s oktat\u00f3k sz\u00e1m\u00e1ra a 2020\/2021-es tan\u00e9v \u0151szi f\u00e9l\u00e9v\u00e9ben c\u00e9lorsz\u00e1gok lehetnek:<\/p>\n<p>Alb\u00e1nia, Ausztria, Bosznia-Hercegovina, Bulg\u00e1ria, Csehorsz\u00e1g, \u00c9szak-Maced\u00f3nia, Koszov\u00f3, Lengyelorsz\u00e1g, Montenegr\u00f3, Rom\u00e1nia, Szerbia, Szlov\u00e1kia \u00e9s Szlov\u00e9nia.<\/p>\n<p>A p\u00e1ly\u00e1zati felh\u00edv\u00e1s ezen a linken \u00e9rhet\u0151 el:\u00a0<a href=\"https:\/\/tka.hu\/hir\/14119\/irany-kozep-europa---ceepus-freemover-hallgatoi-es-oktatoi-osztondijak-20202021-oszi-felev\" target=\"_blank\" rel=\"nofollow noopener noreferrer\">https:\/\/tka.hu\/hir\/14119\/irany-kozep-europa&#8212;ceepus-freemover-hallgatoi-es-oktatoi-osztondijak-20202021-oszi-felev<\/a>.[\/vc_column_text][\/vc_tta_section][vc_tta_section title=&#8221;Aktu\u00e1lis partnerek list\u00e1ja&#8221; tab_id=&#8221;1634820451913-4f27ff9e-75c1&#8243;][\/vc_tta_section][vc_tta_section title=&#8221;\u0170rlapok, nyomtatv\u00e1nyok&#8221; tab_id=&#8221;1634820499031-f2a3930a-de29&#8243;][\/vc_tta_section][\/vc_tta_tabs][\/vc_column][\/vc_row]<\/p>\n<\/div>","protected":false},"excerpt":{"rendered":"<p>[vc_row][vc_column][vc_tta_tabs][vc_tta_section title=&#8221;Aktu\u00e1lis projekt le\u00edr\u00e1sa&#8221; tab_id=&#8221;1634820451901-95dfddf9-19c2&#8243;][vc_column_text]A 2020\/2021-es tan\u00e9v \u0151szi f\u00e9l\u00e9v\u00e9re sz\u00f3l\u00f3 CEEPUS Freemover hallgat\u00f3i \u00e9s oktat\u00f3i mobilit\u00e1si \u00f6szt\u00f6nd\u00edj-lehet\u0151s\u00e9gek A Freemover p\u00e1ly\u00e1zatt\u00edpusban<\/p>\n","protected":false},"author":1,"featured_media":0,"parent":3310,"menu_order":4,"comment_status":"closed","ping_status":"closed","template":"","meta":{"_acf_changed":false,"footnotes":"","_links_to":"","_links_to_target":""},"class_list":["post-3314","page","type-page","status-publish","hentry"],"acf":[],"_links":{"self":[{"href":"https:\/\/drhe.hu\/en\/wp-json\/wp\/v2\/pages\/3314","targetHints":{"allow":["GET"]}}],"collection":[{"href":"https:\/\/drhe.hu\/en\/wp-json\/wp\/v2\/pages"}],"about":[{"href":"https:\/\/drhe.hu\/en\/wp-json\/wp\/v2\/types\/page"}],"author":[{"embeddable":true,"href":"https:\/\/drhe.hu\/en\/wp-json\/wp\/v2\/users\/1"}],"replies":[{"embeddable":true,"href":"https:\/\/drhe.hu\/en\/wp-json\/wp\/v2\/comments?post=3314"}],"version-history":[{"count":1,"href":"https:\/\/drhe.hu\/en\/wp-json\/wp\/v2\/pages\/3314\/revisions"}],"predecessor-version":[{"id":3315,"href":"https:\/\/drhe.hu\/en\/wp-json\/wp\/v2\/pages\/3314\/revisions\/3315"}],"up":[{"embeddable":true,"href":"https:\/\/drhe.hu\/en\/wp-json\/wp\/v2\/pages\/3310"}],"wp:attachment":[{"href":"https:\/\/drhe.hu\/en\/wp-json\/wp\/v2\/media?parent=3314"}],"curies":[{"name":"wp","href":"https:\/\/api.w.org\/{rel}","templated":true}]}}