{"id":3320,"date":"2021-10-21T14:55:40","date_gmt":"2021-10-21T12:55:40","guid":{"rendered":"http:\/\/new.drhe.hu\/?page_id=3320"},"modified":"2025-09-25T13:50:49","modified_gmt":"2025-09-25T11:50:49","slug":"aktualis-palyazati-felhivasok","status":"publish","type":"page","link":"https:\/\/drhe.hu\/en\/hallgatoknak\/kulfoldi-osztondijak\/zsinati-osztondijak\/aktualis-palyazati-felhivasok\/","title":{"rendered":"Aktu\u00e1lis p\u00e1ly\u00e1zati felh\u00edv\u00e1sok"},"content":{"rendered":"<div class=\"wpb-content-wrapper\"><p>[vc_row][vc_column][vc_column_text]<\/p>\n<p><strong>P\u00f3tp\u00e1ly\u00e1zati ki\u00edr\u00e1s<\/strong> <strong>k\u00fclf\u00f6ldi tanulm\u00e1nyi \u00f6szt\u00f6nd\u00edj<\/strong>ra a Zsinati \u00d6szt\u00f6nd\u00edj Program keret\u00e9ben a <strong>2026\/2027. tan\u00e9v<\/strong>re.<\/p>\n<p><strong>K\u00fclf\u00f6ldi tanulm\u00e1nyi \u00f6szt\u00f6nd\u00edjra p\u00e1ly\u00e1zhat az a hit\u00e9leti szakos hallgat\u00f3, aki:<\/strong><\/p>\n<ul>\n<li>a p\u00e1ly\u00e1zat beny\u00fajt\u00e1sakor legal\u00e1bb k\u00e9t, egyetem\u00fcnk\u00f6n elt\u00f6lt\u00f6tt akt\u00edv f\u00e9l\u00e9vvel \u00e9s az \u00f6szt\u00f6nd\u00edjas id\u0151szak megkezd\u00e9sekor legal\u00e1bb 100 szakmai kredittel rendelkezik,<\/li>\n<li>utols\u00f3 k\u00e9t akt\u00edv f\u00e9l\u00e9ve tanulm\u00e1nyi \u00e1tlag\u00e1nak (\u00f6szt\u00f6nd\u00edj-index\u00e9nek) \u00e1tlaga legal\u00e1bb 4,00,<\/li>\n<li>a v\u00e1lasztott szakter\u00fclet\u00e9b\u0151l legal\u00e1bb 6 kreditnyi tanegys\u00e9get teljes\u00edtett \u201ejeles\u201d eredm\u00e9nnyel, legal\u00e1bb k\u00f6z\u00e9pfok\u00fa (B2 szint\u0171), \u201eC\u201d t\u00edpus\u00fa (komplex) vagy azzal egyen\u00e9rt\u00e9k\u0171 \u00e1llamilag elismert nyelvvizsg\u00e1val rendelkezik angol, n\u00e9met, francia vagy holland nyelvb\u0151l (az Amerikai Egyes\u00fclt \u00c1llamok vagy az Egyes\u00fclt Kir\u00e1lys\u00e1g c\u00e9lorsz\u00e1g eset\u00e9ben a jelentkez\u0151 2025. okt\u00f3ber 31-\u00e9ig k\u00f6teles a megfelel\u0151 szint\u0171 TOEFL nyelvvizsg\u00e1t megszerezni angol nyelvb\u0151l).<\/li>\n<\/ul>\n<p>A teljes p\u00e1ly\u00e1zatot (a beny\u00fajtand\u00f3 iratokat al\u00e1\u00edrva, szkennelve) <u>egy pdf dokumentumk\u00e9nt<\/u> kell elk\u00fcldeni a <a href=\"m&#97;&#x69;&#x6c;t&#111;&#58;&#x73;&#x7a;e&#103;&#x65;&#x63;z&#107;&#105;&#x2e;&#x65;v&#97;&#x40;&#x64;r&#104;&#101;&#x2e;&#x68;u\">s&#122;&#101;&#x67;&#x65;&#x63;zk&#105;&#46;&#x65;&#x76;&#x61;&#64;&#100;&#114;&#104;&#x65;&#x2e;&#x68;u<\/a> e-mail c\u00edmre.<br \/>\nA p\u00f3tp\u00e1ly\u00e1zat beny\u00fajt\u00e1s\u00e1nak hat\u00e1rideje: <strong>2025. okt\u00f3ber 22.<\/strong><\/p>\n<p>A r\u00e9szletes p\u00f3tp\u00e1ly\u00e1zati ki\u00edr\u00e1s <a href=\"https:\/\/drhe.hu\/wp-content\/uploads\/2025\/09\/Zsinati-Osztondij-potpalyazati-kiiras-2025-szeptember-1.pdf\">itt<\/a> tekinthet\u0151 meg. [\/vc_column_text][\/vc_column][\/vc_row]<\/p>\n<\/div>","protected":false},"excerpt":{"rendered":"<p>[vc_row][vc_column][vc_column_text] P\u00f3tp\u00e1ly\u00e1zati ki\u00edr\u00e1s k\u00fclf\u00f6ldi tanulm\u00e1nyi \u00f6szt\u00f6nd\u00edjra a Zsinati \u00d6szt\u00f6nd\u00edj Program keret\u00e9ben a 2026\/2027. tan\u00e9vre. K\u00fclf\u00f6ldi tanulm\u00e1nyi \u00f6szt\u00f6nd\u00edjra p\u00e1ly\u00e1zhat az a<\/p>\n","protected":false},"author":1,"featured_media":0,"parent":3316,"menu_order":3,"comment_status":"closed","ping_status":"closed","template":"","meta":{"_acf_changed":false,"footnotes":"","_links_to":"","_links_to_target":""},"class_list":["post-3320","page","type-page","status-publish","hentry"],"acf":[],"_links":{"self":[{"href":"https:\/\/drhe.hu\/en\/wp-json\/wp\/v2\/pages\/3320","targetHints":{"allow":["GET"]}}],"collection":[{"href":"https:\/\/drhe.hu\/en\/wp-json\/wp\/v2\/pages"}],"about":[{"href":"https:\/\/drhe.hu\/en\/wp-json\/wp\/v2\/types\/page"}],"author":[{"embeddable":true,"href":"https:\/\/drhe.hu\/en\/wp-json\/wp\/v2\/users\/1"}],"replies":[{"embeddable":true,"href":"https:\/\/drhe.hu\/en\/wp-json\/wp\/v2\/comments?post=3320"}],"version-history":[{"count":13,"href":"https:\/\/drhe.hu\/en\/wp-json\/wp\/v2\/pages\/3320\/revisions"}],"predecessor-version":[{"id":24693,"href":"https:\/\/drhe.hu\/en\/wp-json\/wp\/v2\/pages\/3320\/revisions\/24693"}],"up":[{"embeddable":true,"href":"https:\/\/drhe.hu\/en\/wp-json\/wp\/v2\/pages\/3316"}],"wp:attachment":[{"href":"https:\/\/drhe.hu\/en\/wp-json\/wp\/v2\/media?parent=3320"}],"curies":[{"name":"wp","href":"https:\/\/api.w.org\/{rel}","templated":true}]}}