{"id":3326,"date":"2021-10-21T14:58:20","date_gmt":"2021-10-21T12:58:20","guid":{"rendered":"http:\/\/new.drhe.hu\/?page_id=3326"},"modified":"2021-10-21T15:52:37","modified_gmt":"2021-10-21T13:52:37","slug":"osztondijas-helyek-partnerek","status":"publish","type":"page","link":"https:\/\/drhe.hu\/en\/hallgatoknak\/kulfoldi-osztondijak\/zsinati-osztondijak\/osztondijas-helyek-partnerek\/","title":{"rendered":"\u00d6szt\u00f6nd\u00edjas helyek, partnerek"},"content":{"rendered":"<div class=\"wpb-content-wrapper\"><p>[vc_row][vc_column][\/vc_column][\/vc_row]<\/p>\n<\/div>","protected":false},"excerpt":{"rendered":"<p>[vc_row][vc_column][\/vc_column][\/vc_row]<\/p>\n","protected":false},"author":1,"featured_media":0,"parent":3316,"menu_order":7,"comment_status":"closed","ping_status":"closed","template":"","meta":{"_acf_changed":false,"footnotes":"","_links_to":"","_links_to_target":""},"class_list":["post-3326","page","type-page","status-publish","hentry"],"acf":[],"_links":{"self":[{"href":"https:\/\/drhe.hu\/en\/wp-json\/wp\/v2\/pages\/3326","targetHints":{"allow":["GET"]}}],"collection":[{"href":"https:\/\/drhe.hu\/en\/wp-json\/wp\/v2\/pages"}],"about":[{"href":"https:\/\/drhe.hu\/en\/wp-json\/wp\/v2\/types\/page"}],"author":[{"embeddable":true,"href":"https:\/\/drhe.hu\/en\/wp-json\/wp\/v2\/users\/1"}],"replies":[{"embeddable":true,"href":"https:\/\/drhe.hu\/en\/wp-json\/wp\/v2\/comments?post=3326"}],"version-history":[{"count":1,"href":"https:\/\/drhe.hu\/en\/wp-json\/wp\/v2\/pages\/3326\/revisions"}],"predecessor-version":[{"id":3327,"href":"https:\/\/drhe.hu\/en\/wp-json\/wp\/v2\/pages\/3326\/revisions\/3327"}],"up":[{"embeddable":true,"href":"https:\/\/drhe.hu\/en\/wp-json\/wp\/v2\/pages\/3316"}],"wp:attachment":[{"href":"https:\/\/drhe.hu\/en\/wp-json\/wp\/v2\/media?parent=3326"}],"curies":[{"name":"wp","href":"https:\/\/api.w.org\/{rel}","templated":true}]}}