{"id":3385,"date":"2021-10-25T09:49:21","date_gmt":"2021-10-25T07:49:21","guid":{"rendered":"http:\/\/new.drhe.hu\/?page_id=3385"},"modified":"2025-11-24T09:03:38","modified_gmt":"2025-11-24T08:03:38","slug":"eduroam","status":"publish","type":"page","link":"https:\/\/drhe.hu\/en\/eduroam\/","title":{"rendered":"Eduroam"},"content":{"rendered":"<div class=\"wpb-content-wrapper\"><p>[vc_row][vc_column][vc_column_text]<\/p>\n<h1>A DRHE eduroam szolg\u00e1ltat\u00e1s be\u00e1ll\u00edt\u00e1sa<\/h1>\n<p><strong>Ez a le\u00edr\u00e1s kiz\u00e1r\u00f3lag a DRHE polg\u00e1rai sz\u00e1m\u00e1ra \u00e9rv\u00e9nyes. Aki vend\u00e9gk\u00e9nt van az int\u00e9zm\u00e9ny\u00fcnkben (teh\u00e1t nem egyetem\u00fcnk hallgat\u00f3ja, oktat\u00f3ja vagy m\u00e1s alkalmazottja), annak a \u201eVend\u00e9geink sz\u00e1m\u00e1ra\u201d c\u00edm alatt olvashat\u00f3 inform\u00e1ci\u00f3 lesz seg\u00edts\u00e9g\u00e9re.<\/strong>[\/vc_column_text][vc_tta_accordion active_section=&#8221;99&#8243; collapsible_all=&#8221;true&#8221;][vc_tta_section title=&#8221;Vend\u00e9geink sz\u00e1m\u00e1ra&#8221; tab_id=&#8221;1635148007047-dcc7a242-af45&#8243;][vc_column_text]<strong>Az ebben a dokumentumban le\u00edrtak azokra vonatkoznak, akik a DRHE ter\u00fclet\u00e9n szeretn\u00e9k az eduroam szolg\u00e1ltat\u00e1st haszn\u00e1lni, de \u0151k nem a DRHE polg\u00e1rai.<\/strong><\/p>\n<p>Az eduroam szolg\u00e1ltat\u00e1st azok haszn\u00e1lhatj\u00e1k, akik olyan int\u00e9zm\u00e9nyben (tov\u00e1bbiakban:\u00a0<em>anyaint\u00e9zm\u00e9ny<\/em>) tanulnak vagy dolgoznak, amelyik csatlakozott az eduroam k\u00f6z\u00f6ss\u00e9ghez.<\/p>\n<p>A mobil eszk\u00f6ze n\u00e1lunk (DRHE) is fel tud csatlakozni az eduroam h\u00e1l\u00f3zatra, ha az helyesen volt be\u00e1ll\u00edtva \u00e9s ezzel a be\u00e1ll\u00edt\u00e1ssal m\u00e1r az anyaint\u00e9zm\u00e9ny\u00e9ben vagy m\u00e1shol is haszn\u00e1lni tudta az eduroam szolg\u00e1ltat\u00e1st.<\/p>\n<p>Minden olyan k\u00e9r\u00e9ssel, mely az eduroam haszn\u00e1lat\u00e1val kapcsolatos (pl. eduroam tag-e az \u00d6n anyaint\u00e9zm\u00e9nye; hogyan kell be\u00e1ll\u00edtani az \u00d6n mobil eszk\u00f6z\u00e9t ahhoz, hogy m\u0171k\u00f6dj\u00f6n az\u00a0 eduroam szolg\u00e1ltat\u00e1s stb), k\u00e9rj\u00fck forduljon k\u00f6zvetlen\u00fcl az anyaint\u00e9zm\u00e9ny\u00e9hez, ill. az ott dolgoz\u00f3 informatikus koll\u00e9g\u00e1ihoz. Ezekben a k\u00e9rd\u00e9sekben \u0151k az illet\u00e9kesek \u00e9s \u0151k tudnak seg\u00edteni.[\/vc_column_text][\/vc_tta_section][\/vc_tta_accordion][vc_column_text]Az\u00a0<a href=\"https:\/\/eduroam.org\/\" target=\"_blank\" rel=\"noopener\">eduroam\u00a0<\/a>haszn\u00e1lat\u00e1hoz minim\u00e1lisan az al\u00e1bbiak sz\u00fcks\u00e9gesek:<br \/>\n&#8211;\u00a0\u00a0 \u00a0WIFI k\u00e9pes eszk\u00f6z (pl. mobiltelefon, tablet, notebook. stb);<br \/>\n&#8211;\u00a0\u00a0 \u00a0saj\u00e1t n\u00e9vre sz\u00f3l\u00f3 felhaszn\u00e1l\u00f3n\u00e9v, jelsz\u00f3.<\/p>\n<p>Minden eszk\u00f6z\u00f6n k\u00fcl\u00f6n be\u00e1ll\u00edt\u00e1s sz\u00fcks\u00e9ges ahhoz, hogy csatlakozni tudjunk vel\u00fck a DRHE eduroam WIFI h\u00e1l\u00f3zathoz. A be\u00e1ll\u00edt\u00e1s sor\u00e1n \u2013 oper\u00e1ci\u00f3s rendszert\u0151l f\u00fcgg\u0151en \u2013 bizonyos \u00e1llom\u00e1nyokat sz\u00fcks\u00e9ges az eszk\u00f6zre m\u00e1solni, valamint be kell \u00edrni egy bejelentkez\u00e9si nevet \u00e9s a jelsz\u00f3t. Ezt a be\u00e1ll\u00edt\u00e1st el\u00e9g egyszer megtenni, \u00e9s csak akkor kell m\u00f3dos\u00edtani, ha megv\u00e1ltoztatja a jelszav\u00e1t.<\/p>\n<p>A bel\u00e9p\u00e9s folyamata a DRHE eduroam h\u00e1l\u00f3zat\u00e1ba a k\u00fcl\u00f6nb\u00f6z\u0151 oper\u00e1ci\u00f3s rendszerekb\u0151l teh\u00e1t a k\u00f6vetkez\u0151: mobiltelefon vagy tablet be\u00e1ll\u00edt\u00e1s\u00e1hoz (Android, iOS) el\u00e9g, ha a megszokott m\u00f3don (Google Play, App Store) telep\u00edtj\u00fck az \u201eeduroam CAT\u201d alkalmaz\u00e1st. Ezt elind\u00edtva v\u00e1lasszuk ki a \u201eDebreceni Reform\u00e1tus Hittudom\u00e1nyi Egyetemet\u201d, \u00e9s telep\u00edts\u00fck (install) az egyetem be\u00e1ll\u00edt\u00e1si profilj\u00e1t. Ehhez a k\u00e9t l\u00e9p\u00e9shez internetel\u00e9r\u00e9sre van sz\u00fcks\u00e9g\u00fcnk. Ezt k\u00f6vet\u0151en \u00edrjuk be az eduroam szolg\u00e1ltat\u00e1s haszn\u00e1lat\u00e1hoz az UniPass fel\u00fcleten (<a href=\"http:\/\/drhe.unipass.hu\/\" target=\"_blank\" rel=\"noopener\">drhe.unipass.hu<\/a>) is haszn\u00e1lt szem\u00e9lyes bejelentkez\u00e9si nev\u00fcnket @drhe.hu v\u00e9gz\u0151d\u00e9ssel kieg\u00e9sz\u00edtve \u00e9s a jelszavunkat.<\/p>\n<p>Be\u00e1ll\u00edt\u00e1sok az eduroam CAT alkalmaz\u00e1s n\u00e9lk\u00fcl:<\/p>\n<h3>IOS (IPHONE) k\u00e9sz\u00fcl\u00e9k<\/h3>\n<table style=\"border-collapse: collapse; width: 100%;\">\n<tbody>\n<tr>\n<td style=\"width: 100%;\">\n<ol>\n<li>A k\u00e9sz\u00fcl\u00e9ken a WIFI bekapcsol\u00e1sa ut\u00e1n el\u00e9rhet\u0151 (WIFI) h\u00e1l\u00f3zatok k\u00f6z\u00fcl ki kell v\u00e1lasztani az \u201eeduroam\u201d nev\u0171t;<\/li>\n<li>Be kell \u00edrni az UniPass felhaszn\u00e1l\u00f3nevet \u00e9s jelsz\u00f3t @drhe.hu v\u00e9gz\u0151d\u00e9ssel kieg\u00e9sz\u00edtve: &#8211; &#x66;&#x65;&#x6c;&#x68;&#x61;&#x73;&#x7a;&#x6e;\u00e1&#x6c;\u00f3&#x6e;\u00e9&#x76;&#x40;&#x64;&#x72;&#x68;&#x65;&#x2e;&#x68;&#x75; &#8211; jelsz\u00f3 majd KAPCSOL\u00d3D\u00c1S\/CSATLAKOZ\u00c1S\/CONNECT.<\/li>\n<li>Amikor felj\u00f6n a tan\u00fas\u00edtv\u00e1ny (radius.drhe.hu), a MEGB\u00cdZHAT\u00d3 feliratot kell v\u00e1lasztani. Mindezek ut\u00e1n l\u00e9trej\u00f6n a csatlakoz\u00e1s \u00e9s megt\u00f6rt\u00e9nik az eduroam h\u00e1l\u00f3zatba a bel\u00e9p\u00e9s.<\/li>\n<\/ol>\n<\/td>\n<\/tr>\n<\/tbody>\n<\/table>\n<p>&nbsp;<\/p>\n<h3>ANDROID k\u00e9sz\u00fcl\u00e9k<\/h3>\n<table style=\"border-collapse: collapse; width: 100%;\">\n<tbody>\n<tr>\n<td style=\"width: 100%;\">\n<ol>\n<li>A k\u00e9sz\u00fcl\u00e9kre telep\u00edteni kell a DRHE eduroam tan\u00fas\u00edtv\u00e1nyt. <a href=\"http:\/\/drhe.hu\/wp-content\/themes\/ademy-child\/files\/unideb-ca.pem\" target=\"_blank\" rel=\"noopener\">(Ezen a linken sz\u00fcks\u00e9ges let\u00f6lteni a f\u00e1jlt.)<\/a>\n<ol style=\"list-style-type: lower-alpha;\">\n<li>Let\u00f6lt\u00e9skor c\u00e9lszer\u0171 a tan\u00fas\u00edtv\u00e1nyt eduroam \u2013nak elnevezni.<\/li>\n<li>Kiv\u00e1lasztani: Haszn\u00e1lat a k\u00f6vetkez\u0151h\u00f6z \u2013 WIFI, majd OK.<\/li>\n<\/ol>\n<\/li>\n<li>A k\u00e9sz\u00fcl\u00e9ken az el\u00e9rhet\u0151 (WIFI) h\u00e1l\u00f3zatok k\u00f6z\u00fcl ki kell v\u00e1lasztani az \u201eeduroam\u201d nev\u0171t.<\/li>\n<li>A csatlakoz\u00e1shoz az al\u00e1bbi be\u00e1ll\u00edt\u00e1sokat kell megtenni:\n<ol style=\"list-style-type: lower-alpha;\">\n<li>Kiv\u00e1lasztani az el\u0151bb elmentett eduroam-nak nevezett tan\u00fas\u00edtv\u00e1nyt.<\/li>\n<li>EAP = PEAP,<\/li>\n<li>Speci\u00e1lis: Phase2 = MSCHAPv2,<\/li>\n<li>n\u00e9vtelen\/anonim\/k\u00fcls\u0151 = &#101;d&#x75;r&#x6f;a&#x6d;&#64;&#x64;&#114;&#x68;&#101;&#x2e;&#104;&#x75;<\/li>\n<\/ol>\n<\/li>\n<li>Be kell \u00edrni az UniPass felhaszn\u00e1l\u00f3nevet \u00e9s jelsz\u00f3t @drhe.hu v\u00e9gz\u0151d\u00e9ssel kieg\u00e9sz\u00edtve: &#8211; &#x66;e&#x6c;&#104;&#x61;&#x73;z&#x6e;\u00e1&#x6c;\u00f3&#110;\u00e9v&#x40;&#100;&#x72;&#x68;e&#x2e;&#104;&#x75; &#8211; jelsz\u00f3 majd KAPCSOL\u00d3D\u00c1S\/CSATLAKOZ\u00c1S\/CONNECT. Mindezek ut\u00e1n l\u00e9trej\u00f6n a csatlakoz\u00e1s \u00e9s megt\u00f6rt\u00e9nik az eduroam h\u00e1l\u00f3zatba a bel\u00e9p\u00e9s.<\/li>\n<\/ol>\n<\/td>\n<\/tr>\n<\/tbody>\n<\/table>\n<h3><\/h3>\n<h3>WINDOWS k\u00e9sz\u00fcl\u00e9k<\/h3>\n<table style=\"border-collapse: collapse; width: 100%;\">\n<tbody>\n<tr>\n<td style=\"width: 100%;\">\n<ol>\n<li>A k\u00e9sz\u00fcl\u00e9ken a WIFI bekapcsol\u00e1sa ut\u00e1n el\u00e9rhet\u0151 (WIFI) h\u00e1l\u00f3zatok k\u00f6z\u00fcl ki kell v\u00e1lasztani az \u201eeduroam\u201d nev\u0171t;<\/li>\n<li>Be kell \u00edrni az UniPass felhaszn\u00e1l\u00f3nevet \u00e9s jelsz\u00f3t @drhe.hu v\u00e9gz\u0151d\u00e9ssel kieg\u00e9sz\u00edtve: &#8211; &#x66;&#x65;&#x6c;&#x68;&#x61;&#x73;&#x7a;&#x6e;\u00e1&#x6c;\u00f3&#x6e;\u00e9&#118;&#64;&#100;&#114;&#104;&#101;&#46;&#104;&#117; &#8211; jelsz\u00f3 majd KAPCSOL\u00d3D\u00c1S\/CSATLAKOZ\u00c1S\/CONNECT. Mindezek ut\u00e1n l\u00e9trej\u00f6n a csatlakoz\u00e1s \u00e9s megt\u00f6rt\u00e9nik az eduroam h\u00e1l\u00f3zatba a bel\u00e9p\u00e9s.<\/li>\n<\/ol>\n<\/td>\n<\/tr>\n<\/tbody>\n<\/table>\n<pre><\/pre>\n<p>Sikeres bel\u00e9p\u00e9s ut\u00e1n term\u00e9szetesen (mindh\u00e1rom oper\u00e1ci\u00f3s rendszer eset\u00e9ben) a DRHE-n \u00e9s m\u00e1s eduroam f\u00f6der\u00e1ci\u00f3hoz csatlakozott int\u00e9zm\u00e9nyben is el\u00e9rhet\u0151 lesz az eduroam h\u00e1l\u00f3zat az adott eszk\u00f6z\u00f6n.<\/p>\n<p><a href=\"http:\/\/drhe.hu\/wp-content\/uploads\/2021\/10\/eduroam_szabalyzat_-_2019_junius_18.pdf\" target=\"_blank\" rel=\"noopener\">Az Eduroam rendszer haszn\u00e1lat\u00e1ra \u00e9s csatlakoz\u00e1s\u00e1ra vonatkoz\u00f3 szab\u00e1lyzat itt olvashat\u00f3.<\/a>[\/vc_column_text][\/vc_column][\/vc_row]<\/p>\n<\/div>","protected":false},"excerpt":{"rendered":"<p>[vc_row][vc_column][vc_column_text] A DRHE eduroam szolg\u00e1ltat\u00e1s be\u00e1ll\u00edt\u00e1sa Ez a le\u00edr\u00e1s kiz\u00e1r\u00f3lag a DRHE polg\u00e1rai sz\u00e1m\u00e1ra \u00e9rv\u00e9nyes. Aki vend\u00e9gk\u00e9nt van az int\u00e9zm\u00e9ny\u00fcnkben<\/p>\n","protected":false},"author":1,"featured_media":0,"parent":0,"menu_order":0,"comment_status":"closed","ping_status":"closed","template":"","meta":{"_acf_changed":false,"footnotes":"","_links_to":"","_links_to_target":""},"class_list":["post-3385","page","type-page","status-publish","hentry"],"acf":[],"_links":{"self":[{"href":"https:\/\/drhe.hu\/en\/wp-json\/wp\/v2\/pages\/3385","targetHints":{"allow":["GET"]}}],"collection":[{"href":"https:\/\/drhe.hu\/en\/wp-json\/wp\/v2\/pages"}],"about":[{"href":"https:\/\/drhe.hu\/en\/wp-json\/wp\/v2\/types\/page"}],"author":[{"embeddable":true,"href":"https:\/\/drhe.hu\/en\/wp-json\/wp\/v2\/users\/1"}],"replies":[{"embeddable":true,"href":"https:\/\/drhe.hu\/en\/wp-json\/wp\/v2\/comments?post=3385"}],"version-history":[{"count":7,"href":"https:\/\/drhe.hu\/en\/wp-json\/wp\/v2\/pages\/3385\/revisions"}],"predecessor-version":[{"id":26105,"href":"https:\/\/drhe.hu\/en\/wp-json\/wp\/v2\/pages\/3385\/revisions\/26105"}],"wp:attachment":[{"href":"https:\/\/drhe.hu\/en\/wp-json\/wp\/v2\/media?parent=3385"}],"curies":[{"name":"wp","href":"https:\/\/api.w.org\/{rel}","templated":true}]}}